{"id":12500,"date":"2018-12-03T15:20:03","date_gmt":"2018-12-03T17:20:03","guid":{"rendered":"https:\/\/www.ufsm.br\/orgaos-executivos\/derca\/?page_id=12500"},"modified":"2021-06-28T18:38:00","modified_gmt":"2021-06-28T21:38:00","slug":"formaturas-solenes","status":"publish","type":"page","link":"https:\/\/www.ufsm.br\/pro-reitorias\/prograd\/editais-derca\/formaturas-solenes","title":{"rendered":"Formaturas Solenes"},"content":{"rendered":"\t\t<div data-elementor-type=\"wp-post\" data-elementor-id=\"12500\" class=\"elementor elementor-12500\">\n\t\t\t\t\t\t<section class=\"elementor-section elementor-top-section elementor-element elementor-element-005ad9b elementor-section-boxed elementor-section-height-default elementor-section-height-default\" data-id=\"005ad9b\" data-element_type=\"section\">\n\t\t\t\t\t\t<div class=\"elementor-container elementor-column-gap-default\">\n\t\t\t\t\t<div class=\"elementor-column elementor-col-100 elementor-top-column elementor-element elementor-element-052f0b7\" data-id=\"052f0b7\" data-element_type=\"column\">\n\t\t\t<div class=\"elementor-widget-wrap elementor-element-populated\">\n\t\t\t\t\t\t<div class=\"elementor-element elementor-element-4573058 elementor-widget elementor-widget-text-editor\" data-id=\"4573058\" data-element_type=\"widget\" data-widget_type=\"text-editor.default\">\n\t\t\t\t<div class=\"elementor-widget-container\">\n\t\t\t\t\t\t\t<p><strong>OBS.<\/strong>:As informa\u00e7\u00f5es sobre formaturas s\u00e3o de responsabilidades exclusiva dos cursos de gradua\u00e7\u00e3o. O DERCA apenas as transcreve, neste calend\u00e1rio. As formaturas est\u00e3o em ordem cronol\u00f3gica de data.<\/p>\t\t\t\t\t\t<\/div>\n\t\t\t\t<\/div>\n\t\t\t\t\t<\/div>\n\t\t<\/div>\n\t\t\t\t\t<\/div>\n\t\t<\/section>\n\t\t\t\t<section class=\"elementor-section elementor-top-section elementor-element elementor-element-0bef417 elementor-section-boxed elementor-section-height-default elementor-section-height-default\" data-id=\"0bef417\" data-element_type=\"section\">\n\t\t\t\t\t\t<div class=\"elementor-container elementor-column-gap-default\">\n\t\t\t\t\t<div class=\"elementor-column elementor-col-100 elementor-top-column elementor-element elementor-element-f53bce1\" data-id=\"f53bce1\" data-element_type=\"column\">\n\t\t\t<div class=\"elementor-widget-wrap elementor-element-populated\">\n\t\t\t\t\t\t<div class=\"elementor-element elementor-element-24550b6 elementor-widget elementor-widget-wp-widget-ufsm_formaturas_solenes\" data-id=\"24550b6\" data-element_type=\"widget\" data-widget_type=\"wp-widget-ufsm_formaturas_solenes.default\">\n\t\t\t\t<div class=\"elementor-widget-container\">\n\t\t\t<div class=\"alert alert-info\" role=\"alert\">Nenhuma formatura cadastrada.<\/div>\t\t<\/div>\n\t\t\t\t<\/div>\n\t\t\t\t\t<\/div>\n\t\t<\/div>\n\t\t\t\t\t<\/div>\n\t\t<\/section>\n\t\t\t\t<\/div>\n\t\t","protected":false},"excerpt":{"rendered":"<p>OBS.:As informa\u00e7\u00f5es sobre formaturas s\u00e3o de responsabilidades exclusiva dos cursos de gradua\u00e7\u00e3o. O DERCA apenas as transcreve, neste calend\u00e1rio. As formaturas est\u00e3o em ordem cronol\u00f3gica de data.<\/p>\n","protected":false},"author":8,"featured_media":0,"parent":0,"menu_order":0,"comment_status":"closed","ping_status":"closed","template":"","meta":{"footnotes":""},"categories":[],"tags":[],"class_list":["post-12500","page","type-page","status-publish","hentry"],"acf":[],"_links":{"self":[{"href":"https:\/\/www.ufsm.br\/pro-reitorias\/prograd\/editais-derca\/wp-json\/wp\/v2\/pages\/12500","targetHints":{"allow":["GET"]}}],"collection":[{"href":"https:\/\/www.ufsm.br\/pro-reitorias\/prograd\/editais-derca\/wp-json\/wp\/v2\/pages"}],"about":[{"href":"https:\/\/www.ufsm.br\/pro-reitorias\/prograd\/editais-derca\/wp-json\/wp\/v2\/types\/page"}],"author":[{"embeddable":true,"href":"https:\/\/www.ufsm.br\/pro-reitorias\/prograd\/editais-derca\/wp-json\/wp\/v2\/users\/8"}],"replies":[{"embeddable":true,"href":"https:\/\/www.ufsm.br\/pro-reitorias\/prograd\/editais-derca\/wp-json\/wp\/v2\/comments?post=12500"}],"version-history":[{"count":0,"href":"https:\/\/www.ufsm.br\/pro-reitorias\/prograd\/editais-derca\/wp-json\/wp\/v2\/pages\/12500\/revisions"}],"wp:attachment":[{"href":"https:\/\/www.ufsm.br\/pro-reitorias\/prograd\/editais-derca\/wp-json\/wp\/v2\/media?parent=12500"}],"wp:term":[{"taxonomy":"category","embeddable":true,"href":"https:\/\/www.ufsm.br\/pro-reitorias\/prograd\/editais-derca\/wp-json\/wp\/v2\/categories?post=12500"},{"taxonomy":"post_tag","embeddable":true,"href":"https:\/\/www.ufsm.br\/pro-reitorias\/prograd\/editais-derca\/wp-json\/wp\/v2\/tags?post=12500"}],"curies":[{"name":"wp","href":"https:\/\/api.w.org\/{rel}","templated":true}]}}