{"id":12561,"date":"2018-12-27T09:16:12","date_gmt":"2018-12-27T11:16:12","guid":{"rendered":"https:\/\/www.ufsm.br\/orgaos-executivos\/derca\/?page_id=12561"},"modified":"2018-12-27T09:40:02","modified_gmt":"2018-12-27T11:40:02","slug":"editais-2","status":"publish","type":"page","link":"https:\/\/www.ufsm.br\/pro-reitorias\/prograd\/editais-derca\/editais-2","title":{"rendered":"Editais"},"content":{"rendered":"\t\t<div data-elementor-type=\"wp-post\" data-elementor-id=\"12561\" class=\"elementor elementor-12561 elementor-bc-flex-widget\">\n\t\t\t\t\t\t<section class=\"elementor-section elementor-top-section elementor-element elementor-element-b88615f elementor-section-boxed elementor-section-height-default elementor-section-height-default\" data-id=\"b88615f\" data-element_type=\"section\">\n\t\t\t\t\t\t<div class=\"elementor-container elementor-column-gap-default\">\n\t\t\t\t\t<div class=\"elementor-column elementor-col-100 elementor-top-column elementor-element elementor-element-efb245a\" data-id=\"efb245a\" data-element_type=\"column\">\n\t\t\t<div class=\"elementor-widget-wrap elementor-element-populated\">\n\t\t\t\t\t\t<div class=\"elementor-element elementor-element-ab903df elementor-widget elementor-widget-text-editor\" data-id=\"ab903df\" data-element_type=\"widget\" data-widget_type=\"text-editor.default\">\n\t\t\t\t<div class=\"elementor-widget-container\">\n\t\t\t\t\t\t\t<p>O Departamento de Registro e Controle Acad\u00eamico publica alguns editais, como para a Sele\u00e7\u00e3o de Aluno Especial (mediante informa\u00e7\u00f5es dos cursos) e tamb\u00e9m complementa (algumas fases dos cronogramas) dos editais de abertura elaborados pela PROGRAD (Pr\u00f3-Reitoria de Gradua\u00e7\u00e3o) para Sele\u00e7\u00e3o de Ingresso e Reingresso, e editais de abertura elaborados pela PRPGP (Pr\u00f3-Reitoria de P\u00f3s-Gradua\u00e7\u00e3o e Pesquisa) para o processo de Sele\u00e7\u00e3o de P\u00f3s-Gradua\u00e7\u00e3o (Especializa\u00e7\u00e3o, Mestrado e Doutorado).<\/p>\t\t\t\t\t\t<\/div>\n\t\t\t\t<\/div>\n\t\t\t\t\t<\/div>\n\t\t<\/div>\n\t\t\t\t\t<\/div>\n\t\t<\/section>\n\t\t\t\t<section class=\"elementor-section elementor-top-section elementor-element elementor-element-3e2f793 elementor-section-boxed elementor-section-height-default elementor-section-height-default\" data-id=\"3e2f793\" data-element_type=\"section\">\n\t\t\t\t\t\t<div class=\"elementor-container elementor-column-gap-default\">\n\t\t\t\t\t<div class=\"elementor-column elementor-col-100 elementor-top-column elementor-element elementor-element-169c544\" data-id=\"169c544\" data-element_type=\"column\">\n\t\t\t<div class=\"elementor-widget-wrap elementor-element-populated\">\n\t\t\t\t\t\t<div class=\"elementor-element elementor-element-8e6e194 elementor-widget elementor-widget-wp-widget-ufsm_editais_widget\" data-id=\"8e6e194\" data-element_type=\"widget\" data-widget_type=\"wp-widget-ufsm_editais_widget.default\">\n\t\t\t\t<div class=\"elementor-widget-container\">\n\t\t\t<h2 class='titulo-conteudos'>Editais de Sele\u00e7\u00e3o para P\u00f3s-Gradua\u00e7\u00e3o<\/h2><div class='row'>\n            <div class=\"col-lg-12 px-3 pb-3\">\n            \n                            <span class='categoria-publicacao-widget'>Geral<\/span>\n                <br>\n                        \n            <a title=\"031\/2018 - INSCRI\u00c7\u00d5ES AO PROCESSO SELETIVO DE P\u00d3S-GRADUA\u00c7\u00c3O - NOVOS CURSOS EM N\u00cdVEL DE DOUTORADO E MESTRADO PARA INGRESSO NO 1\u00ba SEMESTRE DE 2019\" href=\"https:\/\/www.ufsm.br\/pro-reitorias\/prpgp\/editais\/031-2018\">\n                <span class=\"titulo-publicacao-widget\">031\/2018 - INSCRI\u00c7\u00d5ES AO PROCESSO SELETIVO DE P\u00d3S-GRADUA\u00c7\u00c3O - NOVOS CURSOS EM N\u00cdVEL DE DOUTORADO E MESTRADO PARA INGRESSO NO 1\u00ba SEMESTRE DE 2019<\/span>\n                <br>\n            <\/a>\n\n                        \n                                            \n                                    <div title=\"Atualizado em 05\/10\/2022 - 10:42\" class=\"data-publicacao-widget\"><i  class=\"fa fa-pencil-square-o\"><\/i> 05\/10\/2022 - 10:42<\/div>\n                                \n        <\/div>\n            <div class=\"col-lg-12 px-3 pb-3\">\n            \n                            <span class='categoria-publicacao-widget'>Geral<\/span>\n                <br>\n                        \n            <a title=\"016\/2019 - EDITAL EXTRAORDIN\u00c1RIO DE INSCRI\u00c7\u00d5ES AO PROCESSO SELETIVO DE P\u00d3S-GRADUA\u00c7\u00c3O \u2013 NOVO CURSO EM N\u00cdVEL DE DOUTORADO PARA INGRESSO NO 1\u00ba SEMESTRE DE 2019\" href=\"https:\/\/www.ufsm.br\/pro-reitorias\/prpgp\/editais\/016-2019\">\n                <span class=\"titulo-publicacao-widget\">016\/2019 - EDITAL EXTRAORDIN\u00c1RIO DE INSCRI\u00c7\u00d5ES AO PROCESSO SELETIVO DE P\u00d3S-GRADUA\u00c7\u00c3O \u2013 NOVO CURSO EM N\u00cdVEL DE DOUTORADO PARA INGRESSO NO 1\u00ba SEMESTRE DE 2019<\/span>\n                <br>\n            <\/a>\n\n                        \n                                            \n                                    <div title=\"Atualizado em 05\/10\/2022 - 10:41\" class=\"data-publicacao-widget\"><i  class=\"fa fa-pencil-square-o\"><\/i> 05\/10\/2022 - 10:41<\/div>\n                                \n        <\/div>\n            <div class=\"col-lg-12 px-3 pb-3\">\n            \n                            <span class='categoria-publicacao-widget'>Geral<\/span>\n                <br>\n                        \n            <a title=\"027\/2019 - ABERTURA DE INSCRI\u00c7\u00d5ES - PROCESSO SELETIVO P\u00daBLICO DO HOSPITAL DA UNIVERSIDADE FEDERAL DE SANTA MARIA PARA M\u00c9DICOS RESIDENTES\/2019\" href=\"https:\/\/www.ufsm.br\/pro-reitorias\/prpgp\/editais\/027-2019\">\n                <span class=\"titulo-publicacao-widget\">027\/2019 - ABERTURA DE INSCRI\u00c7\u00d5ES - PROCESSO SELETIVO P\u00daBLICO DO HOSPITAL DA UNIVERSIDADE FEDERAL DE SANTA MARIA PARA M\u00c9DICOS RESIDENTES\/2019<\/span>\n                <br>\n            <\/a>\n\n                        \n                                            \n                                    <div title=\"Atualizado em 05\/10\/2022 - 10:41\" class=\"data-publicacao-widget\"><i  class=\"fa fa-pencil-square-o\"><\/i> 05\/10\/2022 - 10:41<\/div>\n                                \n        <\/div>\n            <div class=\"col-lg-12 px-3 pb-3\">\n            \n                            <span class='categoria-publicacao-widget'>Geral<\/span>\n                <br>\n                        \n            <a title=\"027\/2018 - INSCRI\u00c7\u00d5ES AO PROCESSO SELETIVO DE P\u00d3S-GRADUA\u00c7\u00c3O - N\u00cdVEL DE DOUTORADO, MESTRADO E ESPECIALIZA\u00c7\u00c3O PARA INGRESSO NO 1\u00ba SEMESTRE DE 2019\" href=\"https:\/\/www.ufsm.br\/pro-reitorias\/prpgp\/editais\/027-2018\">\n                <span class=\"titulo-publicacao-widget\">027\/2018 - INSCRI\u00c7\u00d5ES AO PROCESSO SELETIVO DE P\u00d3S-GRADUA\u00c7\u00c3O - N\u00cdVEL DE DOUTORADO, MESTRADO E ESPECIALIZA\u00c7\u00c3O PARA INGRESSO NO 1\u00ba SEMESTRE DE 2019<\/span>\n                <br>\n            <\/a>\n\n                        \n                                            \n                                    <div title=\"Atualizado em 05\/10\/2022 - 10:41\" class=\"data-publicacao-widget\"><i  class=\"fa fa-pencil-square-o\"><\/i> 05\/10\/2022 - 10:41<\/div>\n                                \n        <\/div>\n            <div class=\"col-lg-12 px-3 pb-3\">\n            \n                            <span class='categoria-publicacao-widget'>Geral<\/span>\n                <br>\n                        \n            <a title=\"017\/2020 - Edital Extraordin\u00e1rio 017\/2020 - Processo Seletivo P\u00f3s-gradua\u00e7\u00e3o - Doutorado e Mestrado - bolsas A\u00e7\u00e3o Emergencial CAPES\" href=\"https:\/\/www.ufsm.br\/pro-reitorias\/prpgp\/editais\/017-2020\">\n                <span class=\"titulo-publicacao-widget\">017\/2020 - Edital Extraordin\u00e1rio 017\/2020 - Processo Seletivo P\u00f3s-gradua\u00e7\u00e3o - Doutorado e Mestrado - bolsas A\u00e7\u00e3o Emergencial CAPES<\/span>\n                <br>\n            <\/a>\n\n                        \n                                            \n                                    <div title=\"Atualizado em 08\/06\/2020 - 17:36\" class=\"data-publicacao-widget\"><i  class=\"fa fa-pencil-square-o\"><\/i> 08\/06\/2020 - 17:36<\/div>\n                                \n        <\/div>\n    <\/div>\n<div class=\"leia-mais p-1\">\n                <a href=\"https:\/\/www.ufsm.br\/pro-reitorias\/prograd\/editais-derca\/busca\/?q=&area=editais&orderby=modified&sites%5B%5D=345&tags=PRPGP-DERCA\">\n            MAIS EDITAIS            <span class=\"icon-box\">\n                <span class=\"bg-ufsm-widget-icon\">\n                    <i class=\"fas fa-chevron-right\" aria-hidden=\"true\"><\/i>\n                <\/span>\n            <\/span>\n        <\/a>\n    <\/div>\n\t\t<\/div>\n\t\t\t\t<\/div>\n\t\t\t\t\t<\/div>\n\t\t<\/div>\n\t\t\t\t\t<\/div>\n\t\t<\/section>\n\t\t\t\t<section class=\"elementor-section elementor-top-section elementor-element elementor-element-4f2c202 elementor-section-boxed elementor-section-height-default elementor-section-height-default\" data-id=\"4f2c202\" data-element_type=\"section\">\n\t\t\t\t\t\t<div class=\"elementor-container elementor-column-gap-default\">\n\t\t\t\t\t<div class=\"elementor-column elementor-col-100 elementor-top-column elementor-element elementor-element-74ed6b0\" data-id=\"74ed6b0\" data-element_type=\"column\">\n\t\t\t<div class=\"elementor-widget-wrap elementor-element-populated\">\n\t\t\t\t\t\t<div class=\"elementor-element elementor-element-1920e44 elementor-widget elementor-widget-wp-widget-ufsm_editais_widget\" data-id=\"1920e44\" data-element_type=\"widget\" data-widget_type=\"wp-widget-ufsm_editais_widget.default\">\n\t\t\t\t<div class=\"elementor-widget-container\">\n\t\t\t<h2 class='titulo-conteudos'>Editais de Sele\u00e7\u00e3o Ingresso e Reingresso<\/h2><div class='row'>\n            <div class=\"col-lg-12 px-3 pb-3\">\n            \n                            <span class='categoria-publicacao-widget'>Geral<\/span>\n                <br>\n                        \n            <a title=\"029\/2020 - Edital de Ingresso\/Reingresso 2\u00ba\/2020, semestre letivo sob REDE\" href=\"https:\/\/www.ufsm.br\/pro-reitorias\/prograd\/editais\/029-2020\">\n                <span class=\"titulo-publicacao-widget\">029\/2020 - Edital de Ingresso\/Reingresso 2\u00ba\/2020, semestre letivo sob REDE<\/span>\n                <br>\n            <\/a>\n\n                        \n                                            \n                                    <div title=\"Publicado em 19\/09\/2020 - 20:53\" class=\"data-publicacao-widget\"><i  class=\"far fa-clock\"><\/i> 19\/09\/2020 - 20:53<\/div>\n                                \n        <\/div>\n            <div class=\"col-lg-12 px-3 pb-3\">\n            \n                            <span class='categoria-publicacao-widget'>Geral<\/span>\n                <br>\n                        \n            <a title=\"054\/2019 - Edital N. 054\/2019 \u2013 Inscri\u00e7\u00f5es no Programa Especial de Gradua\u00e7\u00e3o de Forma\u00e7\u00e3o de Professores para a Educa\u00e7\u00e3o Profissional (PEG 2020-1), oferecido pelo Centro de Educa\u00e7\u00e3o\" href=\"https:\/\/www.ufsm.br\/pro-reitorias\/prograd\/editais\/054-2019\">\n                <span class=\"titulo-publicacao-widget\">054\/2019 - Edital N. 054\/2019 \u2013 Inscri\u00e7\u00f5es no Programa Especial de Gradua\u00e7\u00e3o de Forma\u00e7\u00e3o de Professores para a Educa\u00e7\u00e3o Profissional (PEG 2020-1), oferecido pelo Centro de Educa\u00e7\u00e3o<\/span>\n                <br>\n            <\/a>\n\n                        \n                                            \n                                    <div title=\"Publicado em 11\/11\/2019 - 10:59\" class=\"data-publicacao-widget\"><i  class=\"far fa-clock\"><\/i> 11\/11\/2019 - 10:59<\/div>\n                                \n        <\/div>\n            <div class=\"col-lg-12 px-3 pb-3\">\n            \n                            <span class='categoria-publicacao-widget'>Geral<\/span>\n                <br>\n                        \n            <a title=\"050\/2019 - Edital 050\/2019 PROGRAD\/DERCA INGRESSO\/REINGRESSO CURSOS DE GRADUA\u00c7\u00c3O PRESENCIAL 1\u00ba\/2020\" href=\"https:\/\/www.ufsm.br\/pro-reitorias\/prograd\/editais\/050-2019\">\n                <span class=\"titulo-publicacao-widget\">050\/2019 - Edital 050\/2019 PROGRAD\/DERCA INGRESSO\/REINGRESSO CURSOS DE GRADUA\u00c7\u00c3O PRESENCIAL 1\u00ba\/2020<\/span>\n                <br>\n            <\/a>\n\n                        \n                                            \n                                    <div title=\"Publicado em 21\/10\/2019 - 13:24\" class=\"data-publicacao-widget\"><i  class=\"far fa-clock\"><\/i> 21\/10\/2019 - 13:24<\/div>\n                                \n        <\/div>\n            <div class=\"col-lg-12 px-3 pb-3\">\n            \n                            <span class='categoria-publicacao-widget'>Geral<\/span>\n                <br>\n                        \n            <a title=\"041\/2019 - PEG - Programa Especial de Gradua\u00e7\u00e3o de Forma\u00e7\u00e3o de Professores para a Educa\u00e7\u00e3o Profissional  - Edital Forma\u00e7\u00e3o de Professores 2\u00ba\/2019\" href=\"https:\/\/www.ufsm.br\/pro-reitorias\/prograd\/editais\/041-2019\">\n                <span class=\"titulo-publicacao-widget\">041\/2019 - PEG - Programa Especial de Gradua\u00e7\u00e3o de Forma\u00e7\u00e3o de Professores para a Educa\u00e7\u00e3o Profissional - Edital Forma\u00e7\u00e3o de Professores 2\u00ba\/2019<\/span>\n                <br>\n            <\/a>\n\n                        \n                                            \n                                    <div title=\"Publicado em 15\/07\/2019 - 15:28\" class=\"data-publicacao-widget\"><i  class=\"far fa-clock\"><\/i> 15\/07\/2019 - 15:28<\/div>\n                                \n        <\/div>\n            <div class=\"col-lg-12 px-3 pb-3\">\n            \n                            <span class='categoria-publicacao-widget'>Geral<\/span>\n                <br>\n                        \n            <a title=\"034\/2019 - Sele\u00e7\u00e3o Ingresso\/Reingresso Presencial 2\u00ba 2019 Cursos de gradua\u00e7\u00e3o presenciais\" href=\"https:\/\/www.ufsm.br\/pro-reitorias\/prograd\/editais\/034-2019\">\n                <span class=\"titulo-publicacao-widget\">034\/2019 - Sele\u00e7\u00e3o Ingresso\/Reingresso Presencial 2\u00ba 2019 Cursos de gradua\u00e7\u00e3o presenciais<\/span>\n                <br>\n            <\/a>\n\n                        \n                                            \n                                    <div title=\"Publicado em 11\/05\/2019 - 19:27\" class=\"data-publicacao-widget\"><i  class=\"far fa-clock\"><\/i> 11\/05\/2019 - 19:27<\/div>\n                                \n        <\/div>\n    <\/div>\n<div class=\"leia-mais p-1\">\n                <a href=\"https:\/\/www.ufsm.br\/pro-reitorias\/prograd\/editais-derca\/busca\/?q=&area=editais&orderby=date&sites%5B%5D=342&tags=derca\">\n            MAIS EDITAIS            <span class=\"icon-box\">\n                <span class=\"bg-ufsm-widget-icon\">\n                    <i class=\"fas fa-chevron-right\" aria-hidden=\"true\"><\/i>\n                <\/span>\n            <\/span>\n        <\/a>\n    <\/div>\n\t\t<\/div>\n\t\t\t\t<\/div>\n\t\t\t\t\t<\/div>\n\t\t<\/div>\n\t\t\t\t\t<\/div>\n\t\t<\/section>\n\t\t\t\t<section class=\"elementor-section elementor-top-section elementor-element elementor-element-12e95ee elementor-section-boxed elementor-section-height-default elementor-section-height-default\" data-id=\"12e95ee\" data-element_type=\"section\">\n\t\t\t\t\t\t<div class=\"elementor-container elementor-column-gap-default\">\n\t\t\t\t\t<div class=\"elementor-column elementor-col-100 elementor-top-column elementor-element elementor-element-17e9144\" data-id=\"17e9144\" data-element_type=\"column\">\n\t\t\t<div class=\"elementor-widget-wrap elementor-element-populated\">\n\t\t\t\t\t\t<div class=\"elementor-element elementor-element-b8c8ff7 elementor-widget elementor-widget-wp-widget-ufsm_editais_widget\" data-id=\"b8c8ff7\" data-element_type=\"widget\" data-widget_type=\"wp-widget-ufsm_editais_widget.default\">\n\t\t\t\t<div class=\"elementor-widget-container\">\n\t\t\t<h2 class='titulo-conteudos'>Outros Editais DERCA<\/h2><div class='row'>\n            <div class=\"col-lg-12 px-3 pb-3\">\n            \n                        \n            <a title=\"01\/2021 - INSCRI\u00c7\u00d5ES \u00c0 CATEGORIA DE ALUNO ESPECIAL I DE GRADUA\u00c7\u00c3O PARA O 1\u00ba SEMESTRE LETIVO DE 2021\" href=\"https:\/\/www.ufsm.br\/pro-reitorias\/prograd\/editais-derca\/editais\/001-2021\">\n                <span class=\"titulo-publicacao-widget\">01\/2021 - INSCRI\u00c7\u00d5ES \u00c0 CATEGORIA DE ALUNO ESPECIAL I DE GRADUA\u00c7\u00c3O PARA O 1\u00ba SEMESTRE LETIVO DE 2021<\/span>\n                <br>\n            <\/a>\n\n                        \n                                            \n                                    <div title=\"Atualizado em 28\/05\/2021 - 06:26\" class=\"data-publicacao-widget\"><i  class=\"fa fa-pencil-square-o\"><\/i> 28\/05\/2021 - 06:26<\/div>\n                                \n        <\/div>\n            <div class=\"col-lg-12 px-3 pb-3\">\n            \n                        \n            <a title=\"02\/2021 - INSCRI\u00c7\u00d5ES \u00c0 CATEGORIA DE ALUNO ESPECIAL I DE P\u00d3S-GRADUA\u00c7\u00c3O PARA O 1\u00ba SEMESTRE LETIVO DE 2021\" href=\"https:\/\/www.ufsm.br\/pro-reitorias\/prograd\/editais-derca\/editais\/002-2021\">\n                <span class=\"titulo-publicacao-widget\">02\/2021 - INSCRI\u00c7\u00d5ES \u00c0 CATEGORIA DE ALUNO ESPECIAL I DE P\u00d3S-GRADUA\u00c7\u00c3O PARA O 1\u00ba SEMESTRE LETIVO DE 2021<\/span>\n                <br>\n            <\/a>\n\n                        \n                                            \n                                    <div title=\"Atualizado em 28\/05\/2021 - 06:24\" class=\"data-publicacao-widget\"><i  class=\"fa fa-pencil-square-o\"><\/i> 28\/05\/2021 - 06:24<\/div>\n                                \n        <\/div>\n            <div class=\"col-lg-12 px-3 pb-3\">\n            \n                        \n            <a title=\"03\/2020 - INSCRI\u00c7\u00d5ES \u00c0 CATEGORIA DE ALUNO ESPECIAL I DE GRADUA\u00c7\u00c3O PARA O 2\u00ba SEMESTRE LETIVO DE 2020\" href=\"https:\/\/www.ufsm.br\/pro-reitorias\/prograd\/editais-derca\/editais\/003-2020\">\n                <span class=\"titulo-publicacao-widget\">03\/2020 - INSCRI\u00c7\u00d5ES \u00c0 CATEGORIA DE ALUNO ESPECIAL I DE GRADUA\u00c7\u00c3O PARA O 2\u00ba SEMESTRE LETIVO DE 2020<\/span>\n                <br>\n            <\/a>\n\n                        \n                                            \n                                    <div title=\"Atualizado em 30\/10\/2020 - 10:43\" class=\"data-publicacao-widget\"><i  class=\"fa fa-pencil-square-o\"><\/i> 30\/10\/2020 - 10:43<\/div>\n                                \n        <\/div>\n            <div class=\"col-lg-12 px-3 pb-3\">\n            \n                        \n            <a title=\"04\/2020 - INSCRI\u00c7\u00d5ES \u00c0 CATEGORIA DE ALUNO ESPECIAL I DE P\u00d3S-GRADUA\u00c7\u00c3O PARA O 2\u00ba SEMESTRE LETIVO DE 2020\" href=\"https:\/\/www.ufsm.br\/pro-reitorias\/prograd\/editais-derca\/editais\/004-2020\">\n                <span class=\"titulo-publicacao-widget\">04\/2020 - INSCRI\u00c7\u00d5ES \u00c0 CATEGORIA DE ALUNO ESPECIAL I DE P\u00d3S-GRADUA\u00c7\u00c3O PARA O 2\u00ba SEMESTRE LETIVO DE 2020<\/span>\n                <br>\n            <\/a>\n\n                        \n                                            \n                                    <div title=\"Atualizado em 30\/10\/2020 - 10:43\" class=\"data-publicacao-widget\"><i  class=\"fa fa-pencil-square-o\"><\/i> 30\/10\/2020 - 10:43<\/div>\n                                \n        <\/div>\n            <div class=\"col-lg-12 px-3 pb-3\">\n            \n                        \n            <a title=\"02\/2020 - INSCRI\u00c7\u00d5ES \u00c0 CATEGORIA DE ALUNO ESPECIAL I DE P\u00d3S-GRADUA\u00c7\u00c3O PARA O 1\u00ba SEMESTRE LETIVO DE 2020\" href=\"https:\/\/www.ufsm.br\/pro-reitorias\/prograd\/editais-derca\/editais\/002-2020\">\n                <span class=\"titulo-publicacao-widget\">02\/2020 - INSCRI\u00c7\u00d5ES \u00c0 CATEGORIA DE ALUNO ESPECIAL I DE P\u00d3S-GRADUA\u00c7\u00c3O PARA O 1\u00ba SEMESTRE LETIVO DE 2020<\/span>\n                <br>\n            <\/a>\n\n                        \n                                            \n                                    <div title=\"Atualizado em 25\/03\/2020 - 12:59\" class=\"data-publicacao-widget\"><i  class=\"fa fa-pencil-square-o\"><\/i> 25\/03\/2020 - 12:59<\/div>\n                                \n        <\/div>\n    <\/div>\n<div class=\"leia-mais p-1\">\n                <a href=\"https:\/\/www.ufsm.br\/pro-reitorias\/prograd\/editais-derca\/busca\/?q=&area=editais&orderby=modified&sites%5B%5D=51\">\n            MAIS EDITAIS            <span class=\"icon-box\">\n                <span class=\"bg-ufsm-widget-icon\">\n                    <i class=\"fas fa-chevron-right\" aria-hidden=\"true\"><\/i>\n                <\/span>\n            <\/span>\n        <\/a>\n    <\/div>\n\t\t<\/div>\n\t\t\t\t<\/div>\n\t\t\t\t\t<\/div>\n\t\t<\/div>\n\t\t\t\t\t<\/div>\n\t\t<\/section>\n\t\t\t\t<\/div>\n\t\t","protected":false},"excerpt":{"rendered":"<p>O Departamento de Registro e Controle Acad\u00eamico publica alguns editais, como para a Sele\u00e7\u00e3o de Aluno Especial (mediante informa\u00e7\u00f5es dos cursos) e tamb\u00e9m complementa (algumas fases dos cronogramas) dos editais de abertura elaborados pela PROGRAD (Pr\u00f3-Reitoria de Gradua\u00e7\u00e3o) para Sele\u00e7\u00e3o de Ingresso e Reingresso, e editais de abertura elaborados pela PRPGP (Pr\u00f3-Reitoria de P\u00f3s-Gradua\u00e7\u00e3o e [&hellip;]<\/p>\n","protected":false},"author":69,"featured_media":0,"parent":0,"menu_order":0,"comment_status":"closed","ping_status":"closed","template":"","meta":{"footnotes":""},"categories":[],"tags":[],"class_list":["post-12561","page","type-page","status-publish","hentry"],"acf":[],"_links":{"self":[{"href":"https:\/\/www.ufsm.br\/pro-reitorias\/prograd\/editais-derca\/wp-json\/wp\/v2\/pages\/12561","targetHints":{"allow":["GET"]}}],"collection":[{"href":"https:\/\/www.ufsm.br\/pro-reitorias\/prograd\/editais-derca\/wp-json\/wp\/v2\/pages"}],"about":[{"href":"https:\/\/www.ufsm.br\/pro-reitorias\/prograd\/editais-derca\/wp-json\/wp\/v2\/types\/page"}],"author":[{"embeddable":true,"href":"https:\/\/www.ufsm.br\/pro-reitorias\/prograd\/editais-derca\/wp-json\/wp\/v2\/users\/69"}],"replies":[{"embeddable":true,"href":"https:\/\/www.ufsm.br\/pro-reitorias\/prograd\/editais-derca\/wp-json\/wp\/v2\/comments?post=12561"}],"version-history":[{"count":0,"href":"https:\/\/www.ufsm.br\/pro-reitorias\/prograd\/editais-derca\/wp-json\/wp\/v2\/pages\/12561\/revisions"}],"wp:attachment":[{"href":"https:\/\/www.ufsm.br\/pro-reitorias\/prograd\/editais-derca\/wp-json\/wp\/v2\/media?parent=12561"}],"wp:term":[{"taxonomy":"category","embeddable":true,"href":"https:\/\/www.ufsm.br\/pro-reitorias\/prograd\/editais-derca\/wp-json\/wp\/v2\/categories?post=12561"},{"taxonomy":"post_tag","embeddable":true,"href":"https:\/\/www.ufsm.br\/pro-reitorias\/prograd\/editais-derca\/wp-json\/wp\/v2\/tags?post=12561"}],"curies":[{"name":"wp","href":"https:\/\/api.w.org\/{rel}","templated":true}]}}