{"id":43,"date":"2018-03-20T10:40:06","date_gmt":"2018-03-20T13:40:06","guid":{"rendered":"https:\/\/www.ufsm.br\/orgaos-executivos\/derca\/?page_id=43"},"modified":"2021-06-28T18:47:50","modified_gmt":"2021-06-28T21:47:50","slug":"inicio","status":"publish","type":"page","link":"https:\/\/www.ufsm.br\/pro-reitorias\/prograd\/editais-derca\/","title":{"rendered":"P\u00e1gina Inicial"},"content":{"rendered":"\t\t<div data-elementor-type=\"wp-post\" data-elementor-id=\"43\" class=\"elementor elementor-43\">\n\t\t\t\t\t\t<section class=\"elementor-section elementor-top-section elementor-element elementor-element-951bf52 elementor-hidden-tablet elementor-hidden-phone elementor-section-boxed elementor-section-height-default elementor-section-height-default\" data-id=\"951bf52\" data-element_type=\"section\">\n\t\t\t\t\t\t<div class=\"elementor-container elementor-column-gap-default\">\n\t\t\t\t\t<div class=\"elementor-column elementor-col-100 elementor-top-column elementor-element elementor-element-8d0ab30\" data-id=\"8d0ab30\" data-element_type=\"column\">\n\t\t\t<div class=\"elementor-widget-wrap elementor-element-populated\">\n\t\t\t\t\t\t<div class=\"elementor-element elementor-element-0796c7a elementor-widget elementor-widget-heading\" data-id=\"0796c7a\" data-element_type=\"widget\" data-widget_type=\"heading.default\">\n\t\t\t\t<div class=\"elementor-widget-container\">\n\t\t\t<h5 class=\"elementor-heading-title elementor-size-default\">Informe<\/h5>\t\t<\/div>\n\t\t\t\t<\/div>\n\t\t\t\t<div class=\"elementor-element elementor-element-50d21ca elementor-hidden-tablet elementor-hidden-phone elementor-widget elementor-widget-text-editor\" data-id=\"50d21ca\" data-element_type=\"widget\" data-widget_type=\"text-editor.default\">\n\t\t\t\t<div class=\"elementor-widget-container\">\n\t\t\t\t\t\t\t<p><span style=\"color: #000000;font-size: 16px\">O DERCA (Departamento de Registro e Controle Acad\u00eamico) foi subdividido nas coordenadorias COFRE e COREM para o atendimento das demandas dos cursos de gradua\u00e7\u00e3o. A informa\u00e7\u00f5es atualizadas est\u00e3o dispon\u00edveis nos abaixo.<\/span><\/p><p><span style=\"color: black;font-size: 1rem\">As informa\u00e7\u00f5es dos servi\u00e7os do Derca relacionados a p\u00f3s-gradua\u00e7\u00e3o ainda est\u00e3o dispon\u00edveis neste site, mas em breve estar\u00e3o no site da Pr\u00f3-Reitoria de P\u00f3s-Gradua\u00e7\u00e3o e Pesquisa (PRPGP).<\/span><\/p><p><span style=\"color: black;font-size: 1rem\">Este site re\u00fane os editais publicados pelo DERCA at\u00e9 o junho de 2021. Depois desta data, os editais s\u00e3o publicados no site da PROGRAD e da PRPGP.<\/span><\/p>\t\t\t\t\t\t<\/div>\n\t\t\t\t<\/div>\n\t\t\t\t\t<\/div>\n\t\t<\/div>\n\t\t\t\t\t<\/div>\n\t\t<\/section>\n\t\t\t\t<section class=\"elementor-section elementor-top-section elementor-element elementor-element-47ed185 elementor-section-boxed elementor-section-height-default elementor-section-height-default\" data-id=\"47ed185\" data-element_type=\"section\">\n\t\t\t\t\t\t<div class=\"elementor-container elementor-column-gap-default\">\n\t\t\t\t\t<div class=\"elementor-column elementor-col-50 elementor-top-column elementor-element elementor-element-b30ed61\" data-id=\"b30ed61\" data-element_type=\"column\">\n\t\t\t<div class=\"elementor-widget-wrap elementor-element-populated\">\n\t\t\t\t\t\t<div class=\"elementor-element elementor-element-8466024 elementor-align-center elementor-widget elementor-widget-button\" data-id=\"8466024\" data-element_type=\"widget\" data-widget_type=\"button.default\">\n\t\t\t\t<div class=\"elementor-widget-container\">\n\t\t\t\t\t\t\t<div class=\"elementor-button-wrapper\">\n\t\t\t\t\t<a class=\"elementor-button elementor-button-link elementor-size-lg\" href=\"https:\/\/www.ufsm.br\/pro-reitorias\/prograd\/cofre-corem\/\">\n\t\t\t\t\t\t<span class=\"elementor-button-content-wrapper\">\n\t\t\t\t\t\t\t\t\t<span class=\"elementor-button-text\">Servi\u00e7os -  gradua\u00e7\u00e3o<\/span>\n\t\t\t\t\t<\/span>\n\t\t\t\t\t<\/a>\n\t\t\t\t<\/div>\n\t\t\t\t\t\t<\/div>\n\t\t\t\t<\/div>\n\t\t\t\t\t<\/div>\n\t\t<\/div>\n\t\t\t\t<div class=\"elementor-column elementor-col-50 elementor-top-column elementor-element elementor-element-7d1d611\" data-id=\"7d1d611\" data-element_type=\"column\">\n\t\t\t<div class=\"elementor-widget-wrap elementor-element-populated\">\n\t\t\t\t\t\t<div class=\"elementor-element elementor-element-3690f9d elementor-align-center elementor-widget elementor-widget-button\" data-id=\"3690f9d\" data-element_type=\"widget\" data-widget_type=\"button.default\">\n\t\t\t\t<div class=\"elementor-widget-container\">\n\t\t\t\t\t\t\t<div class=\"elementor-button-wrapper\">\n\t\t\t\t\t<a class=\"elementor-button elementor-button-link elementor-size-lg\" href=\"https:\/\/www.ufsm.br\/pro-reitorias\/prpgp\/controle-academico-de-pos-graduacao\">\n\t\t\t\t\t\t<span class=\"elementor-button-content-wrapper\">\n\t\t\t\t\t\t\t\t\t<span class=\"elementor-button-text\">Servi\u00e7os -  p\u00f3s-gradua\u00e7\u00e3o<\/span>\n\t\t\t\t\t<\/span>\n\t\t\t\t\t<\/a>\n\t\t\t\t<\/div>\n\t\t\t\t\t\t<\/div>\n\t\t\t\t<\/div>\n\t\t\t\t\t<\/div>\n\t\t<\/div>\n\t\t\t\t\t<\/div>\n\t\t<\/section>\n\t\t\t\t<section class=\"elementor-section elementor-top-section elementor-element elementor-element-e0757de elementor-section-boxed elementor-section-height-default elementor-section-height-default\" data-id=\"e0757de\" data-element_type=\"section\">\n\t\t\t\t\t\t<div class=\"elementor-container elementor-column-gap-default\">\n\t\t\t\t\t<div class=\"elementor-column elementor-col-50 elementor-top-column elementor-element elementor-element-895b6a0\" data-id=\"895b6a0\" data-element_type=\"column\">\n\t\t\t<div class=\"elementor-widget-wrap elementor-element-populated\">\n\t\t\t\t\t\t<div class=\"elementor-element elementor-element-197820d elementor-widget elementor-widget-wp-widget-ufsm_editais_widget\" data-id=\"197820d\" data-element_type=\"widget\" data-widget_type=\"wp-widget-ufsm_editais_widget.default\">\n\t\t\t\t<div class=\"elementor-widget-container\">\n\t\t\t<h2 class='titulo-conteudos'>EDITAIS DE INGRESSO E REINGRESSO DE GRADU\u00c7\u00c3O<\/h2><div class='row'>\n            <div class=\"col-lg-12 px-3 pb-3\">\n            \n                        \n            <a title=\"029\/2020 - Edital de Ingresso\/Reingresso 2\u00ba\/2020, semestre letivo sob REDE\" href=\"https:\/\/www.ufsm.br\/pro-reitorias\/prograd\/editais\/029-2020\">\n                <span class=\"titulo-publicacao-widget\">029\/2020 - Edital de Ingresso\/Reingresso 2\u00ba\/2020, semestre letivo sob REDE<\/span>\n                <br>\n            <\/a>\n\n                        \n                                            \n                                    <div title=\"Atualizado em 26\/10\/2020 \" class=\"data-publicacao-widget\"><i  class=\"fa fa-pencil-square-o\"><\/i> 26\/10\/2020 <\/div>\n                                \n        <\/div>\n            <div class=\"col-lg-12 px-3 pb-3\">\n            \n                        \n            <a title=\"050\/2019 - Edital 050\/2019 PROGRAD\/DERCA INGRESSO\/REINGRESSO CURSOS DE GRADUA\u00c7\u00c3O PRESENCIAL 1\u00ba\/2020\" href=\"https:\/\/www.ufsm.br\/pro-reitorias\/prograd\/editais\/050-2019\">\n                <span class=\"titulo-publicacao-widget\">050\/2019 - Edital 050\/2019 PROGRAD\/DERCA INGRESSO\/REINGRESSO CURSOS DE GRADUA\u00c7\u00c3O PRESENCIAL 1\u00ba\/2020<\/span>\n                <br>\n            <\/a>\n\n                        \n                                            \n                                    <div title=\"Atualizado em 17\/02\/2020 \" class=\"data-publicacao-widget\"><i  class=\"fa fa-pencil-square-o\"><\/i> 17\/02\/2020 <\/div>\n                                \n        <\/div>\n            <div class=\"col-lg-12 px-3 pb-3\">\n            \n                        \n            <a title=\"054\/2019 - Edital N. 054\/2019 \u2013 Inscri\u00e7\u00f5es no Programa Especial de Gradua\u00e7\u00e3o de Forma\u00e7\u00e3o de Professores para a Educa\u00e7\u00e3o Profissional (PEG 2020-1), oferecido pelo Centro de Educa\u00e7\u00e3o\" href=\"https:\/\/www.ufsm.br\/pro-reitorias\/prograd\/editais\/054-2019\">\n                <span class=\"titulo-publicacao-widget\">054\/2019 - Edital N. 054\/2019 \u2013 Inscri\u00e7\u00f5es no Programa Especial de Gradua\u00e7\u00e3o de Forma\u00e7\u00e3o de Professores para a Educa\u00e7\u00e3o Profissional (PEG 2020-1), oferecido pelo Centro de Educa\u00e7\u00e3o<\/span>\n                <br>\n            <\/a>\n\n                        \n                                            \n                                    <div title=\"Atualizado em 24\/01\/2020 \" class=\"data-publicacao-widget\"><i  class=\"fa fa-pencil-square-o\"><\/i> 24\/01\/2020 <\/div>\n                                \n        <\/div>\n    <\/div>\n<div class=\"leia-mais p-1\">\n                <a href=\"https:\/\/www.ufsm.br\/pro-reitorias\/prograd\/editais-derca\/busca\/?q=&area=editais&orderby=modified&sites%5B%5D=342&tags=derca\">\n            LEIA MAIS            <span class=\"icon-box\">\n                <span class=\"bg-ufsm-widget-icon\">\n                    <i class=\"fas fa-chevron-right\" aria-hidden=\"true\"><\/i>\n                <\/span>\n            <\/span>\n        <\/a>\n    <\/div>\n\t\t<\/div>\n\t\t\t\t<\/div>\n\t\t\t\t\t<\/div>\n\t\t<\/div>\n\t\t\t\t<div class=\"elementor-column elementor-col-50 elementor-top-column elementor-element elementor-element-21db39b\" data-id=\"21db39b\" data-element_type=\"column\">\n\t\t\t<div class=\"elementor-widget-wrap elementor-element-populated\">\n\t\t\t\t\t\t<div class=\"elementor-element elementor-element-0636040 elementor-widget elementor-widget-wp-widget-ufsm_editais_widget\" data-id=\"0636040\" data-element_type=\"widget\" data-widget_type=\"wp-widget-ufsm_editais_widget.default\">\n\t\t\t\t<div class=\"elementor-widget-container\">\n\t\t\t<h2 class='titulo-conteudos'>EDITAIS DE P\u00d3S-GRADUA\u00c7\u00c3O<\/h2><div class='row'>\n            <div class=\"col-lg-12 px-3 pb-3\">\n            \n                        \n            <a title=\"031\/2018 - INSCRI\u00c7\u00d5ES AO PROCESSO SELETIVO DE P\u00d3S-GRADUA\u00c7\u00c3O - NOVOS CURSOS EM N\u00cdVEL DE DOUTORADO E MESTRADO PARA INGRESSO NO 1\u00ba SEMESTRE DE 2019\" href=\"https:\/\/www.ufsm.br\/pro-reitorias\/prpgp\/editais\/031-2018\">\n                <span class=\"titulo-publicacao-widget\">031\/2018 - INSCRI\u00c7\u00d5ES AO PROCESSO SELETIVO DE P\u00d3S-GRADUA\u00c7\u00c3O - NOVOS CURSOS EM N\u00cdVEL DE DOUTORADO E MESTRADO PARA INGRESSO NO 1\u00ba SEMESTRE DE 2019<\/span>\n                <br>\n            <\/a>\n\n                        \n                                            \n                                    <div title=\"Atualizado em 05\/10\/2022 \" class=\"data-publicacao-widget\"><i  class=\"fa fa-pencil-square-o\"><\/i> 05\/10\/2022 <\/div>\n                                \n        <\/div>\n            <div class=\"col-lg-12 px-3 pb-3\">\n            \n                        \n            <a title=\"016\/2019 - EDITAL EXTRAORDIN\u00c1RIO DE INSCRI\u00c7\u00d5ES AO PROCESSO SELETIVO DE P\u00d3S-GRADUA\u00c7\u00c3O \u2013 NOVO CURSO EM N\u00cdVEL DE DOUTORADO PARA INGRESSO NO 1\u00ba SEMESTRE DE 2019\" href=\"https:\/\/www.ufsm.br\/pro-reitorias\/prpgp\/editais\/016-2019\">\n                <span class=\"titulo-publicacao-widget\">016\/2019 - EDITAL EXTRAORDIN\u00c1RIO DE INSCRI\u00c7\u00d5ES AO PROCESSO SELETIVO DE P\u00d3S-GRADUA\u00c7\u00c3O \u2013 NOVO CURSO EM N\u00cdVEL DE DOUTORADO PARA INGRESSO NO 1\u00ba SEMESTRE DE 2019<\/span>\n                <br>\n            <\/a>\n\n                        \n                                            \n                                    <div title=\"Atualizado em 05\/10\/2022 \" class=\"data-publicacao-widget\"><i  class=\"fa fa-pencil-square-o\"><\/i> 05\/10\/2022 <\/div>\n                                \n        <\/div>\n    <\/div>\n<div class=\"leia-mais p-1\">\n                <a href=\"https:\/\/www.ufsm.br\/pro-reitorias\/prograd\/editais-derca\/busca\/?q=&area=editais&orderby=modified&sites%5B%5D=345&tags=PRPGP-DERCA\">\n            LEIA MAIS            <span class=\"icon-box\">\n                <span class=\"bg-ufsm-widget-icon\">\n                    <i class=\"fas fa-chevron-right\" aria-hidden=\"true\"><\/i>\n                <\/span>\n            <\/span>\n        <\/a>\n    <\/div>\n\t\t<\/div>\n\t\t\t\t<\/div>\n\t\t\t\t\t<\/div>\n\t\t<\/div>\n\t\t\t\t\t<\/div>\n\t\t<\/section>\n\t\t\t\t<section class=\"elementor-section elementor-top-section elementor-element elementor-element-504be0f elementor-section-boxed elementor-section-height-default elementor-section-height-default\" data-id=\"504be0f\" data-element_type=\"section\">\n\t\t\t\t\t\t<div class=\"elementor-container elementor-column-gap-default\">\n\t\t\t\t\t<div class=\"elementor-column elementor-col-100 elementor-top-column elementor-element elementor-element-3dba0df\" data-id=\"3dba0df\" data-element_type=\"column\">\n\t\t\t<div class=\"elementor-widget-wrap elementor-element-populated\">\n\t\t\t\t\t\t<div class=\"elementor-element elementor-element-898981d elementor-widget elementor-widget-wp-widget-ufsm_editais_widget\" data-id=\"898981d\" data-element_type=\"widget\" data-widget_type=\"wp-widget-ufsm_editais_widget.default\">\n\t\t\t\t<div class=\"elementor-widget-container\">\n\t\t\t<h2 class='titulo-conteudos'>Outros Editais do Derca<\/h2><div class='row'>\n            <div class=\"col-lg-12 px-3 pb-3\">\n            \n                        \n            <a title=\"01\/2021 - INSCRI\u00c7\u00d5ES \u00c0 CATEGORIA DE ALUNO ESPECIAL I DE GRADUA\u00c7\u00c3O PARA O 1\u00ba SEMESTRE LETIVO DE 2021\" href=\"https:\/\/www.ufsm.br\/pro-reitorias\/prograd\/editais-derca\/editais\/001-2021\">\n                <span class=\"titulo-publicacao-widget\">01\/2021 - INSCRI\u00c7\u00d5ES \u00c0 CATEGORIA DE ALUNO ESPECIAL I DE GRADUA\u00c7\u00c3O PARA O 1\u00ba SEMESTRE LETIVO DE 2021<\/span>\n                <br>\n            <\/a>\n\n                        \n                                            \n                                    <div title=\"Atualizado em 28\/05\/2021 \" class=\"data-publicacao-widget\"><i  class=\"fa fa-pencil-square-o\"><\/i> 28\/05\/2021 <\/div>\n                                \n        <\/div>\n            <div class=\"col-lg-12 px-3 pb-3\">\n            \n                        \n            <a title=\"02\/2021 - INSCRI\u00c7\u00d5ES \u00c0 CATEGORIA DE ALUNO ESPECIAL I DE P\u00d3S-GRADUA\u00c7\u00c3O PARA O 1\u00ba SEMESTRE LETIVO DE 2021\" href=\"https:\/\/www.ufsm.br\/pro-reitorias\/prograd\/editais-derca\/editais\/002-2021\">\n                <span class=\"titulo-publicacao-widget\">02\/2021 - INSCRI\u00c7\u00d5ES \u00c0 CATEGORIA DE ALUNO ESPECIAL I DE P\u00d3S-GRADUA\u00c7\u00c3O PARA O 1\u00ba SEMESTRE LETIVO DE 2021<\/span>\n                <br>\n            <\/a>\n\n                        \n                                            \n                                    <div title=\"Atualizado em 28\/05\/2021 \" class=\"data-publicacao-widget\"><i  class=\"fa fa-pencil-square-o\"><\/i> 28\/05\/2021 <\/div>\n                                \n        <\/div>\n            <div class=\"col-lg-12 px-3 pb-3\">\n            \n                        \n            <a title=\"03\/2020 - INSCRI\u00c7\u00d5ES \u00c0 CATEGORIA DE ALUNO ESPECIAL I DE GRADUA\u00c7\u00c3O PARA O 2\u00ba SEMESTRE LETIVO DE 2020\" href=\"https:\/\/www.ufsm.br\/pro-reitorias\/prograd\/editais-derca\/editais\/003-2020\">\n                <span class=\"titulo-publicacao-widget\">03\/2020 - INSCRI\u00c7\u00d5ES \u00c0 CATEGORIA DE ALUNO ESPECIAL I DE GRADUA\u00c7\u00c3O PARA O 2\u00ba SEMESTRE LETIVO DE 2020<\/span>\n                <br>\n            <\/a>\n\n                        \n                                            \n                                    <div title=\"Atualizado em 30\/10\/2020 \" class=\"data-publicacao-widget\"><i  class=\"fa fa-pencil-square-o\"><\/i> 30\/10\/2020 <\/div>\n                                \n        <\/div>\n    <\/div>\n<div class=\"leia-mais p-1\">\n                <a href=\"https:\/\/www.ufsm.br\/pro-reitorias\/prograd\/editais-derca\/busca\/?q=&area=editais&orderby=modified&sites%5B%5D=51&tags=PROGRAD, PRPGP\">\n            MAIS            <span class=\"icon-box\">\n                <span class=\"bg-ufsm-widget-icon\">\n                    <i class=\"fas fa-chevron-right\" aria-hidden=\"true\"><\/i>\n                <\/span>\n            <\/span>\n        <\/a>\n    <\/div>\n\t\t<\/div>\n\t\t\t\t<\/div>\n\t\t\t\t\t<\/div>\n\t\t<\/div>\n\t\t\t\t\t<\/div>\n\t\t<\/section>\n\t\t\t\t<\/div>\n\t\t","protected":false},"excerpt":{"rendered":"<p>Informe O DERCA (Departamento de Registro e Controle Acad\u00eamico) foi subdividido nas coordenadorias COFRE e COREM para o atendimento das demandas dos cursos de gradua\u00e7\u00e3o. A informa\u00e7\u00f5es atualizadas est\u00e3o dispon\u00edveis nos abaixo. As informa\u00e7\u00f5es dos servi\u00e7os do Derca relacionados a p\u00f3s-gradua\u00e7\u00e3o ainda est\u00e3o dispon\u00edveis neste site, mas em breve estar\u00e3o no site da Pr\u00f3-Reitoria de [&hellip;]<\/p>\n","protected":false},"author":35,"featured_media":0,"parent":0,"menu_order":0,"comment_status":"closed","ping_status":"closed","template":"","meta":{"footnotes":""},"categories":[],"tags":[],"class_list":["post-43","page","type-page","status-publish","hentry"],"acf":[],"_links":{"self":[{"href":"https:\/\/www.ufsm.br\/pro-reitorias\/prograd\/editais-derca\/wp-json\/wp\/v2\/pages\/43","targetHints":{"allow":["GET"]}}],"collection":[{"href":"https:\/\/www.ufsm.br\/pro-reitorias\/prograd\/editais-derca\/wp-json\/wp\/v2\/pages"}],"about":[{"href":"https:\/\/www.ufsm.br\/pro-reitorias\/prograd\/editais-derca\/wp-json\/wp\/v2\/types\/page"}],"author":[{"embeddable":true,"href":"https:\/\/www.ufsm.br\/pro-reitorias\/prograd\/editais-derca\/wp-json\/wp\/v2\/users\/35"}],"replies":[{"embeddable":true,"href":"https:\/\/www.ufsm.br\/pro-reitorias\/prograd\/editais-derca\/wp-json\/wp\/v2\/comments?post=43"}],"version-history":[{"count":0,"href":"https:\/\/www.ufsm.br\/pro-reitorias\/prograd\/editais-derca\/wp-json\/wp\/v2\/pages\/43\/revisions"}],"wp:attachment":[{"href":"https:\/\/www.ufsm.br\/pro-reitorias\/prograd\/editais-derca\/wp-json\/wp\/v2\/media?parent=43"}],"wp:term":[{"taxonomy":"category","embeddable":true,"href":"https:\/\/www.ufsm.br\/pro-reitorias\/prograd\/editais-derca\/wp-json\/wp\/v2\/categories?post=43"},{"taxonomy":"post_tag","embeddable":true,"href":"https:\/\/www.ufsm.br\/pro-reitorias\/prograd\/editais-derca\/wp-json\/wp\/v2\/tags?post=43"}],"curies":[{"name":"wp","href":"https:\/\/api.w.org\/{rel}","templated":true}]}}