{"id":59,"date":"2019-09-25T11:19:42","date_gmt":"2019-09-25T14:19:42","guid":{"rendered":"https:\/\/www.ufsm.br\/pro-reitorias\/prograd\/egressos\/?page_id=59"},"modified":"2022-06-01T09:26:22","modified_gmt":"2022-06-01T12:26:22","slug":"concurso-de-cronicas2","status":"publish","type":"page","link":"https:\/\/www.ufsm.br\/pro-reitorias\/prograd\/egressos\/projetos\/concurso-de-cronicas2","title":{"rendered":"Concurso de Cr\u00f4nicas"},"content":{"rendered":"\t\t<div data-elementor-type=\"wp-post\" data-elementor-id=\"59\" class=\"elementor elementor-59\">\n\t\t\t\t\t\t<section class=\"elementor-section elementor-top-section elementor-element elementor-element-4b821c2 elementor-section-boxed elementor-section-height-default elementor-section-height-default\" data-id=\"4b821c2\" data-element_type=\"section\">\n\t\t\t\t\t\t<div class=\"elementor-container elementor-column-gap-default\">\n\t\t\t\t\t<div class=\"elementor-column elementor-col-100 elementor-top-column elementor-element elementor-element-798599c\" data-id=\"798599c\" data-element_type=\"column\">\n\t\t\t<div class=\"elementor-widget-wrap elementor-element-populated\">\n\t\t\t\t\t\t<div class=\"elementor-element elementor-element-8898817 elementor-widget elementor-widget-heading\" data-id=\"8898817\" data-element_type=\"widget\" data-widget_type=\"heading.default\">\n\t\t\t\t<div class=\"elementor-widget-container\">\n\t\t\t<h5 class=\"elementor-heading-title elementor-size-default\">Hist\u00f3rico<\/h5>\t\t<\/div>\n\t\t\t\t<\/div>\n\t\t\t\t\t<\/div>\n\t\t<\/div>\n\t\t\t\t\t<\/div>\n\t\t<\/section>\n\t\t\t\t<section class=\"elementor-section elementor-top-section elementor-element elementor-element-d9a7406 elementor-section-boxed elementor-section-height-default elementor-section-height-default\" data-id=\"d9a7406\" data-element_type=\"section\">\n\t\t\t\t\t\t<div class=\"elementor-container elementor-column-gap-default\">\n\t\t\t\t\t<div class=\"elementor-column elementor-col-100 elementor-top-column elementor-element elementor-element-605e314\" data-id=\"605e314\" data-element_type=\"column\">\n\t\t\t<div class=\"elementor-widget-wrap elementor-element-populated\">\n\t\t\t\t\t\t<div class=\"elementor-element elementor-element-575a77d elementor-widget elementor-widget-text-editor\" data-id=\"575a77d\" data-element_type=\"widget\" data-widget_type=\"text-editor.default\">\n\t\t\t\t<div class=\"elementor-widget-container\">\n\t\t\t\t\t\t\t<p>Revistar trajet\u00f3rias, resgatar la\u00e7os, conhecer hist\u00f3rias e celebrar os momentos passados na Universidade. Este foi, durante 12 anos o prop\u00f3sito do\u00a0<strong>Concurso de Cr\u00f4nicas &#8211; A UFSM na minha hist\u00f3ria.<\/strong>\u00a0Promovido pelo Volver, o Programa UFSM de ex-alunos, o concurso reviveu lembran\u00e7as e fortaleceu os la\u00e7os existentes entre a Universidade e seus egressos baseando-se na premissa de que aqueles que passam pela UFSM levam muito mais do que conhecimento para sua atua\u00e7\u00e3o profissional, mas tamb\u00e9m viv\u00eancias, humanidade e consci\u00eancia de sua postura como cidad\u00e3os.<\/p><p>A 1\u00aa edi\u00e7\u00e3o do evento foi no ano de 2000. A partir de sua 2\u00aa edi\u00e7\u00e3o em 2003, passou a integrar as atividades do j\u00e1 institu\u00eddo Programa Volver, estando presente na programa\u00e7\u00e3o comemorativa do anivers\u00e1rio da UFSM. A sua\u00a0 3\u00aa edi\u00e7\u00e3o ocorreu em 2005 e contou com novidades, como a inclus\u00e3o da categoria Formandos na inscri\u00e7\u00e3o de Cr\u00f4nicas, que antes eram escritas somente por egressos.<\/p><p>Em sua 4\u00aa edi\u00e7\u00e3o, o Concurso de Cr\u00f4nicas visou a estimular formandos e ex-alunos a relembrarem fatos marcantes de suas vidas, relacionados \u00e0 UFSM, traduzindo-os em forma de hist\u00f3rias. Dessa forma, em 2008 o evento instigou os participantes a vasculharem a &#8220;bagagem de suas mem\u00f3rias&#8221; e encontrarem lembran\u00e7as e emo\u00e7\u00f5es de suas viv\u00eancias na UFSM. Com a tem\u00e1tica, &#8220;A UFSM na sua hist\u00f3ria: coloque no papel a bagagem da sua mem\u00f3ria&#8221;, o Concurso recebeu mais de 70 hist\u00f3rias e premiou seis cr\u00f4nicas, nas categorias Egressos e Formandos.<\/p><p>Al\u00e9m de resgatar trajet\u00f3rias e fazer alunos reviverem bons momentos, o Concurso de Cr\u00f4nicas tamb\u00e9m leva a todos o &#8220;mundo da UFSM&#8221; revelado pelos textos, atrav\u00e9s da publica\u00e7\u00e3o de um livro com as cr\u00f4nicas vencedoras e men\u00e7\u00f5es honrosas.<\/p>\t\t\t\t\t\t<\/div>\n\t\t\t\t<\/div>\n\t\t\t\t\t<\/div>\n\t\t<\/div>\n\t\t\t\t\t<\/div>\n\t\t<\/section>\n\t\t\t\t<section class=\"elementor-section elementor-top-section elementor-element elementor-element-7ccdee4 elementor-section-boxed elementor-section-height-default elementor-section-height-default\" data-id=\"7ccdee4\" data-element_type=\"section\">\n\t\t\t\t\t\t<div class=\"elementor-container elementor-column-gap-default\">\n\t\t\t\t\t<div class=\"elementor-column elementor-col-100 elementor-top-column elementor-element elementor-element-08ccd50\" data-id=\"08ccd50\" data-element_type=\"column\">\n\t\t\t<div class=\"elementor-widget-wrap elementor-element-populated\">\n\t\t\t\t\t\t<div class=\"elementor-element elementor-element-d525af4 elementor-widget elementor-widget-heading\" data-id=\"d525af4\" data-element_type=\"widget\" data-widget_type=\"heading.default\">\n\t\t\t\t<div class=\"elementor-widget-container\">\n\t\t\t<h5 class=\"elementor-heading-title elementor-size-default\">Publica\u00e7\u00f5es <\/h5>\t\t<\/div>\n\t\t\t\t<\/div>\n\t\t\t\t\t<\/div>\n\t\t<\/div>\n\t\t\t\t\t<\/div>\n\t\t<\/section>\n\t\t\t\t<section class=\"elementor-section elementor-top-section elementor-element elementor-element-372ab6e elementor-section-boxed elementor-section-height-default elementor-section-height-default\" data-id=\"372ab6e\" data-element_type=\"section\">\n\t\t\t\t\t\t<div class=\"elementor-container elementor-column-gap-default\">\n\t\t\t\t\t<div class=\"elementor-column elementor-col-100 elementor-top-column elementor-element elementor-element-baffa74\" data-id=\"baffa74\" data-element_type=\"column\">\n\t\t\t<div class=\"elementor-widget-wrap elementor-element-populated\">\n\t\t\t\t\t\t<div class=\"elementor-element elementor-element-3b43916 elementor-widget elementor-widget-text-editor\" data-id=\"3b43916\" data-element_type=\"widget\" data-widget_type=\"text-editor.default\">\n\t\t\t\t<div class=\"elementor-widget-container\">\n\t\t\t\t\t\t\t<p>Os livros que re\u00fanem as cr\u00f4nicas vencedores de cada edi\u00e7\u00e3o do Concurso de Cr\u00f4nicas da UFSM s\u00e3o:<\/p>\t\t\t\t\t\t<\/div>\n\t\t\t\t<\/div>\n\t\t\t\t\t<\/div>\n\t\t<\/div>\n\t\t\t\t\t<\/div>\n\t\t<\/section>\n\t\t\t\t<section class=\"elementor-section elementor-top-section elementor-element elementor-element-f908eb6 elementor-section-boxed elementor-section-height-default elementor-section-height-default\" data-id=\"f908eb6\" data-element_type=\"section\">\n\t\t\t\t\t\t<div class=\"elementor-container elementor-column-gap-default\">\n\t\t\t\t\t<div class=\"elementor-column elementor-col-50 elementor-top-column elementor-element elementor-element-ac741c0\" data-id=\"ac741c0\" data-element_type=\"column\">\n\t\t\t<div class=\"elementor-widget-wrap elementor-element-populated\">\n\t\t\t\t\t\t<div class=\"elementor-element elementor-element-80d9211 elementor-widget elementor-widget-image\" data-id=\"80d9211\" data-element_type=\"widget\" data-widget_type=\"image.default\">\n\t\t\t\t<div class=\"elementor-widget-container\">\n\t\t\t\t\t\t\t\t\t\t\t\t\t<img decoding=\"async\" width=\"139\" height=\"200\" src=\"https:\/\/www.ufsm.br\/app\/uploads\/sites\/639\/2019\/09\/cronicas2.jpg\" class=\"attachment-large size-large wp-image-61\" alt=\"\" \/>\t\t\t\t\t\t\t\t\t\t\t\t\t<\/div>\n\t\t\t\t<\/div>\n\t\t\t\t\t<\/div>\n\t\t<\/div>\n\t\t\t\t<div class=\"elementor-column elementor-col-50 elementor-top-column elementor-element elementor-element-e517d93\" data-id=\"e517d93\" data-element_type=\"column\">\n\t\t\t<div class=\"elementor-widget-wrap elementor-element-populated\">\n\t\t\t\t\t\t<div class=\"elementor-element elementor-element-f32a621 elementor-widget elementor-widget-text-editor\" data-id=\"f32a621\" data-element_type=\"widget\" data-widget_type=\"text-editor.default\">\n\t\t\t\t<div class=\"elementor-widget-container\">\n\t\t\t\t\t\t\t<p><strong><span style=\"color: #000000;font-size: 16px\">\u00a02\u00aa <\/span><\/strong><span style=\"color: #000000\"><strong>Edi\u00e7\u00e3o<\/strong>\u00a0 \u00a0 \u00a0 \u00a0 \u00a0<\/span><span style=\"color: #000000;font-size: 16px\">Ano: 2003<\/span><\/p><p><span style=\"color: black;font-size: 1rem\">Organizadores: Isa\u00edas Salin Farret, Hon\u00f3rio Rosa Nascimento e Clarissa Oliveira de Carvalho<\/span><\/p>\t\t\t\t\t\t<\/div>\n\t\t\t\t<\/div>\n\t\t\t\t\t<\/div>\n\t\t<\/div>\n\t\t\t\t\t<\/div>\n\t\t<\/section>\n\t\t\t\t<section class=\"elementor-section elementor-top-section elementor-element elementor-element-a8da26e elementor-section-boxed elementor-section-height-default elementor-section-height-default\" data-id=\"a8da26e\" data-element_type=\"section\">\n\t\t\t\t\t\t<div class=\"elementor-container elementor-column-gap-default\">\n\t\t\t\t\t<div class=\"elementor-column elementor-col-33 elementor-top-column elementor-element elementor-element-aa2379d\" data-id=\"aa2379d\" data-element_type=\"column\">\n\t\t\t<div class=\"elementor-widget-wrap elementor-element-populated\">\n\t\t\t\t\t\t<div class=\"elementor-element elementor-element-367621d elementor-widget elementor-widget-image\" data-id=\"367621d\" data-element_type=\"widget\" data-widget_type=\"image.default\">\n\t\t\t\t<div class=\"elementor-widget-container\">\n\t\t\t\t\t\t\t\t\t\t\t\t\t<img decoding=\"async\" width=\"130\" height=\"200\" src=\"https:\/\/www.ufsm.br\/app\/uploads\/sites\/639\/2019\/09\/cronicas1.jpg\" class=\"attachment-large size-large wp-image-62\" alt=\"\" \/>\t\t\t\t\t\t\t\t\t\t\t\t\t<\/div>\n\t\t\t\t<\/div>\n\t\t\t\t\t<\/div>\n\t\t<\/div>\n\t\t\t\t<div class=\"elementor-column elementor-col-66 elementor-top-column elementor-element elementor-element-7124b25\" data-id=\"7124b25\" data-element_type=\"column\">\n\t\t\t<div class=\"elementor-widget-wrap elementor-element-populated\">\n\t\t\t\t\t\t<div class=\"elementor-element elementor-element-651a573 elementor-widget elementor-widget-text-editor\" data-id=\"651a573\" data-element_type=\"widget\" data-widget_type=\"text-editor.default\">\n\t\t\t\t<div class=\"elementor-widget-container\">\n\t\t\t\t\t\t\t<p style=\"text-align: left\"><strong>3\u00b0 Edi\u00e7\u00e3o<\/strong>\u00a0 \u00a0 \u00a0 \u00a0 \u00a0Ano: 2005<\/p><p style=\"text-align: left\">Organizadores: Isa\u00edas Salin Farret, Adair Caetano Peruzzolo e Lutiana Casaroli<\/p>\t\t\t\t\t\t<\/div>\n\t\t\t\t<\/div>\n\t\t\t\t\t<\/div>\n\t\t<\/div>\n\t\t\t\t\t<\/div>\n\t\t<\/section>\n\t\t\t\t<section class=\"elementor-section elementor-top-section elementor-element elementor-element-f60b956 elementor-section-boxed elementor-section-height-default elementor-section-height-default\" data-id=\"f60b956\" data-element_type=\"section\">\n\t\t\t\t\t\t<div class=\"elementor-container elementor-column-gap-default\">\n\t\t\t\t\t<div class=\"elementor-column elementor-col-50 elementor-top-column elementor-element elementor-element-6e92d79\" data-id=\"6e92d79\" data-element_type=\"column\">\n\t\t\t<div class=\"elementor-widget-wrap elementor-element-populated\">\n\t\t\t\t\t\t<div class=\"elementor-element elementor-element-77b2815 elementor-widget elementor-widget-image\" data-id=\"77b2815\" data-element_type=\"widget\" data-widget_type=\"image.default\">\n\t\t\t\t<div class=\"elementor-widget-container\">\n\t\t\t\t\t\t\t\t\t\t\t\t\t<img decoding=\"async\" width=\"140\" height=\"200\" src=\"https:\/\/www.ufsm.br\/app\/uploads\/sites\/639\/2019\/09\/cronicas3.jpg\" class=\"attachment-large size-large wp-image-63\" alt=\"\" \/>\t\t\t\t\t\t\t\t\t\t\t\t\t<\/div>\n\t\t\t\t<\/div>\n\t\t\t\t\t<\/div>\n\t\t<\/div>\n\t\t\t\t<div class=\"elementor-column elementor-col-50 elementor-top-column elementor-element elementor-element-2ac5f24\" data-id=\"2ac5f24\" data-element_type=\"column\">\n\t\t\t<div class=\"elementor-widget-wrap elementor-element-populated\">\n\t\t\t\t\t\t<div class=\"elementor-element elementor-element-7c75746 elementor-widget elementor-widget-text-editor\" data-id=\"7c75746\" data-element_type=\"widget\" data-widget_type=\"text-editor.default\">\n\t\t\t\t<div class=\"elementor-widget-container\">\n\t\t\t\t\t\t\t<p><strong>4\u00b0 Edi\u00e7\u00e3o\u00a0<\/strong> \u00a0 \u00a0 \u00a0 Ano:2008<\/p><p>Organizadores: M\u00e1rcia Franz Amaral e Patr\u00edcia Frank Pichler<\/p>\t\t\t\t\t\t<\/div>\n\t\t\t\t<\/div>\n\t\t\t\t\t<\/div>\n\t\t<\/div>\n\t\t\t\t\t<\/div>\n\t\t<\/section>\n\t\t\t\t<section class=\"elementor-section elementor-top-section elementor-element elementor-element-b20e44e elementor-section-boxed elementor-section-height-default elementor-section-height-default\" data-id=\"b20e44e\" data-element_type=\"section\">\n\t\t\t\t\t\t<div class=\"elementor-container elementor-column-gap-default\">\n\t\t\t\t\t<div class=\"elementor-column elementor-col-100 elementor-top-column elementor-element elementor-element-3a11a5f\" data-id=\"3a11a5f\" data-element_type=\"column\">\n\t\t\t<div class=\"elementor-widget-wrap elementor-element-populated\">\n\t\t\t\t\t\t<div class=\"elementor-element elementor-element-19f4e72 elementor-widget elementor-widget-heading\" data-id=\"19f4e72\" data-element_type=\"widget\" data-widget_type=\"heading.default\">\n\t\t\t\t<div class=\"elementor-widget-container\">\n\t\t\t<h5 class=\"elementor-heading-title elementor-size-default\">Premiados<\/h5>\t\t<\/div>\n\t\t\t\t<\/div>\n\t\t\t\t\t<\/div>\n\t\t<\/div>\n\t\t\t\t\t<\/div>\n\t\t<\/section>\n\t\t\t\t<section class=\"elementor-section elementor-top-section elementor-element elementor-element-1bf18a2 elementor-section-boxed elementor-section-height-default elementor-section-height-default\" data-id=\"1bf18a2\" data-element_type=\"section\">\n\t\t\t\t\t\t<div class=\"elementor-container elementor-column-gap-default\">\n\t\t\t\t\t<div class=\"elementor-column elementor-col-100 elementor-top-column elementor-element elementor-element-6168193\" data-id=\"6168193\" data-element_type=\"column\">\n\t\t\t<div class=\"elementor-widget-wrap elementor-element-populated\">\n\t\t\t\t\t\t<div class=\"elementor-element elementor-element-c073477 elementor-widget elementor-widget-toggle\" data-id=\"c073477\" data-element_type=\"widget\" data-widget_type=\"toggle.default\">\n\t\t\t\t<div class=\"elementor-widget-container\">\n\t\t\t\t\t<div class=\"elementor-toggle\">\n\t\t\t\t\t\t\t<div class=\"elementor-toggle-item\">\n\t\t\t\t\t<div id=\"elementor-tab-title-2011\" class=\"elementor-tab-title\" data-tab=\"1\" role=\"button\" aria-controls=\"elementor-tab-content-2011\" aria-expanded=\"false\">\n\t\t\t\t\t\t\t\t\t\t\t\t<span class=\"elementor-toggle-icon elementor-toggle-icon-left\" aria-hidden=\"true\">\n\t\t\t\t\t\t\t\t\t\t\t\t\t\t\t<span class=\"elementor-toggle-icon-closed\"><i class=\"fas fa-caret-right\"><\/i><\/span>\n\t\t\t\t\t\t\t\t<span class=\"elementor-toggle-icon-opened\"><i class=\"elementor-toggle-icon-opened fas fa-caret-up\"><\/i><\/span>\n\t\t\t\t\t\t\t\t\t\t\t\t\t<\/span>\n\t\t\t\t\t\t\t\t\t\t\t\t<a class=\"elementor-toggle-title\" tabindex=\"0\"> 4\u00ba Concurso de Cr\u00f4nicas UFSM 2008<\/a>\n\t\t\t\t\t<\/div>\n\n\t\t\t\t\t<div id=\"elementor-tab-content-2011\" class=\"elementor-tab-content elementor-clearfix\" data-tab=\"1\" role=\"region\" aria-labelledby=\"elementor-tab-title-2011\"><p><strong>Vencedores Categoria Ex-alunos<\/strong><\/p><p><strong>1\u00ba lugar<\/strong><\/p><p>O anel de formatura \u2013 Ruben Boelter<\/p><p><strong>2\u00ba lugar<\/strong><\/p><p>Resist\u00eancia psicol\u00f3gica \u2013 Aline Belinaso<\/p><p><strong>3\u00ba lugar<\/strong><\/p><p>Can\u00e7\u00e3o do C\u00e9u ou a hist\u00f3ria de um cora\u00e7\u00e3o universit\u00e1rio \u2013 Jaisson Oliveira da Silva<\/p><p><strong>Vencedores Categoria Formandos<\/strong><\/p><p><strong>1\u00ba lugar<\/strong><\/p><p>Aquele canteiro florido \u2013 Camila Esteves Falleiro<\/p><p><strong>2\u00ba lugar<\/strong><\/p><p>Para ficar na mem\u00f3ria \u2013 Bruna Taschetto<\/p><p><strong>3\u00ba lugar<\/strong><\/p><p>Anedotas do arco \u2013 Caroline Rutz<\/p><\/div>\n\t\t\t\t<\/div>\n\t\t\t\t\t\t\t<div class=\"elementor-toggle-item\">\n\t\t\t\t\t<div id=\"elementor-tab-title-2012\" class=\"elementor-tab-title\" data-tab=\"2\" role=\"button\" aria-controls=\"elementor-tab-content-2012\" aria-expanded=\"false\">\n\t\t\t\t\t\t\t\t\t\t\t\t<span class=\"elementor-toggle-icon elementor-toggle-icon-left\" aria-hidden=\"true\">\n\t\t\t\t\t\t\t\t\t\t\t\t\t\t\t<span class=\"elementor-toggle-icon-closed\"><i class=\"fas fa-caret-right\"><\/i><\/span>\n\t\t\t\t\t\t\t\t<span class=\"elementor-toggle-icon-opened\"><i class=\"elementor-toggle-icon-opened fas fa-caret-up\"><\/i><\/span>\n\t\t\t\t\t\t\t\t\t\t\t\t\t<\/span>\n\t\t\t\t\t\t\t\t\t\t\t\t<a class=\"elementor-toggle-title\" tabindex=\"0\">3\u00ba Concurso de Cr\u00f4nicas UFSM 2005<\/a>\n\t\t\t\t\t<\/div>\n\n\t\t\t\t\t<div id=\"elementor-tab-content-2012\" class=\"elementor-tab-content elementor-clearfix\" data-tab=\"2\" role=\"region\" aria-labelledby=\"elementor-tab-title-2012\"><p><strong>Vencedores Categoria Ex-alunos<\/strong><\/p><p><strong>1\u00ba lugar<\/strong><\/p><p>Psych\u00e9 \u2013 Lauro Manzoni Bidinoto<\/p><p><strong>2\u00ba lugar<\/strong><\/p><p>Ele, ela e o franc\u00eas \u2013 Lauro Manzoni Bidinoto<\/p><p><strong>3\u00ba lugar<\/strong><\/p><p>A lapiseira \u2013 Athos Ronaldo Miralha da Cunha<\/p><p><strong>Vencedores Categoria Alunos<\/strong><\/p><p><strong>1\u00ba lugar<\/strong><\/p><p>Dos sonhos descritos, uma hist\u00f3ria inacabada \u2013 Francieli Rebelatto<\/p><p><strong>2\u00ba lugar<\/strong><\/p><p>A hora do almo\u00e7o \u2013 Daniel Lena Marchiori Neto<\/p><p><strong>3\u00ba lugar<\/strong><\/p><p>Livros e sono \u2013 Marcelo de Moraes Cordeiro<\/p><\/div>\n\t\t\t\t<\/div>\n\t\t\t\t\t\t\t<div class=\"elementor-toggle-item\">\n\t\t\t\t\t<div id=\"elementor-tab-title-2013\" class=\"elementor-tab-title\" data-tab=\"3\" role=\"button\" aria-controls=\"elementor-tab-content-2013\" aria-expanded=\"false\">\n\t\t\t\t\t\t\t\t\t\t\t\t<span class=\"elementor-toggle-icon elementor-toggle-icon-left\" aria-hidden=\"true\">\n\t\t\t\t\t\t\t\t\t\t\t\t\t\t\t<span class=\"elementor-toggle-icon-closed\"><i class=\"fas fa-caret-right\"><\/i><\/span>\n\t\t\t\t\t\t\t\t<span class=\"elementor-toggle-icon-opened\"><i class=\"elementor-toggle-icon-opened fas fa-caret-up\"><\/i><\/span>\n\t\t\t\t\t\t\t\t\t\t\t\t\t<\/span>\n\t\t\t\t\t\t\t\t\t\t\t\t<a class=\"elementor-toggle-title\" tabindex=\"0\">2\u00ba Concurso de Cr\u00f4nicas UFSM 2003<\/a>\n\t\t\t\t\t<\/div>\n\n\t\t\t\t\t<div id=\"elementor-tab-content-2013\" class=\"elementor-tab-content elementor-clearfix\" data-tab=\"3\" role=\"region\" aria-labelledby=\"elementor-tab-title-2013\"><p><strong>1\u00ba lugar<\/strong><\/p><p>Crocante \u2013 Ludwig Larr\u00e9<\/p><p><strong>2\u00ba lugar<\/strong><\/p><p>Jazz e estupro em 800 kHz \u2013 Ludwig Larr\u00e9<\/p><p><strong>3\u00ba lugar<\/strong><\/p><p>Silicato Complexo \u2013 Athos Ronaldo Miralha da Cunha<\/p><\/div>\n\t\t\t\t<\/div>\n\t\t\t\t\t\t\t<div class=\"elementor-toggle-item\">\n\t\t\t\t\t<div id=\"elementor-tab-title-2014\" class=\"elementor-tab-title\" data-tab=\"4\" role=\"button\" aria-controls=\"elementor-tab-content-2014\" aria-expanded=\"false\">\n\t\t\t\t\t\t\t\t\t\t\t\t<span class=\"elementor-toggle-icon elementor-toggle-icon-left\" aria-hidden=\"true\">\n\t\t\t\t\t\t\t\t\t\t\t\t\t\t\t<span class=\"elementor-toggle-icon-closed\"><i class=\"fas fa-caret-right\"><\/i><\/span>\n\t\t\t\t\t\t\t\t<span class=\"elementor-toggle-icon-opened\"><i class=\"elementor-toggle-icon-opened fas fa-caret-up\"><\/i><\/span>\n\t\t\t\t\t\t\t\t\t\t\t\t\t<\/span>\n\t\t\t\t\t\t\t\t\t\t\t\t<a class=\"elementor-toggle-title\" tabindex=\"0\">1\u00aa Concurso de Cr\u00f4nicas UFSM  2000<\/a>\n\t\t\t\t\t<\/div>\n\n\t\t\t\t\t<div id=\"elementor-tab-content-2014\" class=\"elementor-tab-content elementor-clearfix\" data-tab=\"4\" role=\"region\" aria-labelledby=\"elementor-tab-title-2014\"><p><strong>1\u00ba lugar<\/strong><\/p><p>A panela no fogo e as teorias macronarrativas \u2013 Ana Inez Klein<\/p><p><strong>2\u00ba lugar<\/strong><\/p><p>Desculpa Neruda, mas tamb\u00e9m confesso que vivi \u2013 Gilda Teresinha Gon\u00e7alves Karlinski<\/p><p><strong>3\u00ba lugar<\/strong><\/p><p>Invas\u00e3o de privacidade \u2013 Karine Bertani<\/p><\/div>\n\t\t\t\t<\/div>\n\t\t\t\t\t\t\t\t<\/div>\n\t\t\t\t<\/div>\n\t\t\t\t<\/div>\n\t\t\t\t\t<\/div>\n\t\t<\/div>\n\t\t\t\t\t<\/div>\n\t\t<\/section>\n\t\t\t\t<section class=\"elementor-section elementor-top-section elementor-element elementor-element-02863f9 elementor-section-boxed elementor-section-height-default elementor-section-height-default\" data-id=\"02863f9\" data-element_type=\"section\">\n\t\t\t\t\t\t<div class=\"elementor-container elementor-column-gap-default\">\n\t\t\t\t\t<div class=\"elementor-column elementor-col-100 elementor-top-column elementor-element elementor-element-97e2624\" data-id=\"97e2624\" data-element_type=\"column\">\n\t\t\t<div class=\"elementor-widget-wrap elementor-element-populated\">\n\t\t\t\t\t\t<div class=\"elementor-element elementor-element-7f1bc2f elementor-widget elementor-widget-heading\" data-id=\"7f1bc2f\" data-element_type=\"widget\" data-widget_type=\"heading.default\">\n\t\t\t\t<div class=\"elementor-widget-container\">\n\t\t\t<h5 class=\"elementor-heading-title elementor-size-default\">Cr\u00f4nicas<\/h5>\t\t<\/div>\n\t\t\t\t<\/div>\n\t\t\t\t\t<\/div>\n\t\t<\/div>\n\t\t\t\t\t<\/div>\n\t\t<\/section>\n\t\t\t\t<section class=\"elementor-section elementor-top-section elementor-element elementor-element-fe64ed3 elementor-section-boxed elementor-section-height-default elementor-section-height-default\" data-id=\"fe64ed3\" data-element_type=\"section\">\n\t\t\t\t\t\t<div class=\"elementor-container elementor-column-gap-default\">\n\t\t\t\t\t<div class=\"elementor-column elementor-col-100 elementor-top-column elementor-element elementor-element-1b6ec83\" data-id=\"1b6ec83\" data-element_type=\"column\">\n\t\t\t<div class=\"elementor-widget-wrap elementor-element-populated\">\n\t\t\t\t\t\t<div class=\"elementor-element elementor-element-6eed831 elementor-widget elementor-widget-text-editor\" data-id=\"6eed831\" data-element_type=\"widget\" data-widget_type=\"text-editor.default\">\n\t\t\t\t<div class=\"elementor-widget-container\">\n\t\t\t\t\t\t\t<p>A cada edi\u00e7\u00e3o do Concurso de Cr\u00f4nicas muitas hist\u00f3rias interessantes foram contadas pelos egressos e\/ou formandos da UFSM. Confira aqui algumas das cr\u00f4nicas vencedoras.<\/p><p><strong>Vencedores 2012<\/strong><\/p><p><em>Egressos<\/em><\/p><p>1\u00ba lugar:<a href=\"https:\/\/www.ufsm.br\/pro-reitorias\/prograd\/egressos\/wp-content\/uploads\/sites\/639\/2019\/09\/opequenochinaski.pdf\">\u00a0O pequeno Chinaski<\/a><br \/>2\u00ba lugar:\u00a0<a href=\"https:\/\/www.ufsm.br\/pro-reitorias\/prograd\/egressos\/wp-content\/uploads\/sites\/639\/2019\/09\/umabraopros.pdf\">Um abra\u00e7o pros mano e um beijo pras mina&#8230;<\/a><br \/>3\u00ba lugar:\u00a0<a href=\"https:\/\/www.ufsm.br\/pro-reitorias\/prograd\/egressos\/wp-content\/uploads\/sites\/639\/2019\/09\/fuscavermelho.pdf\">Fusca vermelho<\/a><br \/>1\u00ba men\u00e7\u00e3o honrosa:<a href=\"https:\/\/www.ufsm.br\/pro-reitorias\/prograd\/egressos\/wp-content\/uploads\/sites\/639\/2019\/09\/otistefimdo.pdf\">\u00a0O Triste Fim de um Velho e Fiel Servidor<\/a><br \/>2\u00ba men\u00e7\u00e3o honrosa:\u00a0<a href=\"https:\/\/www.ufsm.br\/pro-reitorias\/prograd\/egressos\/wp-content\/uploads\/sites\/639\/2019\/09\/umagalinhachamada.pdf\">Uma galinha chamada GiseRda<\/a><br \/>3\u00ba men\u00e7\u00e3o honrosa:\u00a0<a href=\"https:\/\/www.ufsm.br\/pro-reitorias\/prograd\/egressos\/wp-content\/uploads\/sites\/639\/2019\/09\/cafepassado.pdf\">Caf\u00e9 passado e literatura\u00a0<\/a><\/p><p><em>Acad\u00eamicos<\/em><\/p><p>1\u00ba lugar: Bombeiros 09h13<br \/>2\u00ba lugar: Eu Pov\u00e3o, Ela Povinho<br \/>3\u00ba lugar: Aconchego<br \/>1\u00ba men\u00e7\u00e3o honrosa: A caneta do destino<br \/>2\u00ba men\u00e7\u00e3o honrosa: Volver a los diecisiete<br \/>3\u00ba men\u00e7\u00e3o honrosa: UFSM: a minha amiga de inf\u00e2ncia\u00a0<\/p><p><em>Servidores Aposentados<\/em><\/p><p>1\u00ba lugar: A \u00faltima aula<br \/>2\u00ba lugar: Um itiner\u00e1rio de sonho<br \/>3\u00ba lugar: O que vi e vivi na UFSM<br \/>1\u00ba men\u00e7\u00e3o honrosa: Sufoco no PA do HUSM<br \/>2\u00ba men\u00e7\u00e3o honrosa: Um show quase particular<\/p><p><strong>Vencedores 2010<\/strong><\/p><p>Aquela visita<br \/>A UFSM e n\u00f3s<br \/>Bergamota e grama verde<br \/>Como \u00e9 verde o meu Planalto<br \/>Hist\u00f3ria de amor<br \/>No pr\u00e9dio 7 com as luzes apagadas<br \/>O bar da Lu<br \/>O cheiro da saudade<br \/>O mist\u00e9rio dos opalas pretos<br \/>O toalete do burro<br \/>Trajet\u00f3ria<br \/>UFSM revisited<\/p><p><strong>Vencedores 2003<\/strong>\u00a0<\/p><p>Crocante<br \/>Jazz e estupro em 800kHz<br \/>Silicato Complexo\u00a0<\/p>\t\t\t\t\t\t<\/div>\n\t\t\t\t<\/div>\n\t\t\t\t\t<\/div>\n\t\t<\/div>\n\t\t\t\t\t<\/div>\n\t\t<\/section>\n\t\t\t\t<\/div>\n\t\t","protected":false},"excerpt":{"rendered":"<p>Hist\u00f3rico Revistar trajet\u00f3rias, resgatar la\u00e7os, conhecer hist\u00f3rias e celebrar os momentos passados na Universidade. Este foi, durante 12 anos o prop\u00f3sito do&nbsp;Concurso de Cr\u00f4nicas &#8211; A UFSM na minha hist\u00f3ria.&nbsp;Promovido pelo Volver, o Programa UFSM de ex-alunos, o concurso reviveu lembran\u00e7as e fortaleceu os la\u00e7os existentes entre a Universidade e seus egressos baseando-se na premissa [&hellip;]<\/p>\n","protected":false},"author":117,"featured_media":0,"parent":448,"menu_order":0,"comment_status":"closed","ping_status":"closed","template":"","meta":{"footnotes":""},"categories":[],"tags":[],"class_list":["post-59","page","type-page","status-publish","hentry"],"acf":[],"_links":{"self":[{"href":"https:\/\/www.ufsm.br\/pro-reitorias\/prograd\/egressos\/wp-json\/wp\/v2\/pages\/59","targetHints":{"allow":["GET"]}}],"collection":[{"href":"https:\/\/www.ufsm.br\/pro-reitorias\/prograd\/egressos\/wp-json\/wp\/v2\/pages"}],"about":[{"href":"https:\/\/www.ufsm.br\/pro-reitorias\/prograd\/egressos\/wp-json\/wp\/v2\/types\/page"}],"author":[{"embeddable":true,"href":"https:\/\/www.ufsm.br\/pro-reitorias\/prograd\/egressos\/wp-json\/wp\/v2\/users\/117"}],"replies":[{"embeddable":true,"href":"https:\/\/www.ufsm.br\/pro-reitorias\/prograd\/egressos\/wp-json\/wp\/v2\/comments?post=59"}],"version-history":[{"count":0,"href":"https:\/\/www.ufsm.br\/pro-reitorias\/prograd\/egressos\/wp-json\/wp\/v2\/pages\/59\/revisions"}],"up":[{"embeddable":true,"href":"https:\/\/www.ufsm.br\/pro-reitorias\/prograd\/egressos\/wp-json\/wp\/v2\/pages\/448"}],"wp:attachment":[{"href":"https:\/\/www.ufsm.br\/pro-reitorias\/prograd\/egressos\/wp-json\/wp\/v2\/media?parent=59"}],"wp:term":[{"taxonomy":"category","embeddable":true,"href":"https:\/\/www.ufsm.br\/pro-reitorias\/prograd\/egressos\/wp-json\/wp\/v2\/categories?post=59"},{"taxonomy":"post_tag","embeddable":true,"href":"https:\/\/www.ufsm.br\/pro-reitorias\/prograd\/egressos\/wp-json\/wp\/v2\/tags?post=59"}],"curies":[{"name":"wp","href":"https:\/\/api.w.org\/{rel}","templated":true}]}}