{"id":80,"date":"2019-10-01T15:52:18","date_gmt":"2019-10-01T18:52:18","guid":{"rendered":"https:\/\/www.ufsm.br\/pro-reitorias\/prograd\/egressos\/?page_id=80"},"modified":"2019-11-04T09:44:17","modified_gmt":"2019-11-04T12:44:17","slug":"endereco","status":"publish","type":"page","link":"https:\/\/www.ufsm.br\/pro-reitorias\/prograd\/egressos\/endereco","title":{"rendered":"Endere\u00e7o"},"content":{"rendered":"\t\t<div data-elementor-type=\"wp-page\" data-elementor-id=\"80\" class=\"elementor elementor-80\">\n\t\t\t\t\t\t<section class=\"elementor-section elementor-top-section elementor-element elementor-element-495f69c elementor-section-boxed elementor-section-height-default elementor-section-height-default\" data-id=\"495f69c\" data-element_type=\"section\">\n\t\t\t\t\t\t<div class=\"elementor-container elementor-column-gap-default\">\n\t\t\t\t\t<div class=\"elementor-column elementor-col-100 elementor-top-column elementor-element elementor-element-f55ef8d\" data-id=\"f55ef8d\" data-element_type=\"column\">\n\t\t\t<div class=\"elementor-widget-wrap elementor-element-populated\">\n\t\t\t\t\t\t<div class=\"elementor-element elementor-element-82a6287 elementor-widget elementor-widget-toggle\" data-id=\"82a6287\" data-element_type=\"widget\" data-widget_type=\"toggle.default\">\n\t\t\t\t<div class=\"elementor-widget-container\">\n\t\t\t\t\t<div class=\"elementor-toggle\">\n\t\t\t\t\t\t\t<div class=\"elementor-toggle-item\">\n\t\t\t\t\t<div id=\"elementor-tab-title-1361\" class=\"elementor-tab-title\" data-tab=\"1\" role=\"button\" aria-controls=\"elementor-tab-content-1361\" aria-expanded=\"false\">\n\t\t\t\t\t\t\t\t\t\t\t\t<span class=\"elementor-toggle-icon elementor-toggle-icon-left\" aria-hidden=\"true\">\n\t\t\t\t\t\t\t\t\t\t\t\t\t\t\t<span class=\"elementor-toggle-icon-closed\"><i class=\"fas fa-caret-right\"><\/i><\/span>\n\t\t\t\t\t\t\t\t<span class=\"elementor-toggle-icon-opened\"><i class=\"elementor-toggle-icon-opened fas fa-caret-up\"><\/i><\/span>\n\t\t\t\t\t\t\t\t\t\t\t\t\t<\/span>\n\t\t\t\t\t\t\t\t\t\t\t\t<a class=\"elementor-toggle-title\" tabindex=\"0\">DERCA<\/a>\n\t\t\t\t\t<\/div>\n\n\t\t\t\t\t<div id=\"elementor-tab-content-1361\" class=\"elementor-tab-content elementor-clearfix\" data-tab=\"1\" role=\"region\" aria-labelledby=\"elementor-tab-title-1361\"><p><span style=\"font-weight: 400\">O <a href=\"https:\/\/www.ufsm.br\/orgaos-executivos\/derca\/\">Departamento de Registro e Controle Acad\u00eamico (DERCA)<\/a> localiza-se no <a href=\"https:\/\/www.google.com.br\/maps\/place\/DERCA\/@-29.7206024,-53.7132303,346m\/data=!3m2!1e3!4b1!4m5!3m4!1s0x9503b67460f0cbe9:0xdac3ce72df94f279!8m2!3d-29.7205861!4d-53.7123223\">pr\u00e9dio 48D<\/a>, pr\u00f3ximo ao Centro de Educa\u00e7\u00e3o F\u00edsica e Desporto (CEFD), no Campus Sede.<\/span><\/p><\/div>\n\t\t\t\t<\/div>\n\t\t\t\t\t\t\t<div class=\"elementor-toggle-item\">\n\t\t\t\t\t<div id=\"elementor-tab-title-1362\" class=\"elementor-tab-title\" data-tab=\"2\" role=\"button\" aria-controls=\"elementor-tab-content-1362\" aria-expanded=\"false\">\n\t\t\t\t\t\t\t\t\t\t\t\t<span class=\"elementor-toggle-icon elementor-toggle-icon-left\" aria-hidden=\"true\">\n\t\t\t\t\t\t\t\t\t\t\t\t\t\t\t<span class=\"elementor-toggle-icon-closed\"><i class=\"fas fa-caret-right\"><\/i><\/span>\n\t\t\t\t\t\t\t\t<span class=\"elementor-toggle-icon-opened\"><i class=\"elementor-toggle-icon-opened fas fa-caret-up\"><\/i><\/span>\n\t\t\t\t\t\t\t\t\t\t\t\t\t<\/span>\n\t\t\t\t\t\t\t\t\t\t\t\t<a class=\"elementor-toggle-title\" tabindex=\"0\">PROGRAD<\/a>\n\t\t\t\t\t<\/div>\n\n\t\t\t\t\t<div id=\"elementor-tab-content-1362\" class=\"elementor-tab-content elementor-clearfix\" data-tab=\"2\" role=\"region\" aria-labelledby=\"elementor-tab-title-1362\"><p><span style=\"font-weight: 400\">A\u00a0 <a href=\"https:\/\/www.ufsm.br\/pro-reitorias\/prograd\/\">Pr\u00f3-Reitoria de Gradua\u00e7\u00e3o (Prograd)<\/a> atende no segundo andar do <\/span><a href=\"https:\/\/www.google.com.br\/maps\/place\/Derca\/@-29.7205838,-53.7134193,333m\/data=!3m2!1e3!4b1!4m5!3m4!1s0x9503b67460f0cbe9:0xdac3ce72df94f279!8m2!3d-29.7205861!4d-53.7123223\"><span style=\"font-weight: 400\">Pr\u00e9dio 48-D<\/span><\/a><span style=\"font-weight: 400\"> , de segunda a sexta-feira, das 8h30 \u00e0s 12h00 e das 14h00 \u00e0s 17h00. O pr\u00e9dio fica pr\u00f3ximo ao Centro de Educa\u00e7\u00e3o F\u00edsica e Desportos (CEFD), no <\/span><i><span style=\"font-weight: 400\">Campus<\/span><\/i><span style=\"font-weight: 400\"> Sede.<\/span><\/p><\/div>\n\t\t\t\t<\/div>\n\t\t\t\t\t\t\t<div class=\"elementor-toggle-item\">\n\t\t\t\t\t<div id=\"elementor-tab-title-1363\" class=\"elementor-tab-title\" data-tab=\"3\" role=\"button\" aria-controls=\"elementor-tab-content-1363\" aria-expanded=\"false\">\n\t\t\t\t\t\t\t\t\t\t\t\t<span class=\"elementor-toggle-icon elementor-toggle-icon-left\" aria-hidden=\"true\">\n\t\t\t\t\t\t\t\t\t\t\t\t\t\t\t<span class=\"elementor-toggle-icon-closed\"><i class=\"fas fa-caret-right\"><\/i><\/span>\n\t\t\t\t\t\t\t\t<span class=\"elementor-toggle-icon-opened\"><i class=\"elementor-toggle-icon-opened fas fa-caret-up\"><\/i><\/span>\n\t\t\t\t\t\t\t\t\t\t\t\t\t<\/span>\n\t\t\t\t\t\t\t\t\t\t\t\t<a class=\"elementor-toggle-title\" tabindex=\"0\">VOLVER<\/a>\n\t\t\t\t\t<\/div>\n\n\t\t\t\t\t<div id=\"elementor-tab-content-1363\" class=\"elementor-tab-content elementor-clearfix\" data-tab=\"3\" role=\"region\" aria-labelledby=\"elementor-tab-title-1363\"><p>O <a href=\"https:\/\/www.ufsm.br\/pro-reitorias\/prograd\/egressos\/volver\/\">VOLVER<\/a> <span style=\"font-weight: 400\">atende no segundo andar do <\/span><a href=\"https:\/\/www.google.com.br\/maps\/place\/Derca\/@-29.7205838,-53.7134193,333m\/data=!3m2!1e3!4b1!4m5!3m4!1s0x9503b67460f0cbe9:0xdac3ce72df94f279!8m2!3d-29.7205861!4d-53.7123223\"><span style=\"font-weight: 400\">Pr\u00e9dio 48-D<\/span><\/a><span style=\"font-weight: 400\"> , de segunda a sexta-feira, das 8h30 \u00e0s 12h00 e das 14h00 \u00e0s 17h00. O pr\u00e9dio fica pr\u00f3ximo ao Centro de Educa\u00e7\u00e3o F\u00edsica e Desportos (CEFD), no <\/span><i><span style=\"font-weight: 400\">Campus<\/span><\/i><span style=\"font-weight: 400\"> Sede.<\/span><\/p><\/div>\n\t\t\t\t<\/div>\n\t\t\t\t\t\t\t\t<\/div>\n\t\t\t\t<\/div>\n\t\t\t\t<\/div>\n\t\t\t\t\t<\/div>\n\t\t<\/div>\n\t\t\t\t\t<\/div>\n\t\t<\/section>\n\t\t\t\t<\/div>\n\t\t","protected":false},"excerpt":{"rendered":"<p>DERCA O Departamento de Registro e Controle Acad\u00eamico (DERCA) localiza-se no pr\u00e9dio 48D, pr\u00f3ximo ao Centro de Educa\u00e7\u00e3o F\u00edsica e Desporto (CEFD), no Campus Sede. PROGRAD A\u00a0 Pr\u00f3-Reitoria de Gradua\u00e7\u00e3o (Prograd) atende no segundo andar do Pr\u00e9dio 48-D , de segunda a sexta-feira, das 8h30 \u00e0s 12h00 e das 14h00 \u00e0s 17h00. O pr\u00e9dio fica [&hellip;]<\/p>\n","protected":false},"author":1071,"featured_media":0,"parent":0,"menu_order":0,"comment_status":"closed","ping_status":"closed","template":"","meta":{"footnotes":""},"categories":[],"tags":[],"class_list":["post-80","page","type-page","status-publish","hentry"],"acf":[],"_links":{"self":[{"href":"https:\/\/www.ufsm.br\/pro-reitorias\/prograd\/egressos\/wp-json\/wp\/v2\/pages\/80","targetHints":{"allow":["GET"]}}],"collection":[{"href":"https:\/\/www.ufsm.br\/pro-reitorias\/prograd\/egressos\/wp-json\/wp\/v2\/pages"}],"about":[{"href":"https:\/\/www.ufsm.br\/pro-reitorias\/prograd\/egressos\/wp-json\/wp\/v2\/types\/page"}],"author":[{"embeddable":true,"href":"https:\/\/www.ufsm.br\/pro-reitorias\/prograd\/egressos\/wp-json\/wp\/v2\/users\/1071"}],"replies":[{"embeddable":true,"href":"https:\/\/www.ufsm.br\/pro-reitorias\/prograd\/egressos\/wp-json\/wp\/v2\/comments?post=80"}],"version-history":[{"count":0,"href":"https:\/\/www.ufsm.br\/pro-reitorias\/prograd\/egressos\/wp-json\/wp\/v2\/pages\/80\/revisions"}],"wp:attachment":[{"href":"https:\/\/www.ufsm.br\/pro-reitorias\/prograd\/egressos\/wp-json\/wp\/v2\/media?parent=80"}],"wp:term":[{"taxonomy":"category","embeddable":true,"href":"https:\/\/www.ufsm.br\/pro-reitorias\/prograd\/egressos\/wp-json\/wp\/v2\/categories?post=80"},{"taxonomy":"post_tag","embeddable":true,"href":"https:\/\/www.ufsm.br\/pro-reitorias\/prograd\/egressos\/wp-json\/wp\/v2\/tags?post=80"}],"curies":[{"name":"wp","href":"https:\/\/api.w.org\/{rel}","templated":true}]}}