{"id":10,"date":"2018-12-18T15:15:47","date_gmt":"2018-12-18T17:15:47","guid":{"rendered":"https:\/\/www.ufsm.br\/pro-reitorias\/prograd\/pet\/?page_id=10"},"modified":"2022-06-08T11:55:39","modified_gmt":"2022-06-08T14:55:39","slug":"contato","status":"publish","type":"page","link":"https:\/\/www.ufsm.br\/pro-reitorias\/prograd\/pet\/contato","title":{"rendered":"Contato"},"content":{"rendered":"\n<p><strong>Representa\u00e7\u00e3o PET na UFSM<\/strong><\/p>\n<p>Prof. Jer\u00f4nimo Tybusch \u2013 Interlocutor<br \/>Tel.: (55) 3220-8187<br \/>Pr\u00e9dio 48D &#8211; Sala 211<\/p>\n<p>T\u00e9c. Rafael Lopes \u2013 Assessor<br \/>Pr\u00e9dio 48D &#8211; Sala 203<br \/>e-mail: pet@ufsm.br<\/p>\n<p>\u00a0<\/p>\n","protected":false},"excerpt":{"rendered":"<p>Representa\u00e7\u00e3o PET na UFSM Prof. Jer\u00f4nimo Tybusch \u2013 InterlocutorTel.: (55) 3220-8187Pr\u00e9dio 48D &#8211; Sala 211 T\u00e9c. Rafael Lopes \u2013 AssessorPr\u00e9dio 48D &#8211; Sala 203e-mail: pet@ufsm.br \u00a0<\/p>\n","protected":false},"author":74,"featured_media":0,"parent":0,"menu_order":0,"comment_status":"closed","ping_status":"closed","template":"","meta":{"footnotes":""},"categories":[],"tags":[],"class_list":["post-10","page","type-page","status-publish","hentry"],"acf":[],"_links":{"self":[{"href":"https:\/\/www.ufsm.br\/pro-reitorias\/prograd\/pet\/wp-json\/wp\/v2\/pages\/10","targetHints":{"allow":["GET"]}}],"collection":[{"href":"https:\/\/www.ufsm.br\/pro-reitorias\/prograd\/pet\/wp-json\/wp\/v2\/pages"}],"about":[{"href":"https:\/\/www.ufsm.br\/pro-reitorias\/prograd\/pet\/wp-json\/wp\/v2\/types\/page"}],"author":[{"embeddable":true,"href":"https:\/\/www.ufsm.br\/pro-reitorias\/prograd\/pet\/wp-json\/wp\/v2\/users\/74"}],"replies":[{"embeddable":true,"href":"https:\/\/www.ufsm.br\/pro-reitorias\/prograd\/pet\/wp-json\/wp\/v2\/comments?post=10"}],"version-history":[{"count":0,"href":"https:\/\/www.ufsm.br\/pro-reitorias\/prograd\/pet\/wp-json\/wp\/v2\/pages\/10\/revisions"}],"wp:attachment":[{"href":"https:\/\/www.ufsm.br\/pro-reitorias\/prograd\/pet\/wp-json\/wp\/v2\/media?parent=10"}],"wp:term":[{"taxonomy":"category","embeddable":true,"href":"https:\/\/www.ufsm.br\/pro-reitorias\/prograd\/pet\/wp-json\/wp\/v2\/categories?post=10"},{"taxonomy":"post_tag","embeddable":true,"href":"https:\/\/www.ufsm.br\/pro-reitorias\/prograd\/pet\/wp-json\/wp\/v2\/tags?post=10"}],"curies":[{"name":"wp","href":"https:\/\/api.w.org\/{rel}","templated":true}]}}