{"id":23,"date":"2018-12-18T15:49:16","date_gmt":"2018-12-18T17:49:16","guid":{"rendered":"https:\/\/www.ufsm.br\/pro-reitorias\/prograd\/pet\/?page_id=23"},"modified":"2018-12-18T15:49:18","modified_gmt":"2018-12-18T17:49:18","slug":"acampet","status":"publish","type":"page","link":"https:\/\/www.ufsm.br\/pro-reitorias\/prograd\/pet\/acampet","title":{"rendered":"AcamPET"},"content":{"rendered":"\n<header class=\"page-entry-header\" style=\"margin-right: 0px;margin-bottom: 0px;margin-left: 0px;padding: 0px;border: 0px;font-size: 15.2px;line-height: inherit;font-family: 'Droid Sans', arial, sans-serif;vertical-align: baseline;color: #777777\">\n<h1 class=\"entry-title\" style=\"margin-top: 0px;margin-bottom: 0px;padding: 0px;border: 0px;font-size: 1.5em;line-height: 1.5;vertical-align: baseline;color: #005387 !important\">\u00a0<\/h1>\n<\/header>\n<p>Este evento tem como objetivo promover a integra\u00e7\u00e3o e socializa\u00e7\u00e3o entre os grupos PET da UFSM, al\u00e9m de propiciar um maior contato com a natureza, bem como momentos de lazer e descontra\u00e7\u00e3o, somando-se a isto ainda atividades recreativas, como a execu\u00e7\u00e3o de gincanas. O local \u00e9 sugerido inicialmente pelo grupo PET organizador, sendo confirmado ou alterado na reuni\u00e3o InterPET UFSM conforme a opini\u00e3o dos demais grupos PET participantes do evento.<\/p>\n<p>Engenharia El\u00e9trica \u2013 05\/04\/2007<br \/>Matem\u00e1tica \u2013 22\/11\/2008<br \/>Agronomia \u2013 2009<br \/>Odontologia \u2013 2010<br \/>Agronomia \u2013 19\/11\/2011<\/p>\n<p>Em 2012 o evento ser\u00e1 realizado juntamente ao IntePET do m\u00eas de outubro, promovido pelos PET\u2019s Engenharia El\u00e9trica, Letras e Sistemas de Informa\u00e7\u00e3o.<\/p>\n<p>\u00a0<\/p>\n","protected":false},"excerpt":{"rendered":"<p>\u00a0 Este evento tem como objetivo promover a integra\u00e7\u00e3o e socializa\u00e7\u00e3o entre os grupos PET da UFSM, al\u00e9m de propiciar um maior contato com a natureza, bem como momentos de lazer e descontra\u00e7\u00e3o, somando-se a isto ainda atividades recreativas, como a execu\u00e7\u00e3o de gincanas. O local \u00e9 sugerido inicialmente pelo grupo PET organizador, sendo confirmado [&hellip;]<\/p>\n","protected":false},"author":74,"featured_media":0,"parent":0,"menu_order":0,"comment_status":"closed","ping_status":"closed","template":"","meta":{"footnotes":""},"categories":[],"tags":[],"class_list":["post-23","page","type-page","status-publish","hentry"],"acf":[],"_links":{"self":[{"href":"https:\/\/www.ufsm.br\/pro-reitorias\/prograd\/pet\/wp-json\/wp\/v2\/pages\/23","targetHints":{"allow":["GET"]}}],"collection":[{"href":"https:\/\/www.ufsm.br\/pro-reitorias\/prograd\/pet\/wp-json\/wp\/v2\/pages"}],"about":[{"href":"https:\/\/www.ufsm.br\/pro-reitorias\/prograd\/pet\/wp-json\/wp\/v2\/types\/page"}],"author":[{"embeddable":true,"href":"https:\/\/www.ufsm.br\/pro-reitorias\/prograd\/pet\/wp-json\/wp\/v2\/users\/74"}],"replies":[{"embeddable":true,"href":"https:\/\/www.ufsm.br\/pro-reitorias\/prograd\/pet\/wp-json\/wp\/v2\/comments?post=23"}],"version-history":[{"count":0,"href":"https:\/\/www.ufsm.br\/pro-reitorias\/prograd\/pet\/wp-json\/wp\/v2\/pages\/23\/revisions"}],"wp:attachment":[{"href":"https:\/\/www.ufsm.br\/pro-reitorias\/prograd\/pet\/wp-json\/wp\/v2\/media?parent=23"}],"wp:term":[{"taxonomy":"category","embeddable":true,"href":"https:\/\/www.ufsm.br\/pro-reitorias\/prograd\/pet\/wp-json\/wp\/v2\/categories?post=23"},{"taxonomy":"post_tag","embeddable":true,"href":"https:\/\/www.ufsm.br\/pro-reitorias\/prograd\/pet\/wp-json\/wp\/v2\/tags?post=23"}],"curies":[{"name":"wp","href":"https:\/\/api.w.org\/{rel}","templated":true}]}}