{"id":25,"date":"2018-12-18T15:50:01","date_gmt":"2018-12-18T17:50:01","guid":{"rendered":"https:\/\/www.ufsm.br\/pro-reitorias\/prograd\/pet\/?page_id=25"},"modified":"2018-12-18T15:50:03","modified_gmt":"2018-12-18T17:50:03","slug":"arrastapet","status":"publish","type":"page","link":"https:\/\/www.ufsm.br\/pro-reitorias\/prograd\/pet\/arrastapet","title":{"rendered":"ArrastaPET"},"content":{"rendered":"\n<header class=\"page-entry-header\">\n<h1 class=\"entry-title\">\u00a0<\/h1>\n<\/header>\n<div class=\"single-entry-content\">\n<p>O ArrastaPET consiste em uma confraterniza\u00e7\u00e3o, podendo ou n\u00e3o ocorrer ap\u00f3s o t\u00e9rmino das reuni\u00f5es InterPET UFSM, a qual propicia momentos de divers\u00e3o e entretenimento aos presentes. Geralmente esses encontros s\u00e3o marcados por um churrasco, muita m\u00fasica e dan\u00e7a, al\u00e9m da anima\u00e7\u00e3o, caracter\u00edstica predominante nos grupos PET da UFSM.<\/p>\n<p>05 de outubro de 2007<br \/>14 de maio de 2008<br \/>30 de agosto de 2008<br \/>13 de dezembro de 2008<br \/>17 de mar\u00e7o de 2012<br \/>25 de agosto de 2012<\/p>\n<\/div>\n","protected":false},"excerpt":{"rendered":"<p>\u00a0 O ArrastaPET consiste em uma confraterniza\u00e7\u00e3o, podendo ou n\u00e3o ocorrer ap\u00f3s o t\u00e9rmino das reuni\u00f5es InterPET UFSM, a qual propicia momentos de divers\u00e3o e entretenimento aos presentes. Geralmente esses encontros s\u00e3o marcados por um churrasco, muita m\u00fasica e dan\u00e7a, al\u00e9m da anima\u00e7\u00e3o, caracter\u00edstica predominante nos grupos PET da UFSM. 05 de outubro de 200714 [&hellip;]<\/p>\n","protected":false},"author":74,"featured_media":0,"parent":0,"menu_order":0,"comment_status":"closed","ping_status":"closed","template":"","meta":{"footnotes":""},"categories":[],"tags":[],"class_list":["post-25","page","type-page","status-publish","hentry"],"acf":[],"_links":{"self":[{"href":"https:\/\/www.ufsm.br\/pro-reitorias\/prograd\/pet\/wp-json\/wp\/v2\/pages\/25","targetHints":{"allow":["GET"]}}],"collection":[{"href":"https:\/\/www.ufsm.br\/pro-reitorias\/prograd\/pet\/wp-json\/wp\/v2\/pages"}],"about":[{"href":"https:\/\/www.ufsm.br\/pro-reitorias\/prograd\/pet\/wp-json\/wp\/v2\/types\/page"}],"author":[{"embeddable":true,"href":"https:\/\/www.ufsm.br\/pro-reitorias\/prograd\/pet\/wp-json\/wp\/v2\/users\/74"}],"replies":[{"embeddable":true,"href":"https:\/\/www.ufsm.br\/pro-reitorias\/prograd\/pet\/wp-json\/wp\/v2\/comments?post=25"}],"version-history":[{"count":0,"href":"https:\/\/www.ufsm.br\/pro-reitorias\/prograd\/pet\/wp-json\/wp\/v2\/pages\/25\/revisions"}],"wp:attachment":[{"href":"https:\/\/www.ufsm.br\/pro-reitorias\/prograd\/pet\/wp-json\/wp\/v2\/media?parent=25"}],"wp:term":[{"taxonomy":"category","embeddable":true,"href":"https:\/\/www.ufsm.br\/pro-reitorias\/prograd\/pet\/wp-json\/wp\/v2\/categories?post=25"},{"taxonomy":"post_tag","embeddable":true,"href":"https:\/\/www.ufsm.br\/pro-reitorias\/prograd\/pet\/wp-json\/wp\/v2\/tags?post=25"}],"curies":[{"name":"wp","href":"https:\/\/api.w.org\/{rel}","templated":true}]}}