{"id":26,"date":"2018-12-18T15:51:10","date_gmt":"2018-12-18T17:51:10","guid":{"rendered":"https:\/\/www.ufsm.br\/pro-reitorias\/prograd\/pet\/?page_id=26"},"modified":"2018-12-18T15:51:12","modified_gmt":"2018-12-18T17:51:12","slug":"superinterpet","status":"publish","type":"page","link":"https:\/\/www.ufsm.br\/pro-reitorias\/prograd\/pet\/superinterpet","title":{"rendered":"SuperInterPet"},"content":{"rendered":"\n<p>O SuperInterPET \u00e9 uma atividade de cunho recreativo promovida pelo InterPET. Tem por objetivo a integra\u00e7\u00e3o entre todos os grupos PET da UFSM, e tamb\u00e9m proporcionar aos petianos momentos de integra\u00e7\u00e3o e descontra\u00e7\u00e3o. Visa tamb\u00e9m \u00e0 competitividade saud\u00e1vel entre os participantes, com car\u00e1ter esportivo e, ao mesmo tempo, divertido. Neste evento, v\u00e1rias provas de car\u00e1ter individual e coletivo s\u00e3o realizadas em forma de \u201cgincana\u201d, em que os petianos podem mostrar todo seu potencial frente \u00e0s atividades f\u00edsicas propostas e desenvolvidas pelo grupo PET organizador. O SuperinterPET \u00e9 realizado duas vezes por ano, sendo que os grupos PET respons\u00e1veis pela organiza\u00e7\u00e3o do evento s\u00e3o confirmados nas reuni\u00f5es InterPET.<\/p>\n<p>Biologia \u2013 28\/04\/06<br \/>F\u00edsica \u2013 21\/01\/07<br \/>Agronomia \u2013 27\/05\/07<br \/>Odontologia \u2013 27\/04\/08<br \/>Comunica\u00e7\u00e3o Social \u2013 08\/11\/08<br \/>Engenharia El\u00e9trica \u2013 07\/06\/09<br \/>Enfermagem \u2013 Segundo Semestre de 2009<br \/>? \u2013 ?\/?\/2010<br \/>Ci\u00eancia da Computa\u00e7\u00e3o \u2013 12\/09\/2010<br \/>Biologia \u2013 19\/06\/2011<br \/>Enfermagem \u2013 26\/11\/2011<br \/>Educa\u00e7\u00e3o F\u00edsica e Odontologia \u2013 03\/06\/2012<\/p>\n","protected":false},"excerpt":{"rendered":"<p>O SuperInterPET \u00e9 uma atividade de cunho recreativo promovida pelo InterPET. Tem por objetivo a integra\u00e7\u00e3o entre todos os grupos PET da UFSM, e tamb\u00e9m proporcionar aos petianos momentos de integra\u00e7\u00e3o e descontra\u00e7\u00e3o. Visa tamb\u00e9m \u00e0 competitividade saud\u00e1vel entre os participantes, com car\u00e1ter esportivo e, ao mesmo tempo, divertido. Neste evento, v\u00e1rias provas de car\u00e1ter [&hellip;]<\/p>\n","protected":false},"author":74,"featured_media":0,"parent":0,"menu_order":0,"comment_status":"closed","ping_status":"closed","template":"","meta":{"footnotes":""},"categories":[],"tags":[],"class_list":["post-26","page","type-page","status-publish","hentry"],"acf":[],"_links":{"self":[{"href":"https:\/\/www.ufsm.br\/pro-reitorias\/prograd\/pet\/wp-json\/wp\/v2\/pages\/26","targetHints":{"allow":["GET"]}}],"collection":[{"href":"https:\/\/www.ufsm.br\/pro-reitorias\/prograd\/pet\/wp-json\/wp\/v2\/pages"}],"about":[{"href":"https:\/\/www.ufsm.br\/pro-reitorias\/prograd\/pet\/wp-json\/wp\/v2\/types\/page"}],"author":[{"embeddable":true,"href":"https:\/\/www.ufsm.br\/pro-reitorias\/prograd\/pet\/wp-json\/wp\/v2\/users\/74"}],"replies":[{"embeddable":true,"href":"https:\/\/www.ufsm.br\/pro-reitorias\/prograd\/pet\/wp-json\/wp\/v2\/comments?post=26"}],"version-history":[{"count":0,"href":"https:\/\/www.ufsm.br\/pro-reitorias\/prograd\/pet\/wp-json\/wp\/v2\/pages\/26\/revisions"}],"wp:attachment":[{"href":"https:\/\/www.ufsm.br\/pro-reitorias\/prograd\/pet\/wp-json\/wp\/v2\/media?parent=26"}],"wp:term":[{"taxonomy":"category","embeddable":true,"href":"https:\/\/www.ufsm.br\/pro-reitorias\/prograd\/pet\/wp-json\/wp\/v2\/categories?post=26"},{"taxonomy":"post_tag","embeddable":true,"href":"https:\/\/www.ufsm.br\/pro-reitorias\/prograd\/pet\/wp-json\/wp\/v2\/tags?post=26"}],"curies":[{"name":"wp","href":"https:\/\/api.w.org\/{rel}","templated":true}]}}