{"id":6,"date":"2018-12-18T14:13:44","date_gmt":"2018-12-18T16:13:44","guid":{"rendered":"https:\/\/www.ufsm.br\/pro-reitorias\/prograd\/pet\/?page_id=6"},"modified":"2022-06-08T14:21:15","modified_gmt":"2022-06-08T17:21:15","slug":"sobre","status":"publish","type":"page","link":"https:\/\/www.ufsm.br\/pro-reitorias\/prograd\/pet\/sobre","title":{"rendered":"Sobre"},"content":{"rendered":"\t\t<div data-elementor-type=\"wp-page\" data-elementor-id=\"6\" class=\"elementor elementor-6\">\n\t\t\t\t\t\t<section class=\"elementor-section elementor-top-section elementor-element elementor-element-6f4d91bc elementor-section-boxed elementor-section-height-default elementor-section-height-default\" data-id=\"6f4d91bc\" data-element_type=\"section\">\n\t\t\t\t\t\t<div class=\"elementor-container elementor-column-gap-default\">\n\t\t\t\t\t<div class=\"elementor-column elementor-col-100 elementor-top-column elementor-element elementor-element-5eee38a\" data-id=\"5eee38a\" data-element_type=\"column\">\n\t\t\t<div class=\"elementor-widget-wrap elementor-element-populated\">\n\t\t\t\t\t\t<div class=\"elementor-element elementor-element-59c45498 elementor-widget elementor-widget-text-editor\" data-id=\"59c45498\" data-element_type=\"widget\" data-widget_type=\"text-editor.default\">\n\t\t\t\t<div class=\"elementor-widget-container\">\n\t\t\t\t\t\t\t<p><!-- wp:tadv\/classic-paragraph --><\/p>\n<p>O Programa de Educa\u00e7\u00e3o Tutorial (PET) \u00e9 um programa do governo federal que mant\u00e9m grupos de educa\u00e7\u00e3o tutorial em cursos de gradua\u00e7\u00e3o de universidades p\u00fablicas, confessionais e privadas de todo o Brasil. Esses grupos, chamados de \u201cgrupos PET\u201d se orientam, no desenvolvimento de suas atividades, pelo princ\u00edpio da indissociabilidade entre ensino, pesquisa e extens\u00e3o.<\/p>\n<p>O PET foi criado em 1979 pela Coordena\u00e7\u00e3o de Aperfei\u00e7oamento de Pessoal de N\u00edvel Superior \u2013 CAPES quando sua sigla significava Programa Especial de Treinamento. Em 1999, o programa foi transferido para a Secretaria de Educa\u00e7\u00e3o Superior do Minist\u00e9rio da Educa\u00e7\u00e3o, ficando a sua gest\u00e3o sob a responsabilidade do Departamento de Moderniza\u00e7\u00e3o e Programas da Educa\u00e7\u00e3o Superior \u2013 DEPEM, atualmente DIPES. Em 2004, o PET passou a ter a atual denomina\u00e7\u00e3o de Programa de Educa\u00e7\u00e3o Tutorial.<\/p>\n<p>O Programa \u00e9 composto por grupos tutoriais de aprendizagem organizados a partir de cursos de gradua\u00e7\u00e3o das Institui\u00e7\u00f5es de Ensino Superior (IES) do pa\u00eds e busca propiciar aos alunos, sob a orienta\u00e7\u00e3o de um professor tutor, condi\u00e7\u00f5es para a realiza\u00e7\u00e3o de atividades extracurriculares, que complementem a sua forma\u00e7\u00e3o acad\u00eamica, procurando atender mais plenamente \u00e0s necessidades do pr\u00f3prio curso de gradua\u00e7\u00e3o e\/ou ampliar e aprofundar os objetivos e os conte\u00fados program\u00e1ticos que integram sua grade curricular.<br>S\u00e3o objetivos do programa:<\/p>\n<p>\u2022 Desenvolver atividades acad\u00eamicas em padr\u00f5es de qualidade e excel\u00eancia, de natureza coletiva e interdisciplinar.<br>\u2022 Contribuir para a eleva\u00e7\u00e3o da qualidade da forma\u00e7\u00e3o acad\u00eamica dos alunos de gradua\u00e7\u00e3o.<br>\u2022 Estimular a forma\u00e7\u00e3o de profissionais de elevada qualifica\u00e7\u00e3o t\u00e9cnica, cient\u00edfica, tecnol\u00f3gica e acad\u00eamica.<br>\u2022 Estimular o esp\u00edrito cr\u00edtico, bem como a atua\u00e7\u00e3o profissional pautada pela \u00e9tica, pela cidadania e pela fun\u00e7\u00e3o social da educa\u00e7\u00e3o superior.<br>\u2022 Formular novas estrat\u00e9gias de desenvolvimento e moderniza\u00e7\u00e3o do ensino superior no pa\u00eds.<\/p>\n<p><strong>O PET na UFSM<\/strong><\/p>\n<p>Embora o programa tenha sido fundado em 1979, somente em 1992 o Programa PET chegou a UFSM, primeiramente com seis grupos. Hoje s\u00e3o nove grupos PETs distribu\u00eddos em v\u00e1rias \u00e1reas: Naturais e Exatas, Tecnol\u00f3gicas, Sociais Humanas, da Sa\u00fade e Rurais.<br>Segue abaixo a listagem dos PETs da UFSM e a respectiva data de implanta\u00e7\u00e3o e nome do primeiro tutor:<\/p>\n<table border=\"1\" cellspacing=\"0\" cellpadding=\"0\">\n<tbody>\n<tr>\n<td valign=\"top\" width=\"192\"><strong>Grupo PET<\/strong><\/td>\n<td valign=\"top\" width=\"192\"><strong>Data de Implanta\u00e7\u00e3o<\/strong><\/td>\n<td valign=\"top\" width=\"250\"><strong>Primeiro Tutor<\/strong><\/td>\n<\/tr>\n<tr>\n<td valign=\"top\" width=\"192\">&nbsp;Agronomia<\/td>\n<td valign=\"top\" width=\"192\">&nbsp;Abril \/ 1992<\/td>\n<td valign=\"top\" width=\"192\">&nbsp;Jos\u00e9 Fernando Schlosser<\/td>\n<\/tr>\n<tr>\n<td valign=\"top\" width=\"192\">&nbsp;Ci\u00eancias Biol\u00f3gicas<\/td>\n<td valign=\"top\" width=\"192\">&nbsp;Abril \/ 1992<\/td>\n<td valign=\"top\" width=\"192\">&nbsp;Elci Terezinha Franco<\/td>\n<\/tr>\n<tr>\n<td valign=\"top\" width=\"192\">&nbsp;Comunica\u00e7\u00e3o Social<\/td>\n<td valign=\"top\" width=\"192\">&nbsp;Abril \/ 1992<\/td>\n<td valign=\"top\" width=\"192\">&nbsp;Adair Caetano Peruzzolo<\/td>\n<\/tr>\n<tr>\n<td valign=\"top\" width=\"192\">&nbsp;F\u00edsica<\/td>\n<td valign=\"top\" width=\"192\">&nbsp;Abril \/ 1992<\/td>\n<td valign=\"top\" width=\"192\">&nbsp;Claudio Gra\u00e7a<\/td>\n<\/tr>\n<tr>\n<td valign=\"top\" width=\"192\">&nbsp;Qu\u00edmica Industrial<\/td>\n<td valign=\"top\" width=\"192\">&nbsp;Abril \/ 1992 (Extinto)<\/td>\n<td valign=\"top\" width=\"192\">&nbsp;Airton F. Martins<\/td>\n<\/tr>\n<tr>\n<td valign=\"top\" width=\"192\">&nbsp;Matem\u00e1tica<\/td>\n<td valign=\"top\" width=\"192\">&nbsp;Abril \/ 1992<\/td>\n<td valign=\"top\" width=\"192\">&nbsp;Maria de Lourdes Merlini Giuliani<\/td>\n<\/tr>\n<tr>\n<td valign=\"top\" width=\"192\">&nbsp;Ci\u00eancia da Computa\u00e7\u00e3o<\/td>\n<td valign=\"top\" width=\"192\">&nbsp;Agosto \/ 1994<\/td>\n<td valign=\"top\" width=\"192\">&nbsp;Felipe Martins M\u00fcller<\/td>\n<\/tr>\n<tr>\n<td valign=\"top\" width=\"192\">&nbsp;Engenharia El\u00e9trica<\/td>\n<td valign=\"top\" width=\"192\">&nbsp;Agosto \/ 1995<\/td>\n<td valign=\"top\" width=\"192\">&nbsp;Alexandre Campos<\/td>\n<\/tr>\n<tr>\n<td valign=\"top\" width=\"192\">&nbsp;Odontologia<\/td>\n<td valign=\"top\" width=\"192\">&nbsp;Abril \/ 2006<\/td>\n<td valign=\"top\" width=\"192\">&nbsp;Katia Olmedo Braun<\/td>\n<\/tr>\n<tr>\n<td valign=\"top\" width=\"192\">&nbsp;Enfermagem<\/td>\n<td valign=\"top\" width=\"192\">&nbsp;Agosto \/ 2007<\/td>\n<td valign=\"top\" width=\"192\">&nbsp;L\u00facia Beatriz Ressel<\/td>\n<\/tr>\n<tr>\n<td valign=\"top\" width=\"192\">&nbsp;Sistemas de Informa\u00e7\u00e3o<\/td>\n<td valign=\"top\" width=\"192\">&nbsp;<\/td>\n<td valign=\"top\" width=\"192\">&nbsp;Deise de Brum Saccol<\/td>\n<\/tr>\n<tr>\n<td valign=\"top\" width=\"192\">&nbsp;Agronomia\/FW<\/td>\n<td valign=\"top\" width=\"192\">&nbsp;<\/td>\n<td valign=\"top\" width=\"192\">&nbsp;<\/td>\n<\/tr>\n<tr>\n<td valign=\"top\" width=\"192\">&nbsp;Ci\u00eancias Sociais Aplicadas<\/td>\n<td valign=\"top\" width=\"192\">&nbsp;<\/td>\n<td valign=\"top\" width=\"192\">&nbsp;<\/td>\n<\/tr>\n<tr>\n<td valign=\"top\" width=\"192\">&nbsp;Enfermagem\/PM<\/td>\n<td valign=\"top\" width=\"192\">&nbsp;<\/td>\n<td valign=\"top\" width=\"192\">&nbsp;<\/td>\n<\/tr>\n<tr>\n<td valign=\"top\" width=\"192\">&nbsp;Letras<\/td>\n<td valign=\"top\" width=\"192\">&nbsp;Dezembro \/ 2010<\/td>\n<td valign=\"top\" width=\"192\">Verli Petri<\/td>\n<\/tr>\n<tr>\n<td valign=\"top\" width=\"192\">&nbsp;\u00d1ande Reko<\/td>\n<td valign=\"top\" width=\"192\">&nbsp;<\/td>\n<td valign=\"top\" width=\"192\">&nbsp;<\/td>\n<\/tr>\n<tr>\n<td valign=\"top\" width=\"192\">&nbsp;Zootecnia<\/td>\n<td valign=\"top\" width=\"192\">&nbsp;<\/td>\n<td valign=\"top\" width=\"192\">&nbsp;<\/td>\n<\/tr>\n<tr>\n<td valign=\"top\" width=\"192\">&nbsp;Educa\u00e7\u00e3o F\u00edsica<\/td>\n<td valign=\"top\" width=\"192\">&nbsp;<\/td>\n<td valign=\"top\" width=\"192\">&nbsp;<\/td>\n<\/tr>\n<\/tbody>\n<\/table>\n<p>Relatos de antigos tutores e bolsistas comprovam que os PETs sempre tiveram as caracter\u00edsticas de iniciativa e lideran\u00e7a frente \u00e0s atividades propostas pela UFSM.<\/p>\n<p><!-- \/wp:tadv\/classic-paragraph --><\/p>\t\t\t\t\t\t<\/div>\n\t\t\t\t<\/div>\n\t\t\t\t\t<\/div>\n\t\t<\/div>\n\t\t\t\t\t<\/div>\n\t\t<\/section>\n\t\t\t\t<section class=\"elementor-section elementor-top-section elementor-element elementor-element-ed02192 elementor-section-boxed elementor-section-height-default elementor-section-height-default\" data-id=\"ed02192\" data-element_type=\"section\">\n\t\t\t\t\t\t<div class=\"elementor-container elementor-column-gap-default\">\n\t\t\t\t\t<div class=\"elementor-column elementor-col-100 elementor-top-column elementor-element elementor-element-1a41a50\" data-id=\"1a41a50\" data-element_type=\"column\">\n\t\t\t<div class=\"elementor-widget-wrap elementor-element-populated\">\n\t\t\t\t\t\t<div class=\"elementor-element elementor-element-95daf6c elementor-widget elementor-widget-heading\" data-id=\"95daf6c\" data-element_type=\"widget\" data-widget_type=\"heading.default\">\n\t\t\t\t<div class=\"elementor-widget-container\">\n\t\t\t<h2 class=\"elementor-heading-title elementor-size-default\">Representa\u00e7\u00e3o PET na UFSM\n<\/h2>\t\t<\/div>\n\t\t\t\t<\/div>\n\t\t\t\t\t<\/div>\n\t\t<\/div>\n\t\t\t\t\t<\/div>\n\t\t<\/section>\n\t\t\t\t<section class=\"elementor-section elementor-top-section elementor-element elementor-element-ceac2c8 elementor-section-boxed elementor-section-height-default elementor-section-height-default\" data-id=\"ceac2c8\" data-element_type=\"section\">\n\t\t\t\t\t\t<div class=\"elementor-container elementor-column-gap-default\">\n\t\t\t\t\t<div class=\"elementor-column elementor-col-100 elementor-top-column elementor-element elementor-element-73a1485\" data-id=\"73a1485\" data-element_type=\"column\">\n\t\t\t<div class=\"elementor-widget-wrap elementor-element-populated\">\n\t\t\t\t\t\t<div class=\"elementor-element elementor-element-b56d861 elementor-widget elementor-widget-text-editor\" data-id=\"b56d861\" data-element_type=\"widget\" data-widget_type=\"text-editor.default\">\n\t\t\t\t<div class=\"elementor-widget-container\">\n\t\t\t\t\t\t\t<p>Pr\u00f3-Reitoria\u00a0de Gradua\u00e7\u00e3o (PROGRAD)\u00a0atrav\u00e9s da\u00a0Coord. de Planejamento Acad\u00eamico (COPA)<\/p>\n<p>Interlocutor: Prof.\u00a0Jer\u00f4nimo Siqueira\u00a0Tybusch<br \/>Assessor:\u00a0Adm.\u00a0Rafael Alves Lopes<\/p>\t\t\t\t\t\t<\/div>\n\t\t\t\t<\/div>\n\t\t\t\t\t<\/div>\n\t\t<\/div>\n\t\t\t\t\t<\/div>\n\t\t<\/section>\n\t\t\t\t<section class=\"elementor-section elementor-top-section elementor-element elementor-element-8d265c9 elementor-section-boxed elementor-section-height-default elementor-section-height-default\" data-id=\"8d265c9\" data-element_type=\"section\">\n\t\t\t\t\t\t<div class=\"elementor-container elementor-column-gap-default\">\n\t\t\t\t\t<div class=\"elementor-column elementor-col-100 elementor-top-column elementor-element elementor-element-6441a0b\" data-id=\"6441a0b\" data-element_type=\"column\">\n\t\t\t<div class=\"elementor-widget-wrap elementor-element-populated\">\n\t\t\t\t\t\t<div class=\"elementor-element elementor-element-d0c28a7 elementor-widget elementor-widget-heading\" data-id=\"d0c28a7\" data-element_type=\"widget\" data-widget_type=\"heading.default\">\n\t\t\t\t<div class=\"elementor-widget-container\">\n\t\t\t<h2 class=\"elementor-heading-title elementor-size-default\">Contato<\/h2>\t\t<\/div>\n\t\t\t\t<\/div>\n\t\t\t\t\t<\/div>\n\t\t<\/div>\n\t\t\t\t\t<\/div>\n\t\t<\/section>\n\t\t\t\t<section class=\"elementor-section elementor-top-section elementor-element elementor-element-f1e0aa8 elementor-section-boxed elementor-section-height-default elementor-section-height-default\" data-id=\"f1e0aa8\" data-element_type=\"section\">\n\t\t\t\t\t\t<div class=\"elementor-container elementor-column-gap-default\">\n\t\t\t\t\t<div class=\"elementor-column elementor-col-100 elementor-top-column elementor-element elementor-element-5f69e8f\" data-id=\"5f69e8f\" data-element_type=\"column\">\n\t\t\t<div class=\"elementor-widget-wrap elementor-element-populated\">\n\t\t\t\t\t\t<div class=\"elementor-element elementor-element-5de863e elementor-widget elementor-widget-text-editor\" data-id=\"5de863e\" data-element_type=\"widget\" data-widget_type=\"text-editor.default\">\n\t\t\t\t<div class=\"elementor-widget-container\">\n\t\t\t\t\t\t\t<p>E-mail: <a href=\"mailto:pet.ufsm@ufsm.br\">pet@ufsm.br<\/a><\/p>\t\t\t\t\t\t<\/div>\n\t\t\t\t<\/div>\n\t\t\t\t\t<\/div>\n\t\t<\/div>\n\t\t\t\t\t<\/div>\n\t\t<\/section>\n\t\t\t\t<\/div>\n\t\t","protected":false},"excerpt":{"rendered":"<p>O Programa de Educa\u00e7\u00e3o Tutorial (PET) \u00e9 um programa do governo federal que mant\u00e9m grupos de educa\u00e7\u00e3o tutorial em cursos de gradua\u00e7\u00e3o de universidades p\u00fablicas, confessionais e privadas de todo o Brasil. Esses grupos, chamados de \u201cgrupos PET\u201d se orientam, no desenvolvimento de suas atividades, pelo princ\u00edpio da indissociabilidade entre ensino, pesquisa e extens\u00e3o. O [&hellip;]<\/p>\n","protected":false},"author":25,"featured_media":0,"parent":0,"menu_order":0,"comment_status":"closed","ping_status":"closed","template":"","meta":{"footnotes":""},"categories":[],"tags":[],"class_list":["post-6","page","type-page","status-publish","hentry"],"acf":[],"_links":{"self":[{"href":"https:\/\/www.ufsm.br\/pro-reitorias\/prograd\/pet\/wp-json\/wp\/v2\/pages\/6","targetHints":{"allow":["GET"]}}],"collection":[{"href":"https:\/\/www.ufsm.br\/pro-reitorias\/prograd\/pet\/wp-json\/wp\/v2\/pages"}],"about":[{"href":"https:\/\/www.ufsm.br\/pro-reitorias\/prograd\/pet\/wp-json\/wp\/v2\/types\/page"}],"author":[{"embeddable":true,"href":"https:\/\/www.ufsm.br\/pro-reitorias\/prograd\/pet\/wp-json\/wp\/v2\/users\/25"}],"replies":[{"embeddable":true,"href":"https:\/\/www.ufsm.br\/pro-reitorias\/prograd\/pet\/wp-json\/wp\/v2\/comments?post=6"}],"version-history":[{"count":0,"href":"https:\/\/www.ufsm.br\/pro-reitorias\/prograd\/pet\/wp-json\/wp\/v2\/pages\/6\/revisions"}],"wp:attachment":[{"href":"https:\/\/www.ufsm.br\/pro-reitorias\/prograd\/pet\/wp-json\/wp\/v2\/media?parent=6"}],"wp:term":[{"taxonomy":"category","embeddable":true,"href":"https:\/\/www.ufsm.br\/pro-reitorias\/prograd\/pet\/wp-json\/wp\/v2\/categories?post=6"},{"taxonomy":"post_tag","embeddable":true,"href":"https:\/\/www.ufsm.br\/pro-reitorias\/prograd\/pet\/wp-json\/wp\/v2\/tags?post=6"}],"curies":[{"name":"wp","href":"https:\/\/api.w.org\/{rel}","templated":true}]}}