{"id":13,"date":"2018-12-19T09:59:07","date_gmt":"2018-12-19T11:59:07","guid":{"rendered":"https:\/\/www.ufsm.br\/pro-reitorias\/prograd\/sisu\/?page_id=13"},"modified":"2023-03-14T10:35:15","modified_gmt":"2023-03-14T13:35:15","slug":"contato","status":"publish","type":"page","link":"https:\/\/www.ufsm.br\/pro-reitorias\/prograd\/sisu\/contato","title":{"rendered":"Contato"},"content":{"rendered":"\t\t<div data-elementor-type=\"wp-post\" data-elementor-id=\"13\" class=\"elementor elementor-13\">\n\t\t\t\t\t\t<section class=\"elementor-section elementor-top-section elementor-element elementor-element-1908503e elementor-section-boxed elementor-section-height-default elementor-section-height-default\" data-id=\"1908503e\" data-element_type=\"section\">\n\t\t\t\t\t\t<div class=\"elementor-container elementor-column-gap-default\">\n\t\t\t\t\t<div class=\"elementor-column elementor-col-100 elementor-top-column elementor-element elementor-element-1fa7d16\" data-id=\"1fa7d16\" data-element_type=\"column\">\n\t\t\t<div class=\"elementor-widget-wrap elementor-element-populated\">\n\t\t\t\t\t\t<div class=\"elementor-element elementor-element-142233e0 elementor-widget elementor-widget-text-editor\" data-id=\"142233e0\" data-element_type=\"widget\" data-widget_type=\"text-editor.default\">\n\t\t\t\t<div class=\"elementor-widget-container\">\n\t\t\t\t\t\t\t<p><!-- wp:tadv\/classic-paragraph --><\/p>\n<h3>NISA &#8211; N\u00facleo de Ingresso e Sele\u00e7\u00e3o Acad\u00eamicos<\/h3>\n<p><i class=\"fa fa-clock-o\"><\/i>\u00a0\u00a0Hor\u00e1rio de atendimento: de segunda a sexta-feira, das 8h30 \u00e0s 12h00 e das 14h00 \u00e0s 17h00 no<span style=\"font-size: 1.125rem;font-weight: bolder\"><a href=\"https:\/\/bit.ly\/nisa-ufsm\" target=\"_blank\" rel=\"noopener\"> Pr\u00e9dio 48-B<\/a><\/span><span style=\"font-size: 1.125rem\">, no Campus Sede. O pr\u00e9dio fica entre a Reitoria e o Centro de Educa\u00e7\u00e3o F\u00edsica e Desportos (CEFD), e abrigava a antiga Coperves<\/span><\/p>\n<p><i class=\"fa fa-phone\"><\/i>: (55) 3220-8170<\/p>\n<p><i class=\"fa fa-envelope-o\"><\/i>: <a href=\"mailto:copa.sisu@ufsm.br\">copa.sisu@ufsm.br<\/a><\/p>\n<p><i class=\"fa fa-facebook-square\" aria-hidden=\"true\"><\/i>:\u00a0<a href=\"https:\/\/www.facebook.com\/confirmacaodevagaUFSM\/\">https:\/\/www.facebook.com\/confirmacaodevagaUFSM<\/a><\/p>\n<p><!-- \/wp:tadv\/classic-paragraph --><\/p>\t\t\t\t\t\t<\/div>\n\t\t\t\t<\/div>\n\t\t\t\t\t<\/div>\n\t\t<\/div>\n\t\t\t\t\t<\/div>\n\t\t<\/section>\n\t\t\t\t<\/div>\n\t\t","protected":false},"excerpt":{"rendered":"<p>NISA &#8211; N\u00facleo de Ingresso e Sele\u00e7\u00e3o Acad\u00eamicos \u00a0\u00a0Hor\u00e1rio de atendimento: de segunda a sexta-feira, das 8h30 \u00e0s 12h00 e das 14h00 \u00e0s 17h00 no Pr\u00e9dio 48-B, no Campus Sede. O pr\u00e9dio fica entre a Reitoria e o Centro de Educa\u00e7\u00e3o F\u00edsica e Desportos (CEFD), e abrigava a antiga Coperves : (55) 3220-8170 : copa.sisu@ufsm.br [&hellip;]<\/p>\n","protected":false},"author":194,"featured_media":0,"parent":0,"menu_order":0,"comment_status":"closed","ping_status":"closed","template":"","meta":{"footnotes":""},"categories":[],"tags":[],"class_list":["post-13","page","type-page","status-publish","hentry"],"acf":[],"_links":{"self":[{"href":"https:\/\/www.ufsm.br\/pro-reitorias\/prograd\/sisu\/wp-json\/wp\/v2\/pages\/13","targetHints":{"allow":["GET"]}}],"collection":[{"href":"https:\/\/www.ufsm.br\/pro-reitorias\/prograd\/sisu\/wp-json\/wp\/v2\/pages"}],"about":[{"href":"https:\/\/www.ufsm.br\/pro-reitorias\/prograd\/sisu\/wp-json\/wp\/v2\/types\/page"}],"author":[{"embeddable":true,"href":"https:\/\/www.ufsm.br\/pro-reitorias\/prograd\/sisu\/wp-json\/wp\/v2\/users\/194"}],"replies":[{"embeddable":true,"href":"https:\/\/www.ufsm.br\/pro-reitorias\/prograd\/sisu\/wp-json\/wp\/v2\/comments?post=13"}],"version-history":[{"count":0,"href":"https:\/\/www.ufsm.br\/pro-reitorias\/prograd\/sisu\/wp-json\/wp\/v2\/pages\/13\/revisions"}],"wp:attachment":[{"href":"https:\/\/www.ufsm.br\/pro-reitorias\/prograd\/sisu\/wp-json\/wp\/v2\/media?parent=13"}],"wp:term":[{"taxonomy":"category","embeddable":true,"href":"https:\/\/www.ufsm.br\/pro-reitorias\/prograd\/sisu\/wp-json\/wp\/v2\/categories?post=13"},{"taxonomy":"post_tag","embeddable":true,"href":"https:\/\/www.ufsm.br\/pro-reitorias\/prograd\/sisu\/wp-json\/wp\/v2\/tags?post=13"}],"curies":[{"name":"wp","href":"https:\/\/api.w.org\/{rel}","templated":true}]}}