{"id":14,"date":"2018-12-19T10:03:48","date_gmt":"2018-12-19T12:03:48","guid":{"rendered":"https:\/\/www.ufsm.br\/pro-reitorias\/prograd\/sisu\/?page_id=14"},"modified":"2026-01-19T04:08:47","modified_gmt":"2026-01-19T07:08:47","slug":"documentos-cotas","status":"publish","type":"page","link":"https:\/\/www.ufsm.br\/pro-reitorias\/prograd\/sisu\/documentos-cotas","title":{"rendered":"Documentos\/Cotas"},"content":{"rendered":"\n<p>\u00a0<\/p>\n<p>Os(as) candidatos(as) do SiSU devem estar atentos(as) \u00e0 publica\u00e7\u00e3o do <a href=\"https:\/\/www.ufsm.br\/pro-reitorias\/prograd\/sisu\/termos-de-adesao\/\"><strong>Termo de Ades\u00e3o UFSM\/SiSU<\/strong><\/a> e do respectivo <a href=\"https:\/\/www.ufsm.br\/pro-reitorias\/prograd\/sisu\/busca\/?q=sisu&amp;orderby=modified&amp;order=DESC&amp;perpage=15&amp;area=editais&amp;tipo_edital=&amp;licitacao_edital=&amp;concurso_edital_mod=&amp;concurso_edital_cat=&amp;outro_edital=\"><strong>Edital<\/strong> <\/a>do processo seletivo (Chamada Regular do SiSU, Primeira Chamada da Lista de Espera, Segunda Chamada da Lista de Espera, Vagas Complementares), onde constam a documenta\u00e7\u00e3o <strong>geral<\/strong> (exigida de todos os classificados) e <strong>espec\u00edfica<\/strong> (se o candidato optou por alguma cota).<\/p>\n<p>\u00c9 aconselh\u00e1vel que os(as) candidato(as) leiam estes dois documentos na \u00edntegra, <strong>ANTES DE OPTAREM POR CURSO E COTA<\/strong> na UFSM, para que tenham certeza de poder comprovar todas as condi\u00e7\u00f5es declaradas e exigidas (conclus\u00e3o do Ensino M\u00e9dio, Certid\u00e3o de Nascimento, condi\u00e7\u00e3o socioecon\u00f4mica se a cota exigir, atestado m\u00e9dico se for o caso, entre outras).\u00a0<\/p>\n<p>\u00c9 aconselh\u00e1vel tamb\u00e9m que separem e <strong>PROVIDENCIEM OS DOCUMENTOS COM ANTECED\u00caNCIA<\/strong>, tanto originais digitalizados (escaneados, prints de telas), como c\u00f3pias, segundas vias emitidas por escolas, cart\u00f3rios e \u00f3rg\u00e3os que atendem em hor\u00e1rio reduzido durante as f\u00e9rias ou, ainda, declara\u00e7\u00f5es assinadas por terceiros, de acordo com a exig\u00eancia de cada edital.<\/p>\n<p>Em caso de <strong>INDEFERIMENTO<\/strong> por n\u00e3o ter apresentado a documenta\u00e7\u00e3o exigida que comprove as condi\u00e7\u00f5es declaradas, o(a) candidato(a) ter\u00e1 um <strong>CURTO PER\u00cdODO<\/strong> para providenciar o que faltou. Uma vez realizada a inscri\u00e7\u00e3o, e mesmo ap\u00f3s a an\u00e1lise final do recurso de indeferimento, n\u00e3o ser\u00e1 permitido ao(\u00e0) candidato(a) trocar de cota ou migrar para a ampla concorr\u00eancia dentro do processo seletivo do SiSU para seguir concorrendo, caso n\u00e3o tenha conseguido comprovar as condi\u00e7\u00f5es exigidas da cota escolhida ou da ampla concorr\u00eancia.<\/p>\n<hr \/>\n<p><i><strong>Aten\u00e7\u00e3o aos novos c\u00f3digos de cotas e \u00e0 nova base de c\u00e1lculo socioecon\u00f4mico, adotados a partir do ano de 2024:<\/strong><\/i><\/p>\n<ul>\n<li><strong>AC:<\/strong>\u00a0Ampla Concorr\u00eancia, para pessoas que n\u00e3o se encaixam nas cotas ou que n\u00e3o desejam participar do SiSU por meio delas;<\/li>\n<li><strong>LB_PPI:<\/strong>\u00a0Para candidatos autodeclarados pretos, pardos ou ind\u00edgenas, com renda familiar bruta\u00a0<em>per capita<\/em>\u00a0igual ou inferior a 1 sal\u00e1rio m\u00ednimo e que tenham cursado integralmente o ensino m\u00e9dio em escolas p\u00fablicas;<\/li>\n<li><strong>LB_Q:<\/strong>\u00a0Para candidatos autodeclarados quilombolas, com renda familiar bruta\u00a0<em>per capita<\/em>\u00a0igual ou inferior a 1 sal\u00e1rio m\u00ednimo e que tenham cursado integralmente o ensino m\u00e9dio em escolas p\u00fablicas;<\/li>\n<li><strong>LB_PCD:<\/strong>\u00a0Para candidatos com defici\u00eancia, que tenham renda familiar bruta<em>\u00a0per capita<\/em>\u00a0igual ou inferior a 1 sal\u00e1rio m\u00ednimo e que tenham cursado integralmente o ensino m\u00e9dio em escolas p\u00fablicas;<\/li>\n<li><strong>LB_EP:<\/strong>\u00a0Para candidatos com renda familiar bruta\u00a0<em>per capita<\/em>\u00a0igual ou inferior a 1 sal\u00e1rio m\u00ednimo que tenham cursado integralmente o ensino m\u00e9dio em escolas p\u00fablicas;<\/li>\n<li><strong>LI_PPI:<\/strong>\u00a0Para candidatos autodeclarados pretos, pardos ou ind\u00edgenas, independentemente da renda, que tenham cursado integralmente o ensino m\u00e9dio em escolas p\u00fablicas;<\/li>\n<li><strong>LI_Q:<\/strong>\u00a0Para candidatos autodeclarados quilombolas, independentemente da renda, que tenham cursado integralmente o ensino m\u00e9dio em escolas p\u00fablicas;<\/li>\n<li><strong>LI_PCD:<\/strong>\u00a0Para candidatos com defici\u00eancia, independentemente da renda, que tenham cursado integralmente o ensino m\u00e9dio em escolas p\u00fablicas;<\/li>\n<li><strong>LI_EP:<\/strong> Para candidatos que, independentemente da renda, tenham cursado integralmente o ensino m\u00e9dio em escolas p\u00fablicas.\u00a0<\/li>\n<\/ul>\n<hr \/>\n<p>Legisla\u00e7\u00e3o referente \u00e0s cotas para candidatos com defici\u00eancia:<\/p>\n<p><strong><a href=\"http:\/\/www.planalto.gov.br\/ccivil_03\/decreto\/d3298.htm\" target=\"_blank\" rel=\"noopener noreferrer\">Decreto Federal 3.298, de 20\/12\/1999<\/a><\/strong> &#8211; Regulamenta a Lei N. 7.853, de 24 de outubro de 1989, disp\u00f5e sobre a Pol\u00edtica Nacional para a Integra\u00e7\u00e3o da Pessoa Portadora de Defici\u00eancia, consolida as normas de prote\u00e7\u00e3o, e d\u00e1 outras provid\u00eancias;<\/p>\n<p><strong><a href=\"https:\/\/www.coperves.ufsm.br\/documentos\/recomendacao_03_deficiencia_fisica.pdf\" target=\"_blank\" rel=\"noopener noreferrer\">Recomenda\u00e7\u00e3o n.\u00ba 03, de 01\/12\/2012<\/a><\/strong> &#8211; Secretaria dos Direitos Humanos\/ Conselho Nacional dos Direitos das Pessoas com Defici\u00eancia (CONADE);<\/p>\n<p><strong><a href=\"http:\/\/www.planalto.gov.br\/ccivil_03\/leis\/l7853.htm\" target=\"_blank\" rel=\"noopener noreferrer\">Lei N. 7.853, de 24\/10\/1989<\/a><\/strong> &#8211; Disp\u00f5e sobre o apoio \u00e0s pessoas portadoras de defici\u00eancia, sua integra\u00e7\u00e3o social, sobre a Coordenadoria Nacional para Integra\u00e7\u00e3o da Pessoa Portadora de Defici\u00eancia &#8211; Corde, institui a tutela jurisdicional de interesses coletivos ou difusos dessas pessoas, disciplina a atua\u00e7\u00e3o do Minist\u00e9rio P\u00fablico, define crimes, e d\u00e1 outras provid\u00eancias.<\/p>\n<p>\u00a0<\/p>\n","protected":false},"excerpt":{"rendered":"<p>\u00a0 Os(as) candidatos(as) do SiSU devem estar atentos(as) \u00e0 publica\u00e7\u00e3o do Termo de Ades\u00e3o UFSM\/SiSU e do respectivo Edital do processo seletivo (Chamada Regular do SiSU, Primeira Chamada da Lista de Espera, Segunda Chamada da Lista de Espera, Vagas Complementares), onde constam a documenta\u00e7\u00e3o geral (exigida de todos os classificados) e espec\u00edfica (se o candidato [&hellip;]<\/p>\n","protected":false},"author":194,"featured_media":0,"parent":0,"menu_order":0,"comment_status":"closed","ping_status":"closed","template":"","meta":{"footnotes":""},"categories":[],"tags":[],"class_list":["post-14","page","type-page","status-publish","hentry"],"acf":[],"_links":{"self":[{"href":"https:\/\/www.ufsm.br\/pro-reitorias\/prograd\/sisu\/wp-json\/wp\/v2\/pages\/14","targetHints":{"allow":["GET"]}}],"collection":[{"href":"https:\/\/www.ufsm.br\/pro-reitorias\/prograd\/sisu\/wp-json\/wp\/v2\/pages"}],"about":[{"href":"https:\/\/www.ufsm.br\/pro-reitorias\/prograd\/sisu\/wp-json\/wp\/v2\/types\/page"}],"author":[{"embeddable":true,"href":"https:\/\/www.ufsm.br\/pro-reitorias\/prograd\/sisu\/wp-json\/wp\/v2\/users\/194"}],"replies":[{"embeddable":true,"href":"https:\/\/www.ufsm.br\/pro-reitorias\/prograd\/sisu\/wp-json\/wp\/v2\/comments?post=14"}],"version-history":[{"count":0,"href":"https:\/\/www.ufsm.br\/pro-reitorias\/prograd\/sisu\/wp-json\/wp\/v2\/pages\/14\/revisions"}],"wp:attachment":[{"href":"https:\/\/www.ufsm.br\/pro-reitorias\/prograd\/sisu\/wp-json\/wp\/v2\/media?parent=14"}],"wp:term":[{"taxonomy":"category","embeddable":true,"href":"https:\/\/www.ufsm.br\/pro-reitorias\/prograd\/sisu\/wp-json\/wp\/v2\/categories?post=14"},{"taxonomy":"post_tag","embeddable":true,"href":"https:\/\/www.ufsm.br\/pro-reitorias\/prograd\/sisu\/wp-json\/wp\/v2\/tags?post=14"}],"curies":[{"name":"wp","href":"https:\/\/api.w.org\/{rel}","templated":true}]}}