{"id":143,"date":"2018-12-20T11:07:25","date_gmt":"2018-12-20T13:07:25","guid":{"rendered":"https:\/\/www.ufsm.br\/pro-reitorias\/prograd\/sisu\/?page_id=143"},"modified":"2025-12-12T11:03:02","modified_gmt":"2025-12-12T14:03:02","slug":"termos-de-adesao","status":"publish","type":"page","link":"https:\/\/www.ufsm.br\/pro-reitorias\/prograd\/sisu\/termos-de-adesao","title":{"rendered":"Termos de Ades\u00e3o"},"content":{"rendered":"\t\t<div data-elementor-type=\"wp-page\" data-elementor-id=\"143\" class=\"elementor elementor-143\">\n\t\t\t\t\t\t<section class=\"elementor-section elementor-top-section elementor-element elementor-element-d579345 elementor-section-boxed elementor-section-height-default elementor-section-height-default\" data-id=\"d579345\" data-element_type=\"section\">\n\t\t\t\t\t\t<div class=\"elementor-container elementor-column-gap-default\">\n\t\t\t\t\t<div class=\"elementor-column elementor-col-100 elementor-top-column elementor-element elementor-element-8319eea\" data-id=\"8319eea\" data-element_type=\"column\">\n\t\t\t<div class=\"elementor-widget-wrap elementor-element-populated\">\n\t\t\t\t\t\t<div class=\"elementor-element elementor-element-37689fba elementor-widget elementor-widget-text-editor\" data-id=\"37689fba\" data-element_type=\"widget\" data-widget_type=\"text-editor.default\">\n\t\t\t\t<div class=\"elementor-widget-container\">\n\t\t\t\t\t\t\t<p>\u00a0<\/p><p><span style=\"color: #000000;font-size: 1rem\">O Termo de Ades\u00e3o ao SiSU especifica o\u00a0<\/span><strong style=\"color: #000000;font-size: 1rem\">quantitativo de vagas<\/strong><span style=\"color: #000000;font-size: 1rem\">\u00a0ofertado em cada curso via\u00a0<\/span><strong style=\"color: #000000;font-size: 1rem\">Ampla Concorr\u00eancia (AC) e nas oito modalidades de Cota<\/strong><span style=\"color: #000000;font-size: 1rem\">\u00a0para a Chamada Regular do SiSU.\u00a0<\/span><\/p><p><span style=\"font-size: 1rem\">O documento traz ainda, por curso,<strong>\u00a0<\/strong><\/span><strong><span style=\"font-size: 1rem\">o peso e a nota m\u00ednima de cada prova do Enem<\/span><\/strong><span style=\"font-size: 1rem\"><strong>\u00a0<\/strong>exigidos do candidato para concorrer \u00e0s vagas na UFSM, bem como\u00a0<\/span><span style=\"font-size: 1rem\">a <strong>m\u00e9dia m\u00ednima<\/strong><\/span><span style=\"font-size: 1rem\"><strong>\u00a0exigida pelo curso<\/strong>.<\/span><\/p><p>O Termo de Ades\u00e3o tamb\u00e9m especifica\u00a0a <strong>documenta\u00e7\u00e3o exigida para o momento de confirma\u00e7\u00e3o de vaga e matr\u00edcula<\/strong>, tanto para a Ampla Concorr\u00eancia como para as Cotas. <strong>Modelos dos documentos<\/strong> estar\u00e3o dispon\u00edveis como anexos do <strong>Edital da Chamada Regular<\/strong>, a ser publicado posteriormente no site<strong> <a href=\"http:\/\/ufsm.br\/sisu\">ufsm.br\/sisu<\/a><\/strong>.<\/p><p>O candidato deve analisar previamente se possui <strong>as condi\u00e7\u00f5es declaradas e TODOS os documentos solicitados<\/strong> para confirma\u00e7\u00e3o de vaga,<strong> antes de optar por alguma cota socioecon\u00f4mica, \u00e9tnico-racial e\/ou destinada para pessoas com defici\u00eancia<\/strong>.\u00a0<\/p><p>Em caso de<strong> indeferimento<\/strong>, o(a) candidato(a) classificado(a) ser\u00e1 informado(a) por e-mail e ter\u00e1 um breve prazo, a partir do<strong> envio<\/strong> do e-mail, para acessar novamente o Painel do(a) Candidato(a) e <strong>corrigir ou complementar as informa\u00e7\u00f5es e\/ou documenta\u00e7\u00f5es incorretas ou faltantes<\/strong>, citadas no e-mail enviado.<\/p><p>Ap\u00f3s an\u00e1lise do recurso, caso o indeferimento seja mantido, <strong>o(a) candidato(a) perder\u00e1 a vaga<\/strong>.<\/p><p>Caso haja <strong>deferimento<\/strong>, o(a) candidato(a) classificado(a) receber\u00e1 e-mail da UFSM com o <strong>n\u00famero de matr\u00edcula<\/strong> e instru\u00e7\u00f5es para primeiro acesso ao <a href=\"https:\/\/portal.ufsm.br\/academico\/index.html\"><strong>Portal Acad\u00eamico<\/strong><\/a>.<\/p><p>Como n\u00e3o h\u00e1 prazos fixos estipulados para envio desses e-mails, <strong>os(as) candidatos(as) classificados(as) devem monitorar diariamente sua caixa de e-mail (incluindo spam e lixo eletr\u00f4nico)<\/strong>, at\u00e9 o recebimento da mensagem.<\/p><p>Os cursos ofertados e as vagas divididas por cotas tamb\u00e9m poder\u00e3o ser pesquisados diretamente no <strong><a href=\"https:\/\/sisu.mec.gov.br\/#\/vagas?categoria=instituicao&amp;id=582#resultado\" target=\"_blank\" rel=\"noopener noreferrer\">Site do SiSU\/MEC<\/a>,\u00a0<\/strong>mantido pelo Minist\u00e9rio da Educa\u00e7\u00e3o, quando o sistema est\u00e1 habilitado e atualizado.<\/p><p>As vagas que sobrarem para as\u00a0<strong>Chamadas da Lista de Espera do SiSU<\/strong>, realizadas ap\u00f3s a Chamada Regular, ou para o <strong>Edital de Vagas Complementares oriundas do SiSU<\/strong>, dever\u00e3o ser pesquisadas futuramente junto ao respectivo <a href=\"https:\/\/www.ufsm.br\/pro-reitorias\/prograd\/sisu\/busca\/?q=sisu&amp;orderby=modified&amp;order=DESC&amp;perpage=15&amp;area=editais&amp;tipo_edital=&amp;licitacao_edital=&amp;concurso_edital_mod=&amp;concurso_edital_cat=&amp;outro_edital=\"><strong>Edital<\/strong><\/a>.\u00a0\u00a0<\/p><p>Outras informa\u00e7\u00f5es podem ser obtidas atrav\u00e9s do email\u00a0<b><a href=\"mailto:copa.sisu@ufsm.br\">copa.sisu@ufsm.br<\/a><\/b>, do\u00a0<a href=\"https:\/\/www.ufsm.br\/pro-reitorias\/prograd\/sisu\/guia-sisu-ufsm\/\"><strong>Guia SiSU UFSM<\/strong><\/a>,\u00a0pela p\u00e1gina\u00a0<a href=\"https:\/\/www.facebook.com\/confirmacaodevagaUFSM\/\" target=\"_blank\" rel=\"noopener\"><strong>Confirma\u00e7\u00e3o de Vaga-UFSM<\/strong><\/a> no Facebook e pelo telefone (55) 3220-8170.\u00a0\u00a0<\/p><p>Abaixo, voc\u00ea pode acessar os <strong>Termos de Ades\u00e3o ao SISU da UFSM<\/strong>, nas edi\u00e7\u00f5es desde 2016 at\u00e9 a atual:<\/p><ul><li>\u00a0<a href=\"https:\/\/www.ufsm.br\/app\/uploads\/sites\/501\/2025\/12\/termo_adesao_582_UFSM-6.pdf\"><strong>Termo de Ades\u00e3o SiSU UFSM 2026<\/strong><\/a> (publicado em 10\/12\/2025)<\/li><\/ul><p><b>\u00a0<\/b><\/p><p><!-- \/wp:tadv\/classic-paragraph --><\/p>\t\t\t\t\t\t<\/div>\n\t\t\t\t<\/div>\n\t\t\t\t\t<\/div>\n\t\t<\/div>\n\t\t\t\t\t<\/div>\n\t\t<\/section>\n\t\t\t\t<\/div>\n\t\t","protected":false},"excerpt":{"rendered":"<p>\u00a0 O Termo de Ades\u00e3o ao SiSU especifica o\u00a0quantitativo de vagas\u00a0ofertado em cada curso via\u00a0Ampla Concorr\u00eancia (AC) e nas oito modalidades de Cota\u00a0para a Chamada Regular do SiSU.\u00a0 O documento traz ainda, por curso,\u00a0o peso e a nota m\u00ednima de cada prova do Enem\u00a0exigidos do candidato para concorrer \u00e0s vagas na UFSM, bem como\u00a0a m\u00e9dia [&hellip;]<\/p>\n","protected":false},"author":194,"featured_media":0,"parent":0,"menu_order":0,"comment_status":"closed","ping_status":"closed","template":"","meta":{"footnotes":""},"categories":[],"tags":[],"class_list":["post-143","page","type-page","status-publish","hentry"],"acf":[],"_links":{"self":[{"href":"https:\/\/www.ufsm.br\/pro-reitorias\/prograd\/sisu\/wp-json\/wp\/v2\/pages\/143","targetHints":{"allow":["GET"]}}],"collection":[{"href":"https:\/\/www.ufsm.br\/pro-reitorias\/prograd\/sisu\/wp-json\/wp\/v2\/pages"}],"about":[{"href":"https:\/\/www.ufsm.br\/pro-reitorias\/prograd\/sisu\/wp-json\/wp\/v2\/types\/page"}],"author":[{"embeddable":true,"href":"https:\/\/www.ufsm.br\/pro-reitorias\/prograd\/sisu\/wp-json\/wp\/v2\/users\/194"}],"replies":[{"embeddable":true,"href":"https:\/\/www.ufsm.br\/pro-reitorias\/prograd\/sisu\/wp-json\/wp\/v2\/comments?post=143"}],"version-history":[{"count":0,"href":"https:\/\/www.ufsm.br\/pro-reitorias\/prograd\/sisu\/wp-json\/wp\/v2\/pages\/143\/revisions"}],"wp:attachment":[{"href":"https:\/\/www.ufsm.br\/pro-reitorias\/prograd\/sisu\/wp-json\/wp\/v2\/media?parent=143"}],"wp:term":[{"taxonomy":"category","embeddable":true,"href":"https:\/\/www.ufsm.br\/pro-reitorias\/prograd\/sisu\/wp-json\/wp\/v2\/categories?post=143"},{"taxonomy":"post_tag","embeddable":true,"href":"https:\/\/www.ufsm.br\/pro-reitorias\/prograd\/sisu\/wp-json\/wp\/v2\/tags?post=143"}],"curies":[{"name":"wp","href":"https:\/\/api.w.org\/{rel}","templated":true}]}}