{"id":251,"date":"2019-06-08T21:39:07","date_gmt":"2019-06-09T00:39:07","guid":{"rendered":"https:\/\/www.ufsm.br\/pro-reitorias\/prograd\/sisu\/?page_id=251"},"modified":"2021-02-07T06:57:27","modified_gmt":"2021-02-07T09:57:27","slug":"listao-dos-aprovados-sisu","status":"publish","type":"page","link":"https:\/\/www.ufsm.br\/pro-reitorias\/prograd\/sisu\/listao-dos-aprovados-sisu","title":{"rendered":"List\u00e3o dos Classificados no SiSU 2019-2"},"content":{"rendered":"\n<p>A lista de aprovados no SiSU 2019-2 foi publicada pelo Minist\u00e9rio da Educa\u00e7\u00e3o nesta segunda-feira,<strong> 10 de junho<\/strong>, em\u00a0<a href=\"http:\/\/sisu.mec.gov.br\/\" target=\"_blank\" rel=\"noopener noreferrer\"><strong>www.sisu.mec.gov.br<\/strong><\/a>, e est\u00e1 dispon\u00edvel tamb\u00e9m na se\u00e7\u00e3o de editais em <a href=\"https:\/\/www.ufsm.br\/pro-reitorias\/prograd\/editais\/037-2019\/\"><strong>www.ufsm.br\/sisu<\/strong><\/a>.<\/p>\n<p>A Universidade Federal de Santa Maria tornou p\u00fablico o <a href=\"https:\/\/www.ufsm.br\/pro-reitorias\/prograd\/editais\/037-2019\/\" target=\"_blank\" rel=\"noopener noreferrer\"><strong>Edital N. 037\/2019-Prograd<\/strong><\/a>, referente \u00e0 Chamada Regular do Sistema de Sele\u00e7\u00e3o Unificada (SiSU UFSM 2019-2). O documento traz instru\u00e7\u00f5es para a confirma\u00e7\u00e3o de vaga dos candidatos classificados nos cursos de gradua\u00e7\u00e3o que t\u00eam ingresso no segundo semestre letivo.\u00a0<\/p>\n<p>A confirma\u00e7\u00e3o de vaga para os cursos ofertados no\u00a0<strong><em>campus<\/em>\u00a0Santa Maria<\/strong>\u00a0acontecer\u00e1 nos dias\u00a0<strong>12 ou 17 de junho<\/strong>, no\u00a0<a href=\"https:\/\/www.google.com\/maps\/place\/Centro+de+Conven%C3%A7%C3%B5es+da+UFSM\/@-29.7224907,-53.7190448,17z\/data=!3m1!4b1!4m5!3m4!1s0x9503b60b68bb5f0b:0xeb29f0f4b712084e!8m2!3d-29.7224907!4d-53.7168561\" target=\"_blank\" rel=\"noopener noreferrer\"><strong>Centro de Conven\u00e7\u00f5es<\/strong><\/a>, situado no\u00a0<em>campus<\/em>\u00a0sede, no bairro Camobi. No dia 12, os candidatos ou seus procuradores poder\u00e3o comparecer das 08 \u00e0s 16 horas. No dia 17, a confirma\u00e7\u00e3o de vaga funcionar\u00e1 das 10 \u00e0s 19 horas.<\/p>\n<p><span style=\"color: #ff0000\">A Pr\u00f3-Reitoria de Gradua\u00e7\u00e3o <a href=\"https:\/\/www.ufsm.br\/pro-reitorias\/prograd\/editais\/037-2019\/\" target=\"_blank\" rel=\"noopener noreferrer\"><strong>retificou<\/strong><\/a> o local e a data para confirma\u00e7\u00e3o de vaga dos cursos ofertados no <em>campus<\/em> do munic\u00edpio de <strong>Cachoeira do Sul<\/strong>.<\/span> A entrega da documenta\u00e7\u00e3o e a entrevista (se a cota exigir) ser\u00e3o realizadas somente nos dias <span style=\"color: #ff0000\"><strong>12 ou 17 de junho<\/strong><\/span>, no <a href=\"https:\/\/www.google.com\/maps\/place\/Centro+de+Conven%C3%A7%C3%B5es+da+UFSM\/@-29.7205713,-53.7177466,17z\/data=!4m5!3m4!1s0x9503b60b68bb5f0b:0xeb29f0f4b712084e!8m2!3d-29.7224907!4d-53.7168561\" target=\"_blank\" rel=\"noopener noreferrer\"><strong>Centro de Conven\u00e7\u00f5es<\/strong><\/a>, situado no <em>campus<\/em> sede <span style=\"color: #ff0000\"><strong>em Santa Maria<\/strong><\/span>, no bairro Camobi. No dia 12, os candidatos ou seus procuradores poder\u00e3o comparecer das 08 \u00e0s 16 horas. No dia 17, a confirma\u00e7\u00e3o de vaga funcionar\u00e1 das 10 \u00e0s 19 horas.<\/p>\n<p>Os candidatos ao curso de Administra\u00e7\u00e3o ofertado no\u00a0<em>campus<\/em>\u00a0do munic\u00edpio de\u00a0<strong>Palmeira das Miss\u00f5es<\/strong>\u00a0poder\u00e3o fazer a confirma\u00e7\u00e3o de vaga no dia<strong>\u00a014 de junho<\/strong>, sexta-feira, das 14 \u00e0s 17 horas, na\u00a0<a href=\"https:\/\/www.google.com\/maps\/place\/UFSM,Palmeira+das+Miss%C3%B5es\/@-27.9218707,-53.3192438,17z\/data=!3m1!4b1!4m5!3m4!1s0x94fcf4bd0033a52b:0x22ee39dc2259f84d!8m2!3d-27.9218707!4d-53.3170551\" target=\"_blank\" rel=\"noopener noreferrer\"><strong>Avenida Independ\u00eancia, n\u00ba 3751<\/strong><\/a>, no bairro Vista Alegre, em local identificado na entrada daquele\u00a0<em>campus<\/em>.<\/p>\n<p>Se desejarem, os candidatos do curso ofertado em Palmeira das Miss\u00f5es\u00a0 tamb\u00e9m poder\u00e3o realizar a confirma\u00e7\u00e3o de vaga no <em>Campus<\/em>\u00a0Sede em Santa Maria nos dias 12 ou 17 de junho, respeitando o hor\u00e1rio de funcionamento da Comiss\u00e3o de Ingresso Acad\u00eamico nesses dias.<\/p>\n<p><strong>Documenta\u00e7\u00e3o \u2013<\/strong>\u00a0O edital da Chamada Regular traz a listagem dos documentos gerais solicitados para todos os classificados, bem como a documenta\u00e7\u00e3o espec\u00edfica para cotistas. Candidatos que concorrem por cotas \u00e9tnico-raciais e\/ou para pessoas com defici\u00eancia devem comparecer \u00e0 confirma\u00e7\u00e3o de vaga,\u00a0<strong>n\u00e3o<\/strong>\u00a0podendo nomear procurador ou representante.<\/p>\n<p><strong>Lista de Espera \u2013<\/strong>\u00a0As vagas remanescentes ao final da Chamada Regular do SiSU ser\u00e3o disponibilizadas para as Chamadas Orais da Lista de Espera. De\u00a0<strong>11 a 17 de junho<\/strong>, o Minist\u00e9rio da Educa\u00e7\u00e3o dever\u00e1 reabrir o sistema em\u00a0<a href=\"http:\/\/sisu.mec.gov.br\/\" target=\"_blank\" rel=\"noopener noreferrer\"><strong>www.sisu.mec.gov.br<\/strong><\/a>\u00a0para os candidatos manifestarem formalmente seu interesse na vaga. Os candidatos que foram selecionados em sua primeira ou segunda op\u00e7\u00e3o de curso na Chamada Regular\u00a0<strong>n\u00e3o<\/strong>\u00a0poder\u00e3o participar de Lista de Espera, mesmo que n\u00e3o tenham realizado a matr\u00edcula.<br \/><br \/>\u00c9 responsabilidade do candidato acompanhar periodicamente adendos, erratas, retifica\u00e7\u00f5es, homologa\u00e7\u00f5es e convoca\u00e7\u00f5es, referentes \u00e0 sele\u00e7\u00e3o, atrav\u00e9s do\u00a0<em>site<\/em>\u00a0<a href=\"http:\/\/www.ufsm.br\/sisu\"><strong>www.ufsm.br\/sisu<\/strong><\/a>. Outras informa\u00e7\u00f5es s\u00e3o obtidas atrav\u00e9s do email\u00a0<a href=\"mailto:copa.sisu@ufsm.br\"><strong>copa.sisu@ufsm.br<\/strong><\/a>, do telefone (55) 3220-8187 e da p\u00e1gina\u00a0<a href=\"https:\/\/www.facebook.com\/confirmacaodevagaUFSM\/\" target=\"_blank\" rel=\"noopener noreferrer\"><strong>Confirma\u00e7\u00e3o de Vaga-UFSM<\/strong><\/a>\u00a0no Facebook.<\/p>\n","protected":false},"excerpt":{"rendered":"<p>A lista de aprovados no SiSU 2019-2 foi publicada pelo Minist\u00e9rio da Educa\u00e7\u00e3o nesta segunda-feira, 10 de junho, em\u00a0www.sisu.mec.gov.br, e est\u00e1 dispon\u00edvel tamb\u00e9m na se\u00e7\u00e3o de editais em www.ufsm.br\/sisu. A Universidade Federal de Santa Maria tornou p\u00fablico o Edital N. 037\/2019-Prograd, referente \u00e0 Chamada Regular do Sistema de Sele\u00e7\u00e3o Unificada (SiSU UFSM 2019-2). O documento [&hellip;]<\/p>\n","protected":false},"author":95,"featured_media":0,"parent":0,"menu_order":0,"comment_status":"closed","ping_status":"closed","template":"","meta":{"footnotes":""},"categories":[],"tags":[],"class_list":["post-251","page","type-page","status-publish","hentry"],"acf":[],"_links":{"self":[{"href":"https:\/\/www.ufsm.br\/pro-reitorias\/prograd\/sisu\/wp-json\/wp\/v2\/pages\/251","targetHints":{"allow":["GET"]}}],"collection":[{"href":"https:\/\/www.ufsm.br\/pro-reitorias\/prograd\/sisu\/wp-json\/wp\/v2\/pages"}],"about":[{"href":"https:\/\/www.ufsm.br\/pro-reitorias\/prograd\/sisu\/wp-json\/wp\/v2\/types\/page"}],"author":[{"embeddable":true,"href":"https:\/\/www.ufsm.br\/pro-reitorias\/prograd\/sisu\/wp-json\/wp\/v2\/users\/95"}],"replies":[{"embeddable":true,"href":"https:\/\/www.ufsm.br\/pro-reitorias\/prograd\/sisu\/wp-json\/wp\/v2\/comments?post=251"}],"version-history":[{"count":0,"href":"https:\/\/www.ufsm.br\/pro-reitorias\/prograd\/sisu\/wp-json\/wp\/v2\/pages\/251\/revisions"}],"wp:attachment":[{"href":"https:\/\/www.ufsm.br\/pro-reitorias\/prograd\/sisu\/wp-json\/wp\/v2\/media?parent=251"}],"wp:term":[{"taxonomy":"category","embeddable":true,"href":"https:\/\/www.ufsm.br\/pro-reitorias\/prograd\/sisu\/wp-json\/wp\/v2\/categories?post=251"},{"taxonomy":"post_tag","embeddable":true,"href":"https:\/\/www.ufsm.br\/pro-reitorias\/prograd\/sisu\/wp-json\/wp\/v2\/tags?post=251"}],"curies":[{"name":"wp","href":"https:\/\/api.w.org\/{rel}","templated":true}]}}