{"id":364,"date":"2020-04-27T07:23:11","date_gmt":"2020-04-27T10:23:11","guid":{"rendered":"https:\/\/www.ufsm.br\/pro-reitorias\/prograd\/sisu\/?page_id=364"},"modified":"2020-04-27T07:23:41","modified_gmt":"2020-04-27T10:23:41","slug":"sisu-1","status":"publish","type":"page","link":"https:\/\/www.ufsm.br\/pro-reitorias\/prograd\/sisu\/sisu-1","title":{"rendered":"SiSU-1"},"content":{"rendered":"\n<h2><strong>SiSU 2020\/1 (ingresso no 1\u00ba semestre)<\/strong><\/h2>\n<p>\u00a0<\/p>\n<p><strong>25\/11\/19 \u2013 <\/strong>\u00a0Publica\u00e7\u00e3o do\u00a0<a href=\"https:\/\/www.ufsm.br\/pro-reitorias\/prograd\/sisu\/wp-content\/uploads\/sites\/501\/2019\/12\/termo_adesao_582_UFSM.pdf\" target=\"_blank\" rel=\"noopener noreferrer\"><strong>Termo de Ades\u00e3o MEC\/UFSM\/SiSU 2020-1\u00baSemestre<\/strong><\/a>, com:<\/p>\n<ul>\n<li>a rela\u00e7\u00e3o dos cursos ofertados no 1\u00ba semestre pela UFSM no\u00a0<em>Campus<\/em>\u00a0Sede (Santa Maria) e nos tr\u00eas<em>\u00a0Campi<\/em>\u00a0Descentralizados (Cachoeira do Sul, Frederico Westphalen e Palmeira das Miss\u00f5es);<\/li>\n<li>as vagas oferecidas na Ampla Concorr\u00eancia e nas oito modalidades de Cotas em cada curso;<\/li>\n<li>a documenta\u00e7\u00e3o b\u00e1sica (para todos) e espec\u00edfica (por cotas) exigida na Confirma\u00e7\u00e3o de Vaga;<\/li>\n<li>a nota m\u00ednima de cada prova do Enem para concorrer ao curso;<\/li>\n<li>o peso de cada prova do Enem, o que pode alterar a pontua\u00e7\u00e3o final do(a) Candidato(a) no SiSU.<\/li>\n<\/ul>\n<p><strong>18\/12\/19 \u2013 <\/strong>\u00a0Abertura da consulta de vagas do SiSU no site\u00a0<a href=\"https:\/\/sisu.mec.gov.br\/#\/vagas?categoria=instituicao&amp;id=582#resultado\" target=\"_blank\" rel=\"noopener noreferrer\"><strong>sisu.mec.gov.br<\/strong><\/a>\u00a0<\/p>\n<p><strong>17\/01\/20 \u2013 <\/strong>\u00a0Divulga\u00e7\u00e3o das notas do Enem no site\u00a0<a href=\"https:\/\/enem.inep.gov.br\/participante\/#!\/\" target=\"_blank\" rel=\"noopener noreferrer\"><strong>enem.inep.gov.br<\/strong><\/a>\u00a0<\/p>\n<p><strong>21 a 26\/01\/20 \u2013<\/strong>\u00a0Inscri\u00e7\u00e3o no SiSU pelo site\u00a0<a href=\"http:\/\/sisu.mec.gov.br\/\" target=\"_blank\" rel=\"noopener noreferrer\"><strong>sisu.mec.gov.br<\/strong><\/a>\u00a0.<\/p>\n<ul>\n<li>se esqueceu seus dados, pode recuper\u00e1-los na p\u00e1gina\u00a0<a href=\"http:\/\/enem.inep.gov.br\/participante\/#\/senha\" target=\"_blank\" rel=\"noopener noreferrer\"><strong>enem.inep.gov.br\u00a0<\/strong><\/a><\/li>\n<li>o Minist\u00e9rio da Educa\u00e7\u00e3o atualiza diariamente a\u00a0<strong>NOTA DE CORTE<\/strong>\u00a0de cada curso, possibilitando aos candidatos analisarem suas chances de serem classificados em sua primeira ou segunda op\u00e7\u00e3o de curso, permitindo realizar trocas at\u00e9 as 23h59min do dia 26\/01.<\/li>\n<\/ul>\n<p><strong>22\/01\/20 \u2013 <\/strong>Publica\u00e7\u00e3o do<a href=\"https:\/\/www.ufsm.br\/pro-reitorias\/prograd\/editais\/001-2020\/\">\u00a0<b>Edital<\/b><\/a>\u00a0com instru\u00e7\u00f5es para a Confirma\u00e7\u00e3o de Vaga da Chamada Regular em\u00a0<b><a href=\"https:\/\/www.ufsm.br\/pro-reitorias\/prograd\/sisu\/busca\/?q=sisu&amp;orderby=modified&amp;order=DESC&amp;perpage=15&amp;area=editais&amp;tipo_edital=&amp;licitacao_edital=&amp;concurso_edital_mod=&amp;concurso_edital_cat=&amp;outro_edital=\">www.ufsm.br\/sisu<\/a><\/b>.<strong>\u00a0<\/strong><\/p>\n<p><strong>28\/01\/20 \u2013<\/strong>\u00a0Divulga\u00e7\u00e3o do list\u00e3o com os classificados na Chamada Regular, no site\u00a0<a href=\"http:\/\/sisu.mec.gov.br\/\" target=\"_blank\" rel=\"noopener noreferrer\"><strong>sisu.mec.gov.br<\/strong><\/a>.\u00a0<\/p>\n<p><strong>29\/01 a 04\/02\/20<\/strong> \u2013\u00a0Inscri\u00e7\u00e3o na\u00a0Lista de Espera\u00a0em\u00a0<a href=\"http:\/\/sisu.mec.gov.br\/\" target=\"_blank\" rel=\"noopener noreferrer\"><b>sisu.mec.gov.br<\/b><\/a>\u00a0. Candidatos que n\u00e3o foram classificados na sua primeira op\u00e7\u00e3o de curso nem na segunda op\u00e7\u00e3o podem manifestar interesse em continuar concorrendo a um dos cursos, clicando no Boletim do Candidato e seguindo as instru\u00e7\u00f5es at\u00e9 o final.<\/p>\n<p><strong>30\/01 a 04\/02\/20 \u2013 <\/strong>Confirma\u00e7\u00e3o de Vaga da\u00a0<b>Chamada Regular\u00a0<\/b>conforme hor\u00e1rios descritos no\u00a0<b><a href=\"https:\/\/www.ufsm.br\/pro-reitorias\/prograd\/editais\/001-2020\/\">Edital<\/a><\/b>:<\/p>\n<ul>\n<li>Cursos Cachoeira do Sul:\u00a030 ou 31\/01\u00a0no pr\u00f3prio Campus\/CS;<\/li>\n<li>Cursos Frederico Westphalen:\u00a030 ou 31\/01\u00a0no pr\u00f3prio Campus\/FW;;<\/li>\n<li>Cursos Palmeira das Miss\u00f5es:\u00a030 ou 31\/01\u00a0no pr\u00f3prio Campus\/PM;;<\/li>\n<li>Cursos Santa Maria:\u00a003 ou 04 de fevereiro\u00a0no Campus Sede em Santa Maria;<\/li>\n<li>Retardat\u00e1rios de qualquer Campus que n\u00e3o confirmaram a vaga no dia indicado:\u00a0<b>03 ou 04 de fevereiro, no Campus Sede em Santa Maria) .<\/b><\/li>\n<\/ul>\n<div><b>\u00a0<\/b><\/div>\n<div><b>PRIMEIRA CHAMADA ORAL DA LISTA DE ESPERA:<\/b><\/div>\n<p><strong>06\/02\/20: <\/strong>Publica\u00e7\u00e3o do\u00a0<a href=\"https:\/\/www.ufsm.br\/pro-reitorias\/prograd\/editais\/008-2020\/\"><b>Edital da<\/b>\u00a0<strong>Primeira Chamada Oral da Lista de Espera<\/strong>\u00a0<\/a>no site\u00a0<a href=\"http:\/\/www.ufsm.br\/sisu\"><strong>www.ufsm.br\/sisu<\/strong><\/a>\u00a0(com data, local, hor\u00e1rio e instru\u00e7\u00f5es para Confirma\u00e7\u00e3o de Vaga).\u00a0<\/p>\n<p><b>10\/02\/20:<\/b>\u00a0Publica\u00e7\u00e3o do\u00a0<strong><a href=\"https:\/\/www.ufsm.br\/pro-reitorias\/prograd\/editais\/008-2020\/\">Quantitativo de vagas<\/a><\/strong>\u00a0por curso e cota e da\u00a0<strong><a href=\"https:\/\/www.ufsm.br\/pro-reitorias\/prograd\/editais\/008-2020\/\">Lista de Convocados para a Chamada Oral<\/a><\/strong>.\u00a0<\/p>\n<ul>\n<li>Cursos do\u00a0<b>Campus de Santa Maria:\u00a0<\/b><b>12, 13 e 14\/2 (Cada curso tem dia espec\u00edfico para chamada)<\/b>. Local da Chamada Oral: Pr\u00e9dio do Centro de Conven\u00e7\u00f5es, Campus Sede UFSM, Av. Roraima 1.000, bairro Camobi, Santa Maria, RS. Hor\u00e1rio de entrada dos candidatos:\u00a0 das 14 \u00e0s 16 horas;\u00a0<\/li>\n<li>Cursos do\u00a0<b>Campus de Cachoeira do Sul: 19\/2<\/b>.\u00a0 \u00a0Local: Rodovia Taufik Germano, 3013 \u2013 Passo da Areia \u2013 Campus de Cachoeira do Sul, RS, em local identificado na entrada do Campus. Hor\u00e1rio de entrada dos candidatos:\u00a0 das 14h30min \u00e0s 15h30min;<\/li>\n<li>Cursos do<b>\u00a0Campus de Frederico Westphalen: 18\/2.\u00a0<\/b>\u00a0Local: Campus de Frederico Westphalen, Linha 07 de Setembro, s\/n\u00ba, BR 386 Km 40 \u2013 Frederico Westphalen, RS, em local identificado na entrada do Campus. Hor\u00e1rio de Entrada dos Candidatos: das 8h30min \u00e0s 9h30min;<\/li>\n<li>Cursos do\u00a0<b>Campus de Palmeira das Miss\u00f5es: 18\/2<\/b>. Local: Campus de Palmeira das Miss\u00f5es, Av. Independ\u00eancia,n\u00ba 3751- Bairro Vista Alegre, Palmeira das Miss\u00f5es, RS, em local identificado na entrada do Campus. Hor\u00e1rio de Entrada dos Candidatos: 14h30min \u00e0s 15h30min.<\/li>\n<\/ul>\n<p><strong>\u00a0<\/strong><\/p>\n<p><strong>SEGUNDA CHAMADA ORAL DA LISTA DE ESPERA:<\/strong><\/p>\n<p><strong>21\/02\/20:<\/strong>\u00a0Publica\u00e7\u00e3o do\u00a0<a href=\"https:\/\/www.ufsm.br\/pro-reitorias\/prograd\/editais\/010-2020\/\"><strong>Edital da Segunda Chamada Oral da Lista de Espera<\/strong><\/a>\u00a0no site\u00a0<a href=\"http:\/\/www.ufsm.br\/sisu\"><strong>www.ufsm.br\/sisu<\/strong><\/a>\u00a0(com data, local, hor\u00e1rio e instru\u00e7\u00f5es para Confirma\u00e7\u00e3o de Vaga), junto com o\u00a0<a href=\"https:\/\/www.ufsm.br\/pro-reitorias\/prograd\/editais\/010-2020\/\"><strong>Quantitativo de vagas<\/strong><\/a>\u00a0por curso e a\u00a0<a href=\"https:\/\/www.ufsm.br\/pro-reitorias\/prograd\/editais\/010-2020\/\"><strong>Lista de Convocados para a Chamada Oral<\/strong><\/a>, sem classifica\u00e7\u00e3o por cotas (lista \u00fanica em ordem decrescente de pontua\u00e7\u00e3o por curso):<\/p>\n<ul>\n<li>Cursos do<strong>\u00a0Campus de Santa Maria: 27\/02<\/strong>\u00a0(<a href=\"https:\/\/www.ufsm.br\/pro-reitorias\/prograd\/wp-content\/uploads\/sites\/342\/2020\/02\/Segunda-Chamada-Oral-da-Lista-de-Espera-2020-1.pdf\"><strong>cada curso tem um turno espec\u00edfico para chamada<\/strong><\/a>). Local da Chamada Oral: Pr\u00e9dio do Centro de Conven\u00e7\u00f5es, Campus Sede UFSM, Av. Roraima 1.000, bairro Camobi, Santa Maria, RS.\u00a0<strong>Hor\u00e1rio de entrada dos candidatos:<\/strong>\u00a0das 8h \u00e0s 10h (<a href=\"https:\/\/www.ufsm.br\/pro-reitorias\/prograd\/wp-content\/uploads\/sites\/342\/2020\/02\/Segunda-Chamada-Oral-da-Lista-de-Espera-2020-1.pdf\"><strong>cursos atendidos pela manh\u00e3<\/strong><\/a>); das 14h \u00e0s 16h (<a href=\"https:\/\/www.ufsm.br\/pro-reitorias\/prograd\/wp-content\/uploads\/sites\/342\/2020\/02\/Segunda-Chamada-Oral-da-Lista-de-Espera-2020-1.pdf\"><strong>cursos atendidos pela tarde<\/strong><\/a>);<\/li>\n<\/ul>\n<ul>\n<li>Cursos do\u00a0<strong>Campus de Cachoeira do Sul: 28\/02<\/strong>. Local: Rodovia Taufik Germano, 3013 \u2013 Passo da Areia \u2013 Campus de Cachoeira do Sul, RS, em local identificado na entrada do Campus. Hor\u00e1rio de entrada dos candidatos:\u00a0<strong>das 14h30 \u00e0s 15h30<\/strong>;<\/li>\n<li>Cursos do\u00a0<strong>Campus de Frederico Westphalen: 03\/03<\/strong>. Local: Campus de Frederico Westphalen, Linha 07 de Setembro, s\/n\u00ba, BR 386 Km 40 \u2013 Frederico Westphalen, RS, em local identificado na entrada do Campus. Hor\u00e1rio de Entrada dos Candidatos:\u00a0<strong>das 08h30 \u00e0s 09h30<\/strong>;<\/li>\n<\/ul>\n<ul>\n<li>Cursos do\u00a0<strong>Campus de Palmeira das Miss\u00f5es: 03\/03<\/strong>. Local: Campus de Palmeira das Miss\u00f5es, Av. Independ\u00eancia, n\u00ba 3751- Bairro Vista Alegre \u2013 Palmeira das Miss\u00f5es, RS, em local identificado na entrada do Campus. Hor\u00e1rio de Entrada dos Candidatos:\u00a0<strong>das 14h30 \u00e0s 15h30<\/strong>.<\/li>\n<\/ul>\n<div>\u00a0<\/div>\n<div>\n<p><strong>TERCEIRA CHAMADA ORAL DA LISTA DE ESPERA:<\/strong><\/p>\n<p><strong>05\/03\/20<\/strong>: Publica\u00e7\u00e3o do <a href=\"https:\/\/www.ufsm.br\/pro-reitorias\/prograd\/editais\/013-2020\/\">Edital da Terceira Chamada Oral da Lista de Espera<\/a>\u00a0no site\u00a0<a href=\"http:\/\/www.ufsm.br\/sisu\">www.ufsm.br\/sisu<\/a>\u00a0(com data, local, hor\u00e1rio e instru\u00e7\u00f5es para a Confirma\u00e7\u00e3o de Vaga), junto com a\u00a0<a href=\"https:\/\/www.ufsm.br\/pro-reitorias\/prograd\/editais\/013-2020\/\">Lista de Convocados para a Chamada Oral<\/a>, sem classifica\u00e7\u00e3o por cotas (lista \u00fanica em ordem decrescente de pontua\u00e7\u00e3o por curso, permitindo Procurador para todos):<\/p>\n<p>A chamada dos cursos de todos os Campi ser\u00e1 realizada no dia <b>06 de mar\u00e7o de 2020<\/b>, no Pr\u00e9dio do Centro de Conven\u00e7\u00f5es \u2013 Campus Sede, Santa Maria\/RS, cujas portas ser\u00e3o abertas \u00e0s 13h30 e fechadas \u00e0s\u00a0<b>15 horas<\/b>.<\/p>\n<p><strong>EDITAL DE VAGAS COMPLEMENTARES (ENCERRAMENTO DAS CHAMADAS DO PRIMEIRO SEMESTRE DE 2020):<\/strong><\/p>\n<\/div>\n<p><strong>06\/03\/20:<\/strong>\u00a0Publica\u00e7\u00e3o do\u00a0<strong><a href=\"https:\/\/www.ufsm.br\/pro-reitorias\/prograd\/sisu\/2020\/03\/08\/candidatos-que-realizaram-o-enem-entre-2015-e-2019-podem-inscrever-se-gratuitamente-em-35-cursos-de-graduacao-da-ufsm\/\">Edital de Vagas Complementares SiSU UFSM 2020\/1<\/a><\/strong>, para inscri\u00e7\u00e3o gratuita de candidatos(as) que realizaram o Exame Nacional do Ensino M\u00e9dio (Enem) completo nos anos de 2015, 2016, 2017, 2018 e\/ou 2019.\u00a0<\/p>\n<p>Acesse tamb\u00e9m nosso\u00a0<a href=\"https:\/\/www.ufsm.br\/pro-reitorias\/prograd\/sisu\/guia-sisu-ufsm\/\"><strong>Guia SiSU UFSM<\/strong><\/a>, que traz um tutorial de orienta\u00e7\u00e3o aos(\u00e0s) Candidatos(as) e perguntas frequentes.<\/p>\n<p>Outras informa\u00e7\u00f5es podem ser obtidas atrav\u00e9s do email\u00a0<b><a href=\"mailto:copa.sisu@ufsm.br\">copa.sisu@ufsm.br<\/a><\/b>,\u00a0dos telefones (55) 3220.8338 e 3220.8187 e\u00a0pela p\u00e1gina\u00a0<a href=\"https:\/\/www.facebook.com\/confirmacaodevagaUFSM\/\"><strong>Confirma\u00e7\u00e3o de Vaga-UFSM<\/strong><\/a>\u00a0no Facebook.\u00a0<b>\u00a0<\/b><\/p>\n","protected":false},"excerpt":{"rendered":"<p>SiSU 2020\/1 (ingresso no 1\u00ba semestre) \u00a0 25\/11\/19 \u2013 \u00a0Publica\u00e7\u00e3o do\u00a0Termo de Ades\u00e3o MEC\/UFSM\/SiSU 2020-1\u00baSemestre, com: a rela\u00e7\u00e3o dos cursos ofertados no 1\u00ba semestre pela UFSM no\u00a0Campus\u00a0Sede (Santa Maria) e nos tr\u00eas\u00a0Campi\u00a0Descentralizados (Cachoeira do Sul, Frederico Westphalen e Palmeira das Miss\u00f5es); as vagas oferecidas na Ampla Concorr\u00eancia e nas oito modalidades de Cotas em cada [&hellip;]<\/p>\n","protected":false},"author":95,"featured_media":0,"parent":0,"menu_order":0,"comment_status":"closed","ping_status":"closed","template":"","meta":{"footnotes":""},"categories":[],"tags":[],"class_list":["post-364","page","type-page","status-publish","hentry"],"acf":[],"_links":{"self":[{"href":"https:\/\/www.ufsm.br\/pro-reitorias\/prograd\/sisu\/wp-json\/wp\/v2\/pages\/364","targetHints":{"allow":["GET"]}}],"collection":[{"href":"https:\/\/www.ufsm.br\/pro-reitorias\/prograd\/sisu\/wp-json\/wp\/v2\/pages"}],"about":[{"href":"https:\/\/www.ufsm.br\/pro-reitorias\/prograd\/sisu\/wp-json\/wp\/v2\/types\/page"}],"author":[{"embeddable":true,"href":"https:\/\/www.ufsm.br\/pro-reitorias\/prograd\/sisu\/wp-json\/wp\/v2\/users\/95"}],"replies":[{"embeddable":true,"href":"https:\/\/www.ufsm.br\/pro-reitorias\/prograd\/sisu\/wp-json\/wp\/v2\/comments?post=364"}],"version-history":[{"count":0,"href":"https:\/\/www.ufsm.br\/pro-reitorias\/prograd\/sisu\/wp-json\/wp\/v2\/pages\/364\/revisions"}],"wp:attachment":[{"href":"https:\/\/www.ufsm.br\/pro-reitorias\/prograd\/sisu\/wp-json\/wp\/v2\/media?parent=364"}],"wp:term":[{"taxonomy":"category","embeddable":true,"href":"https:\/\/www.ufsm.br\/pro-reitorias\/prograd\/sisu\/wp-json\/wp\/v2\/categories?post=364"},{"taxonomy":"post_tag","embeddable":true,"href":"https:\/\/www.ufsm.br\/pro-reitorias\/prograd\/sisu\/wp-json\/wp\/v2\/tags?post=364"}],"curies":[{"name":"wp","href":"https:\/\/api.w.org\/{rel}","templated":true}]}}