{"id":463,"date":"2021-02-08T03:44:24","date_gmt":"2021-02-08T06:44:24","guid":{"rendered":"https:\/\/www.ufsm.br\/pro-reitorias\/prograd\/sisu\/?page_id=463"},"modified":"2021-02-08T05:23:51","modified_gmt":"2021-02-08T08:23:51","slug":"2021-1","status":"publish","type":"page","link":"https:\/\/www.ufsm.br\/pro-reitorias\/prograd\/sisu\/2021-1","title":{"rendered":"2021-1"},"content":{"rendered":"\t\t<div data-elementor-type=\"wp-page\" data-elementor-id=\"463\" class=\"elementor elementor-463\">\n\t\t\t\t\t\t<section class=\"elementor-section elementor-top-section elementor-element elementor-element-2ea91e21 elementor-section-boxed elementor-section-height-default elementor-section-height-default\" data-id=\"2ea91e21\" data-element_type=\"section\">\n\t\t\t\t\t\t<div class=\"elementor-container elementor-column-gap-default\">\n\t\t\t\t\t<div class=\"elementor-column elementor-col-100 elementor-top-column elementor-element elementor-element-7ea97e68\" data-id=\"7ea97e68\" data-element_type=\"column\">\n\t\t\t<div class=\"elementor-widget-wrap elementor-element-populated\">\n\t\t\t\t\t\t<div class=\"elementor-element elementor-element-2060939a elementor-widget elementor-widget-text-editor\" data-id=\"2060939a\" data-element_type=\"widget\" data-widget_type=\"text-editor.default\">\n\t\t\t\t<div class=\"elementor-widget-container\">\n\t\t\t\t\t\t\t<!-- wp:tadv\/classic-paragraph \/-->\t\t\t\t\t\t<\/div>\n\t\t\t\t<\/div>\n\t\t\t\t\t<\/div>\n\t\t<\/div>\n\t\t\t\t\t<\/div>\n\t\t<\/section>\n\t\t\t\t<section class=\"elementor-section elementor-top-section elementor-element elementor-element-3e1e637 elementor-section-boxed elementor-section-height-default elementor-section-height-default\" data-id=\"3e1e637\" data-element_type=\"section\">\n\t\t\t\t\t\t<div class=\"elementor-container elementor-column-gap-default\">\n\t\t\t\t\t<div class=\"elementor-column elementor-col-100 elementor-top-column elementor-element elementor-element-7202200\" data-id=\"7202200\" data-element_type=\"column\">\n\t\t\t<div class=\"elementor-widget-wrap elementor-element-populated\">\n\t\t\t\t\t\t<div class=\"elementor-element elementor-element-8841ef8 elementor-widget elementor-widget-text-editor\" data-id=\"8841ef8\" data-element_type=\"widget\" data-widget_type=\"text-editor.default\">\n\t\t\t\t<div class=\"elementor-widget-container\">\n\t\t\t\t\t\t\t<p>2021-1.<\/p>\t\t\t\t\t\t<\/div>\n\t\t\t\t<\/div>\n\t\t\t\t\t<\/div>\n\t\t<\/div>\n\t\t\t\t\t<\/div>\n\t\t<\/section>\n\t\t\t\t<section class=\"elementor-section elementor-top-section elementor-element elementor-element-72e8351 elementor-section-boxed elementor-section-height-default elementor-section-height-default\" data-id=\"72e8351\" data-element_type=\"section\">\n\t\t\t\t\t\t<div class=\"elementor-container elementor-column-gap-default\">\n\t\t\t\t\t<div class=\"elementor-column elementor-col-100 elementor-top-column elementor-element elementor-element-ce4fd86\" data-id=\"ce4fd86\" data-element_type=\"column\">\n\t\t\t<div class=\"elementor-widget-wrap\">\n\t\t\t\t\t\t\t<\/div>\n\t\t<\/div>\n\t\t\t\t\t<\/div>\n\t\t<\/section>\n\t\t\t\t<section class=\"elementor-section elementor-top-section elementor-element elementor-element-b8cef60 elementor-section-boxed elementor-section-height-default elementor-section-height-default\" data-id=\"b8cef60\" data-element_type=\"section\">\n\t\t\t\t\t\t<div class=\"elementor-container elementor-column-gap-default\">\n\t\t\t\t\t<div class=\"elementor-column elementor-col-100 elementor-top-column elementor-element elementor-element-3113728\" data-id=\"3113728\" data-element_type=\"column\">\n\t\t\t<div class=\"elementor-widget-wrap elementor-element-populated\">\n\t\t\t\t\t\t<div class=\"elementor-element elementor-element-7193d5f elementor-widget elementor-widget-toggle\" data-id=\"7193d5f\" data-element_type=\"widget\" data-widget_type=\"toggle.default\">\n\t\t\t\t<div class=\"elementor-widget-container\">\n\t\t\t\t\t<div class=\"elementor-toggle\">\n\t\t\t\t\t\t\t<div class=\"elementor-toggle-item\">\n\t\t\t\t\t<div id=\"elementor-tab-title-1191\" class=\"elementor-tab-title\" data-tab=\"1\" role=\"button\" aria-controls=\"elementor-tab-content-1191\" aria-expanded=\"false\">\n\t\t\t\t\t\t\t\t\t\t\t\t<span class=\"elementor-toggle-icon elementor-toggle-icon-left\" aria-hidden=\"true\">\n\t\t\t\t\t\t\t\t\t\t\t\t\t\t\t<span class=\"elementor-toggle-icon-closed\"><i class=\"fas fa-caret-right\"><\/i><\/span>\n\t\t\t\t\t\t\t\t<span class=\"elementor-toggle-icon-opened\"><i class=\"elementor-toggle-icon-opened fas fa-caret-up\"><\/i><\/span>\n\t\t\t\t\t\t\t\t\t\t\t\t\t<\/span>\n\t\t\t\t\t\t\t\t\t\t\t\t<a class=\"elementor-toggle-title\" tabindex=\"0\">A<\/a>\n\t\t\t\t\t<\/div>\n\n\t\t\t\t\t<div id=\"elementor-tab-content-1191\" class=\"elementor-tab-content elementor-clearfix\" data-tab=\"1\" role=\"region\" aria-labelledby=\"elementor-tab-title-1191\"><p class=\"MsoNormal\"><span style=\"font-family: 'Times New Roman','serif'\"><strong>Nome do Curso<\/strong> &#8211; XXXX <\/span><\/p>\n<p class=\"MsoNormal\"><span style=\"font-family: 'Times New Roman','serif'\"><strong>Campus Sede<\/strong> (Santa Maria, RS, bairro Camobi) &#8211; Campus de Frederico Westphalen (RS) de Cachoeira do Sul (RS) de Palmeira das Miss\u00f5es (RS)<\/span><\/p>\n<p class=\"MsoNormal\"><span style=\"font-family: 'Times New Roman','serif'\">Bacharelado Licenciatura Curso Superior de Tecnologia (Tecn\u00f3logo) &#8211; Turno integral (manh\u00e3 e tarde) matutino (manh\u00e3) noturno<\/span><\/p>\n<p class=\"MsoNormal\"><span style=\"font-family: 'Times New Roman','serif'\">Dura\u00e7\u00e3o: XX semestres<\/span><\/p>\n<p class=\"MsoNormal\"><span style=\"font-family: 'Times New Roman','serif'\">Site do Curso no <b><a href=\"http:\/\/ufsm.br\/descubra\" target=\"_blank\" rel=\"noopener\">Descubra UFSM<\/a><\/b> (lives, entrevistas, fotos, v\u00eddeos)<\/span><\/p>\n<p class=\"MsoNormal\"><b><a href=\"http:\/\/ufsm.br\/graduacao\" target=\"_blank\" rel=\"noopener\">Site do Curso<\/a> <\/b><\/p>\n<p class=\"MsoNormal\"><b><span style=\"font-family: 'Times New Roman','serif'\"><a href=\"http:\/\/ufsm.br\/graduacao\" target=\"_blank\" rel=\"noopener\">Estrutura Curricular do Curso<\/a><\/span><\/b><span style=\"font-family: 'Times New Roman','serif'\"> (disciplinas de cada semestre)<\/span><\/p>\n<p class=\"MsoNormal\"><span style=\"font-family: 'Times New Roman','serif'\">E-mail do Curso:<\/span><span style=\"font-family: 'Times New Roman', serif\">\u00a0<\/span><\/p>\n<p class=\"MsoNormal\"><span style=\"font-family: 'Times New Roman','serif'\">Vagas: XX, ofertadas apenas no SiSU-1 [,sendo XX no SiSU-1 e XX no SiSU-2][o curso NOTURNO tem previs\u00e3o de oferta de XX vagas no SiSU-2][o Curso tem previs\u00e3o de oferta de mais XX vagas no SiSU-2] <\/span><\/p>\n<p class=\"MsoNormal\"><span style=\"font-family: 'Times New Roman','serif'\">Distribui\u00e7\u00e3o das vagas na Ampla Concorr\u00eancia (A0) e nas Cotas do SiSU-1:<\/span><\/p>\n<div align=\"center\">\n<table class=\"MsoTableGrid\" style=\"border: initial none initial\" border=\"1\" cellspacing=\"0\" cellpadding=\"0\">\n<tbody>\n<tr>\n<td style=\"width: 51.7pt;border-width: 1pt;border-top-style: solid;border-bottom-style: solid;border-left-style: solid;border-color: windowtext;padding: 0cm 5.4pt\" valign=\"top\" width=\"69\">\n<p class=\"MsoNormal\" style=\"text-align: center\" align=\"center\"><span style=\"font-family: 'Times New Roman','serif'\">A0<\/span><\/p>\n<\/td>\n<td style=\"width: 51.7pt;border-top: 1pt solid windowtext;border-right-width: 1pt;border-bottom: 1pt solid windowtext;border-right-color: windowtext;border-left: none;padding: 0cm 5.4pt\" valign=\"top\" width=\"69\">\n<p class=\"MsoNormal\" style=\"text-align: center\" align=\"center\"><span style=\"font-family: 'Times New Roman','serif'\">L1<\/span><\/p>\n<\/td>\n<td style=\"width: 51.7pt;border-top: 1pt solid windowtext;border-right-width: 1pt;border-bottom: 1pt solid windowtext;border-right-color: windowtext;border-left: none;padding: 0cm 5.4pt\" valign=\"top\" width=\"69\">\n<p class=\"MsoNormal\" style=\"text-align: center\" align=\"center\"><span style=\"font-family: 'Times New Roman','serif'\">L2<\/span><\/p>\n<\/td>\n<td style=\"width: 51.7pt;border-top: 1pt solid windowtext;border-right-width: 1pt;border-bottom: 1pt solid windowtext;border-right-color: windowtext;border-left: none;padding: 0cm 5.4pt\" valign=\"top\" width=\"69\">\n<p class=\"MsoNormal\" style=\"text-align: center\" align=\"center\"><span style=\"font-family: 'Times New Roman','serif'\">L5<\/span><\/p>\n<\/td>\n<td style=\"width: 51.7pt;border-top: 1pt solid windowtext;border-right-width: 1pt;border-bottom: 1pt solid windowtext;border-right-color: windowtext;border-left: none;padding: 0cm 5.4pt\" valign=\"top\" width=\"69\">\n<p class=\"MsoNormal\" style=\"text-align: center\" align=\"center\"><span style=\"font-family: 'Times New Roman','serif'\">L6<\/span><\/p>\n<\/td>\n<td style=\"width: 51.7pt;border-top: 1pt solid windowtext;border-right-width: 1pt;border-bottom: 1pt solid windowtext;border-right-color: windowtext;border-left: none;padding: 0cm 5.4pt\" valign=\"top\" width=\"69\">\n<p class=\"MsoNormal\" style=\"text-align: center\" align=\"center\"><span style=\"font-family: 'Times New Roman','serif'\">L9<\/span><\/p>\n<\/td>\n<td style=\"width: 51.75pt;border-top: 1pt solid windowtext;border-right-width: 1pt;border-bottom: 1pt solid windowtext;border-right-color: windowtext;border-left: none;padding: 0cm 5.4pt\" valign=\"top\" width=\"69\">\n<p class=\"MsoNormal\" style=\"text-align: center\" align=\"center\"><span style=\"font-family: 'Times New Roman','serif'\">L10<\/span><\/p>\n<\/td>\n<td style=\"width: 51.75pt;border-top: 1pt solid windowtext;border-right-width: 1pt;border-bottom: 1pt solid windowtext;border-right-color: windowtext;border-left: none;padding: 0cm 5.4pt\" valign=\"top\" width=\"69\">\n<p class=\"MsoNormal\" style=\"text-align: center\" align=\"center\"><span style=\"font-family: 'Times New Roman','serif'\">L13<\/span><\/p>\n<\/td>\n<td style=\"width: 51.75pt;border-top: 1pt solid windowtext;border-right-width: 1pt;border-bottom: 1pt solid windowtext;border-right-color: windowtext;border-left: none;padding: 0cm 5.4pt\" valign=\"top\" width=\"69\">\n<p class=\"MsoNormal\" style=\"text-align: center\" align=\"center\"><span style=\"font-family: 'Times New Roman','serif'\">L14<\/span><\/p>\n<\/td>\n<td style=\"width: 51.75pt;border: solid windowtext 1.0pt;border-left: none;padding: 0cm 5.4pt 0cm 5.4pt\" valign=\"top\" width=\"69\">\n<p class=\"MsoNormal\" style=\"text-align: center\" align=\"center\"><b>TOTAL<\/b><\/p>\n<\/td>\n<\/tr>\n<tr>\n<td style=\"width: 51.7pt;border-right-width: 1pt;border-bottom: 1pt solid windowtext;border-left: 1pt solid windowtext;border-right-color: windowtext;border-top: none;padding: 0cm 5.4pt\" valign=\"top\" width=\"69\">\n<p class=\"MsoNormal\" style=\"text-align: center\" align=\"center\"><span style=\"font-family: 'Times New Roman','serif'\">xx<\/span><\/p>\n<\/td>\n<td style=\"width: 51.7pt;border-top: none;border-left: none;border-bottom: 1pt solid windowtext;border-right-width: 1pt;border-right-color: windowtext;padding: 0cm 5.4pt\" valign=\"top\" width=\"69\">\n<p class=\"MsoNormal\" style=\"text-align: center\" align=\"center\"><span style=\"font-family: 'Times New Roman','serif'\">xx<\/span><\/p>\n<\/td>\n<td style=\"width: 51.7pt;border-top: none;border-left: none;border-bottom: 1pt solid windowtext;border-right-width: 1pt;border-right-color: windowtext;padding: 0cm 5.4pt\" valign=\"top\" width=\"69\">\n<p class=\"MsoNormal\" style=\"text-align: center\" align=\"center\"><span style=\"font-family: 'Times New Roman','serif'\">xx<\/span><\/p>\n<\/td>\n<td style=\"width: 51.7pt;border-top: none;border-left: none;border-bottom: 1pt solid windowtext;border-right-width: 1pt;border-right-color: windowtext;padding: 0cm 5.4pt\" valign=\"top\" width=\"69\">\n<p class=\"MsoNormal\" style=\"text-align: center\" align=\"center\"><span style=\"font-family: 'Times New Roman','serif'\">xx<\/span><\/p>\n<\/td>\n<td style=\"width: 51.7pt;border-top: none;border-left: none;border-bottom: 1pt solid windowtext;border-right-width: 1pt;border-right-color: windowtext;padding: 0cm 5.4pt\" valign=\"top\" width=\"69\">\n<p class=\"MsoNormal\" style=\"text-align: center\" align=\"center\"><span style=\"font-family: 'Times New Roman','serif'\">xx<\/span><\/p>\n<\/td>\n<td style=\"width: 51.7pt;border-top: none;border-left: none;border-bottom: 1pt solid windowtext;border-right-width: 1pt;border-right-color: windowtext;padding: 0cm 5.4pt\" valign=\"top\" width=\"69\">\n<p class=\"MsoNormal\" style=\"text-align: center\" align=\"center\"><span style=\"font-family: 'Times New Roman','serif'\">xx<\/span><\/p>\n<\/td>\n<td style=\"width: 51.75pt;border-top: none;border-left: none;border-bottom: 1pt solid windowtext;border-right-width: 1pt;border-right-color: windowtext;padding: 0cm 5.4pt\" valign=\"top\" width=\"69\">\n<p class=\"MsoNormal\" style=\"text-align: center\" align=\"center\"><span style=\"font-family: 'Times New Roman','serif'\">xx<\/span><\/p>\n<\/td>\n<td style=\"width: 51.75pt;border-top: none;border-left: none;border-bottom: 1pt solid windowtext;border-right-width: 1pt;border-right-color: windowtext;padding: 0cm 5.4pt\" valign=\"top\" width=\"69\">\n<p class=\"MsoNormal\" style=\"text-align: center\" align=\"center\"><span style=\"font-family: 'Times New Roman','serif'\">xx<\/span><\/p>\n<\/td>\n<td style=\"width: 51.75pt;border-top: none;border-left: none;border-bottom: 1pt solid windowtext;border-right-width: 1pt;border-right-color: windowtext;padding: 0cm 5.4pt\" valign=\"top\" width=\"69\">\n<p class=\"MsoNormal\" style=\"text-align: center\" align=\"center\"><span style=\"font-family: 'Times New Roman','serif'\">xx<\/span><\/p>\n<\/td>\n<td style=\"width: 51.75pt;border-top: none;border-left: none;border-bottom: solid windowtext 1.0pt;border-right: solid windowtext 1.0pt;padding: 0cm 5.4pt 0cm 5.4pt\" valign=\"top\" width=\"69\">\n<p class=\"MsoNormal\" style=\"text-align: center\" align=\"center\"><b>xx<\/b><\/p>\n<\/td>\n<\/tr>\n<\/tbody>\n<\/table>\n<p>\u00a0<\/p>\n<\/div><\/div>\n\t\t\t\t<\/div>\n\t\t\t\t\t\t\t<div class=\"elementor-toggle-item\">\n\t\t\t\t\t<div id=\"elementor-tab-title-1192\" class=\"elementor-tab-title\" data-tab=\"2\" role=\"button\" aria-controls=\"elementor-tab-content-1192\" aria-expanded=\"false\">\n\t\t\t\t\t\t\t\t\t\t\t\t<span class=\"elementor-toggle-icon elementor-toggle-icon-left\" aria-hidden=\"true\">\n\t\t\t\t\t\t\t\t\t\t\t\t\t\t\t<span class=\"elementor-toggle-icon-closed\"><i class=\"fas fa-caret-right\"><\/i><\/span>\n\t\t\t\t\t\t\t\t<span class=\"elementor-toggle-icon-opened\"><i class=\"elementor-toggle-icon-opened fas fa-caret-up\"><\/i><\/span>\n\t\t\t\t\t\t\t\t\t\t\t\t\t<\/span>\n\t\t\t\t\t\t\t\t\t\t\t\t<a class=\"elementor-toggle-title\" tabindex=\"0\">B<\/a>\n\t\t\t\t\t<\/div>\n\n\t\t\t\t\t<div id=\"elementor-tab-content-1192\" class=\"elementor-tab-content elementor-clearfix\" data-tab=\"2\" role=\"region\" aria-labelledby=\"elementor-tab-title-1192\"><p>Nome do Curso &#8211; XXXX<\/p>\n<p>Campus Sede (Santa Maria, RS, bairro Camobi) &#8211; Campus de Frederico Westphalen (RS) de Cachoeira do Sul (RS) de Palmeira das Miss\u00f5es (RS)<\/p>\n<p>\u00a0<\/p>\n<p>Bacharelado Licenciatura Curso Superior de Tecnologia (Tecn\u00f3logo) &#8211; Turno integral (manh\u00e3 e tarde) matutino (manh\u00e3) noturno<\/p>\n<p>Dura\u00e7\u00e3o: XX semestres<\/p>\n<p>\u00a0<\/p>\n<p>Site do Curso no Descubra UFSM (lives, entrevistas, fotos, v\u00eddeos)<\/p>\n<p>Site do Curso<\/p>\n<p>Estrutura Curricular do Curso (disciplinas em cada semestre)<\/p>\n<p>E-mail do Curso: xxx@xx<\/p>\n<p>\u00a0<\/p>\n<p>Vagas: XX, ofertadas apenas no SiSU-1 [,sendo XX no SiSU-1 e XX no SiSU-2][o curso NOTURNO tem previs\u00e3o de oferta de XX vagas no SiSU-2][o Curso tem previs\u00e3o de oferta de mais XX vagas no SiSU-2]<\/p>\n<p>Distribui\u00e7\u00e3o das vagas na Ampla Concorr\u00eancia (A0) e nas Cotas do SiSU-1:<\/p>\n<p>\u00a0<\/p>\n<table>\n<tbody>\n<tr>\n<td width=\"69\">\n<p>A0<\/p>\n<\/td>\n<td width=\"69\">\n<p>L1<\/p>\n<\/td>\n<td width=\"69\">\n<p>L2<\/p>\n<\/td>\n<td width=\"69\">\n<p>L5<\/p>\n<\/td>\n<td width=\"69\">\n<p>L6<\/p>\n<\/td>\n<td width=\"69\">\n<p>L9<\/p>\n<\/td>\n<td width=\"69\">\n<p>L10<\/p>\n<\/td>\n<td width=\"69\">\n<p>L13<\/p>\n<\/td>\n<td width=\"69\">\n<p>L14<\/p>\n<\/td>\n<td width=\"69\">\n<p><strong>TOTAL<\/strong><\/p>\n<\/td>\n<\/tr>\n<tr>\n<td width=\"69\">\n<p>xx<\/p>\n<\/td>\n<td width=\"69\">\n<p>Xx<\/p>\n<\/td>\n<td width=\"69\">\n<p>xx<\/p>\n<\/td>\n<td width=\"69\">\n<p>xx<\/p>\n<\/td>\n<td width=\"69\">\n<p>xx<\/p>\n<\/td>\n<td width=\"69\">\n<p>Xx<\/p>\n<\/td>\n<td width=\"69\">\n<p>xx<\/p>\n<\/td>\n<td width=\"69\">\n<p>xx<\/p>\n<\/td>\n<td width=\"69\">\n<p>xx<\/p>\n<\/td>\n<td width=\"69\">\n<p><strong>xx<\/strong><\/p>\n<\/td>\n<\/tr>\n<\/tbody>\n<\/table>\n<p>\u00a0<\/p>\n<p>\u00a0<\/p><\/div>\n\t\t\t\t<\/div>\n\t\t\t\t\t\t\t\t<\/div>\n\t\t\t\t<\/div>\n\t\t\t\t<\/div>\n\t\t\t\t\t<\/div>\n\t\t<\/div>\n\t\t\t\t\t<\/div>\n\t\t<\/section>\n\t\t\t\t<section class=\"elementor-section elementor-top-section elementor-element elementor-element-44ab40a elementor-section-boxed elementor-section-height-default elementor-section-height-default\" data-id=\"44ab40a\" data-element_type=\"section\">\n\t\t\t\t\t\t<div class=\"elementor-container elementor-column-gap-default\">\n\t\t\t\t\t<div class=\"elementor-column elementor-col-100 elementor-top-column elementor-element elementor-element-222912a\" data-id=\"222912a\" data-element_type=\"column\">\n\t\t\t<div class=\"elementor-widget-wrap elementor-element-populated\">\n\t\t\t\t\t\t<div class=\"elementor-element elementor-element-6e464c1 elementor-widget elementor-widget-accordion\" data-id=\"6e464c1\" data-element_type=\"widget\" data-widget_type=\"accordion.default\">\n\t\t\t\t<div class=\"elementor-widget-container\">\n\t\t\t\t\t<div class=\"elementor-accordion\">\n\t\t\t\t\t\t\t<div class=\"elementor-accordion-item\">\n\t\t\t\t\t<div id=\"elementor-tab-title-1151\" class=\"elementor-tab-title\" data-tab=\"1\" role=\"button\" aria-controls=\"elementor-tab-content-1151\" aria-expanded=\"false\">\n\t\t\t\t\t\t\t\t\t\t\t\t\t<span class=\"elementor-accordion-icon elementor-accordion-icon-left\" aria-hidden=\"true\">\n\t\t\t\t\t\t\t\t\t\t\t\t\t\t\t<span class=\"elementor-accordion-icon-closed\"><i class=\"fas fa-plus\"><\/i><\/span>\n\t\t\t\t\t\t\t\t<span class=\"elementor-accordion-icon-opened\"><i class=\"fas fa-minus\"><\/i><\/span>\n\t\t\t\t\t\t\t\t\t\t\t\t\t\t<\/span>\n\t\t\t\t\t\t\t\t\t\t\t\t<a class=\"elementor-accordion-title\" tabindex=\"0\">C<\/a>\n\t\t\t\t\t<\/div>\n\t\t\t\t\t<div id=\"elementor-tab-content-1151\" class=\"elementor-tab-content elementor-clearfix\" data-tab=\"1\" role=\"region\" aria-labelledby=\"elementor-tab-title-1151\"><p>Nome do Curso &#8211; XXXX<\/p>\n<p>Campus Sede (Santa Maria, RS, bairro Camobi) &#8211; Campus de Frederico Westphalen (RS) de Cachoeira do Sul (RS) de Palmeira das Miss\u00f5es (RS)<\/p>\n<p>\u00a0<\/p>\n<p>Bacharelado Licenciatura Curso Superior de Tecnologia (Tecn\u00f3logo) &#8211; Turno integral (manh\u00e3 e tarde) matutino (manh\u00e3) noturno<\/p>\n<p>Dura\u00e7\u00e3o: XX semestres<\/p>\n<p>\u00a0<\/p>\n<p>Site do Curso no Descubra UFSM (lives, entrevistas, fotos, v\u00eddeos)<\/p>\n<p>Site do Curso<\/p>\n<p>Estrutura Curricular do Curso (disciplinas em cada semestre)<\/p>\n<p>E-mail do Curso: xxx@xx<\/p>\n<p>\u00a0<\/p>\n<p>Vagas: XX, ofertadas apenas no SiSU-1 [,sendo XX no SiSU-1 e XX no SiSU-2][o curso NOTURNO tem previs\u00e3o de oferta de XX vagas no SiSU-2][o Curso tem previs\u00e3o de oferta de mais XX vagas no SiSU-2]<\/p>\n<p>Distribui\u00e7\u00e3o das vagas na Ampla Concorr\u00eancia (A0) e nas Cotas do SiSU-1:<\/p>\n<p>\u00a0<\/p>\n<table>\n<tbody>\n<tr>\n<td width=\"69\">\n<p>A0<\/p>\n<\/td>\n<td width=\"69\">\n<p>L1<\/p>\n<\/td>\n<td width=\"69\">\n<p>L2<\/p>\n<\/td>\n<td width=\"69\">\n<p>L5<\/p>\n<\/td>\n<td width=\"69\">\n<p>L6<\/p>\n<\/td>\n<td width=\"69\">\n<p>L9<\/p>\n<\/td>\n<td width=\"69\">\n<p>L10<\/p>\n<\/td>\n<td width=\"69\">\n<p>L13<\/p>\n<\/td>\n<td width=\"69\">\n<p>L14<\/p>\n<\/td>\n<td width=\"69\">\n<p><strong>TOTAL<\/strong><\/p>\n<\/td>\n<\/tr>\n<tr>\n<td width=\"69\">\n<p>xx<\/p>\n<\/td>\n<td width=\"69\">\n<p>Xx<\/p>\n<\/td>\n<td width=\"69\">\n<p>xx<\/p>\n<\/td>\n<td width=\"69\">\n<p>xx<\/p>\n<\/td>\n<td width=\"69\">\n<p>xx<\/p>\n<\/td>\n<td width=\"69\">\n<p>Xx<\/p>\n<\/td>\n<td width=\"69\">\n<p>xx<\/p>\n<\/td>\n<td width=\"69\">\n<p>xx<\/p>\n<\/td>\n<td width=\"69\">\n<p>xx<\/p>\n<\/td>\n<td width=\"69\">\n<p><strong>xx<\/strong><\/p>\n<\/td>\n<\/tr>\n<\/tbody>\n<\/table>\n<p>\u00a0<\/p>\n<p>\u00a0<\/p><\/div>\n\t\t\t\t<\/div>\n\t\t\t\t\t\t\t<div class=\"elementor-accordion-item\">\n\t\t\t\t\t<div id=\"elementor-tab-title-1152\" class=\"elementor-tab-title\" data-tab=\"2\" role=\"button\" aria-controls=\"elementor-tab-content-1152\" aria-expanded=\"false\">\n\t\t\t\t\t\t\t\t\t\t\t\t\t<span class=\"elementor-accordion-icon elementor-accordion-icon-left\" aria-hidden=\"true\">\n\t\t\t\t\t\t\t\t\t\t\t\t\t\t\t<span class=\"elementor-accordion-icon-closed\"><i class=\"fas fa-plus\"><\/i><\/span>\n\t\t\t\t\t\t\t\t<span class=\"elementor-accordion-icon-opened\"><i class=\"fas fa-minus\"><\/i><\/span>\n\t\t\t\t\t\t\t\t\t\t\t\t\t\t<\/span>\n\t\t\t\t\t\t\t\t\t\t\t\t<a class=\"elementor-accordion-title\" tabindex=\"0\">D<\/a>\n\t\t\t\t\t<\/div>\n\t\t\t\t\t<div id=\"elementor-tab-content-1152\" class=\"elementor-tab-content elementor-clearfix\" data-tab=\"2\" role=\"region\" aria-labelledby=\"elementor-tab-title-1152\"><p>Nome do Curso &#8211; XXXX<\/p>\n<p>Campus Sede (Santa Maria, RS, bairro Camobi) &#8211; Campus de Frederico Westphalen (RS) de Cachoeira do Sul (RS) de Palmeira das Miss\u00f5es (RS)<\/p>\n<p>\u00a0<\/p>\n<p>Bacharelado Licenciatura Curso Superior de Tecnologia (Tecn\u00f3logo) &#8211; Turno integral (manh\u00e3 e tarde) matutino (manh\u00e3) noturno<\/p>\n<p>Dura\u00e7\u00e3o: XX semestres<\/p>\n<p>\u00a0<\/p>\n<p>Site do Curso no Descubra UFSM (lives, entrevistas, fotos, v\u00eddeos)<\/p>\n<p>Site do Curso<\/p>\n<p>Estrutura Curricular do Curso (disciplinas em cada semestre)<\/p>\n<p>E-mail do Curso: xxx@xx<\/p>\n<p>\u00a0<\/p>\n<p>Vagas: XX, ofertadas apenas no SiSU-1 [,sendo XX no SiSU-1 e XX no SiSU-2][o curso NOTURNO tem previs\u00e3o de oferta de XX vagas no SiSU-2][o Curso tem previs\u00e3o de oferta de mais XX vagas no SiSU-2]<\/p>\n<p>Distribui\u00e7\u00e3o das vagas na Ampla Concorr\u00eancia (A0) e nas Cotas do SiSU-1:<\/p>\n<p>\u00a0<\/p>\n<table>\n<tbody>\n<tr>\n<td width=\"69\">\n<p>A0<\/p>\n<\/td>\n<td width=\"69\">\n<p>L1<\/p>\n<\/td>\n<td width=\"69\">\n<p>L2<\/p>\n<\/td>\n<td width=\"69\">\n<p>L5<\/p>\n<\/td>\n<td width=\"69\">\n<p>L6<\/p>\n<\/td>\n<td width=\"69\">\n<p>L9<\/p>\n<\/td>\n<td width=\"69\">\n<p>L10<\/p>\n<\/td>\n<td width=\"69\">\n<p>L13<\/p>\n<\/td>\n<td width=\"69\">\n<p>L14<\/p>\n<\/td>\n<td width=\"69\">\n<p><strong>TOTAL<\/strong><\/p>\n<\/td>\n<\/tr>\n<tr>\n<td width=\"69\">\n<p>xx<\/p>\n<\/td>\n<td width=\"69\">\n<p>Xx<\/p>\n<\/td>\n<td width=\"69\">\n<p>xx<\/p>\n<\/td>\n<td width=\"69\">\n<p>xx<\/p>\n<\/td>\n<td width=\"69\">\n<p>xx<\/p>\n<\/td>\n<td width=\"69\">\n<p>Xx<\/p>\n<\/td>\n<td width=\"69\">\n<p>xx<\/p>\n<\/td>\n<td width=\"69\">\n<p>xx<\/p>\n<\/td>\n<td width=\"69\">\n<p>xx<\/p>\n<\/td>\n<td width=\"69\">\n<p><strong>xx<\/strong><\/p>\n<\/td>\n<\/tr>\n<\/tbody>\n<\/table>\n<p>\u00a0<\/p>\n<p>\u00a0<\/p><\/div>\n\t\t\t\t<\/div>\n\t\t\t\t\t\t\t\t<\/div>\n\t\t\t\t<\/div>\n\t\t\t\t<\/div>\n\t\t\t\t\t<\/div>\n\t\t<\/div>\n\t\t\t\t\t<\/div>\n\t\t<\/section>\n\t\t\t\t<\/div>\n\t\t","protected":false},"excerpt":{"rendered":"<p>2021-1. A Nome do Curso &#8211; XXXX Campus Sede (Santa Maria, RS, bairro Camobi) &#8211; Campus de Frederico Westphalen (RS) de Cachoeira do Sul (RS) de Palmeira das Miss\u00f5es (RS) Bacharelado Licenciatura Curso Superior de Tecnologia (Tecn\u00f3logo) &#8211; Turno integral (manh\u00e3 e tarde) matutino (manh\u00e3) noturno Dura\u00e7\u00e3o: XX semestres Site do Curso no Descubra UFSM [&hellip;]<\/p>\n","protected":false},"author":95,"featured_media":0,"parent":0,"menu_order":0,"comment_status":"closed","ping_status":"closed","template":"","meta":{"footnotes":""},"categories":[],"tags":[],"class_list":["post-463","page","type-page","status-publish","hentry"],"acf":[],"_links":{"self":[{"href":"https:\/\/www.ufsm.br\/pro-reitorias\/prograd\/sisu\/wp-json\/wp\/v2\/pages\/463","targetHints":{"allow":["GET"]}}],"collection":[{"href":"https:\/\/www.ufsm.br\/pro-reitorias\/prograd\/sisu\/wp-json\/wp\/v2\/pages"}],"about":[{"href":"https:\/\/www.ufsm.br\/pro-reitorias\/prograd\/sisu\/wp-json\/wp\/v2\/types\/page"}],"author":[{"embeddable":true,"href":"https:\/\/www.ufsm.br\/pro-reitorias\/prograd\/sisu\/wp-json\/wp\/v2\/users\/95"}],"replies":[{"embeddable":true,"href":"https:\/\/www.ufsm.br\/pro-reitorias\/prograd\/sisu\/wp-json\/wp\/v2\/comments?post=463"}],"version-history":[{"count":0,"href":"https:\/\/www.ufsm.br\/pro-reitorias\/prograd\/sisu\/wp-json\/wp\/v2\/pages\/463\/revisions"}],"wp:attachment":[{"href":"https:\/\/www.ufsm.br\/pro-reitorias\/prograd\/sisu\/wp-json\/wp\/v2\/media?parent=463"}],"wp:term":[{"taxonomy":"category","embeddable":true,"href":"https:\/\/www.ufsm.br\/pro-reitorias\/prograd\/sisu\/wp-json\/wp\/v2\/categories?post=463"},{"taxonomy":"post_tag","embeddable":true,"href":"https:\/\/www.ufsm.br\/pro-reitorias\/prograd\/sisu\/wp-json\/wp\/v2\/tags?post=463"}],"curies":[{"name":"wp","href":"https:\/\/api.w.org\/{rel}","templated":true}]}}