{"id":605,"date":"2021-12-21T15:19:48","date_gmt":"2021-12-21T18:19:48","guid":{"rendered":"https:\/\/www.ufsm.br\/pro-reitorias\/prograd\/sisu\/?page_id=605"},"modified":"2026-01-18T12:57:22","modified_gmt":"2026-01-18T15:57:22","slug":"ampla-concorrencia","status":"publish","type":"page","link":"https:\/\/www.ufsm.br\/pro-reitorias\/prograd\/sisu\/documentos-para-confirmacao-de-vaga\/ampla-concorrencia","title":{"rendered":"Ampla Concorr\u00eancia"},"content":{"rendered":"\t\t<div data-elementor-type=\"wp-page\" data-elementor-id=\"605\" class=\"elementor elementor-605\">\n\t\t\t\t\t\t<section class=\"elementor-section elementor-top-section elementor-element elementor-element-3e6bb9d elementor-section-boxed elementor-section-height-default elementor-section-height-default\" data-id=\"3e6bb9d\" data-element_type=\"section\">\n\t\t\t\t\t\t<div class=\"elementor-container elementor-column-gap-default\">\n\t\t\t\t\t<div class=\"elementor-column elementor-col-100 elementor-top-column elementor-element elementor-element-01f0807\" data-id=\"01f0807\" data-element_type=\"column\">\n\t\t\t<div class=\"elementor-widget-wrap elementor-element-populated\">\n\t\t\t\t\t\t<div class=\"elementor-element elementor-element-4d677ae elementor-widget elementor-widget-text-editor\" data-id=\"4d677ae\" data-element_type=\"widget\" data-widget_type=\"text-editor.default\">\n\t\t\t\t<div class=\"elementor-widget-container\">\n\t\t\t\t\t\t\t<p>A <strong>Ampla Concorr\u00eancia (c\u00f3digo A0)<\/strong> \u00e9 destinada a candidatos(as) que n\u00e3o se enquadram nas Cotas ou que n\u00e3o querem concorrer por meio delas.<\/p><p>O(a) candidato(a) classificado(a) que escolher a op\u00e7\u00e3o de <strong>AMPLA CONCORR\u00caNCIA <\/strong>dever\u00e1 entregar os documentos abaixo, no momento da Confirma\u00e7\u00e3o de Vaga\/Matr\u00edcula:<\/p>\t\t\t\t\t\t<\/div>\n\t\t\t\t<\/div>\n\t\t\t\t\t<\/div>\n\t\t<\/div>\n\t\t\t\t\t<\/div>\n\t\t<\/section>\n\t\t\t\t<section class=\"elementor-section elementor-top-section elementor-element elementor-element-3548d03f elementor-section-boxed elementor-section-height-default elementor-section-height-default\" data-id=\"3548d03f\" data-element_type=\"section\">\n\t\t\t\t\t\t<div class=\"elementor-container elementor-column-gap-default\">\n\t\t\t\t\t<div class=\"elementor-column elementor-col-100 elementor-top-column elementor-element elementor-element-7fe5d8c1\" data-id=\"7fe5d8c1\" data-element_type=\"column\">\n\t\t\t<div class=\"elementor-widget-wrap elementor-element-populated\">\n\t\t\t\t\t\t<div class=\"elementor-element elementor-element-55af928a elementor-widget elementor-widget-text-editor\" data-id=\"55af928a\" data-element_type=\"widget\" data-widget_type=\"text-editor.default\">\n\t\t\t\t<div class=\"elementor-widget-container\">\n\t\t\t\t\t\t\t<div><b>DOCUMENTA\u00c7\u00c3O GERAL<br \/><\/b><\/div><p>a) <strong>Hist\u00f3rico Escolar do Ensino M\u00e9dio ou curso equivalente<\/strong>: uma c\u00f3pia autenticada ou uma via original;<\/p><p>b) <strong>Certificado de Conclus\u00e3o do Ensino M\u00e9dio ou de curso equivalente<\/strong>: uma c\u00f3pia autenticada ou uma via original. Esse documento pode estar na mesma folha do Hist\u00f3rico Escolar, mas \u00e9 obrigat\u00f3rio que o candidato apresente a certifica\u00e7\u00e3o de que ele concluiu o Ensino M\u00e9dio ou equivalente, a qual \u00e9 emitida pela Escola onde terminou o curso em quest\u00e3o;<\/p><p>c) <strong>Certid\u00e3o de Nascimento ou Casamento<\/strong>: uma c\u00f3pia;<\/p><p>d) <strong>Documento de Identidade Civil (RG)<\/strong>: uma c\u00f3pia;<\/p><p>e) <strong>Cadastro de Pessoa F\u00edsica (CPF)<\/strong>: uma c\u00f3pia, se n\u00e3o constar o n\u00famero do CPF no RG;<\/p><p>f) <strong>Declara\u00e7\u00e3o de Equival\u00eancia de Estudos<\/strong>, conforme Resolu\u00e7\u00e3o n\u00ba 377\/11 do CEEd (Conselho Estadual de Educa\u00e7\u00e3o): uma c\u00f3pia, apenas para candidatos que tenham conclu\u00eddo o Ensino M\u00e9dio no exterior;<\/p><p>g) <strong>Atestado m\u00e9dico de aptid\u00e3o ao esfor\u00e7o f\u00edsico<\/strong>: uma via, apenas para candidatos dos Cursos de Educa\u00e7\u00e3o F\u00edsica (Bacharelado ou Licenciatura);<\/p><p>h) Certificado de Aprova\u00e7\u00e3o na <strong>Prova de Conhecimento <\/strong><strong>Espec\u00edfico M\u00fasica UFSM<\/strong> para pessoas classificadas no Curso de M\u00fasica Licenciatura (<strong><a href=\"https:\/\/www.ufsm.br\/pro-reitorias\/prograd\/editais\/084-2025\">https:\/\/www.ufsm.br\/pro-reitorias\/prograd\/editais\/084-2025<\/a><\/strong>)<\/p><p><strong><em>Observa\u00e7\u00e3o: As informa\u00e7\u00f5es contidas aqui n\u00e3o substituem os Editais e demais Legisla\u00e7\u00f5es referentes aos Processos Seletivos nem seus adendos, anexos ou retifica\u00e7\u00f5es. Os dados aqui dispon\u00edveis devem ser vistos como informais e a lista de documentos oficial dever\u00e1 ser consultada no edital vigente.<\/em><\/strong><\/p><p><!-- \/wp:tadv\/classic-paragraph --><\/p>\t\t\t\t\t\t<\/div>\n\t\t\t\t<\/div>\n\t\t\t\t\t<\/div>\n\t\t<\/div>\n\t\t\t\t\t<\/div>\n\t\t<\/section>\n\t\t\t\t<\/div>\n\t\t","protected":false},"excerpt":{"rendered":"<p>A Ampla Concorr\u00eancia (c\u00f3digo A0) \u00e9 destinada a candidatos(as) que n\u00e3o se enquadram nas Cotas ou que n\u00e3o querem concorrer por meio delas. O(a) candidato(a) classificado(a) que escolher a op\u00e7\u00e3o de AMPLA CONCORR\u00caNCIA dever\u00e1 entregar os documentos abaixo, no momento da Confirma\u00e7\u00e3o de Vaga\/Matr\u00edcula: DOCUMENTA\u00c7\u00c3O GERAL a) Hist\u00f3rico Escolar do Ensino M\u00e9dio ou curso equivalente: [&hellip;]<\/p>\n","protected":false},"author":278,"featured_media":0,"parent":600,"menu_order":0,"comment_status":"closed","ping_status":"closed","template":"","meta":{"footnotes":""},"categories":[],"tags":[],"class_list":["post-605","page","type-page","status-publish","hentry"],"acf":[],"_links":{"self":[{"href":"https:\/\/www.ufsm.br\/pro-reitorias\/prograd\/sisu\/wp-json\/wp\/v2\/pages\/605","targetHints":{"allow":["GET"]}}],"collection":[{"href":"https:\/\/www.ufsm.br\/pro-reitorias\/prograd\/sisu\/wp-json\/wp\/v2\/pages"}],"about":[{"href":"https:\/\/www.ufsm.br\/pro-reitorias\/prograd\/sisu\/wp-json\/wp\/v2\/types\/page"}],"author":[{"embeddable":true,"href":"https:\/\/www.ufsm.br\/pro-reitorias\/prograd\/sisu\/wp-json\/wp\/v2\/users\/278"}],"replies":[{"embeddable":true,"href":"https:\/\/www.ufsm.br\/pro-reitorias\/prograd\/sisu\/wp-json\/wp\/v2\/comments?post=605"}],"version-history":[{"count":0,"href":"https:\/\/www.ufsm.br\/pro-reitorias\/prograd\/sisu\/wp-json\/wp\/v2\/pages\/605\/revisions"}],"up":[{"embeddable":true,"href":"https:\/\/www.ufsm.br\/pro-reitorias\/prograd\/sisu\/wp-json\/wp\/v2\/pages\/600"}],"wp:attachment":[{"href":"https:\/\/www.ufsm.br\/pro-reitorias\/prograd\/sisu\/wp-json\/wp\/v2\/media?parent=605"}],"wp:term":[{"taxonomy":"category","embeddable":true,"href":"https:\/\/www.ufsm.br\/pro-reitorias\/prograd\/sisu\/wp-json\/wp\/v2\/categories?post=605"},{"taxonomy":"post_tag","embeddable":true,"href":"https:\/\/www.ufsm.br\/pro-reitorias\/prograd\/sisu\/wp-json\/wp\/v2\/tags?post=605"}],"curies":[{"name":"wp","href":"https:\/\/api.w.org\/{rel}","templated":true}]}}