{"id":619,"date":"2022-01-13T10:47:19","date_gmt":"2022-01-13T13:47:19","guid":{"rendered":"https:\/\/www.ufsm.br\/pro-reitorias\/prograd\/sisu\/?page_id=619"},"modified":"2024-01-17T09:45:13","modified_gmt":"2024-01-17T12:45:13","slug":"documentos-para-cota-lippi","status":"publish","type":"page","link":"https:\/\/www.ufsm.br\/pro-reitorias\/prograd\/sisu\/documentos-para-confirmacao-de-vaga\/documentos-para-cota-lippi","title":{"rendered":"Documentos para cota LI_PPI"},"content":{"rendered":"\t\t<div data-elementor-type=\"wp-page\" data-elementor-id=\"619\" class=\"elementor elementor-619\">\n\t\t\t\t\t\t<section class=\"elementor-section elementor-top-section elementor-element elementor-element-d3600ad elementor-section-boxed elementor-section-height-default elementor-section-height-default\" data-id=\"d3600ad\" data-element_type=\"section\">\n\t\t\t\t\t\t<div class=\"elementor-container elementor-column-gap-default\">\n\t\t\t\t\t<div class=\"elementor-column elementor-col-100 elementor-top-column elementor-element elementor-element-b4c5837\" data-id=\"b4c5837\" data-element_type=\"column\">\n\t\t\t<div class=\"elementor-widget-wrap elementor-element-populated\">\n\t\t\t\t\t\t<div class=\"elementor-element elementor-element-45dd8a4 elementor-widget elementor-widget-text-editor\" data-id=\"45dd8a4\" data-element_type=\"widget\" data-widget_type=\"text-editor.default\">\n\t\t\t\t<div class=\"elementor-widget-container\">\n\t\t\t\t\t\t\t<p><strong>Cota LI_PPI:\u00a0<\/strong><span style=\"background-color: transparent;color: #000000;font-family: Arial;font-size: 12pt;text-align: var(--bs-body-text-align)\">Candidatos que tenham cursado integralmente o ensino m\u00e9dio em escolas p\u00fablicas com renda bruta familiar por pessoa superior a 1,5 sal\u00e1rio m\u00ednimo autodeclarados pretos, pardos ou ind\u00edgenas (Lei n\u00ba 12.711\/2012)<\/span><\/p>\t\t\t\t\t\t<\/div>\n\t\t\t\t<\/div>\n\t\t\t\t\t<\/div>\n\t\t<\/div>\n\t\t\t\t\t<\/div>\n\t\t<\/section>\n\t\t\t\t<section class=\"elementor-section elementor-top-section elementor-element elementor-element-5549e92 elementor-section-boxed elementor-section-height-default elementor-section-height-default\" data-id=\"5549e92\" data-element_type=\"section\">\n\t\t\t\t\t\t<div class=\"elementor-container elementor-column-gap-default\">\n\t\t\t\t\t<div class=\"elementor-column elementor-col-100 elementor-top-column elementor-element elementor-element-b42d06c\" data-id=\"b42d06c\" data-element_type=\"column\">\n\t\t\t<div class=\"elementor-widget-wrap elementor-element-populated\">\n\t\t\t\t\t\t<div class=\"elementor-element elementor-element-d82aa47 elementor-widget elementor-widget-heading\" data-id=\"d82aa47\" data-element_type=\"widget\" data-widget_type=\"heading.default\">\n\t\t\t\t<div class=\"elementor-widget-container\">\n\t\t\t<h4 class=\"elementor-heading-title elementor-size-default\">2 blocos de documenta\u00e7\u00e3o a serem entregues pelo(a) candidato(a) classificado(a), no momento da Confirma\u00e7\u00e3o de Vaga\/Matr\u00edcula:<\/h4>\t\t<\/div>\n\t\t\t\t<\/div>\n\t\t\t\t<div class=\"elementor-element elementor-element-846befd elementor-widget elementor-widget-spacer\" data-id=\"846befd\" data-element_type=\"widget\" data-widget_type=\"spacer.default\">\n\t\t\t\t<div class=\"elementor-widget-container\">\n\t\t\t\t\t<div class=\"elementor-spacer\">\n\t\t\t<div class=\"elementor-spacer-inner\"><\/div>\n\t\t<\/div>\n\t\t\t\t<\/div>\n\t\t\t\t<\/div>\n\t\t\t\t<div class=\"elementor-element elementor-element-23b470f elementor-icon-list--layout-traditional elementor-list-item-link-full_width elementor-widget elementor-widget-icon-list\" data-id=\"23b470f\" data-element_type=\"widget\" data-widget_type=\"icon-list.default\">\n\t\t\t\t<div class=\"elementor-widget-container\">\n\t\t\t\t\t<ul class=\"elementor-icon-list-items\">\n\t\t\t\t\t\t\t<li class=\"elementor-icon-list-item\">\n\t\t\t\t\t\t\t\t\t\t\t<span class=\"elementor-icon-list-icon\">\n\t\t\t\t\t\t\t<i aria-hidden=\"true\" class=\"fas fa-check\"><\/i>\t\t\t\t\t\t<\/span>\n\t\t\t\t\t\t\t\t\t\t<span class=\"elementor-icon-list-text\">Documenta\u00e7\u00e3o Geral<\/span>\n\t\t\t\t\t\t\t\t\t<\/li>\n\t\t\t\t\t\t\t\t<li class=\"elementor-icon-list-item\">\n\t\t\t\t\t\t\t\t\t\t\t<span class=\"elementor-icon-list-icon\">\n\t\t\t\t\t\t\t<i aria-hidden=\"true\" class=\"fas fa-check\"><\/i>\t\t\t\t\t\t<\/span>\n\t\t\t\t\t\t\t\t\t\t<span class=\"elementor-icon-list-text\">Documenta\u00e7\u00e3o Autodeclara\u00e7\u00e3o<\/span>\n\t\t\t\t\t\t\t\t\t<\/li>\n\t\t\t\t\t\t<\/ul>\n\t\t\t\t<\/div>\n\t\t\t\t<\/div>\n\t\t\t\t<div class=\"elementor-element elementor-element-cc8d1ed elementor-widget elementor-widget-spacer\" data-id=\"cc8d1ed\" data-element_type=\"widget\" data-widget_type=\"spacer.default\">\n\t\t\t\t<div class=\"elementor-widget-container\">\n\t\t\t\t\t<div class=\"elementor-spacer\">\n\t\t\t<div class=\"elementor-spacer-inner\"><\/div>\n\t\t<\/div>\n\t\t\t\t<\/div>\n\t\t\t\t<\/div>\n\t\t\t\t\t<\/div>\n\t\t<\/div>\n\t\t\t\t\t<\/div>\n\t\t<\/section>\n\t\t\t\t<section class=\"elementor-section elementor-top-section elementor-element elementor-element-b4adba9 elementor-section-boxed elementor-section-height-default elementor-section-height-default\" data-id=\"b4adba9\" data-element_type=\"section\">\n\t\t\t\t\t\t<div class=\"elementor-container elementor-column-gap-default\">\n\t\t\t\t\t<div class=\"elementor-column elementor-col-100 elementor-top-column elementor-element elementor-element-32a29ae\" data-id=\"32a29ae\" data-element_type=\"column\">\n\t\t\t<div class=\"elementor-widget-wrap elementor-element-populated\">\n\t\t\t\t\t\t<div class=\"elementor-element elementor-element-b571f46 elementor-widget elementor-widget-heading\" data-id=\"b571f46\" data-element_type=\"widget\" data-widget_type=\"heading.default\">\n\t\t\t\t<div class=\"elementor-widget-container\">\n\t\t\t<h4 class=\"elementor-heading-title elementor-size-default\">Clique para acessar a lista de documentos de cada um dos blocos<\/h4>\t\t<\/div>\n\t\t\t\t<\/div>\n\t\t\t\t<div class=\"elementor-element elementor-element-95c3d62 elementor-widget elementor-widget-spacer\" data-id=\"95c3d62\" data-element_type=\"widget\" data-widget_type=\"spacer.default\">\n\t\t\t\t<div class=\"elementor-widget-container\">\n\t\t\t\t\t<div class=\"elementor-spacer\">\n\t\t\t<div class=\"elementor-spacer-inner\"><\/div>\n\t\t<\/div>\n\t\t\t\t<\/div>\n\t\t\t\t<\/div>\n\t\t\t\t<div class=\"elementor-element elementor-element-b4e6ab2 elementor-widget elementor-widget-toggle\" data-id=\"b4e6ab2\" data-element_type=\"widget\" data-widget_type=\"toggle.default\">\n\t\t\t\t<div class=\"elementor-widget-container\">\n\t\t\t\t\t<div class=\"elementor-toggle\">\n\t\t\t\t\t\t\t<div class=\"elementor-toggle-item\">\n\t\t\t\t\t<div id=\"elementor-tab-title-1891\" class=\"elementor-tab-title\" data-tab=\"1\" role=\"button\" aria-controls=\"elementor-tab-content-1891\" aria-expanded=\"false\">\n\t\t\t\t\t\t\t\t\t\t\t\t<span class=\"elementor-toggle-icon elementor-toggle-icon-left\" aria-hidden=\"true\">\n\t\t\t\t\t\t\t\t\t\t\t\t\t\t\t<span class=\"elementor-toggle-icon-closed\"><i class=\"fas fa-caret-right\"><\/i><\/span>\n\t\t\t\t\t\t\t\t<span class=\"elementor-toggle-icon-opened\"><i class=\"elementor-toggle-icon-opened fas fa-caret-up\"><\/i><\/span>\n\t\t\t\t\t\t\t\t\t\t\t\t\t<\/span>\n\t\t\t\t\t\t\t\t\t\t\t\t<a class=\"elementor-toggle-title\" tabindex=\"0\">GERAL<\/a>\n\t\t\t\t\t<\/div>\n\n\t\t\t\t\t<div id=\"elementor-tab-content-1891\" class=\"elementor-tab-content elementor-clearfix\" data-tab=\"1\" role=\"region\" aria-labelledby=\"elementor-tab-title-1891\"><p>a) <strong>Hist\u00f3rico Escolar do Ensino M\u00e9dio ou curso equivalente<\/strong>: uma c\u00f3pia autenticada ou uma via original;<\/p>\n<p>b) <strong>Certificado de Conclus\u00e3o do Ensino M\u00e9dio ou de curso equivalente<\/strong>: uma c\u00f3pia autenticada ou uma via original. Esse documento pode estar na mesma folha do Hist\u00f3rico Escolar, mas \u00e9 obrigat\u00f3rio que o candidato apresente a certifica\u00e7\u00e3o de que ele concluiu o Ensino M\u00e9dio ou equivalente, a qual \u00e9 emitida pela Escola onde terminou o curso em quest\u00e3o;<\/p>\n<p>c) <strong>Certid\u00e3o de Nascimento ou Casamento<\/strong>: uma c\u00f3pia;<\/p>\n<p>d) <strong>Documento de Identidade Civil (RG)<\/strong>: uma c\u00f3pia;<\/p>\n<p>e) <strong>Cadastro de Pessoa F\u00edsica (CPF)<\/strong>: uma c\u00f3pia, se n\u00e3o constar o n\u00famero do CPF no RG;<\/p>\n<p>f) <strong>T\u00edtulo Eleitoral<\/strong>: uma c\u00f3pia, opcional para candidatos com idade entre 16 e 18 anos; obrigat\u00f3rio para candidatos com mais de 18 anos. Pode ser c\u00f3pia do documento f\u00edsico, print do aplicativo do Tribunal Eleitoral (e-T\u00edtulo) ou <a href=\"https:\/\/www.tse.jus.br\/servicos-eleitorais\/certidoes\/certidao-de-quitacao-eleitoral\" target=\"_blank\" rel=\"noopener\">Certid\u00e3o de Quita\u00e7\u00e3o Eleitoral<\/a>;\u00a0\u00a0<\/p>\n<p>g) <strong>Documento Militar<\/strong>: uma c\u00f3pia. Deve comprovar que o candidato do sexo masculino est\u00e1 em dia com o servi\u00e7o militar. \u00c9 obrigat\u00f3rio a partir de 1\u00ba de janeiro do ano em que completa 19 anos e at\u00e9 31 de dezembro do ano em que completa 45 anos;<\/p>\n<p>h) <strong>Declara\u00e7\u00e3o de Equival\u00eancia de Estudos<\/strong>, conforme Resolu\u00e7\u00e3o n\u00ba 377\/11 do CEEd (Conselho Estadual de Educa\u00e7\u00e3o): uma c\u00f3pia, apenas para candidatos que tenham conclu\u00eddo o Ensino M\u00e9dio no exterior;<\/p>\n<p>i) <strong>Atestado m\u00e9dico de aptid\u00e3o ao esfor\u00e7o f\u00edsico<\/strong>: uma via, apenas para candidatos dos Cursos de Educa\u00e7\u00e3o F\u00edsica (Bacharelado ou Licenciatura).<\/p>\n<p><em><strong>Observa\u00e7\u00e3o:<\/strong> <\/em>Para pessoas que tenham obtido certifica\u00e7\u00e3o com base no resultado do Exame Nacional do Ensino M\u00e9dio &#8211; ENEM, do Exame Nacional para Certifica\u00e7\u00e3o de Compet\u00eancias de Jovens e Adultos \u2013 ENCCEJA ou de exames de certifica\u00e7\u00e3o de compet\u00eancia ou de avalia\u00e7\u00e3o de jovens e adultos realizados pelos sistemas estaduais de ensino \u00e9 preciso entregar:<\/p>\n<ul>\n<li>uma c\u00f3pia digitalizada (no formato pdf) do original do Certificado de Conclus\u00e3o<\/li>\n<li>Declara\u00e7\u00e3o, preenchida e assinada, de que n\u00e3o tenha, em algum momento, cursado parte do Ensino M\u00e9dio em escolas particulares (modelo de declara\u00e7\u00e3o dispon\u00edvel no edital vigente).<\/li>\n<\/ul><\/div>\n\t\t\t\t<\/div>\n\t\t\t\t\t\t\t<div class=\"elementor-toggle-item\">\n\t\t\t\t\t<div id=\"elementor-tab-title-1892\" class=\"elementor-tab-title\" data-tab=\"2\" role=\"button\" aria-controls=\"elementor-tab-content-1892\" aria-expanded=\"false\">\n\t\t\t\t\t\t\t\t\t\t\t\t<span class=\"elementor-toggle-icon elementor-toggle-icon-left\" aria-hidden=\"true\">\n\t\t\t\t\t\t\t\t\t\t\t\t\t\t\t<span class=\"elementor-toggle-icon-closed\"><i class=\"fas fa-caret-right\"><\/i><\/span>\n\t\t\t\t\t\t\t\t<span class=\"elementor-toggle-icon-opened\"><i class=\"elementor-toggle-icon-opened fas fa-caret-up\"><\/i><\/span>\n\t\t\t\t\t\t\t\t\t\t\t\t\t<\/span>\n\t\t\t\t\t\t\t\t\t\t\t\t<a class=\"elementor-toggle-title\" tabindex=\"0\">AUTODECLARA\u00c7\u00c3O<\/a>\n\t\t\t\t\t<\/div>\n\n\t\t\t\t\t<div id=\"elementor-tab-content-1892\" class=\"elementor-tab-content elementor-clearfix\" data-tab=\"2\" role=\"region\" aria-labelledby=\"elementor-tab-title-1892\"><p>A pessoa inscrita em cotas que exijam autodeclara\u00e7\u00e3o dever\u00e3o comparecer, no per\u00edodo agendado, \u00e0 Webconfer\u00eancia obrigat\u00f3ria com a Comiss\u00e3o de Autodeclara\u00e7\u00e3o\/UFSM a ser realizada via plataforma \u201cGoogle Meet\u201d ou de forma presencial, conforme orienta\u00e7\u00e3o do edital vigente.<\/p>\n<ul>\n<li>Documento de Autodeclara\u00e7\u00e3o \u00c9tnico-racial, preenchida e assinada, de que \u00e9 preta, parda ou ind\u00edgena (modelos de autodeclara\u00e7\u00f5es dispon\u00edveis no edital vigente);<\/li>\n<li>Para pessoas ind\u00edgenas: autodeclara\u00e7\u00e3o espec\u00edfica, conforme modelo de edital vigente, com assinatura das lideran\u00e7as ind\u00edgenas ou de representante da FUNAI.<\/li>\n<\/ul><\/div>\n\t\t\t\t<\/div>\n\t\t\t\t\t\t\t\t<\/div>\n\t\t\t\t<\/div>\n\t\t\t\t<\/div>\n\t\t\t\t\t<\/div>\n\t\t<\/div>\n\t\t\t\t\t<\/div>\n\t\t<\/section>\n\t\t\t\t<section class=\"elementor-section elementor-top-section elementor-element elementor-element-a9575aa elementor-section-boxed elementor-section-height-default elementor-section-height-default\" data-id=\"a9575aa\" data-element_type=\"section\">\n\t\t\t\t\t\t<div class=\"elementor-container elementor-column-gap-default\">\n\t\t\t\t\t<div class=\"elementor-column elementor-col-100 elementor-top-column elementor-element elementor-element-345501c\" data-id=\"345501c\" data-element_type=\"column\">\n\t\t\t<div class=\"elementor-widget-wrap elementor-element-populated\">\n\t\t\t\t\t\t<div class=\"elementor-element elementor-element-6c7d89e elementor-widget elementor-widget-text-editor\" data-id=\"6c7d89e\" data-element_type=\"widget\" data-widget_type=\"text-editor.default\">\n\t\t\t\t<div class=\"elementor-widget-container\">\n\t\t\t\t\t\t\t<p><em><b>Importante:\u00a0<\/b><i><b>As informa\u00e7\u00f5es contidas nos sites ufsm.br\/sisu e ufsm.br\/prograd n\u00e3o substituem os Editais e demais Legisla\u00e7\u00f5es referentes aos Processos Seletivos nem seus adendos, anexos ou retifica\u00e7\u00f5es. Estas s\u00e3o orienta\u00e7\u00f5es b\u00e1sicas formuladas a partir de editais anteriores e n\u00e3o substituem o edital do processo seletivo vigente.<\/b><\/i><\/em><\/p>\t\t\t\t\t\t<\/div>\n\t\t\t\t<\/div>\n\t\t\t\t\t<\/div>\n\t\t<\/div>\n\t\t\t\t\t<\/div>\n\t\t<\/section>\n\t\t\t\t<section class=\"elementor-section elementor-top-section elementor-element elementor-element-8d2d83b elementor-section-boxed elementor-section-height-default elementor-section-height-default\" data-id=\"8d2d83b\" data-element_type=\"section\">\n\t\t\t\t\t\t<div class=\"elementor-container elementor-column-gap-default\">\n\t\t\t\t\t<div class=\"elementor-column elementor-col-100 elementor-top-column elementor-element elementor-element-a54e1c2\" data-id=\"a54e1c2\" data-element_type=\"column\">\n\t\t\t<div class=\"elementor-widget-wrap elementor-element-populated\">\n\t\t\t\t\t\t<div class=\"elementor-element elementor-element-d2310ff elementor-button-info elementor-align-center elementor-widget elementor-widget-button\" data-id=\"d2310ff\" data-element_type=\"widget\" data-widget_type=\"button.default\">\n\t\t\t\t<div class=\"elementor-widget-container\">\n\t\t\t\t\t\t\t<div class=\"elementor-button-wrapper\">\n\t\t\t\t\t<a class=\"elementor-button elementor-button-link elementor-size-sm\" href=\"https:\/\/www.ufsm.br\/pro-reitorias\/prograd\/sisu\/simulador-de-cotas\/\">\n\t\t\t\t\t\t<span class=\"elementor-button-content-wrapper\">\n\t\t\t\t\t\t\t\t\t<span class=\"elementor-button-text\">Clique aqui para acessar o Simulador de Cotas da UFSM<\/span>\n\t\t\t\t\t<\/span>\n\t\t\t\t\t<\/a>\n\t\t\t\t<\/div>\n\t\t\t\t\t\t<\/div>\n\t\t\t\t<\/div>\n\t\t\t\t\t<\/div>\n\t\t<\/div>\n\t\t\t\t\t<\/div>\n\t\t<\/section>\n\t\t\t\t<\/div>\n\t\t","protected":false},"excerpt":{"rendered":"<p>Cota LI_PPI:\u00a0Candidatos que tenham cursado integralmente o ensino m\u00e9dio em escolas p\u00fablicas com renda bruta familiar por pessoa superior a 1,5 sal\u00e1rio m\u00ednimo autodeclarados pretos, pardos ou ind\u00edgenas (Lei n\u00ba 12.711\/2012) 2 blocos de documenta\u00e7\u00e3o a serem entregues pelo(a) candidato(a) classificado(a), no momento da Confirma\u00e7\u00e3o de Vaga\/Matr\u00edcula: Documenta\u00e7\u00e3o Geral Documenta\u00e7\u00e3o Autodeclara\u00e7\u00e3o Clique para acessar a [&hellip;]<\/p>\n","protected":false},"author":278,"featured_media":0,"parent":600,"menu_order":0,"comment_status":"closed","ping_status":"closed","template":"","meta":{"footnotes":""},"categories":[],"tags":[],"class_list":["post-619","page","type-page","status-publish","hentry"],"acf":[],"_links":{"self":[{"href":"https:\/\/www.ufsm.br\/pro-reitorias\/prograd\/sisu\/wp-json\/wp\/v2\/pages\/619","targetHints":{"allow":["GET"]}}],"collection":[{"href":"https:\/\/www.ufsm.br\/pro-reitorias\/prograd\/sisu\/wp-json\/wp\/v2\/pages"}],"about":[{"href":"https:\/\/www.ufsm.br\/pro-reitorias\/prograd\/sisu\/wp-json\/wp\/v2\/types\/page"}],"author":[{"embeddable":true,"href":"https:\/\/www.ufsm.br\/pro-reitorias\/prograd\/sisu\/wp-json\/wp\/v2\/users\/278"}],"replies":[{"embeddable":true,"href":"https:\/\/www.ufsm.br\/pro-reitorias\/prograd\/sisu\/wp-json\/wp\/v2\/comments?post=619"}],"version-history":[{"count":0,"href":"https:\/\/www.ufsm.br\/pro-reitorias\/prograd\/sisu\/wp-json\/wp\/v2\/pages\/619\/revisions"}],"up":[{"embeddable":true,"href":"https:\/\/www.ufsm.br\/pro-reitorias\/prograd\/sisu\/wp-json\/wp\/v2\/pages\/600"}],"wp:attachment":[{"href":"https:\/\/www.ufsm.br\/pro-reitorias\/prograd\/sisu\/wp-json\/wp\/v2\/media?parent=619"}],"wp:term":[{"taxonomy":"category","embeddable":true,"href":"https:\/\/www.ufsm.br\/pro-reitorias\/prograd\/sisu\/wp-json\/wp\/v2\/categories?post=619"},{"taxonomy":"post_tag","embeddable":true,"href":"https:\/\/www.ufsm.br\/pro-reitorias\/prograd\/sisu\/wp-json\/wp\/v2\/tags?post=619"}],"curies":[{"name":"wp","href":"https:\/\/api.w.org\/{rel}","templated":true}]}}