{"id":621,"date":"2022-01-13T10:50:45","date_gmt":"2022-01-13T13:50:45","guid":{"rendered":"https:\/\/www.ufsm.br\/pro-reitorias\/prograd\/sisu\/?page_id=621"},"modified":"2024-01-17T09:46:50","modified_gmt":"2024-01-17T12:46:50","slug":"documentos-para-cota-lipcd","status":"publish","type":"page","link":"https:\/\/www.ufsm.br\/pro-reitorias\/prograd\/sisu\/documentos-para-confirmacao-de-vaga\/documentos-para-cota-lipcd","title":{"rendered":"Documentos para cota LI_PCD"},"content":{"rendered":"\t\t<div data-elementor-type=\"wp-page\" data-elementor-id=\"621\" class=\"elementor elementor-621\">\n\t\t\t\t\t\t<section class=\"elementor-section elementor-top-section elementor-element elementor-element-d933f83 elementor-section-boxed elementor-section-height-default elementor-section-height-default\" data-id=\"d933f83\" data-element_type=\"section\">\n\t\t\t\t\t\t<div class=\"elementor-container elementor-column-gap-default\">\n\t\t\t\t\t<div class=\"elementor-column elementor-col-100 elementor-top-column elementor-element elementor-element-982e261\" data-id=\"982e261\" data-element_type=\"column\">\n\t\t\t<div class=\"elementor-widget-wrap elementor-element-populated\">\n\t\t\t\t\t\t<div class=\"elementor-element elementor-element-4512260 elementor-widget elementor-widget-text-editor\" data-id=\"4512260\" data-element_type=\"widget\" data-widget_type=\"text-editor.default\">\n\t\t\t\t<div class=\"elementor-widget-container\">\n\t\t\t\t\t\t\t<!-- wp:tadv\/classic-paragraph \/-->\t\t\t\t\t\t<\/div>\n\t\t\t\t<\/div>\n\t\t\t\t\t<\/div>\n\t\t<\/div>\n\t\t\t\t\t<\/div>\n\t\t<\/section>\n\t\t\t\t<section class=\"elementor-section elementor-top-section elementor-element elementor-element-c8eb2e4 elementor-section-boxed elementor-section-height-default elementor-section-height-default\" data-id=\"c8eb2e4\" data-element_type=\"section\">\n\t\t\t\t\t\t<div class=\"elementor-container elementor-column-gap-default\">\n\t\t\t\t\t<div class=\"elementor-column elementor-col-100 elementor-top-column elementor-element elementor-element-c5f3af4\" data-id=\"c5f3af4\" data-element_type=\"column\">\n\t\t\t<div class=\"elementor-widget-wrap elementor-element-populated\">\n\t\t\t\t\t\t<div class=\"elementor-element elementor-element-6d35d2c elementor-widget elementor-widget-text-editor\" data-id=\"6d35d2c\" data-element_type=\"widget\" data-widget_type=\"text-editor.default\">\n\t\t\t\t<div class=\"elementor-widget-container\">\n\t\t\t\t\t\t\t<p><strong>Cota LI_PCD:&nbsp;<\/strong><span style=\"background-color: transparent;color: #000000;font-family: Arial;font-size: 12pt;text-align: var(--bs-body-text-align)\">Candidatos(as) com defici\u00eancia (que se enquadre no Decreto Federal n\u00ba 3.298, de 20\/12\/1999 e na Recomenda\u00e7\u00e3o n\u00ba 03 de 01\/12\/2012) que apresente necessidade educacional especial e que tenham cursado integralmente o Ensino M\u00e9dio em escolas p\u00fablicas com renda bruta familiar por pessoa superior a 1,5 sal\u00e1rio m\u00ednimo (Lei n\u00ba 12.711\/2012)<\/span><\/p>\t\t\t\t\t\t<\/div>\n\t\t\t\t<\/div>\n\t\t\t\t\t<\/div>\n\t\t<\/div>\n\t\t\t\t\t<\/div>\n\t\t<\/section>\n\t\t\t\t<section class=\"elementor-section elementor-top-section elementor-element elementor-element-d4ec71d elementor-section-boxed elementor-section-height-default elementor-section-height-default\" data-id=\"d4ec71d\" data-element_type=\"section\">\n\t\t\t\t\t\t<div class=\"elementor-container elementor-column-gap-default\">\n\t\t\t\t\t<div class=\"elementor-column elementor-col-100 elementor-top-column elementor-element elementor-element-d04538a\" data-id=\"d04538a\" data-element_type=\"column\">\n\t\t\t<div class=\"elementor-widget-wrap elementor-element-populated\">\n\t\t\t\t\t\t<div class=\"elementor-element elementor-element-1803dc3 elementor-widget elementor-widget-heading\" data-id=\"1803dc3\" data-element_type=\"widget\" data-widget_type=\"heading.default\">\n\t\t\t\t<div class=\"elementor-widget-container\">\n\t\t\t<h4 class=\"elementor-heading-title elementor-size-default\">2 blocos de documenta\u00e7\u00e3o a serem entregues pelo(a) candidato(a) classificado(a), no momento da Confirma\u00e7\u00e3o de Vaga\/Matr\u00edcula:<\/h4>\t\t<\/div>\n\t\t\t\t<\/div>\n\t\t\t\t<div class=\"elementor-element elementor-element-0c257b8 elementor-widget elementor-widget-spacer\" data-id=\"0c257b8\" data-element_type=\"widget\" data-widget_type=\"spacer.default\">\n\t\t\t\t<div class=\"elementor-widget-container\">\n\t\t\t\t\t<div class=\"elementor-spacer\">\n\t\t\t<div class=\"elementor-spacer-inner\"><\/div>\n\t\t<\/div>\n\t\t\t\t<\/div>\n\t\t\t\t<\/div>\n\t\t\t\t<div class=\"elementor-element elementor-element-496046b elementor-icon-list--layout-traditional elementor-list-item-link-full_width elementor-widget elementor-widget-icon-list\" data-id=\"496046b\" data-element_type=\"widget\" data-widget_type=\"icon-list.default\">\n\t\t\t\t<div class=\"elementor-widget-container\">\n\t\t\t\t\t<ul class=\"elementor-icon-list-items\">\n\t\t\t\t\t\t\t<li class=\"elementor-icon-list-item\">\n\t\t\t\t\t\t\t\t\t\t\t<span class=\"elementor-icon-list-icon\">\n\t\t\t\t\t\t\t<i aria-hidden=\"true\" class=\"fas fa-check\"><\/i>\t\t\t\t\t\t<\/span>\n\t\t\t\t\t\t\t\t\t\t<span class=\"elementor-icon-list-text\">Documenta\u00e7\u00e3o Geral<\/span>\n\t\t\t\t\t\t\t\t\t<\/li>\n\t\t\t\t\t\t\t\t<li class=\"elementor-icon-list-item\">\n\t\t\t\t\t\t\t\t\t\t\t<span class=\"elementor-icon-list-icon\">\n\t\t\t\t\t\t\t<i aria-hidden=\"true\" class=\"fas fa-check\"><\/i>\t\t\t\t\t\t<\/span>\n\t\t\t\t\t\t\t\t\t\t<span class=\"elementor-icon-list-text\">Documenta\u00e7\u00e3o Pessoa com Defici\u00eancia<\/span>\n\t\t\t\t\t\t\t\t\t<\/li>\n\t\t\t\t\t\t<\/ul>\n\t\t\t\t<\/div>\n\t\t\t\t<\/div>\n\t\t\t\t<div class=\"elementor-element elementor-element-acbbe7d elementor-widget elementor-widget-spacer\" data-id=\"acbbe7d\" data-element_type=\"widget\" data-widget_type=\"spacer.default\">\n\t\t\t\t<div class=\"elementor-widget-container\">\n\t\t\t\t\t<div class=\"elementor-spacer\">\n\t\t\t<div class=\"elementor-spacer-inner\"><\/div>\n\t\t<\/div>\n\t\t\t\t<\/div>\n\t\t\t\t<\/div>\n\t\t\t\t\t<\/div>\n\t\t<\/div>\n\t\t\t\t\t<\/div>\n\t\t<\/section>\n\t\t\t\t<section class=\"elementor-section elementor-top-section elementor-element elementor-element-4e13258 elementor-section-boxed elementor-section-height-default elementor-section-height-default\" data-id=\"4e13258\" data-element_type=\"section\">\n\t\t\t\t\t\t<div class=\"elementor-container elementor-column-gap-default\">\n\t\t\t\t\t<div class=\"elementor-column elementor-col-100 elementor-top-column elementor-element elementor-element-701bfaa\" data-id=\"701bfaa\" data-element_type=\"column\">\n\t\t\t<div class=\"elementor-widget-wrap elementor-element-populated\">\n\t\t\t\t\t\t<div class=\"elementor-element elementor-element-9c387b4 elementor-widget elementor-widget-heading\" data-id=\"9c387b4\" data-element_type=\"widget\" data-widget_type=\"heading.default\">\n\t\t\t\t<div class=\"elementor-widget-container\">\n\t\t\t<h4 class=\"elementor-heading-title elementor-size-default\">Clique para acessar a lista de documentos de cada um dos blocos<\/h4>\t\t<\/div>\n\t\t\t\t<\/div>\n\t\t\t\t<div class=\"elementor-element elementor-element-2dedc58 elementor-widget elementor-widget-spacer\" data-id=\"2dedc58\" data-element_type=\"widget\" data-widget_type=\"spacer.default\">\n\t\t\t\t<div class=\"elementor-widget-container\">\n\t\t\t\t\t<div class=\"elementor-spacer\">\n\t\t\t<div class=\"elementor-spacer-inner\"><\/div>\n\t\t<\/div>\n\t\t\t\t<\/div>\n\t\t\t\t<\/div>\n\t\t\t\t<div class=\"elementor-element elementor-element-a0789e2 elementor-widget elementor-widget-toggle\" data-id=\"a0789e2\" data-element_type=\"widget\" data-widget_type=\"toggle.default\">\n\t\t\t\t<div class=\"elementor-widget-container\">\n\t\t\t\t\t<div class=\"elementor-toggle\">\n\t\t\t\t\t\t\t<div class=\"elementor-toggle-item\">\n\t\t\t\t\t<div id=\"elementor-tab-title-1681\" class=\"elementor-tab-title\" data-tab=\"1\" role=\"button\" aria-controls=\"elementor-tab-content-1681\" aria-expanded=\"false\">\n\t\t\t\t\t\t\t\t\t\t\t\t<span class=\"elementor-toggle-icon elementor-toggle-icon-left\" aria-hidden=\"true\">\n\t\t\t\t\t\t\t\t\t\t\t\t\t\t\t<span class=\"elementor-toggle-icon-closed\"><i class=\"fas fa-caret-right\"><\/i><\/span>\n\t\t\t\t\t\t\t\t<span class=\"elementor-toggle-icon-opened\"><i class=\"elementor-toggle-icon-opened fas fa-caret-up\"><\/i><\/span>\n\t\t\t\t\t\t\t\t\t\t\t\t\t<\/span>\n\t\t\t\t\t\t\t\t\t\t\t\t<a class=\"elementor-toggle-title\" tabindex=\"0\">GERAL<\/a>\n\t\t\t\t\t<\/div>\n\n\t\t\t\t\t<div id=\"elementor-tab-content-1681\" class=\"elementor-tab-content elementor-clearfix\" data-tab=\"1\" role=\"region\" aria-labelledby=\"elementor-tab-title-1681\"><p>a) <strong>Hist\u00f3rico Escolar do Ensino M\u00e9dio ou curso equivalente<\/strong>: uma c\u00f3pia autenticada ou uma via original;<\/p>\n<p>b) <strong>Certificado de Conclus\u00e3o do Ensino M\u00e9dio ou de curso equivalente<\/strong>: uma c\u00f3pia autenticada ou uma via original. Esse documento pode estar na mesma folha do Hist\u00f3rico Escolar, mas \u00e9 obrigat\u00f3rio que o candidato apresente a certifica\u00e7\u00e3o de que ele concluiu o Ensino M\u00e9dio ou equivalente, a qual \u00e9 emitida pela Escola onde terminou o curso em quest\u00e3o;<\/p>\n<p>c) <strong>Certid\u00e3o de Nascimento ou Casamento<\/strong>: uma c\u00f3pia;<\/p>\n<p>d) <strong>Documento de Identidade Civil (RG)<\/strong>: uma c\u00f3pia;<\/p>\n<p>e) <strong>Cadastro de Pessoa F\u00edsica (CPF)<\/strong>: uma c\u00f3pia, se n\u00e3o constar o n\u00famero do CPF no RG;<\/p>\n<p>f) <strong>T\u00edtulo Eleitoral<\/strong>: uma c\u00f3pia, opcional para candidatos com idade entre 16 e 18 anos; obrigat\u00f3rio para candidatos com mais de 18 anos. Pode ser c\u00f3pia do documento f\u00edsico, print do aplicativo do Tribunal Eleitoral (e-T\u00edtulo) ou <a href=\"https:\/\/www.tse.jus.br\/servicos-eleitorais\/certidoes\/certidao-de-quitacao-eleitoral\" target=\"_blank\" rel=\"noopener\">Certid\u00e3o de Quita\u00e7\u00e3o Eleitoral<\/a>;\u00a0\u00a0<\/p>\n<p>g) <strong>Documento Militar<\/strong>: uma c\u00f3pia. Deve comprovar que o candidato do sexo masculino est\u00e1 em dia com o servi\u00e7o militar. \u00c9 obrigat\u00f3rio a partir de 1\u00ba de janeiro do ano em que completa 19 anos e at\u00e9 31 de dezembro do ano em que completa 45 anos;<\/p>\n<p>h) <strong>Declara\u00e7\u00e3o de Equival\u00eancia de Estudos<\/strong>, conforme Resolu\u00e7\u00e3o n\u00ba 377\/11 do CEEd (Conselho Estadual de Educa\u00e7\u00e3o): uma c\u00f3pia, apenas para candidatos que tenham conclu\u00eddo o Ensino M\u00e9dio no exterior;<\/p>\n<p>i) <strong>Atestado m\u00e9dico de aptid\u00e3o ao esfor\u00e7o f\u00edsico<\/strong>: uma via, apenas para candidatos dos Cursos de Educa\u00e7\u00e3o F\u00edsica (Bacharelado ou Licenciatura).<\/p>\n<p><em><strong>Observa\u00e7\u00e3o:<\/strong> <\/em>Para pessoas que tenham obtido certifica\u00e7\u00e3o com base no resultado do Exame Nacional do Ensino M\u00e9dio &#8211; ENEM, do Exame Nacional para Certifica\u00e7\u00e3o de Compet\u00eancias de Jovens e Adultos \u2013 ENCCEJA ou de exames de certifica\u00e7\u00e3o de compet\u00eancia ou de avalia\u00e7\u00e3o de jovens e adultos realizados pelos sistemas estaduais de ensino \u00e9 preciso entregar:<\/p>\n<ul>\n<li>uma c\u00f3pia digitalizada (no formato pdf) do original do Certificado de Conclus\u00e3o<\/li>\n<li>Declara\u00e7\u00e3o, preenchida e assinada, de que n\u00e3o tenha, em algum momento, cursado parte do Ensino M\u00e9dio em escolas particulares (modelo de declara\u00e7\u00e3o dispon\u00edvel no edital vigente).<\/li>\n<\/ul><\/div>\n\t\t\t\t<\/div>\n\t\t\t\t\t\t\t<div class=\"elementor-toggle-item\">\n\t\t\t\t\t<div id=\"elementor-tab-title-1682\" class=\"elementor-tab-title\" data-tab=\"2\" role=\"button\" aria-controls=\"elementor-tab-content-1682\" aria-expanded=\"false\">\n\t\t\t\t\t\t\t\t\t\t\t\t<span class=\"elementor-toggle-icon elementor-toggle-icon-left\" aria-hidden=\"true\">\n\t\t\t\t\t\t\t\t\t\t\t\t\t\t\t<span class=\"elementor-toggle-icon-closed\"><i class=\"fas fa-caret-right\"><\/i><\/span>\n\t\t\t\t\t\t\t\t<span class=\"elementor-toggle-icon-opened\"><i class=\"elementor-toggle-icon-opened fas fa-caret-up\"><\/i><\/span>\n\t\t\t\t\t\t\t\t\t\t\t\t\t<\/span>\n\t\t\t\t\t\t\t\t\t\t\t\t<a class=\"elementor-toggle-title\" tabindex=\"0\">PESSOA COM DEFICI\u00caNCIA<\/a>\n\t\t\t\t\t<\/div>\n\n\t\t\t\t\t<div id=\"elementor-tab-content-1682\" class=\"elementor-tab-content elementor-clearfix\" data-tab=\"2\" role=\"region\" aria-labelledby=\"elementor-tab-title-1682\"><p>A pessoa inscrita atrav\u00e9s da Cota L10 dever\u00e1 comparecer, no per\u00edodo agendado, \u00e0 Webconfer\u00eancia obrigat\u00f3ria com a Comiss\u00e3o de Autodeclara\u00e7\u00e3o\/UFSM a ser realizada via plataforma \u201cGoogle Meet\u201d ou de forma presencial, conforme orienta\u00e7\u00e3o do edital vigente.<\/p>\n<ol>\n<li>Atestado m\u00e9dico emitido nos \u00faltimos 12 meses, assinado por um(a) m\u00e9dico(a) especialista na \u00e1rea da defici\u00eancia alegada, contendo o grau ou n\u00edvel de defici\u00eancia, o c\u00f3digo correspondente \u00e0 Classifica\u00e7\u00e3o Internacional de Doen\u00e7a (CID), bem como a prov\u00e1vel causa da defici\u00eancia. Al\u00e9m disso, no atestado deve constar o nome leg\u00edvel e o n\u00famero do registro no CRM do(a) m\u00e9dico(a) que forneceu o atestado;<\/li>\n<li>Exame de audiometria para pessoas com defici\u00eancia auditiva, realizado nos \u00faltimos 12 meses, no qual constem nome leg\u00edvel, assinatura e n\u00famero do Conselho de Classe do(a) profissional que realizou o exame;<\/li>\n<li>Exame oftalmol\u00f3gico em que conste a acuidade visual, para pessoas com defici\u00eancia visual, realizado nos \u00faltimos 12 meses, em que conste, tamb\u00e9m, o nome leg\u00edvel, a assinatura e o n\u00famero do registro no CRM do(a) profissional que realizou o exame;<\/li>\n<li>Caso exista alguma d\u00favida que impossibilite a verifica\u00e7\u00e3o da necessidade educacional especial, a Comiss\u00e3o de Verifica\u00e7\u00e3o de Pessoa com Necessidade Educacional Especial poder\u00e1 solicitar o comparecimento da pessoa classificada \u00e0 UFSM para per\u00edcia m\u00e9dica;<\/li>\n<li>Os benef\u00edcios inerentes \u00e0 Pol\u00edtica Nacional para a Integra\u00e7\u00e3o da Pessoa Portadora de Defici\u00eancia devem ser estendidos \u00e0 pessoa portadora de vis\u00e3o monocular, que possui direito de concorrer, em concurso p\u00fablico, \u00e0 vaga reservada \u00e0s pessoas com defici\u00eancia, conforme a S\u00famula n\u00ba 45 de 14 de setembro de 2009 da Advocacia Geral da Uni\u00e3o.<\/li>\n<\/ol><\/div>\n\t\t\t\t<\/div>\n\t\t\t\t\t\t\t\t<\/div>\n\t\t\t\t<\/div>\n\t\t\t\t<\/div>\n\t\t\t\t\t<\/div>\n\t\t<\/div>\n\t\t\t\t\t<\/div>\n\t\t<\/section>\n\t\t\t\t<section class=\"elementor-section elementor-top-section elementor-element elementor-element-9b8ef31 elementor-section-boxed elementor-section-height-default elementor-section-height-default\" data-id=\"9b8ef31\" data-element_type=\"section\">\n\t\t\t\t\t\t<div class=\"elementor-container elementor-column-gap-default\">\n\t\t\t\t\t<div class=\"elementor-column elementor-col-100 elementor-top-column elementor-element elementor-element-39f53e3\" data-id=\"39f53e3\" data-element_type=\"column\">\n\t\t\t<div class=\"elementor-widget-wrap elementor-element-populated\">\n\t\t\t\t\t\t<div class=\"elementor-element elementor-element-1e32517 elementor-widget elementor-widget-text-editor\" data-id=\"1e32517\" data-element_type=\"widget\" data-widget_type=\"text-editor.default\">\n\t\t\t\t<div class=\"elementor-widget-container\">\n\t\t\t\t\t\t\t<p><em><b>Importante:\u00a0<\/b><i><b>As informa\u00e7\u00f5es contidas nos sites ufsm.br\/sisu e ufsm.br\/prograd n\u00e3o substituem os Editais e demais Legisla\u00e7\u00f5es referentes aos Processos Seletivos nem seus adendos, anexos ou retifica\u00e7\u00f5es. Estas s\u00e3o orienta\u00e7\u00f5es b\u00e1sicas formuladas a partir de editais anteriores e n\u00e3o substituem o edital do processo seletivo vigente.<\/b><\/i><\/em><\/p>\t\t\t\t\t\t<\/div>\n\t\t\t\t<\/div>\n\t\t\t\t\t<\/div>\n\t\t<\/div>\n\t\t\t\t\t<\/div>\n\t\t<\/section>\n\t\t\t\t<section class=\"elementor-section elementor-top-section elementor-element elementor-element-1bfd4e0 elementor-section-boxed elementor-section-height-default elementor-section-height-default\" data-id=\"1bfd4e0\" data-element_type=\"section\">\n\t\t\t\t\t\t<div class=\"elementor-container elementor-column-gap-default\">\n\t\t\t\t\t<div class=\"elementor-column elementor-col-100 elementor-top-column elementor-element elementor-element-5ecab28\" data-id=\"5ecab28\" data-element_type=\"column\">\n\t\t\t<div class=\"elementor-widget-wrap elementor-element-populated\">\n\t\t\t\t\t\t<div class=\"elementor-element elementor-element-5305aa2 elementor-button-info elementor-align-center elementor-widget elementor-widget-button\" data-id=\"5305aa2\" data-element_type=\"widget\" data-widget_type=\"button.default\">\n\t\t\t\t<div class=\"elementor-widget-container\">\n\t\t\t\t\t\t\t<div class=\"elementor-button-wrapper\">\n\t\t\t\t\t<a class=\"elementor-button elementor-button-link elementor-size-sm\" href=\"https:\/\/www.ufsm.br\/pro-reitorias\/prograd\/sisu\/simulador-de-cotas\/\">\n\t\t\t\t\t\t<span class=\"elementor-button-content-wrapper\">\n\t\t\t\t\t\t\t\t\t<span class=\"elementor-button-text\">Clique aqui para acessar o Simulador de Cotas da UFSM<\/span>\n\t\t\t\t\t<\/span>\n\t\t\t\t\t<\/a>\n\t\t\t\t<\/div>\n\t\t\t\t\t\t<\/div>\n\t\t\t\t<\/div>\n\t\t\t\t\t<\/div>\n\t\t<\/div>\n\t\t\t\t\t<\/div>\n\t\t<\/section>\n\t\t\t\t<\/div>\n\t\t","protected":false},"excerpt":{"rendered":"<p>Cota LI_PCD:&nbsp;Candidatos(as) com defici\u00eancia (que se enquadre no Decreto Federal n\u00ba 3.298, de 20\/12\/1999 e na Recomenda\u00e7\u00e3o n\u00ba 03 de 01\/12\/2012) que apresente necessidade educacional especial e que tenham cursado integralmente o Ensino M\u00e9dio em escolas p\u00fablicas com renda bruta familiar por pessoa superior a 1,5 sal\u00e1rio m\u00ednimo (Lei n\u00ba 12.711\/2012) 2 blocos de documenta\u00e7\u00e3o [&hellip;]<\/p>\n","protected":false},"author":278,"featured_media":0,"parent":600,"menu_order":0,"comment_status":"closed","ping_status":"closed","template":"","meta":{"footnotes":""},"categories":[],"tags":[],"class_list":["post-621","page","type-page","status-publish","hentry"],"acf":[],"_links":{"self":[{"href":"https:\/\/www.ufsm.br\/pro-reitorias\/prograd\/sisu\/wp-json\/wp\/v2\/pages\/621","targetHints":{"allow":["GET"]}}],"collection":[{"href":"https:\/\/www.ufsm.br\/pro-reitorias\/prograd\/sisu\/wp-json\/wp\/v2\/pages"}],"about":[{"href":"https:\/\/www.ufsm.br\/pro-reitorias\/prograd\/sisu\/wp-json\/wp\/v2\/types\/page"}],"author":[{"embeddable":true,"href":"https:\/\/www.ufsm.br\/pro-reitorias\/prograd\/sisu\/wp-json\/wp\/v2\/users\/278"}],"replies":[{"embeddable":true,"href":"https:\/\/www.ufsm.br\/pro-reitorias\/prograd\/sisu\/wp-json\/wp\/v2\/comments?post=621"}],"version-history":[{"count":0,"href":"https:\/\/www.ufsm.br\/pro-reitorias\/prograd\/sisu\/wp-json\/wp\/v2\/pages\/621\/revisions"}],"up":[{"embeddable":true,"href":"https:\/\/www.ufsm.br\/pro-reitorias\/prograd\/sisu\/wp-json\/wp\/v2\/pages\/600"}],"wp:attachment":[{"href":"https:\/\/www.ufsm.br\/pro-reitorias\/prograd\/sisu\/wp-json\/wp\/v2\/media?parent=621"}],"wp:term":[{"taxonomy":"category","embeddable":true,"href":"https:\/\/www.ufsm.br\/pro-reitorias\/prograd\/sisu\/wp-json\/wp\/v2\/categories?post=621"},{"taxonomy":"post_tag","embeddable":true,"href":"https:\/\/www.ufsm.br\/pro-reitorias\/prograd\/sisu\/wp-json\/wp\/v2\/tags?post=621"}],"curies":[{"name":"wp","href":"https:\/\/api.w.org\/{rel}","templated":true}]}}