{"id":957,"date":"2024-01-17T10:06:14","date_gmt":"2024-01-17T13:06:14","guid":{"rendered":"https:\/\/www.ufsm.br\/pro-reitorias\/prograd\/sisu\/?page_id=957"},"modified":"2024-01-17T10:08:34","modified_gmt":"2024-01-17T13:08:34","slug":"documentos-para-cota-liq","status":"publish","type":"page","link":"https:\/\/www.ufsm.br\/pro-reitorias\/prograd\/sisu\/documentos-para-confirmacao-de-vaga\/documentos-para-cota-liq","title":{"rendered":"Documentos para cota LI_Q"},"content":{"rendered":"\t\t<div data-elementor-type=\"wp-page\" data-elementor-id=\"957\" class=\"elementor elementor-957\">\n\t\t\t\t\t\t<section class=\"elementor-section elementor-top-section elementor-element elementor-element-27ede73 elementor-section-boxed elementor-section-height-default elementor-section-height-default\" data-id=\"27ede73\" data-element_type=\"section\">\n\t\t\t\t\t\t<div class=\"elementor-container elementor-column-gap-default\">\n\t\t\t\t\t<div class=\"elementor-column elementor-col-100 elementor-top-column elementor-element elementor-element-d4943b3\" data-id=\"d4943b3\" data-element_type=\"column\">\n\t\t\t<div class=\"elementor-widget-wrap elementor-element-populated\">\n\t\t\t\t\t\t<div class=\"elementor-element elementor-element-09b211f elementor-widget elementor-widget-text-editor\" data-id=\"09b211f\" data-element_type=\"widget\" data-widget_type=\"text-editor.default\">\n\t\t\t\t<div class=\"elementor-widget-container\">\n\t\t\t\t\t\t\t<p><strong>Cota LI_Q:\u00a0<\/strong><span style=\"font-family: Arial;color: #000000;font-size: 12pt;background-color: transparent;text-align: var(--bs-body-text-align);font-weight: bold;vertical-align: baseline\">\u00a0<\/span><span style=\"color: #000000;font-size: 16px;font-weight: var( --e-global-typography-text-font-weight );text-align: var(--bs-body-text-align)\">Candidatos\/as autodeclarados\/as quilombolas, independente de renda, que tenham\u00a0<\/span><span style=\"color: #000000;font-size: 16px;font-weight: var( --e-global-typography-text-font-weight );text-align: var(--bs-body-text-align)\">cursado integralmente o ensino m\u00e9dio em escolas p\u00fablicas<\/span><\/p>\t\t\t\t\t\t<\/div>\n\t\t\t\t<\/div>\n\t\t\t\t\t<\/div>\n\t\t<\/div>\n\t\t\t\t\t<\/div>\n\t\t<\/section>\n\t\t\t\t<section class=\"elementor-section elementor-top-section elementor-element elementor-element-a35afd0 elementor-section-boxed elementor-section-height-default elementor-section-height-default\" data-id=\"a35afd0\" data-element_type=\"section\">\n\t\t\t\t\t\t<div class=\"elementor-container elementor-column-gap-default\">\n\t\t\t\t\t<div class=\"elementor-column elementor-col-100 elementor-top-column elementor-element elementor-element-851bf61\" data-id=\"851bf61\" data-element_type=\"column\">\n\t\t\t<div class=\"elementor-widget-wrap elementor-element-populated\">\n\t\t\t\t\t\t<div class=\"elementor-element elementor-element-05e9924 elementor-widget elementor-widget-heading\" data-id=\"05e9924\" data-element_type=\"widget\" data-widget_type=\"heading.default\">\n\t\t\t\t<div class=\"elementor-widget-container\">\n\t\t\t<h4 class=\"elementor-heading-title elementor-size-default\">2 blocos de documenta\u00e7\u00e3o a serem entregues pelo(a) candidato(a) classificado(a), no momento da Confirma\u00e7\u00e3o de Vaga\/Matr\u00edcula<\/h4>\t\t<\/div>\n\t\t\t\t<\/div>\n\t\t\t\t<div class=\"elementor-element elementor-element-568bf3a elementor-widget elementor-widget-spacer\" data-id=\"568bf3a\" data-element_type=\"widget\" data-widget_type=\"spacer.default\">\n\t\t\t\t<div class=\"elementor-widget-container\">\n\t\t\t\t\t<div class=\"elementor-spacer\">\n\t\t\t<div class=\"elementor-spacer-inner\"><\/div>\n\t\t<\/div>\n\t\t\t\t<\/div>\n\t\t\t\t<\/div>\n\t\t\t\t<div class=\"elementor-element elementor-element-4022382 elementor-icon-list--layout-traditional elementor-list-item-link-full_width elementor-widget elementor-widget-icon-list\" data-id=\"4022382\" data-element_type=\"widget\" data-widget_type=\"icon-list.default\">\n\t\t\t\t<div class=\"elementor-widget-container\">\n\t\t\t\t\t<ul class=\"elementor-icon-list-items\">\n\t\t\t\t\t\t\t<li class=\"elementor-icon-list-item\">\n\t\t\t\t\t\t\t\t\t\t\t<span class=\"elementor-icon-list-icon\">\n\t\t\t\t\t\t\t<i aria-hidden=\"true\" class=\"fas fa-check\"><\/i>\t\t\t\t\t\t<\/span>\n\t\t\t\t\t\t\t\t\t\t<span class=\"elementor-icon-list-text\">Documenta\u00e7\u00e3o Geral<\/span>\n\t\t\t\t\t\t\t\t\t<\/li>\n\t\t\t\t\t\t\t\t<li class=\"elementor-icon-list-item\">\n\t\t\t\t\t\t\t\t\t\t\t<span class=\"elementor-icon-list-icon\">\n\t\t\t\t\t\t\t<i aria-hidden=\"true\" class=\"fas fa-check\"><\/i>\t\t\t\t\t\t<\/span>\n\t\t\t\t\t\t\t\t\t\t<span class=\"elementor-icon-list-text\">Documenta\u00e7\u00e3o Autodeclara\u00e7\u00e3o<\/span>\n\t\t\t\t\t\t\t\t\t<\/li>\n\t\t\t\t\t\t<\/ul>\n\t\t\t\t<\/div>\n\t\t\t\t<\/div>\n\t\t\t\t<div class=\"elementor-element elementor-element-d15f938 elementor-widget elementor-widget-spacer\" data-id=\"d15f938\" data-element_type=\"widget\" data-widget_type=\"spacer.default\">\n\t\t\t\t<div class=\"elementor-widget-container\">\n\t\t\t\t\t<div class=\"elementor-spacer\">\n\t\t\t<div class=\"elementor-spacer-inner\"><\/div>\n\t\t<\/div>\n\t\t\t\t<\/div>\n\t\t\t\t<\/div>\n\t\t\t\t\t<\/div>\n\t\t<\/div>\n\t\t\t\t\t<\/div>\n\t\t<\/section>\n\t\t\t\t<section class=\"elementor-section elementor-top-section elementor-element elementor-element-497d410 elementor-section-boxed elementor-section-height-default elementor-section-height-default\" data-id=\"497d410\" data-element_type=\"section\">\n\t\t\t\t\t\t<div class=\"elementor-container elementor-column-gap-default\">\n\t\t\t\t\t<div class=\"elementor-column elementor-col-100 elementor-top-column elementor-element elementor-element-c29afc7\" data-id=\"c29afc7\" data-element_type=\"column\">\n\t\t\t<div class=\"elementor-widget-wrap elementor-element-populated\">\n\t\t\t\t\t\t<div class=\"elementor-element elementor-element-76bfc5f elementor-widget elementor-widget-heading\" data-id=\"76bfc5f\" data-element_type=\"widget\" data-widget_type=\"heading.default\">\n\t\t\t\t<div class=\"elementor-widget-container\">\n\t\t\t<h4 class=\"elementor-heading-title elementor-size-default\">Clique para acessar a lista de documentos de cada um dos blocos<\/h4>\t\t<\/div>\n\t\t\t\t<\/div>\n\t\t\t\t<div class=\"elementor-element elementor-element-9e67c85 elementor-widget elementor-widget-spacer\" data-id=\"9e67c85\" data-element_type=\"widget\" data-widget_type=\"spacer.default\">\n\t\t\t\t<div class=\"elementor-widget-container\">\n\t\t\t\t\t<div class=\"elementor-spacer\">\n\t\t\t<div class=\"elementor-spacer-inner\"><\/div>\n\t\t<\/div>\n\t\t\t\t<\/div>\n\t\t\t\t<\/div>\n\t\t\t\t<div class=\"elementor-element elementor-element-6014af1 elementor-widget elementor-widget-toggle\" data-id=\"6014af1\" data-element_type=\"widget\" data-widget_type=\"toggle.default\">\n\t\t\t\t<div class=\"elementor-widget-container\">\n\t\t\t\t\t<div class=\"elementor-toggle\">\n\t\t\t\t\t\t\t<div class=\"elementor-toggle-item\">\n\t\t\t\t\t<div id=\"elementor-tab-title-1001\" class=\"elementor-tab-title\" data-tab=\"1\" role=\"button\" aria-controls=\"elementor-tab-content-1001\" aria-expanded=\"false\">\n\t\t\t\t\t\t\t\t\t\t\t\t<span class=\"elementor-toggle-icon elementor-toggle-icon-left\" aria-hidden=\"true\">\n\t\t\t\t\t\t\t\t\t\t\t\t\t\t\t<span class=\"elementor-toggle-icon-closed\"><i class=\"fas fa-caret-right\"><\/i><\/span>\n\t\t\t\t\t\t\t\t<span class=\"elementor-toggle-icon-opened\"><i class=\"elementor-toggle-icon-opened fas fa-caret-up\"><\/i><\/span>\n\t\t\t\t\t\t\t\t\t\t\t\t\t<\/span>\n\t\t\t\t\t\t\t\t\t\t\t\t<a class=\"elementor-toggle-title\" tabindex=\"0\">GERAL<\/a>\n\t\t\t\t\t<\/div>\n\n\t\t\t\t\t<div id=\"elementor-tab-content-1001\" class=\"elementor-tab-content elementor-clearfix\" data-tab=\"1\" role=\"region\" aria-labelledby=\"elementor-tab-title-1001\"><p>a) <strong>Hist\u00f3rico Escolar do Ensino M\u00e9dio ou curso equivalente<\/strong>: uma c\u00f3pia autenticada ou uma via original;<\/p>\n<p>b) <strong>Certificado de Conclus\u00e3o do Ensino M\u00e9dio ou de curso equivalente<\/strong>: uma c\u00f3pia autenticada ou uma via original. Esse documento pode estar na mesma folha do Hist\u00f3rico Escolar, mas \u00e9 obrigat\u00f3rio que o candidato apresente a certifica\u00e7\u00e3o de que ele concluiu o Ensino M\u00e9dio ou equivalente, a qual \u00e9 emitida pela Escola onde terminou o curso em quest\u00e3o;<\/p>\n<p>c) <strong>Certid\u00e3o de Nascimento ou Casamento<\/strong>: uma c\u00f3pia;<\/p>\n<p>d) <strong>Documento de Identidade Civil (RG)<\/strong>: uma c\u00f3pia;<\/p>\n<p>e) <strong>Cadastro de Pessoa F\u00edsica (CPF)<\/strong>: uma c\u00f3pia, se n\u00e3o constar o n\u00famero do CPF no RG;<\/p>\n<p>f) <strong>T\u00edtulo Eleitoral<\/strong>: uma c\u00f3pia, opcional para candidatos com idade entre 16 e 18 anos; obrigat\u00f3rio para candidatos com mais de 18 anos. Pode ser c\u00f3pia do documento f\u00edsico, print do aplicativo do Tribunal Eleitoral (e-T\u00edtulo) ou <a href=\"https:\/\/www.tse.jus.br\/servicos-eleitorais\/certidoes\/certidao-de-quitacao-eleitoral\" target=\"_blank\" rel=\"noopener\">Certid\u00e3o de Quita\u00e7\u00e3o Eleitoral<\/a>;\u00a0\u00a0<\/p>\n<p>g) <strong>Documento Militar<\/strong>: uma c\u00f3pia. Deve comprovar que o candidato do sexo masculino est\u00e1 em dia com o servi\u00e7o militar. \u00c9 obrigat\u00f3rio a partir de 1\u00ba de janeiro do ano em que completa 19 anos e at\u00e9 31 de dezembro do ano em que completa 45 anos;<\/p>\n<p>h) <strong>Declara\u00e7\u00e3o de Equival\u00eancia de Estudos<\/strong>, conforme Resolu\u00e7\u00e3o n\u00ba 377\/11 do CEEd (Conselho Estadual de Educa\u00e7\u00e3o): uma c\u00f3pia, apenas para candidatos que tenham conclu\u00eddo o Ensino M\u00e9dio no exterior;<\/p>\n<p>i) <strong>Atestado m\u00e9dico de aptid\u00e3o ao esfor\u00e7o f\u00edsico<\/strong>: uma via, apenas para candidatos dos Cursos de Educa\u00e7\u00e3o F\u00edsica (Bacharelado ou Licenciatura).<\/p>\n<p><em><strong>Observa\u00e7\u00e3o:<\/strong> <\/em>Para pessoas que tenham obtido certifica\u00e7\u00e3o com base no resultado do Exame Nacional do Ensino M\u00e9dio &#8211; ENEM, do Exame Nacional para Certifica\u00e7\u00e3o de Compet\u00eancias de Jovens e Adultos \u2013 ENCCEJA ou de exames de certifica\u00e7\u00e3o de compet\u00eancia ou de avalia\u00e7\u00e3o de jovens e adultos realizados pelos sistemas estaduais de ensino \u00e9 preciso entregar:<\/p>\n<ul>\n<li>uma c\u00f3pia digitalizada (no formato pdf) do original do Certificado de Conclus\u00e3o<\/li>\n<li>Declara\u00e7\u00e3o, preenchida e assinada, de que n\u00e3o tenha, em algum momento, cursado parte do Ensino M\u00e9dio em escolas particulares (modelo de declara\u00e7\u00e3o dispon\u00edvel no edital vigente).<\/li>\n<\/ul><\/div>\n\t\t\t\t<\/div>\n\t\t\t\t\t\t\t<div class=\"elementor-toggle-item\">\n\t\t\t\t\t<div id=\"elementor-tab-title-1002\" class=\"elementor-tab-title\" data-tab=\"2\" role=\"button\" aria-controls=\"elementor-tab-content-1002\" aria-expanded=\"false\">\n\t\t\t\t\t\t\t\t\t\t\t\t<span class=\"elementor-toggle-icon elementor-toggle-icon-left\" aria-hidden=\"true\">\n\t\t\t\t\t\t\t\t\t\t\t\t\t\t\t<span class=\"elementor-toggle-icon-closed\"><i class=\"fas fa-caret-right\"><\/i><\/span>\n\t\t\t\t\t\t\t\t<span class=\"elementor-toggle-icon-opened\"><i class=\"elementor-toggle-icon-opened fas fa-caret-up\"><\/i><\/span>\n\t\t\t\t\t\t\t\t\t\t\t\t\t<\/span>\n\t\t\t\t\t\t\t\t\t\t\t\t<a class=\"elementor-toggle-title\" tabindex=\"0\">AUTODECLARA\u00c7\u00c3O<\/a>\n\t\t\t\t\t<\/div>\n\n\t\t\t\t\t<div id=\"elementor-tab-content-1002\" class=\"elementor-tab-content elementor-clearfix\" data-tab=\"2\" role=\"region\" aria-labelledby=\"elementor-tab-title-1002\"><p>A pessoa inscrita em cotas que exijam autodeclara\u00e7\u00e3o dever\u00e3o comparecer, no per\u00edodo agendado, \u00e0 Webconfer\u00eancia obrigat\u00f3ria com a Comiss\u00e3o de Autodeclara\u00e7\u00e3o\/UFSM a ser realizada via plataforma \u201cGoogle Meet\u201d ou de forma presencial, conforme orienta\u00e7\u00e3o do edital vigente.<\/p>\n<ul>\n<li>Documento de Autodeclara\u00e7\u00e3o \u00c9tnico-racial, preenchida e assinada, de que \u00e9 quilombola (modelos de autodeclara\u00e7\u00f5es dispon\u00edveis no edital vigente);<\/li>\n<li>Declara\u00e7\u00e3o conforme modelo de edital vigente, com assinatura das lideran\u00e7as quilombolas<\/li><li>Certificado da Funda\u00e7\u00e3o Palmares atestando territ\u00f3rio \u00e9 quilombo<\/li>\n<\/ul><\/div>\n\t\t\t\t<\/div>\n\t\t\t\t\t\t\t\t<\/div>\n\t\t\t\t<\/div>\n\t\t\t\t<\/div>\n\t\t\t\t\t<\/div>\n\t\t<\/div>\n\t\t\t\t\t<\/div>\n\t\t<\/section>\n\t\t\t\t<section class=\"elementor-section elementor-top-section elementor-element elementor-element-5776f92 elementor-section-boxed elementor-section-height-default elementor-section-height-default\" data-id=\"5776f92\" data-element_type=\"section\">\n\t\t\t\t\t\t<div class=\"elementor-container elementor-column-gap-default\">\n\t\t\t\t\t<div class=\"elementor-column elementor-col-100 elementor-top-column elementor-element elementor-element-1ae34cc\" data-id=\"1ae34cc\" data-element_type=\"column\">\n\t\t\t<div class=\"elementor-widget-wrap elementor-element-populated\">\n\t\t\t\t\t\t<div class=\"elementor-element elementor-element-241a78d elementor-widget elementor-widget-text-editor\" data-id=\"241a78d\" data-element_type=\"widget\" data-widget_type=\"text-editor.default\">\n\t\t\t\t<div class=\"elementor-widget-container\">\n\t\t\t\t\t\t\t<p><em><b>Importante:\u00a0<\/b><i><b>As informa\u00e7\u00f5es contidas nos sites ufsm.br\/sisu e ufsm.br\/prograd n\u00e3o substituem os Editais e demais Legisla\u00e7\u00f5es referentes aos Processos Seletivos nem seus adendos, anexos ou retifica\u00e7\u00f5es. Estas s\u00e3o orienta\u00e7\u00f5es b\u00e1sicas formuladas a partir de editais anteriores e n\u00e3o substituem o edital do processo seletivo vigente.<\/b><\/i><\/em><\/p>\t\t\t\t\t\t<\/div>\n\t\t\t\t<\/div>\n\t\t\t\t\t<\/div>\n\t\t<\/div>\n\t\t\t\t\t<\/div>\n\t\t<\/section>\n\t\t\t\t<section class=\"elementor-section elementor-top-section elementor-element elementor-element-5d307fd elementor-section-boxed elementor-section-height-default elementor-section-height-default\" data-id=\"5d307fd\" data-element_type=\"section\">\n\t\t\t\t\t\t<div class=\"elementor-container elementor-column-gap-default\">\n\t\t\t\t\t<div class=\"elementor-column elementor-col-100 elementor-top-column elementor-element elementor-element-011c6b9\" data-id=\"011c6b9\" data-element_type=\"column\">\n\t\t\t<div class=\"elementor-widget-wrap elementor-element-populated\">\n\t\t\t\t\t\t<div class=\"elementor-element elementor-element-b4844fd elementor-button-info elementor-align-center elementor-widget elementor-widget-button\" data-id=\"b4844fd\" data-element_type=\"widget\" data-widget_type=\"button.default\">\n\t\t\t\t<div class=\"elementor-widget-container\">\n\t\t\t\t\t\t\t<div class=\"elementor-button-wrapper\">\n\t\t\t\t\t<a class=\"elementor-button elementor-button-link elementor-size-sm\" href=\"https:\/\/www.ufsm.br\/pro-reitorias\/prograd\/sisu\/simulador-de-cotas\/\">\n\t\t\t\t\t\t<span class=\"elementor-button-content-wrapper\">\n\t\t\t\t\t\t\t\t\t<span class=\"elementor-button-text\">Clique aqui para acessar o Simulador de Cotas da UFSM<\/span>\n\t\t\t\t\t<\/span>\n\t\t\t\t\t<\/a>\n\t\t\t\t<\/div>\n\t\t\t\t\t\t<\/div>\n\t\t\t\t<\/div>\n\t\t\t\t\t<\/div>\n\t\t<\/div>\n\t\t\t\t\t<\/div>\n\t\t<\/section>\n\t\t\t\t<\/div>\n\t\t","protected":false},"excerpt":{"rendered":"<p>Cota LI_Q:\u00a0\u00a0Candidatos\/as autodeclarados\/as quilombolas, independente de renda, que tenham\u00a0cursado integralmente o ensino m\u00e9dio em escolas p\u00fablicas 2 blocos de documenta\u00e7\u00e3o a serem entregues pelo(a) candidato(a) classificado(a), no momento da Confirma\u00e7\u00e3o de Vaga\/Matr\u00edcula Documenta\u00e7\u00e3o Geral Documenta\u00e7\u00e3o Autodeclara\u00e7\u00e3o Clique para acessar a lista de documentos de cada um dos blocos GERAL a) Hist\u00f3rico Escolar do Ensino M\u00e9dio [&hellip;]<\/p>\n","protected":false},"author":278,"featured_media":0,"parent":600,"menu_order":0,"comment_status":"closed","ping_status":"closed","template":"","meta":{"footnotes":""},"categories":[],"tags":[],"class_list":["post-957","page","type-page","status-publish","hentry"],"acf":[],"_links":{"self":[{"href":"https:\/\/www.ufsm.br\/pro-reitorias\/prograd\/sisu\/wp-json\/wp\/v2\/pages\/957","targetHints":{"allow":["GET"]}}],"collection":[{"href":"https:\/\/www.ufsm.br\/pro-reitorias\/prograd\/sisu\/wp-json\/wp\/v2\/pages"}],"about":[{"href":"https:\/\/www.ufsm.br\/pro-reitorias\/prograd\/sisu\/wp-json\/wp\/v2\/types\/page"}],"author":[{"embeddable":true,"href":"https:\/\/www.ufsm.br\/pro-reitorias\/prograd\/sisu\/wp-json\/wp\/v2\/users\/278"}],"replies":[{"embeddable":true,"href":"https:\/\/www.ufsm.br\/pro-reitorias\/prograd\/sisu\/wp-json\/wp\/v2\/comments?post=957"}],"version-history":[{"count":0,"href":"https:\/\/www.ufsm.br\/pro-reitorias\/prograd\/sisu\/wp-json\/wp\/v2\/pages\/957\/revisions"}],"up":[{"embeddable":true,"href":"https:\/\/www.ufsm.br\/pro-reitorias\/prograd\/sisu\/wp-json\/wp\/v2\/pages\/600"}],"wp:attachment":[{"href":"https:\/\/www.ufsm.br\/pro-reitorias\/prograd\/sisu\/wp-json\/wp\/v2\/media?parent=957"}],"wp:term":[{"taxonomy":"category","embeddable":true,"href":"https:\/\/www.ufsm.br\/pro-reitorias\/prograd\/sisu\/wp-json\/wp\/v2\/categories?post=957"},{"taxonomy":"post_tag","embeddable":true,"href":"https:\/\/www.ufsm.br\/pro-reitorias\/prograd\/sisu\/wp-json\/wp\/v2\/tags?post=957"}],"curies":[{"name":"wp","href":"https:\/\/api.w.org\/{rel}","templated":true}]}}