{"id":175,"date":"2020-06-01T13:54:35","date_gmt":"2020-06-01T16:54:35","guid":{"rendered":"https:\/\/www.ufsm.br\/pro-reitorias\/prograd\/ufsm-em-rede\/?page_id=175"},"modified":"2020-06-18T11:40:39","modified_gmt":"2020-06-18T14:40:39","slug":"kahoot","status":"publish","type":"page","link":"https:\/\/www.ufsm.br\/pro-reitorias\/prograd\/ufsm-em-rede\/kahoot","title":{"rendered":"Kahoot"},"content":{"rendered":"\t\t<div data-elementor-type=\"wp-page\" data-elementor-id=\"175\" class=\"elementor elementor-175\">\n\t\t\t\t\t\t<section class=\"elementor-section elementor-top-section elementor-element elementor-element-8485c40 elementor-section-boxed elementor-section-height-default elementor-section-height-default\" data-id=\"8485c40\" data-element_type=\"section\">\n\t\t\t\t\t\t<div class=\"elementor-container elementor-column-gap-default\">\n\t\t\t\t\t<div class=\"elementor-column elementor-col-100 elementor-top-column elementor-element elementor-element-be1ad5d\" data-id=\"be1ad5d\" data-element_type=\"column\">\n\t\t\t<div class=\"elementor-widget-wrap elementor-element-populated\">\n\t\t\t\t\t\t<div class=\"elementor-element elementor-element-161e3a7 elementor-position-top elementor-widget elementor-widget-image-box\" data-id=\"161e3a7\" data-element_type=\"widget\" data-widget_type=\"image-box.default\">\n\t\t\t\t<div class=\"elementor-widget-container\">\n\t\t\t<div class=\"elementor-image-box-wrapper\"><figure class=\"elementor-image-box-img\"><img fetchpriority=\"high\" decoding=\"async\" width=\"1024\" height=\"576\" src=\"https:\/\/www.ufsm.br\/app\/uploads\/sites\/822\/2020\/06\/BrandAssets-Logo-CoverImage.jpg\" class=\"attachment-full size-full wp-image-174\" alt=\"\" srcset=\"https:\/\/www.ufsm.br\/app\/uploads\/sites\/822\/2020\/06\/BrandAssets-Logo-CoverImage.jpg 1024w, https:\/\/www.ufsm.br\/app\/uploads\/sites\/822\/2020\/06\/BrandAssets-Logo-CoverImage-300x169.jpg 300w, https:\/\/www.ufsm.br\/app\/uploads\/sites\/822\/2020\/06\/BrandAssets-Logo-CoverImage-768x432.jpg 768w\" sizes=\"(max-width: 1024px) 100vw, 1024px\" \/><\/figure><div class=\"elementor-image-box-content\"><h3 class=\"elementor-image-box-title\">Kahoot!<\/h3><\/div><\/div>\t\t<\/div>\n\t\t\t\t<\/div>\n\t\t\t\t<div class=\"elementor-element elementor-element-20dca54 elementor-widget elementor-widget-heading\" data-id=\"20dca54\" data-element_type=\"widget\" data-widget_type=\"heading.default\">\n\t\t\t\t<div class=\"elementor-widget-container\">\n\t\t\t<h2 class=\"elementor-heading-title elementor-size-default\">Descri\u00e7\u00e3o<\/h2>\t\t<\/div>\n\t\t\t\t<\/div>\n\t\t\t\t<div class=\"elementor-element elementor-element-8c32217 elementor-widget elementor-widget-text-editor\" data-id=\"8c32217\" data-element_type=\"widget\" data-widget_type=\"text-editor.default\">\n\t\t\t\t<div class=\"elementor-widget-container\">\n\t\t\t\t\t\t\t<p><span style=\"font-weight: 400\">O Kahoot! \u00e9 uma ferramenta que permite a cria\u00e7\u00e3o de quizzes de perguntas e respostas para interagir com os alunos e obter respostas em tempo real.<\/span><\/p><p><span style=\"font-weight: 400\">Como \u00e9 necess\u00e1rio que o professor disponibilize em tempo real o quizz, poder\u00e1 ser utilizado como avalia\u00e7\u00e3o formativa em aulas realizadas por webconfer\u00eancia.<\/span><\/p>\t\t\t\t\t\t<\/div>\n\t\t\t\t<\/div>\n\t\t\t\t<div class=\"elementor-element elementor-element-2c11a90 elementor-widget elementor-widget-heading\" data-id=\"2c11a90\" data-element_type=\"widget\" data-widget_type=\"heading.default\">\n\t\t\t\t<div class=\"elementor-widget-container\">\n\t\t\t<h2 class=\"elementor-heading-title elementor-size-default\">Links e Tutoriais<\/h2>\t\t<\/div>\n\t\t\t\t<\/div>\n\t\t\t\t<div class=\"elementor-element elementor-element-f807a8b elementor-widget elementor-widget-text-editor\" data-id=\"f807a8b\" data-element_type=\"widget\" data-widget_type=\"text-editor.default\">\n\t\t\t\t<div class=\"elementor-widget-container\">\n\t\t\t\t\t\t\t<p><b>Link do Site:<\/b> <a href=\"https:\/\/kahoot.com\/\"><span style=\"font-weight: 400\">https:\/\/kahoot.com\/<\/span><\/a><\/p>\n<p><b>Link de acesso dos alunos: <\/b><a href=\"https:\/\/kahoot.it\/\"><span style=\"font-weight: 400\">https:\/\/kahoot.it\/<\/span><\/a><\/p>\n<p><b>Link de tutoriais em v\u00eddeo:<\/b><\/p>\n<p><span style=\"font-weight: 400\">Criar atividades interativas com o Kahoot (By Biblio Tubers &#8211; Licen\u00e7a Creative Commons &#8211; Atribui\u00e7\u00e3o-N\u00e3oComercial 4.0 Internacional):<br><\/span><a href=\"https:\/\/bibliotubers.com\/tag\/microlearning\"><span style=\"font-weight: 400\">https:\/\/bibliotubers.com\/tag\/microlearning<\/span><\/a><\/p>\n<p><span style=\"font-weight: 400\">Kahoot: Gamifica\u00e7\u00e3o na sala de aula (By&nbsp;<\/span><\/p>\n<p><span style=\"font-weight: 400\">Descomplica &#8211; Tecnologias na Educa\u00e7\u00e3o&nbsp; &#8211; Licen\u00e7a de atribui\u00e7\u00e3o <\/span><b>Creative Commons<\/b><span style=\"font-weight: 400\"> &#8211; reutiliza\u00e7\u00e3o permitida)<br><\/span><a href=\"https:\/\/www.youtube.com\/watch?v=ShGtpaHQBVo\"><span style=\"font-weight: 400\">https:\/\/www.youtube.com\/watch?v=ShGtpaHQBVo<\/span><\/a><\/p>\n<p><span style=\"font-weight: 400\">C\u00f3mo enviar un Kahoot como deberes (By Jos\u00e9 Eladio Gonz\u00e1lez &#8211; Licen\u00e7a de atribui\u00e7\u00e3o <\/span><b>Creative Commons<\/b><span style=\"font-weight: 400\"> &#8211; reutiliza\u00e7\u00e3o permitida):<br><\/span><a href=\"https:\/\/www.youtube.com\/watch?v=S8UyZDnYpEA\"><span style=\"font-weight: 400\">https:\/\/www.youtube.com\/watch?v=S8UyZDnYpEA<\/span><\/a><\/p>\n<p><span style=\"font-weight: 400\">Como criar, configurar e usar o Kahoot (By Ensine fora da caixa)<br><\/span><a href=\"https:\/\/www.youtube.com\/watch?v=laQLUb7eTeM\"><span style=\"font-weight: 400\">https:\/\/www.youtube.com\/watch?v=laQLUb7eTeM<\/span><\/a><\/p>\n<p><b>&#8212;-&gt; Gamificando a sala de aula com o Kahoot (By TiEDUCA)<\/b><br><span style=\"font-weight: 400\"><a href=\"https:\/\/www.youtube.com\/watch?v=VQ2jCj8Ydr0\">https:\/\/www.youtube.com\/watch?v=VQ2jCj8Ydr0<\/a><\/span><\/p>\n<p><b>&#8212;-&gt;&nbsp;<\/b> <b>Conhecendo o Kahoot (By Wendy Ensina)&nbsp;<span style=\"color: #000000;font-size: 16px\">Licen\u00e7a de atribui\u00e7\u00e3o&nbsp;<\/span><span style=\"color: #000000;font-size: 16px\">Creative Commons<\/span><span style=\"color: #000000;font-size: 16px\">&nbsp;&#8211; reutiliza\u00e7\u00e3o permitida):<\/span><\/b><\/p>\n<p><a href=\"https:\/\/www.youtube.com\/watch?v=wsOftl0kIPE\" target=\"_blank\" rel=\"noopener\">https:\/\/www.youtube.com\/watch?v=wsOftl0kIPE<\/a><\/p>\n<p><b>&#8212;-&gt;<\/b>&nbsp;<b>Como criar um quizz com Kahoot (By Engenheiro de Plant\u00e3o)&nbsp;<span style=\"color: #000000;font-size: 16px\">Licen\u00e7a de atribui\u00e7\u00e3o&nbsp;<\/span><span style=\"color: #000000;font-size: 16px\">Creative Commons<\/span><span style=\"color: #000000;font-size: 16px\">&nbsp;&#8211; reutiliza\u00e7\u00e3o permitida):<\/span><\/b><\/p>\n<p><a href=\"https:\/\/www.youtube.com\/watch?v=OZaJQNPyEiw\">https:\/\/www.youtube.com\/watch?v=OZaJQNPyEiw<\/a><\/p>\n<p><span style=\"font-weight: 400\">KAHOOT: Como usar nas aulas presenciais ou online (By DeProfPraProf):<br><\/span><a href=\"https:\/\/www.youtube.com\/watch?v=6MWUMYmAImo\"><span style=\"font-weight: 400\">https:\/\/www.youtube.com\/watch?v=6MWUMYmAImo<\/span><\/a><\/p>\n<p><span style=\"font-weight: 400\">EDU Webinar 4\/22\/2020: Play Kahoot! via video conferencing (By Kahoot! \u2013 em ingl\u00eas):<br><\/span><a href=\"https:\/\/www.youtube.com\/watch?v=QCoiCDc72U4&amp;feature=emb_rel_pause\"><span style=\"font-weight: 400\">https:\/\/www.youtube.com\/watch?v=QCoiCDc72U4&amp;feature=emb_rel_pause<\/span><\/a><\/p>\n<p><span style=\"font-weight: 400\">Kahoot! com Folha de Excel (By Edgar Costa):<br><\/span><a href=\"https:\/\/www.youtube.com\/watch?v=Z1YTUsGTdjA\"><span style=\"font-weight: 400\">https:\/\/www.youtube.com\/watch?v=Z1YTUsGTdjA<\/span><\/a><\/p>\n<p><\/p>\n<p><b>Outros tutoriais na web sobre atividades:<\/b><\/p>\n<p><span style=\"font-weight: 400\">Tutorial kahoot! (By M\u00e1rcio Martins, Professor na UNIPAMPA):<br><\/span><a href=\"https:\/\/pt.slideshare.net\/marciotics\/tutorial-kahoot-101946320\"><span style=\"font-weight: 400\">https:\/\/pt.slideshare.net\/marciotics\/tutorial-kahoot-101946320<\/span><\/a><\/p>\n<p><span style=\"font-weight: 400\">Kahoot: como criar quiz e estudar com jogos (By Techtudo)<br><\/span><a href=\"https:\/\/www.techtudo.com.br\/dicas-e-tutoriais\/2019\/10\/kahoot-como-criar-quiz-e-estudar-com-jogos.ghtml\"><span style=\"font-weight: 400\">https:\/\/www.techtudo.com.br\/dicas-e-tutoriais\/2019\/10\/kahoot-como-criar-quiz-e-estudar-com-jogos.ghtml<\/span><\/a><\/p>\t\t\t\t\t\t<\/div>\n\t\t\t\t<\/div>\n\t\t\t\t<div class=\"elementor-element elementor-element-d37bf40 elementor-widget elementor-widget-heading\" data-id=\"d37bf40\" data-element_type=\"widget\" data-widget_type=\"heading.default\">\n\t\t\t\t<div class=\"elementor-widget-container\">\n\t\t\t<h2 class=\"elementor-heading-title elementor-size-default\">Observa\u00e7\u00f5es<\/h2>\t\t<\/div>\n\t\t\t\t<\/div>\n\t\t\t\t<div class=\"elementor-element elementor-element-d6e115f elementor-widget elementor-widget-text-editor\" data-id=\"d6e115f\" data-element_type=\"widget\" data-widget_type=\"text-editor.default\">\n\t\t\t\t<div class=\"elementor-widget-container\">\n\t\t\t\t\t\t\t<p><span style=\"font-weight: 400\">Pode ser acessada pela web ou pelo aplicativo. <\/span><\/p>\t\t\t\t\t\t<\/div>\n\t\t\t\t<\/div>\n\t\t\t\t<div class=\"elementor-element elementor-element-db30c1b elementor-widget-divider--view-line elementor-widget elementor-widget-divider\" data-id=\"db30c1b\" data-element_type=\"widget\" data-widget_type=\"divider.default\">\n\t\t\t\t<div class=\"elementor-widget-container\">\n\t\t\t\t\t<div class=\"elementor-divider\">\n\t\t\t<span class=\"elementor-divider-separator\">\n\t\t\t\t\t\t<\/span>\n\t\t<\/div>\n\t\t\t\t<\/div>\n\t\t\t\t<\/div>\n\t\t\t\t\t<\/div>\n\t\t<\/div>\n\t\t\t\t\t<\/div>\n\t\t<\/section>\n\t\t\t\t<\/div>\n\t\t","protected":false},"excerpt":{"rendered":"<p>Kahoot! Descri\u00e7\u00e3o O Kahoot! \u00e9 uma ferramenta que permite a cria\u00e7\u00e3o de quizzes de perguntas e respostas para interagir com os alunos e obter respostas em tempo real. Como \u00e9 necess\u00e1rio que o professor disponibilize em tempo real o quizz, poder\u00e1 ser utilizado como avalia\u00e7\u00e3o formativa em aulas realizadas por webconfer\u00eancia. Links e Tutoriais Link [&hellip;]<\/p>\n","protected":false},"author":324,"featured_media":0,"parent":0,"menu_order":0,"comment_status":"closed","ping_status":"closed","template":"","meta":{"footnotes":""},"categories":[],"tags":[],"class_list":["post-175","page","type-page","status-publish","hentry"],"acf":[],"_links":{"self":[{"href":"https:\/\/www.ufsm.br\/pro-reitorias\/prograd\/ufsm-em-rede\/wp-json\/wp\/v2\/pages\/175","targetHints":{"allow":["GET"]}}],"collection":[{"href":"https:\/\/www.ufsm.br\/pro-reitorias\/prograd\/ufsm-em-rede\/wp-json\/wp\/v2\/pages"}],"about":[{"href":"https:\/\/www.ufsm.br\/pro-reitorias\/prograd\/ufsm-em-rede\/wp-json\/wp\/v2\/types\/page"}],"author":[{"embeddable":true,"href":"https:\/\/www.ufsm.br\/pro-reitorias\/prograd\/ufsm-em-rede\/wp-json\/wp\/v2\/users\/324"}],"replies":[{"embeddable":true,"href":"https:\/\/www.ufsm.br\/pro-reitorias\/prograd\/ufsm-em-rede\/wp-json\/wp\/v2\/comments?post=175"}],"version-history":[{"count":0,"href":"https:\/\/www.ufsm.br\/pro-reitorias\/prograd\/ufsm-em-rede\/wp-json\/wp\/v2\/pages\/175\/revisions"}],"wp:attachment":[{"href":"https:\/\/www.ufsm.br\/pro-reitorias\/prograd\/ufsm-em-rede\/wp-json\/wp\/v2\/media?parent=175"}],"wp:term":[{"taxonomy":"category","embeddable":true,"href":"https:\/\/www.ufsm.br\/pro-reitorias\/prograd\/ufsm-em-rede\/wp-json\/wp\/v2\/categories?post=175"},{"taxonomy":"post_tag","embeddable":true,"href":"https:\/\/www.ufsm.br\/pro-reitorias\/prograd\/ufsm-em-rede\/wp-json\/wp\/v2\/tags?post=175"}],"curies":[{"name":"wp","href":"https:\/\/api.w.org\/{rel}","templated":true}]}}