{"id":178,"date":"2020-06-01T14:08:13","date_gmt":"2020-06-01T17:08:13","guid":{"rendered":"https:\/\/www.ufsm.br\/pro-reitorias\/prograd\/ufsm-em-rede\/?page_id=178"},"modified":"2020-06-18T09:10:48","modified_gmt":"2020-06-18T12:10:48","slug":"cmap-tools","status":"publish","type":"page","link":"https:\/\/www.ufsm.br\/pro-reitorias\/prograd\/ufsm-em-rede\/cmap-tools","title":{"rendered":"CMap Tools"},"content":{"rendered":"\t\t<div data-elementor-type=\"wp-page\" data-elementor-id=\"178\" class=\"elementor elementor-178\">\n\t\t\t\t\t\t<section class=\"elementor-section elementor-top-section elementor-element elementor-element-3fa3402 elementor-section-boxed elementor-section-height-default elementor-section-height-default\" data-id=\"3fa3402\" data-element_type=\"section\">\n\t\t\t\t\t\t<div class=\"elementor-container elementor-column-gap-default\">\n\t\t\t\t\t<div class=\"elementor-column elementor-col-100 elementor-top-column elementor-element elementor-element-5a9ce34\" data-id=\"5a9ce34\" data-element_type=\"column\">\n\t\t\t<div class=\"elementor-widget-wrap elementor-element-populated\">\n\t\t\t\t\t\t<div class=\"elementor-element elementor-element-2644708 elementor-position-top elementor-widget elementor-widget-image-box\" data-id=\"2644708\" data-element_type=\"widget\" data-widget_type=\"image-box.default\">\n\t\t\t\t<div class=\"elementor-widget-container\">\n\t\t\t<div class=\"elementor-image-box-wrapper\"><figure class=\"elementor-image-box-img\"><img fetchpriority=\"high\" decoding=\"async\" width=\"1200\" height=\"1026\" src=\"https:\/\/www.ufsm.br\/app\/uploads\/sites\/822\/2020\/06\/C8xGJ5VXUAAb8FL.jpg\" class=\"attachment-full size-full wp-image-177\" alt=\"\" srcset=\"https:\/\/www.ufsm.br\/app\/uploads\/sites\/822\/2020\/06\/C8xGJ5VXUAAb8FL.jpg 1200w, https:\/\/www.ufsm.br\/app\/uploads\/sites\/822\/2020\/06\/C8xGJ5VXUAAb8FL-300x257.jpg 300w, https:\/\/www.ufsm.br\/app\/uploads\/sites\/822\/2020\/06\/C8xGJ5VXUAAb8FL-1024x876.jpg 1024w, https:\/\/www.ufsm.br\/app\/uploads\/sites\/822\/2020\/06\/C8xGJ5VXUAAb8FL-768x657.jpg 768w\" sizes=\"(max-width: 1200px) 100vw, 1200px\" \/><\/figure><div class=\"elementor-image-box-content\"><h3 class=\"elementor-image-box-title\">CMap Tools<\/h3><\/div><\/div>\t\t<\/div>\n\t\t\t\t<\/div>\n\t\t\t\t<div class=\"elementor-element elementor-element-6a8a482 elementor-widget elementor-widget-heading\" data-id=\"6a8a482\" data-element_type=\"widget\" data-widget_type=\"heading.default\">\n\t\t\t\t<div class=\"elementor-widget-container\">\n\t\t\t<h2 class=\"elementor-heading-title elementor-size-default\">Descri\u00e7\u00e3o<\/h2>\t\t<\/div>\n\t\t\t\t<\/div>\n\t\t\t\t<div class=\"elementor-element elementor-element-2ada66c elementor-widget elementor-widget-text-editor\" data-id=\"2ada66c\" data-element_type=\"widget\" data-widget_type=\"text-editor.default\">\n\t\t\t\t<div class=\"elementor-widget-container\">\n\t\t\t\t\t\t\t<p><span style=\"font-weight: 400\">\u00c9 um software para elabora\u00e7\u00e3o de <\/span><span style=\"font-weight: 400\">Mapas Conceituais<\/span><span style=\"font-weight: 400\">. Os mapas conceituais constituem uma poderosa estrat\u00e9gia de avalia\u00e7\u00e3o da aprendizagem que respeita a constru\u00e7\u00e3o do conhecimento.<\/span><\/p>\t\t\t\t\t\t<\/div>\n\t\t\t\t<\/div>\n\t\t\t\t<div class=\"elementor-element elementor-element-c2b12f0 elementor-widget elementor-widget-heading\" data-id=\"c2b12f0\" data-element_type=\"widget\" data-widget_type=\"heading.default\">\n\t\t\t\t<div class=\"elementor-widget-container\">\n\t\t\t<h2 class=\"elementor-heading-title elementor-size-default\">Links e Tutoriais<\/h2>\t\t<\/div>\n\t\t\t\t<\/div>\n\t\t\t\t<div class=\"elementor-element elementor-element-8b4c32c elementor-widget elementor-widget-text-editor\" data-id=\"8b4c32c\" data-element_type=\"widget\" data-widget_type=\"text-editor.default\">\n\t\t\t\t<div class=\"elementor-widget-container\">\n\t\t\t\t\t\t\t<h4><span style=\"font-weight: 400\">Link para fazer download do <\/span><span style=\"font-weight: 400\">Cmap Tools:<br \/><\/span><a href=\"https:\/\/cmap.ihmc.us\/cmaptools\/\"><span style=\"font-weight: 400\">https:\/\/cmap.ihmc.us\/cmaptools\/<\/span><\/a><\/h4><p>\u00a0<\/p><p><b>Link de tutoriais em v\u00eddeo:<\/b><\/p><p><span style=\"font-weight: 400\">V\u00eddeos de Ajuda \u2013 Cmap Tools:<br \/><\/span><a href=\"https:\/\/cmap.ihmc.us\/docs\/cmaptools-help-videos\"><span style=\"font-weight: 400\">https:\/\/cmap.ihmc.us\/docs\/cmaptools-help-videos<\/span><\/a><\/p><p><span style=\"font-weight: 400\">Tutorial CmapTools (By Mara Denize Mazzardo &#8211; Licen\u00e7a de atribui\u00e7\u00e3o <\/span><b>Creative Commons<\/b><span style=\"font-weight: 400\"> (reutiliza\u00e7\u00e3o permitida):<br \/><\/span><a href=\"https:\/\/www.youtube.com\/watch?v=T0V31Nc1TNA\"><span style=\"font-weight: 400\">https:\/\/www.youtube.com\/watch?v=T0V31Nc1TNA<\/span><\/a><\/p><p><span style=\"font-weight: 400\">CmapTools &#8211; Tutorial B\u00e1sico (By <\/span><span style=\"font-weight: 400\">Alexandro N\u00e9ia F.):<br \/><\/span><a href=\"https:\/\/www.youtube.com\/watch?v=PL8LoVGw1lI\"><span style=\"font-weight: 400\">https:\/\/www.youtube.com\/watch?v=PL8LoVGw1lI<\/span><\/a><\/p><p>\u00a0<\/p><p><b>Outros tutoriais dispon\u00edveis na web:<\/b><\/p><p><span style=\"font-weight: 400\">Construindo e Publicando P\u00e1ginas Mapas Conceituais (CINTED\/UFRGS):<br \/><\/span><a href=\"http:\/\/penta3.ufrgs.br\/tutoriais\/Tutoria-CmapToolsV5\/index.htm\"><span style=\"font-weight: 400\">http:\/\/penta3.ufrgs.br\/tutoriais\/Tutoria-CmapToolsV5\/index.htm<\/span><\/a><\/p><p><span style=\"font-weight: 400\">Cmap Tools (Col\u00e9gio Pedro II):<br \/><\/span><a href=\"https:\/\/www.cp2.g12.br\/blog\/labre2\/programas-e-tutoriais\/cmap-tools\/\"><span style=\"font-weight: 400\">https:\/\/www.cp2.g12.br\/blog\/labre2\/programas-e-tutoriais\/cmap-tools\/<\/span><\/a><\/p>\t\t\t\t\t\t<\/div>\n\t\t\t\t<\/div>\n\t\t\t\t<div class=\"elementor-element elementor-element-74b7967 elementor-widget elementor-widget-heading\" data-id=\"74b7967\" data-element_type=\"widget\" data-widget_type=\"heading.default\">\n\t\t\t\t<div class=\"elementor-widget-container\">\n\t\t\t<h2 class=\"elementor-heading-title elementor-size-default\">Observa\u00e7\u00f5es<\/h2>\t\t<\/div>\n\t\t\t\t<\/div>\n\t\t\t\t<div class=\"elementor-element elementor-element-82de1ef elementor-widget elementor-widget-text-editor\" data-id=\"82de1ef\" data-element_type=\"widget\" data-widget_type=\"text-editor.default\">\n\t\t\t\t<div class=\"elementor-widget-container\">\n\t\t\t\t\t\t\t<p><span style=\"font-weight: 400\">Plataformas: Windows, OSX, Linux<\/span><\/p>\t\t\t\t\t\t<\/div>\n\t\t\t\t<\/div>\n\t\t\t\t<div class=\"elementor-element elementor-element-20153fa elementor-widget-divider--view-line elementor-widget elementor-widget-divider\" data-id=\"20153fa\" data-element_type=\"widget\" data-widget_type=\"divider.default\">\n\t\t\t\t<div class=\"elementor-widget-container\">\n\t\t\t\t\t<div class=\"elementor-divider\">\n\t\t\t<span class=\"elementor-divider-separator\">\n\t\t\t\t\t\t<\/span>\n\t\t<\/div>\n\t\t\t\t<\/div>\n\t\t\t\t<\/div>\n\t\t\t\t\t<\/div>\n\t\t<\/div>\n\t\t\t\t\t<\/div>\n\t\t<\/section>\n\t\t\t\t<\/div>\n\t\t","protected":false},"excerpt":{"rendered":"<p>CMap Tools Descri\u00e7\u00e3o \u00c9 um software para elabora\u00e7\u00e3o de Mapas Conceituais. Os mapas conceituais constituem uma poderosa estrat\u00e9gia de avalia\u00e7\u00e3o da aprendizagem que respeita a constru\u00e7\u00e3o do conhecimento. Links e Tutoriais Link para fazer download do Cmap Tools: https:\/\/cmap.ihmc.us\/cmaptools\/ Link de tutoriais em v\u00eddeo: V\u00eddeos de Ajuda \u2013 Cmap Tools: https:\/\/cmap.ihmc.us\/docs\/cmaptools-help-videos Tutorial CmapTools (By Mara [&hellip;]<\/p>\n","protected":false},"author":324,"featured_media":0,"parent":0,"menu_order":0,"comment_status":"closed","ping_status":"closed","template":"","meta":{"footnotes":""},"categories":[],"tags":[],"class_list":["post-178","page","type-page","status-publish","hentry"],"acf":[],"_links":{"self":[{"href":"https:\/\/www.ufsm.br\/pro-reitorias\/prograd\/ufsm-em-rede\/wp-json\/wp\/v2\/pages\/178","targetHints":{"allow":["GET"]}}],"collection":[{"href":"https:\/\/www.ufsm.br\/pro-reitorias\/prograd\/ufsm-em-rede\/wp-json\/wp\/v2\/pages"}],"about":[{"href":"https:\/\/www.ufsm.br\/pro-reitorias\/prograd\/ufsm-em-rede\/wp-json\/wp\/v2\/types\/page"}],"author":[{"embeddable":true,"href":"https:\/\/www.ufsm.br\/pro-reitorias\/prograd\/ufsm-em-rede\/wp-json\/wp\/v2\/users\/324"}],"replies":[{"embeddable":true,"href":"https:\/\/www.ufsm.br\/pro-reitorias\/prograd\/ufsm-em-rede\/wp-json\/wp\/v2\/comments?post=178"}],"version-history":[{"count":0,"href":"https:\/\/www.ufsm.br\/pro-reitorias\/prograd\/ufsm-em-rede\/wp-json\/wp\/v2\/pages\/178\/revisions"}],"wp:attachment":[{"href":"https:\/\/www.ufsm.br\/pro-reitorias\/prograd\/ufsm-em-rede\/wp-json\/wp\/v2\/media?parent=178"}],"wp:term":[{"taxonomy":"category","embeddable":true,"href":"https:\/\/www.ufsm.br\/pro-reitorias\/prograd\/ufsm-em-rede\/wp-json\/wp\/v2\/categories?post=178"},{"taxonomy":"post_tag","embeddable":true,"href":"https:\/\/www.ufsm.br\/pro-reitorias\/prograd\/ufsm-em-rede\/wp-json\/wp\/v2\/tags?post=178"}],"curies":[{"name":"wp","href":"https:\/\/api.w.org\/{rel}","templated":true}]}}