{"id":354,"date":"2020-06-22T10:16:58","date_gmt":"2020-06-22T13:16:58","guid":{"rendered":"https:\/\/www.ufsm.br\/pro-reitorias\/prograd\/ufsm-em-rede\/?page_id=354"},"modified":"2021-02-04T10:10:31","modified_gmt":"2021-02-04T13:10:31","slug":"tutoriais","status":"publish","type":"page","link":"https:\/\/www.ufsm.br\/pro-reitorias\/prograd\/ufsm-em-rede\/tutoriais","title":{"rendered":"Tutoriais"},"content":{"rendered":"\t\t<div data-elementor-type=\"wp-page\" data-elementor-id=\"354\" class=\"elementor elementor-354\">\n\t\t\t\t\t\t<section class=\"elementor-section elementor-top-section elementor-element elementor-element-6c44a12 elementor-section-boxed elementor-section-height-default elementor-section-height-default\" data-id=\"6c44a12\" data-element_type=\"section\">\n\t\t\t\t\t\t<div class=\"elementor-container elementor-column-gap-default\">\n\t\t\t\t\t<div class=\"elementor-column elementor-col-100 elementor-top-column elementor-element elementor-element-75ff0d1\" data-id=\"75ff0d1\" data-element_type=\"column\">\n\t\t\t<div class=\"elementor-widget-wrap elementor-element-populated\">\n\t\t\t\t\t\t<div class=\"elementor-element elementor-element-167092c elementor-widget elementor-widget-heading\" data-id=\"167092c\" data-element_type=\"widget\" data-widget_type=\"heading.default\">\n\t\t\t\t<div class=\"elementor-widget-container\">\n\t\t\t<h5 class=\"elementor-heading-title elementor-size-default\">Tutoriais do Moodle para auxiliar professores e alunos<\/h5>\t\t<\/div>\n\t\t\t\t<\/div>\n\t\t\t\t\t<\/div>\n\t\t<\/div>\n\t\t\t\t\t<\/div>\n\t\t<\/section>\n\t\t\t\t<section class=\"elementor-section elementor-top-section elementor-element elementor-element-e5480de elementor-section-boxed elementor-section-height-default elementor-section-height-default\" data-id=\"e5480de\" data-element_type=\"section\">\n\t\t\t\t\t\t<div class=\"elementor-container elementor-column-gap-default\">\n\t\t\t\t\t<div class=\"elementor-column elementor-col-100 elementor-top-column elementor-element elementor-element-7cf0771\" data-id=\"7cf0771\" data-element_type=\"column\">\n\t\t\t<div class=\"elementor-widget-wrap elementor-element-populated\">\n\t\t\t\t\t\t<div class=\"elementor-element elementor-element-ecdc9ed elementor-widget elementor-widget-text-editor\" data-id=\"ecdc9ed\" data-element_type=\"widget\" data-widget_type=\"text-editor.default\">\n\t\t\t\t<div class=\"elementor-widget-container\">\n\t\t\t\t\t\t\t<div><a href=\"https:\/\/www.ufsm.br\/orgaos-suplementares\/nte\/wp-content\/uploads\/sites\/358\/2019\/10\/Guia_Apresentacao_Moodle_UFSM.pdf\" target=\"_blank\" rel=\"noopener\" data-saferedirecturl=\"https:\/\/www.google.com\/url?q=https:\/\/www.ufsm.br\/orgaos-suplementares\/nte\/wp-content\/uploads\/sites\/358\/2019\/10\/Guia_Apresentacao_Moodle_UFSM.pdf&amp;source=gmail&amp;ust=1591278323302000&amp;usg=AFQjCNFqthEgVxhwgE49jbUd05RIxxCi4g\">Apresenta\u00e7\u00e3o<\/a><\/div>\n<div><a href=\"https:\/\/www.ufsm.br\/orgaos-suplementares\/nte\/wp-content\/uploads\/sites\/358\/2019\/10\/Guia_Exportacao_Disciplina.pdf\" target=\"_blank\" rel=\"noopener\" data-saferedirecturl=\"https:\/\/www.google.com\/url?q=https:\/\/www.ufsm.br\/orgaos-suplementares\/nte\/wp-content\/uploads\/sites\/358\/2019\/10\/Guia_Exportacao_Disciplina.pdf&amp;source=gmail&amp;ust=1591278323302000&amp;usg=AFQjCNHWXceaq9mlWt5fQJDy8i01sUP80A\">Exporta\u00e7\u00e3o de Disciplina para o Moodle<\/a><\/div>\n<div><a href=\"https:\/\/www.ufsm.br\/orgaos-suplementares\/nte\/wp-content\/uploads\/sites\/358\/2019\/10\/Guia_Acesso_Moodle_Disciplina.pdf\" target=\"_blank\" rel=\"noopener\" data-saferedirecturl=\"https:\/\/www.google.com\/url?q=https:\/\/www.ufsm.br\/orgaos-suplementares\/nte\/wp-content\/uploads\/sites\/358\/2019\/10\/Guia_Acesso_Moodle_Disciplina.pdf&amp;source=gmail&amp;ust=1591278323302000&amp;usg=AFQjCNEX2ApB-PAhg07MUsWwHAv2rG7CgQ\">Acesso ao Moodle e \u00e0 Disciplina<\/a><\/div>\n<div><a href=\"https:\/\/www.ufsm.br\/orgaos-suplementares\/nte\/wp-content\/uploads\/sites\/358\/2019\/10\/Guia_Edicao_Perfil_Moodle.pdf\" target=\"_blank\" rel=\"noopener\" data-saferedirecturl=\"https:\/\/www.google.com\/url?q=https:\/\/www.ufsm.br\/orgaos-suplementares\/nte\/wp-content\/uploads\/sites\/358\/2019\/10\/Guia_Edicao_Perfil_Moodle.pdf&amp;source=gmail&amp;ust=1591278323302000&amp;usg=AFQjCNFJM_EDsM0NbcKiHbPwc4QrGFKnPg\">Edi\u00e7\u00e3o do Perfil do Usu\u00e1rio no Moodle<\/a><\/div>\n<div><a href=\"https:\/\/www.ufsm.br\/orgaos-suplementares\/nte\/wp-content\/uploads\/sites\/358\/2019\/10\/Guia_Comunicacao_Envio_Mensagens_Moodle.pdf\" target=\"_blank\" rel=\"noopener\" data-saferedirecturl=\"https:\/\/www.google.com\/url?q=https:\/\/www.ufsm.br\/orgaos-suplementares\/nte\/wp-content\/uploads\/sites\/358\/2019\/10\/Guia_Comunicacao_Envio_Mensagens_Moodle.pdf&amp;source=gmail&amp;ust=1591278323302000&amp;usg=AFQjCNGOyxprGqkleFq0HTx4fhLrY442cg\">Comunica\u00e7\u00e3o e Envio de Mensagens pelo Moodle<\/a><\/div>\n<div><a href=\"https:\/\/www.ufsm.br\/orgaos-suplementares\/nte\/wp-content\/uploads\/sites\/358\/2019\/10\/Guia_Categorias_Notas.pdf\" target=\"_blank\" rel=\"noopener\" data-saferedirecturl=\"https:\/\/www.google.com\/url?q=https:\/\/www.ufsm.br\/orgaos-suplementares\/nte\/wp-content\/uploads\/sites\/358\/2019\/10\/Guia_Categorias_Notas.pdf&amp;source=gmail&amp;ust=1591278323302000&amp;usg=AFQjCNEjq2475VCjENsuCMCJ94C-O-dyww\">Categoriza\u00e7\u00e3o de Notas<\/a><\/div>\n<div><a href=\"https:\/\/www.ufsm.br\/orgaos-suplementares\/nte\/wp-content\/uploads\/sites\/358\/2019\/10\/Guia_Configuracoes_Disciplina.pdf\" target=\"_blank\" rel=\"noopener\" data-saferedirecturl=\"https:\/\/www.google.com\/url?q=https:\/\/www.ufsm.br\/orgaos-suplementares\/nte\/wp-content\/uploads\/sites\/358\/2019\/10\/Guia_Configuracoes_Disciplina.pdf&amp;source=gmail&amp;ust=1591278323302000&amp;usg=AFQjCNGHIyz4IgkW3pWAau2TtNRxvSP-SQ\">Configura\u00e7\u00e3o da Disciplina<\/a><\/div>\n<div><a href=\"https:\/\/www.ufsm.br\/orgaos-suplementares\/nte\/wp-content\/uploads\/sites\/358\/2019\/10\/Guia_Recursos_do_Moodle.pdf\" target=\"_blank\" rel=\"noopener\" data-saferedirecturl=\"https:\/\/www.google.com\/url?q=https:\/\/www.ufsm.br\/orgaos-suplementares\/nte\/wp-content\/uploads\/sites\/358\/2019\/10\/Guia_Recursos_do_Moodle.pdf&amp;source=gmail&amp;ust=1591278323302000&amp;usg=AFQjCNHdyT1tMczjAvYhouYU6V9JfO_2IA\">Recursos do Moodle<\/a><\/div>\n<div><a href=\"https:\/\/www.ufsm.br\/orgaos-suplementares\/nte\/wp-content\/uploads\/sites\/358\/2019\/10\/Guia_Atividades_Wiki_OU_Wiki.pdf\" target=\"_blank\" rel=\"noopener\" data-saferedirecturl=\"https:\/\/www.google.com\/url?q=https:\/\/www.ufsm.br\/orgaos-suplementares\/nte\/wp-content\/uploads\/sites\/358\/2019\/10\/Guia_Atividades_Wiki_OU_Wiki.pdf&amp;source=gmail&amp;ust=1591278323302000&amp;usg=AFQjCNGNI1c_GcvFHdZ6wLuIMJReaYx42g\">Atividades Wiki e OU Wiki<\/a><\/div>\n<div><a href=\"https:\/\/www.ufsm.br\/orgaos-suplementares\/nte\/wp-content\/uploads\/sites\/358\/2019\/10\/Guia_Questionario_Questoes_Aplicadas_Moodle_Atual.pdf\" target=\"_blank\" rel=\"noopener\" data-saferedirecturl=\"https:\/\/www.google.com\/url?q=https:\/\/www.ufsm.br\/orgaos-suplementares\/nte\/wp-content\/uploads\/sites\/358\/2019\/10\/Guia_Questionario_Questoes_Aplicadas_Moodle_Atual.pdf&amp;source=gmail&amp;ust=1591278323302000&amp;usg=AFQjCNFijWnd07kljf7tZW1ECibfSsN2FA\">Atividade Question\u00e1rio com Quest\u00f5es Aplicadas<\/a><\/div>\n<div><a href=\"https:\/\/www.ufsm.br\/orgaos-suplementares\/nte\/wp-content\/uploads\/sites\/358\/2019\/10\/Guia_Relatorio_Notas.pdf\" target=\"_blank\" rel=\"noopener\" data-saferedirecturl=\"https:\/\/www.google.com\/url?q=https:\/\/www.ufsm.br\/orgaos-suplementares\/nte\/wp-content\/uploads\/sites\/358\/2019\/10\/Guia_Relatorio_Notas.pdf&amp;source=gmail&amp;ust=1591278323302000&amp;usg=AFQjCNEpK8lFZix_SxHw0DCddVnfeEzhIg\">Relat\u00f3rio de Notas<\/a><\/div>\t\t\t\t\t\t<\/div>\n\t\t\t\t<\/div>\n\t\t\t\t\t<\/div>\n\t\t<\/div>\n\t\t\t\t\t<\/div>\n\t\t<\/section>\n\t\t\t\t<section class=\"elementor-section elementor-top-section elementor-element elementor-element-694e094 elementor-section-boxed elementor-section-height-default elementor-section-height-default\" data-id=\"694e094\" data-element_type=\"section\">\n\t\t\t\t\t\t<div class=\"elementor-container elementor-column-gap-default\">\n\t\t\t\t\t<div class=\"elementor-column elementor-col-100 elementor-top-column elementor-element elementor-element-42a7c9e\" data-id=\"42a7c9e\" data-element_type=\"column\">\n\t\t\t<div class=\"elementor-widget-wrap elementor-element-populated\">\n\t\t\t\t\t\t<div class=\"elementor-element elementor-element-19dbe66 elementor-widget elementor-widget-heading\" data-id=\"19dbe66\" data-element_type=\"widget\" data-widget_type=\"heading.default\">\n\t\t\t\t<div class=\"elementor-widget-container\">\n\t\t\t<h5 class=\"elementor-heading-title elementor-size-default\">Tutoriais do Google Classroom para auxiliar professores e alunos<\/h5>\t\t<\/div>\n\t\t\t\t<\/div>\n\t\t\t\t\t<\/div>\n\t\t<\/div>\n\t\t\t\t\t<\/div>\n\t\t<\/section>\n\t\t\t\t<section class=\"elementor-section elementor-top-section elementor-element elementor-element-42ffa99 elementor-section-boxed elementor-section-height-default elementor-section-height-default\" data-id=\"42ffa99\" data-element_type=\"section\">\n\t\t\t\t\t\t<div class=\"elementor-container elementor-column-gap-default\">\n\t\t\t\t\t<div class=\"elementor-column elementor-col-100 elementor-top-column elementor-element elementor-element-96eccc0\" data-id=\"96eccc0\" data-element_type=\"column\">\n\t\t\t<div class=\"elementor-widget-wrap elementor-element-populated\">\n\t\t\t\t\t\t<div class=\"elementor-element elementor-element-ea1fd07 elementor-widget elementor-widget-text-editor\" data-id=\"ea1fd07\" data-element_type=\"widget\" data-widget_type=\"text-editor.default\">\n\t\t\t\t<div class=\"elementor-widget-container\">\n\t\t\t\t\t\t\t<p><a href=\"https:\/\/youtu.be\/qJ8mV9Iwyl8\">Criando a disciplina<\/a><\/p><p><a href=\"https:\/\/youtu.be\/7PN1TV-S3h0\">Organizando a disciplina<\/a><\/p>\t\t\t\t\t\t<\/div>\n\t\t\t\t<\/div>\n\t\t\t\t\t<\/div>\n\t\t<\/div>\n\t\t\t\t\t<\/div>\n\t\t<\/section>\n\t\t\t\t<section class=\"elementor-section elementor-top-section elementor-element elementor-element-d968fd9 elementor-section-boxed elementor-section-height-default elementor-section-height-default\" data-id=\"d968fd9\" data-element_type=\"section\">\n\t\t\t\t\t\t<div class=\"elementor-container elementor-column-gap-default\">\n\t\t\t\t\t<div class=\"elementor-column elementor-col-100 elementor-top-column elementor-element elementor-element-7c20edf\" data-id=\"7c20edf\" data-element_type=\"column\">\n\t\t\t<div class=\"elementor-widget-wrap elementor-element-populated\">\n\t\t\t\t\t\t<div class=\"elementor-element elementor-element-7dfcd1b elementor-widget elementor-widget-heading\" data-id=\"7dfcd1b\" data-element_type=\"widget\" data-widget_type=\"heading.default\">\n\t\t\t\t<div class=\"elementor-widget-container\">\n\t\t\t<h5 class=\"elementor-heading-title elementor-size-default\">Programa de Capacita\u00e7\u00e3o em Tecnologias Digitais para Educa\u00e7\u00e3o<\/h5>\t\t<\/div>\n\t\t\t\t<\/div>\n\t\t\t\t\t<\/div>\n\t\t<\/div>\n\t\t\t\t\t<\/div>\n\t\t<\/section>\n\t\t\t\t<section class=\"elementor-section elementor-top-section elementor-element elementor-element-9a55f8d elementor-section-boxed elementor-section-height-default elementor-section-height-default\" data-id=\"9a55f8d\" data-element_type=\"section\">\n\t\t\t\t\t\t<div class=\"elementor-container elementor-column-gap-default\">\n\t\t\t\t\t<div class=\"elementor-column elementor-col-100 elementor-top-column elementor-element elementor-element-86d5e5b\" data-id=\"86d5e5b\" data-element_type=\"column\">\n\t\t\t<div class=\"elementor-widget-wrap elementor-element-populated\">\n\t\t\t\t\t\t<div class=\"elementor-element elementor-element-0ea9782 elementor-widget elementor-widget-text-editor\" data-id=\"0ea9782\" data-element_type=\"widget\" data-widget_type=\"text-editor.default\">\n\t\t\t\t<div class=\"elementor-widget-container\">\n\t\t\t\t\t\t\t<p>O Programa de Capacita\u00e7\u00e3o em Tecnologias Digitais para Educa\u00e7\u00e3o tem como objetivo introduzir o uso de ferramentas digitais no ensino remoto, promovendo capacita\u00e7\u00f5es relacionadas \u00e0 forma\u00e7\u00e3o dos docentes dentro do escopo do programa UFSM em Rede. \u00c9 ofertado em parceria entre PROGRAD, PROGEP e o Fundo de Incentivo ao Ensino (FIEn), sendo coordenado pela professora Liziany M\u00fcller Medeiros. Semanalmente s\u00e3o compartilhados, na na plataforma Farol UFSM &#8211; Produtor UFSM em Rede (<a href=\"http:\/\/farol.ufsm.br\/produtor\/37\">http:\/\/farol.ufsm.br\/produtor\/37<\/a>),\u00a0 v\u00eddeos tutoriais atualizados sobre as principais ferramentas digitais dispon\u00edveis ao ensino remoto.<br \/>Compartilhamos a seguir a rela\u00e7\u00e3o de alguns v\u00eddeos tutoriais j\u00e1 dispon\u00edveis:<\/p><p>1. Como gravar videoaula com Loom: <a href=\"http:\/\/farol.ufsm.br\/video\/tutorial-como-gravar-videoaula-com-loom-2\">http:\/\/farol.ufsm.br\/video\/tutorial-como-gravar-videoaula-com-loom-2<\/a><\/p><p>2. Como gravar videoaula com o OBS Studio: <a href=\"http:\/\/farol.ufsm.br\/video\/tutorial-como-gravar-videoaula-com-o-obs-studio\">http:\/\/farol.ufsm.br\/video\/tutorial-como-gravar-videoaula-com-o-obs-studio<\/a><\/p><p>3. Como usar chroma key no OBS Studio: <a href=\"http:\/\/farol.ufsm.br\/video\/tutorial-como-usar-chroma-key-no-obs-studio\">http:\/\/farol.ufsm.br\/video\/tutorial-como-usar-chroma-key-no-obs-studio<\/a><\/p><p>4. Como transmitir para o YouTube ou Facebook com OBS Studio: <a href=\"http:\/\/farol.ufsm.br\/video\/tutorial-como-transmitir-para-o-youtube-ou-facebook-com-obs-studio\">http:\/\/farol.ufsm.br\/video\/tutorial-como-transmitir-para-o-youtube-ou-facebook-com-obs-studio<\/a><\/p><p>5. Como transmitir para Facebook e YouTube apenas com a c\u00e2mera: <a href=\"http:\/\/farol.ufsm.br\/video\/tutorial-como-transmitir-para-facebook-e-youtube-apenas-com-a-camera\">http:\/\/farol.ufsm.br\/video\/tutorial-como-transmitir-para-facebook-e-youtube-apenas-com-a-camera<\/a><\/p><p>6. Como configurar Power Point para compartilhar no Google Meet: <a href=\"http:\/\/farol.ufsm.br\/video\/tutorial-configurando-power-point-e-compartilhando-no-google-meet\">http:\/\/farol.ufsm.br\/video\/tutorial-configurando-power-point-e-compartilhando-no-google-meet<\/a><\/p><p>7. Como transmitir com codificador StreamYard para Facebook e para YouTube: <a href=\"http:\/\/farol.ufsm.br\/video\/como-transmitir-para-facebook-ou-youtube-com-o-streamyard\">http:\/\/farol.ufsm.br\/video\/como-transmitir-para-facebook-ou-youtube-com-o-streamyard<\/a><\/p><p>8. Como editar v\u00eddeo com o programa Shotcut: <a href=\"http:\/\/farol.ufsm.br\/video\/tutorial-edicao-de-video-com-shotcut\">http:\/\/farol.ufsm.br\/video\/tutorial-edicao-de-video-com-shotcut<\/a><\/p><p>9. Como editar v\u00eddeo com o programa OpenShot: <a href=\"http:\/\/farol.ufsm.br\/video\/tutorial-edicao-de-video-com-openshot\">http:\/\/farol.ufsm.br\/video\/tutorial-edicao-de-video-com-openshot<\/a><\/p><p>10. Como realizar web confer\u00eancias e aulas virtuais com o BigblueButton\/Moodle: <a href=\"http:\/\/farol.ufsm.br\/video\/tutorial-como-usar-o-bbb-moodle\">http:\/\/farol.ufsm.br\/video\/tutorial-como-usar-o-bbb-moodle<\/a><\/p><p>11. Como se comunicar e compartilhar conte\u00fado com grupos e pessoas via Telegram: <a href=\"http:\/\/farol.ufsm.br\/video\/tutorial-como-usar-o-telegram\">http:\/\/farol.ufsm.br\/video\/tutorial-como-usar-o-telegram<\/a><\/p><p>12. Como realizar lives no Instagram: <a href=\"http:\/\/farol.ufsm.br\/video\/tutorial-como-usar-o-instagram\">http:\/\/farol.ufsm.br\/video\/tutorial-como-usar-o-instagram<\/a><\/p><p>13. Como realizar web confer\u00eancia pelo CAFe\/RNP (Rede Nacional de Ensino e Pesquisa): <a href=\"http:\/\/farol.ufsm.br\/video\/video-tutorial-como-usar-a-conferencia-web-da-rnp\">http:\/\/farol.ufsm.br\/video\/video-tutorial-como-usar-a-conferencia-web-da-rnp<\/a><\/p><p>14. Como realizar web confer\u00eancia pelo Google Meet: <br \/><a href=\"http:\/\/farol.ufsm.br\/video\/video-tutorial-como-utilizar-o-google-meet\">http:\/\/farol.ufsm.br\/video\/video-tutorial-como-utilizar-o-google-meet<\/a><\/p><p>15. Como realizar web confer\u00eancia pela Microsoft Teams: <br \/><a href=\"http:\/\/farol.ufsm.br\/video\/video-tutorial-microsoft-teams\">http:\/\/farol.ufsm.br\/video\/video-tutorial-microsoft-teams<\/a>\u00a0<\/p><p>16.\u00a0Cria\u00e7\u00e3o de atividades interativas e gamificadas com Kahoot: <a href=\"https:\/\/farol.ufsm.br\/video\/video-tutorial-como-usar-o-kahoot\">https:\/\/farol.ufsm.br\/video\/video-tutorial-como-usar-o-kahoot<\/a><\/p><p>17. Cria\u00e7\u00e3o de atividades interativas e gamificadas com Poll Everywhere: <a href=\"http:\/\/farol.ufsm.br\/video\/video-tutorial-como-usar-o-poll-everywhere\">http:\/\/farol.ufsm.br\/video\/video-tutorial-como-usar-o-poll-everywhere<\/a><\/p><p>18. Cria\u00e7\u00e3o de apresenta\u00e7\u00f5es interativas pelo Mentimeter: <a href=\"https:\/\/farol.ufsm.br\/video\/video-tutorial-como-usar-o-mentimeter\">https:\/\/farol.ufsm.br\/video\/video-tutorial-como-usar-o-mentimeter<\/a><\/p><p>19. Cria\u00e7\u00e3o de mapa mental com Freeplane: <a href=\"https:\/\/farol.ufsm.br\/video\/tutorial-freeplane\">https:\/\/farol.ufsm.br\/video\/tutorial-freeplane<\/a><\/p><p>20. Cria\u00e7\u00e3o de mapa conceitual com CmapTools:\u00a0<a href=\"https:\/\/farol.ufsm.br\/video\/tutorial-cmaptools\">https:\/\/farol.ufsm.br\/video\/tutorial-cmaptools<\/a><\/p><p>21. Elabora\u00e7\u00e3o de avalia\u00e7\u00f5es pela ferramenta question\u00e1rio do Moodle:\u00a0<a href=\"https:\/\/farol.ufsm.br\/video\/video-tutorial-questionario-moodle\">https:\/\/farol.ufsm.br\/video\/video-tutorial-questionario-moodle<\/a><\/p><p>22. Como elaborar infogr\u00e1ficos, apresenta\u00e7\u00f5es, postcards, tabuleiro de jogos e muito mais utilizando o Genially: <a href=\"https:\/\/farol.ufsm.br\/video\/tutorial-como-usar-o-genially\">https:\/\/farol.ufsm.br\/video\/tutorial-como-usar-o-genially<\/a><\/p><p>23. V\u00eddeos tutoriais Google Apresenta\u00e7\u00f5es: <a href=\"http:\/\/farol.ufsm.br\/video\/video-tutorial-google-apresentacoes\">http:\/\/farol.ufsm.br\/video\/video-tutorial-google-apresentacoes<\/a> e <a href=\"http:\/\/farol.ufsm.br\/video\/video-tutorial-google-apresentacoes-2\">http:\/\/farol.ufsm.br\/video\/video-tutorial-google-apresentacoes-2<\/a><\/p><p>24. Como utilizar o Power Point: <a href=\"https:\/\/farol.ufsm.br\/video\/video-tutorial-como-utilizar-o-power-point\">https:\/\/farol.ufsm.br\/video\/video-tutorial-como-utilizar-o-power-point<\/a><\/p>\t\t\t\t\t\t<\/div>\n\t\t\t\t<\/div>\n\t\t\t\t\t<\/div>\n\t\t<\/div>\n\t\t\t\t\t<\/div>\n\t\t<\/section>\n\t\t\t\t<\/div>\n\t\t","protected":false},"excerpt":{"rendered":"<p>Tutoriais do Moodle para auxiliar professores e alunos Apresenta\u00e7\u00e3o Exporta\u00e7\u00e3o de Disciplina para o Moodle Acesso ao Moodle e \u00e0 Disciplina Edi\u00e7\u00e3o do Perfil do Usu\u00e1rio no Moodle Comunica\u00e7\u00e3o e Envio de Mensagens pelo Moodle Categoriza\u00e7\u00e3o de Notas Configura\u00e7\u00e3o da Disciplina Recursos do Moodle Atividades Wiki e OU Wiki Atividade Question\u00e1rio com Quest\u00f5es Aplicadas Relat\u00f3rio [&hellip;]<\/p>\n","protected":false},"author":102,"featured_media":0,"parent":0,"menu_order":0,"comment_status":"closed","ping_status":"closed","template":"","meta":{"footnotes":""},"categories":[],"tags":[],"class_list":["post-354","page","type-page","status-publish","hentry"],"acf":[],"_links":{"self":[{"href":"https:\/\/www.ufsm.br\/pro-reitorias\/prograd\/ufsm-em-rede\/wp-json\/wp\/v2\/pages\/354","targetHints":{"allow":["GET"]}}],"collection":[{"href":"https:\/\/www.ufsm.br\/pro-reitorias\/prograd\/ufsm-em-rede\/wp-json\/wp\/v2\/pages"}],"about":[{"href":"https:\/\/www.ufsm.br\/pro-reitorias\/prograd\/ufsm-em-rede\/wp-json\/wp\/v2\/types\/page"}],"author":[{"embeddable":true,"href":"https:\/\/www.ufsm.br\/pro-reitorias\/prograd\/ufsm-em-rede\/wp-json\/wp\/v2\/users\/102"}],"replies":[{"embeddable":true,"href":"https:\/\/www.ufsm.br\/pro-reitorias\/prograd\/ufsm-em-rede\/wp-json\/wp\/v2\/comments?post=354"}],"version-history":[{"count":0,"href":"https:\/\/www.ufsm.br\/pro-reitorias\/prograd\/ufsm-em-rede\/wp-json\/wp\/v2\/pages\/354\/revisions"}],"wp:attachment":[{"href":"https:\/\/www.ufsm.br\/pro-reitorias\/prograd\/ufsm-em-rede\/wp-json\/wp\/v2\/media?parent=354"}],"wp:term":[{"taxonomy":"category","embeddable":true,"href":"https:\/\/www.ufsm.br\/pro-reitorias\/prograd\/ufsm-em-rede\/wp-json\/wp\/v2\/categories?post=354"},{"taxonomy":"post_tag","embeddable":true,"href":"https:\/\/www.ufsm.br\/pro-reitorias\/prograd\/ufsm-em-rede\/wp-json\/wp\/v2\/tags?post=354"}],"curies":[{"name":"wp","href":"https:\/\/api.w.org\/{rel}","templated":true}]}}