{"id":355,"date":"2020-06-22T10:34:14","date_gmt":"2020-06-22T13:34:14","guid":{"rendered":"https:\/\/www.ufsm.br\/pro-reitorias\/prograd\/ufsm-em-rede\/?page_id=355"},"modified":"2021-04-15T14:49:32","modified_gmt":"2021-04-15T17:49:32","slug":"materiais","status":"publish","type":"page","link":"https:\/\/www.ufsm.br\/pro-reitorias\/prograd\/ufsm-em-rede\/materiais","title":{"rendered":"Materiais"},"content":{"rendered":"\t\t<div data-elementor-type=\"wp-page\" data-elementor-id=\"355\" class=\"elementor elementor-355\">\n\t\t\t\t\t\t<section class=\"elementor-section elementor-top-section elementor-element elementor-element-2642a974 elementor-section-boxed elementor-section-height-default elementor-section-height-default\" data-id=\"2642a974\" data-element_type=\"section\">\n\t\t\t\t\t\t<div class=\"elementor-container elementor-column-gap-default\">\n\t\t\t\t\t<div class=\"elementor-column elementor-col-100 elementor-top-column elementor-element elementor-element-22526d01\" data-id=\"22526d01\" data-element_type=\"column\">\n\t\t\t<div class=\"elementor-widget-wrap elementor-element-populated\">\n\t\t\t\t\t\t<div class=\"elementor-element elementor-element-ad59292 elementor-widget elementor-widget-heading\" data-id=\"ad59292\" data-element_type=\"widget\" data-widget_type=\"heading.default\">\n\t\t\t\t<div class=\"elementor-widget-container\">\n\t\t\t<h5 class=\"elementor-heading-title elementor-size-default\">Materiais de Planejamento<\/h5>\t\t<\/div>\n\t\t\t\t<\/div>\n\t\t\t\t<div class=\"elementor-element elementor-element-13d0069 elementor-widget elementor-widget-text-editor\" data-id=\"13d0069\" data-element_type=\"widget\" data-widget_type=\"text-editor.default\">\n\t\t\t\t<div class=\"elementor-widget-container\">\n\t\t\t\t\t\t\t<!-- wp:tadv\/classic-paragraph \/-->\t\t\t\t\t\t<\/div>\n\t\t\t\t<\/div>\n\t\t\t\t\t<\/div>\n\t\t<\/div>\n\t\t\t\t\t<\/div>\n\t\t<\/section>\n\t\t\t\t<section class=\"elementor-section elementor-top-section elementor-element elementor-element-98262e5 elementor-section-boxed elementor-section-height-default elementor-section-height-default\" data-id=\"98262e5\" data-element_type=\"section\">\n\t\t\t\t\t\t<div class=\"elementor-container elementor-column-gap-default\">\n\t\t\t\t\t<div class=\"elementor-column elementor-col-100 elementor-top-column elementor-element elementor-element-0fde08d\" data-id=\"0fde08d\" data-element_type=\"column\">\n\t\t\t<div class=\"elementor-widget-wrap elementor-element-populated\">\n\t\t\t\t\t\t<div class=\"elementor-element elementor-element-230ed16 elementor-icon-list--layout-traditional elementor-list-item-link-full_width elementor-widget elementor-widget-icon-list\" data-id=\"230ed16\" data-element_type=\"widget\" data-widget_type=\"icon-list.default\">\n\t\t\t\t<div class=\"elementor-widget-container\">\n\t\t\t\t\t<ul class=\"elementor-icon-list-items\">\n\t\t\t\t\t\t\t<li class=\"elementor-icon-list-item\">\n\t\t\t\t\t\t\t\t\t\t\t<a href=\"https:\/\/www.ufsm.br\/pro-reitorias\/prograd\/ufsm-em-rede\/wp-content\/uploads\/sites\/822\/2020\/06\/Planejamento-na-educa\u00e7\u00e3o-utilizando-as-Tecnologias-digitais-da-informa\u00e7\u00e3o-e-comunica\u00e7\u00e3o-tdics.pdf\">\n\n\t\t\t\t\t\t\t\t\t\t\t\t<span class=\"elementor-icon-list-icon\">\n\t\t\t\t\t\t\t<i aria-hidden=\"true\" class=\"far fa-file-pdf\"><\/i>\t\t\t\t\t\t<\/span>\n\t\t\t\t\t\t\t\t\t\t<span class=\"elementor-icon-list-text\">Planejamento na Educa\u00e7\u00e3o - utiliza\u00e7\u00e3o de Tecnologias Digitais (arquivo pdf)<\/span>\n\t\t\t\t\t\t\t\t\t\t\t<\/a>\n\t\t\t\t\t\t\t\t\t<\/li>\n\t\t\t\t\t\t<\/ul>\n\t\t\t\t<\/div>\n\t\t\t\t<\/div>\n\t\t\t\t\t<\/div>\n\t\t<\/div>\n\t\t\t\t\t<\/div>\n\t\t<\/section>\n\t\t\t\t<section class=\"elementor-section elementor-top-section elementor-element elementor-element-c463b16 elementor-section-boxed elementor-section-height-default elementor-section-height-default\" data-id=\"c463b16\" data-element_type=\"section\">\n\t\t\t\t\t\t<div class=\"elementor-container elementor-column-gap-default\">\n\t\t\t\t\t<div class=\"elementor-column elementor-col-100 elementor-top-column elementor-element elementor-element-b34dadd\" data-id=\"b34dadd\" data-element_type=\"column\">\n\t\t\t<div class=\"elementor-widget-wrap elementor-element-populated\">\n\t\t\t\t\t\t<div class=\"elementor-element elementor-element-9d544fd elementor-widget elementor-widget-heading\" data-id=\"9d544fd\" data-element_type=\"widget\" data-widget_type=\"heading.default\">\n\t\t\t\t<div class=\"elementor-widget-container\">\n\t\t\t<h5 class=\"elementor-heading-title elementor-size-default\">Orienta\u00e7\u00f5es da Pr\u00f3-Reitoria de Gradua\u00e7\u00e3o (PROGRAD) a respeito do REDE<\/h5>\t\t<\/div>\n\t\t\t\t<\/div>\n\t\t\t\t\t<\/div>\n\t\t<\/div>\n\t\t\t\t\t<\/div>\n\t\t<\/section>\n\t\t\t\t<section class=\"elementor-section elementor-top-section elementor-element elementor-element-158c285 elementor-section-boxed elementor-section-height-default elementor-section-height-default\" data-id=\"158c285\" data-element_type=\"section\">\n\t\t\t\t\t\t<div class=\"elementor-container elementor-column-gap-default\">\n\t\t\t\t\t<div class=\"elementor-column elementor-col-100 elementor-top-column elementor-element elementor-element-92a88fa\" data-id=\"92a88fa\" data-element_type=\"column\">\n\t\t\t<div class=\"elementor-widget-wrap elementor-element-populated\">\n\t\t\t\t\t\t<div class=\"elementor-element elementor-element-2a5a7d5 elementor-widget elementor-widget-text-editor\" data-id=\"2a5a7d5\" data-element_type=\"widget\" data-widget_type=\"text-editor.default\">\n\t\t\t\t<div class=\"elementor-widget-container\">\n\t\t\t\t\t\t\t<p><a href=\"https:\/\/www.ufsm.br\/app\/uploads\/sites\/822\/2020\/12\/Cartilha-Resumo-REDE-1.pdf\">Cartilha \/ Resumo Regime de Exerc\u00edcios Domiciliares Especiais (REDE)<\/a><\/p>\n<p><a href=\"https:\/\/www.ufsm.br\/app\/uploads\/sites\/342\/2021\/04\/Tutorial_Como_criar_plano_de_ensino_atualizado_04_2021.pdf\">Tutorial &#8211; Como criar o plano de ensino no Portal do Professor<\/a><\/p>\n<p><a href=\"https:\/\/www.ufsm.br\/app\/uploads\/sites\/342\/2021\/04\/Tutorial_Plano_de_ensino_Coordenacoes_e_Chefias_atualizado_04_2021.pdf\">Tutorial &#8211; Homologa\u00e7\u00e3o de planos de ensino (Coordena\u00e7\u00f5es de Curso e Chefias de Departamento)<\/a><\/p>\n<p><a href=\"https:\/\/www.ufsm.br\/app\/uploads\/sites\/822\/2020\/09\/Dicas-a-respeito-do-preenchimento-do-plano-de-ensino-no-contexto-do-REDE.pdf\">Dicas a respeito do preenchimento do plano de ensino no contexto do REDE<\/a> (material produzido para o CAPA\/UFSM\/2020)<\/p>\n<p><a href=\"https:\/\/www.ufsm.br\/app\/uploads\/sites\/822\/2020\/12\/Memorando-Circular-N.-007.2020.PROGRAD.pdf\">Memorando Circular n. 007\/2020\/PROGRAD &#8211; Aproveitamento em disciplinas no 2\u00ba semestre de 2020<\/a><\/p>\n<p><a href=\"https:\/\/www.ufsm.br\/app\/uploads\/sites\/822\/2020\/12\/Memorando-Circular-N.008.2020-PROGRAD.pdf\">Memorando Circular n. 008\/2020\/PROGRAD &#8211; Semanas letivas e cumprimento de carga hor\u00e1ria &#8211; 2\u00ba semestre de 2020<\/a><\/p>\n<p>\u00a0<\/p>\t\t\t\t\t\t<\/div>\n\t\t\t\t<\/div>\n\t\t\t\t\t<\/div>\n\t\t<\/div>\n\t\t\t\t\t<\/div>\n\t\t<\/section>\n\t\t\t\t<section class=\"elementor-section elementor-top-section elementor-element elementor-element-0aca2ac elementor-section-boxed elementor-section-height-default elementor-section-height-default\" data-id=\"0aca2ac\" data-element_type=\"section\">\n\t\t\t\t\t\t<div class=\"elementor-container elementor-column-gap-default\">\n\t\t\t\t\t<div class=\"elementor-column elementor-col-100 elementor-top-column elementor-element elementor-element-d236b61\" data-id=\"d236b61\" data-element_type=\"column\">\n\t\t\t<div class=\"elementor-widget-wrap elementor-element-populated\">\n\t\t\t\t\t\t<div class=\"elementor-element elementor-element-1acfdeb elementor-widget elementor-widget-wp-widget-media_video\" data-id=\"1acfdeb\" data-element_type=\"widget\" data-widget_type=\"wp-widget-media_video.default\">\n\t\t\t\t<div class=\"elementor-widget-container\">\n\t\t\t<h5>Orienta\u00e7\u00f5es sobre o Rede &#8211; Resolu\u00e7\u00e3o 024\/2020<\/h5><div style=\"width:100%;\" class=\"wp-video\"><video class=\"wp-video-shortcode\" id=\"video-355-1\" preload=\"metadata\" controls=\"controls\"><source type=\"video\/youtube\" src=\"https:\/\/www.youtube.com\/watch?v=eDNOjrLoGk0&#038;feature=youtu.be&#038;_=1\" \/><a href=\"https:\/\/www.youtube.com\/watch?v=eDNOjrLoGk0&#038;feature=youtu.be\">https:\/\/www.youtube.com\/watch?v=eDNOjrLoGk0&#038;feature=youtu.be<\/a><\/video><\/div>\t\t<\/div>\n\t\t\t\t<\/div>\n\t\t\t\t\t<\/div>\n\t\t<\/div>\n\t\t\t\t\t<\/div>\n\t\t<\/section>\n\t\t\t\t<\/div>\n\t\t","protected":false},"excerpt":{"rendered":"<p>Materiais de Planejamento Planejamento na Educa\u00e7\u00e3o &#8211; utiliza\u00e7\u00e3o de Tecnologias Digitais (arquivo pdf) Orienta\u00e7\u00f5es da Pr\u00f3-Reitoria de Gradua\u00e7\u00e3o (PROGRAD) a respeito do REDE Cartilha \/ Resumo Regime de Exerc\u00edcios Domiciliares Especiais (REDE) Tutorial &#8211; Como criar o plano de ensino no Portal do Professor Tutorial &#8211; Homologa\u00e7\u00e3o de planos de ensino (Coordena\u00e7\u00f5es de Curso e [&hellip;]<\/p>\n","protected":false},"author":102,"featured_media":0,"parent":0,"menu_order":0,"comment_status":"closed","ping_status":"closed","template":"","meta":{"footnotes":""},"categories":[],"tags":[],"class_list":["post-355","page","type-page","status-publish","hentry"],"acf":[],"_links":{"self":[{"href":"https:\/\/www.ufsm.br\/pro-reitorias\/prograd\/ufsm-em-rede\/wp-json\/wp\/v2\/pages\/355","targetHints":{"allow":["GET"]}}],"collection":[{"href":"https:\/\/www.ufsm.br\/pro-reitorias\/prograd\/ufsm-em-rede\/wp-json\/wp\/v2\/pages"}],"about":[{"href":"https:\/\/www.ufsm.br\/pro-reitorias\/prograd\/ufsm-em-rede\/wp-json\/wp\/v2\/types\/page"}],"author":[{"embeddable":true,"href":"https:\/\/www.ufsm.br\/pro-reitorias\/prograd\/ufsm-em-rede\/wp-json\/wp\/v2\/users\/102"}],"replies":[{"embeddable":true,"href":"https:\/\/www.ufsm.br\/pro-reitorias\/prograd\/ufsm-em-rede\/wp-json\/wp\/v2\/comments?post=355"}],"version-history":[{"count":0,"href":"https:\/\/www.ufsm.br\/pro-reitorias\/prograd\/ufsm-em-rede\/wp-json\/wp\/v2\/pages\/355\/revisions"}],"wp:attachment":[{"href":"https:\/\/www.ufsm.br\/pro-reitorias\/prograd\/ufsm-em-rede\/wp-json\/wp\/v2\/media?parent=355"}],"wp:term":[{"taxonomy":"category","embeddable":true,"href":"https:\/\/www.ufsm.br\/pro-reitorias\/prograd\/ufsm-em-rede\/wp-json\/wp\/v2\/categories?post=355"},{"taxonomy":"post_tag","embeddable":true,"href":"https:\/\/www.ufsm.br\/pro-reitorias\/prograd\/ufsm-em-rede\/wp-json\/wp\/v2\/tags?post=355"}],"curies":[{"name":"wp","href":"https:\/\/api.w.org\/{rel}","templated":true}]}}