{"id":543,"date":"2020-06-22T14:53:42","date_gmt":"2020-06-22T17:53:42","guid":{"rendered":"https:\/\/www.ufsm.br\/pro-reitorias\/prograd\/ufsm-em-rede\/?page_id=543"},"modified":"2020-08-13T20:31:09","modified_gmt":"2020-08-13T23:31:09","slug":"depoimentos-educacao-superior","status":"publish","type":"page","link":"https:\/\/www.ufsm.br\/pro-reitorias\/prograd\/ufsm-em-rede\/depoimentos-educacao-superior","title":{"rendered":"Depoimentos Educa\u00e7\u00e3o Superior"},"content":{"rendered":"\t\t<div data-elementor-type=\"wp-page\" data-elementor-id=\"543\" class=\"elementor elementor-543\">\n\t\t\t\t\t\t<section class=\"elementor-section elementor-top-section elementor-element elementor-element-8987c93 elementor-section-boxed elementor-section-height-default elementor-section-height-default\" data-id=\"8987c93\" data-element_type=\"section\">\n\t\t\t\t\t\t<div class=\"elementor-container elementor-column-gap-default\">\n\t\t\t\t\t<div class=\"elementor-column elementor-col-100 elementor-top-column elementor-element elementor-element-75ef331\" data-id=\"75ef331\" data-element_type=\"column\">\n\t\t\t<div class=\"elementor-widget-wrap elementor-element-populated\">\n\t\t\t\t\t\t<div class=\"elementor-element elementor-element-5c39294 elementor-widget elementor-widget-heading\" data-id=\"5c39294\" data-element_type=\"widget\" data-widget_type=\"heading.default\">\n\t\t\t\t<div class=\"elementor-widget-container\">\n\t\t\t<h5 class=\"elementor-heading-title elementor-size-default\">Depoimentos de Profissionais da Educa\u00e7\u00e3o Superior<\/h5>\t\t<\/div>\n\t\t\t\t<\/div>\n\t\t\t\t\t<\/div>\n\t\t<\/div>\n\t\t\t\t\t<\/div>\n\t\t<\/section>\n\t\t\t\t<section class=\"elementor-section elementor-top-section elementor-element elementor-element-6e34617 elementor-section-boxed elementor-section-height-default elementor-section-height-default\" data-id=\"6e34617\" data-element_type=\"section\">\n\t\t\t\t\t\t<div class=\"elementor-container elementor-column-gap-default\">\n\t\t\t\t\t<div class=\"elementor-column elementor-col-50 elementor-top-column elementor-element elementor-element-dc94d2c\" data-id=\"dc94d2c\" data-element_type=\"column\">\n\t\t\t<div class=\"elementor-widget-wrap elementor-element-populated\">\n\t\t\t\t\t\t<div class=\"elementor-element elementor-element-df5a000 elementor-widget elementor-widget-wp-widget-custom_html\" data-id=\"df5a000\" data-element_type=\"widget\" data-widget_type=\"wp-widget-custom_html.default\">\n\t\t\t\t<div class=\"elementor-widget-container\">\n\t\t\t<h5>Professor Jos\u00e9 Geraldo Wizniewsky &#8211; Departamento de Educa\u00e7\u00e3o Agr\u00edcola e Extens\u00e3o Rural<\/h5><div class=\"textwidget custom-html-widget\"><iframe width=\"640\" height=\"360\" src=\"https:\/\/farol.ufsm.br\/video\/embed\/professor-jose-geraldo\/\" frameborder=\"0\" allowfullscreen><\/iframe><\/div>\t\t<\/div>\n\t\t\t\t<\/div>\n\t\t\t\t\t<\/div>\n\t\t<\/div>\n\t\t\t\t<div class=\"elementor-column elementor-col-50 elementor-top-column elementor-element elementor-element-2454052\" data-id=\"2454052\" data-element_type=\"column\">\n\t\t\t<div class=\"elementor-widget-wrap elementor-element-populated\">\n\t\t\t\t\t\t<div class=\"elementor-element elementor-element-ea47753 elementor-widget elementor-widget-wp-widget-custom_html\" data-id=\"ea47753\" data-element_type=\"widget\" data-widget_type=\"wp-widget-custom_html.default\">\n\t\t\t\t<div class=\"elementor-widget-container\">\n\t\t\t<h5>Professor Lucas Vizzotto Bellinaso &#8211; Departamento de Processamento de Energia El\u00e9trica<\/h5><div class=\"textwidget custom-html-widget\"><iframe width=\"640\" height=\"360\" src=\"https:\/\/farol.ufsm.br\/video\/embed\/prof-lucas-belinaso\/\" frameborder=\"0\" allowfullscreen><\/iframe><\/div>\t\t<\/div>\n\t\t\t\t<\/div>\n\t\t\t\t\t<\/div>\n\t\t<\/div>\n\t\t\t\t\t<\/div>\n\t\t<\/section>\n\t\t\t\t<section class=\"elementor-section elementor-top-section elementor-element elementor-element-060fae8 elementor-section-boxed elementor-section-height-default elementor-section-height-default\" data-id=\"060fae8\" data-element_type=\"section\">\n\t\t\t\t\t\t<div class=\"elementor-container elementor-column-gap-default\">\n\t\t\t\t\t<div class=\"elementor-column elementor-col-50 elementor-top-column elementor-element elementor-element-0708e87\" data-id=\"0708e87\" data-element_type=\"column\">\n\t\t\t<div class=\"elementor-widget-wrap elementor-element-populated\">\n\t\t\t\t\t\t<div class=\"elementor-element elementor-element-b57fd32 elementor-widget elementor-widget-wp-widget-custom_html\" data-id=\"b57fd32\" data-element_type=\"widget\" data-widget_type=\"wp-widget-custom_html.default\">\n\t\t\t\t<div class=\"elementor-widget-container\">\n\t\t\t<h5>Professor Andre Zanki Cordenonsi &#8211; Departamento de Documenta\u00e7\u00e3o<\/h5><div class=\"textwidget custom-html-widget\"><iframe width=\"640\" height=\"360\" src=\"https:\/\/farol.ufsm.br\/video\/embed\/andre-zanki-cordenonsi\/\" frameborder=\"0\" allowfullscreen><\/iframe><\/div>\t\t<\/div>\n\t\t\t\t<\/div>\n\t\t\t\t\t<\/div>\n\t\t<\/div>\n\t\t\t\t<div class=\"elementor-column elementor-col-50 elementor-top-column elementor-element elementor-element-609336c\" data-id=\"609336c\" data-element_type=\"column\">\n\t\t\t<div class=\"elementor-widget-wrap elementor-element-populated\">\n\t\t\t\t\t\t<div class=\"elementor-element elementor-element-cc643c5 elementor-widget elementor-widget-wp-widget-custom_html\" data-id=\"cc643c5\" data-element_type=\"widget\" data-widget_type=\"wp-widget-custom_html.default\">\n\t\t\t\t<div class=\"elementor-widget-container\">\n\t\t\t<h5>Professor Rodrigo Guerra &#8211; Departamento de Processamento de Energia El\u00e9trica<\/h5><div class=\"textwidget custom-html-widget\"><iframe width=\"640\" height=\"360\" src=\"https:\/\/farol.ufsm.br\/video\/embed\/professor-rodrigo-guerra\/\" frameborder=\"0\" allowfullscreen><\/iframe><\/div>\t\t<\/div>\n\t\t\t\t<\/div>\n\t\t\t\t\t<\/div>\n\t\t<\/div>\n\t\t\t\t\t<\/div>\n\t\t<\/section>\n\t\t\t\t<section class=\"elementor-section elementor-top-section elementor-element elementor-element-1f09749 elementor-section-boxed elementor-section-height-default elementor-section-height-default\" data-id=\"1f09749\" data-element_type=\"section\">\n\t\t\t\t\t\t<div class=\"elementor-container elementor-column-gap-default\">\n\t\t\t\t\t<div class=\"elementor-column elementor-col-50 elementor-top-column elementor-element elementor-element-fa54ab9\" data-id=\"fa54ab9\" data-element_type=\"column\">\n\t\t\t<div class=\"elementor-widget-wrap elementor-element-populated\">\n\t\t\t\t\t\t<div class=\"elementor-element elementor-element-ebc2a36 elementor-widget elementor-widget-wp-widget-custom_html\" data-id=\"ebc2a36\" data-element_type=\"widget\" data-widget_type=\"wp-widget-custom_html.default\">\n\t\t\t\t<div class=\"elementor-widget-container\">\n\t\t\t<h5>Professora Vanessa Ribas Fialho &#8211; Departamento de Letras Estrangeiras Modernas<\/h5><div class=\"textwidget custom-html-widget\"><iframe width=\"640\" height=\"360\" src=\"https:\/\/farol.ufsm.br\/video\/embed\/profa-vanessa-fialho\/\" frameborder=\"0\" allowfullscreen><\/iframe><\/div>\t\t<\/div>\n\t\t\t\t<\/div>\n\t\t\t\t\t<\/div>\n\t\t<\/div>\n\t\t\t\t<div class=\"elementor-column elementor-col-50 elementor-top-column elementor-element elementor-element-a492608\" data-id=\"a492608\" data-element_type=\"column\">\n\t\t\t<div class=\"elementor-widget-wrap elementor-element-populated\">\n\t\t\t\t\t\t<div class=\"elementor-element elementor-element-5d3a2b0 elementor-widget elementor-widget-wp-widget-custom_html\" data-id=\"5d3a2b0\" data-element_type=\"widget\" data-widget_type=\"wp-widget-custom_html.default\">\n\t\t\t\t<div class=\"elementor-widget-container\">\n\t\t\t<h5>Professora Andrea Ad Reginatto &#8211; Departamento de Letras Vern\u00e1culas<\/h5><div class=\"textwidget custom-html-widget\"><iframe width=\"640\" height=\"360\" src=\"https:\/\/farol.ufsm.br\/video\/embed\/profa-andrea-ad-reginatto\/\" frameborder=\"0\" allowfullscreen><\/iframe><\/div>\t\t<\/div>\n\t\t\t\t<\/div>\n\t\t\t\t\t<\/div>\n\t\t<\/div>\n\t\t\t\t\t<\/div>\n\t\t<\/section>\n\t\t\t\t<section class=\"elementor-section elementor-top-section elementor-element elementor-element-2940f8f elementor-section-boxed elementor-section-height-default elementor-section-height-default\" data-id=\"2940f8f\" data-element_type=\"section\">\n\t\t\t\t\t\t<div class=\"elementor-container elementor-column-gap-default\">\n\t\t\t\t\t<div class=\"elementor-column elementor-col-50 elementor-top-column elementor-element elementor-element-12326e0\" data-id=\"12326e0\" data-element_type=\"column\">\n\t\t\t<div class=\"elementor-widget-wrap elementor-element-populated\">\n\t\t\t\t\t\t<div class=\"elementor-element elementor-element-69a859d elementor-widget elementor-widget-wp-widget-custom_html\" data-id=\"69a859d\" data-element_type=\"widget\" data-widget_type=\"wp-widget-custom_html.default\">\n\t\t\t\t<div class=\"elementor-widget-container\">\n\t\t\t<h5>Professora Vanessa Schmidt e Professor Cristiano Giacomelli &#8211; Departamento de Qu\u00edmica<\/h5><div class=\"textwidget custom-html-widget\"><iframe width=\"640\" height=\"360\" src=\"https:\/\/farol.ufsm.br\/video\/embed\/profa-vanessa-schmidt-e-prof-cristiano-giacomelli\/\" frameborder=\"0\" allowfullscreen><\/iframe><\/div>\t\t<\/div>\n\t\t\t\t<\/div>\n\t\t\t\t\t<\/div>\n\t\t<\/div>\n\t\t\t\t<div class=\"elementor-column elementor-col-50 elementor-top-column elementor-element elementor-element-9062075\" data-id=\"9062075\" data-element_type=\"column\">\n\t\t\t<div class=\"elementor-widget-wrap elementor-element-populated\">\n\t\t\t\t\t\t<div class=\"elementor-element elementor-element-ed33af8 elementor-widget elementor-widget-wp-widget-custom_html\" data-id=\"ed33af8\" data-element_type=\"widget\" data-widget_type=\"wp-widget-custom_html.default\">\n\t\t\t\t<div class=\"elementor-widget-container\">\n\t\t\t<h5>Professora Silvana Zancan &#8211; Departamento de Metodologia do Ensino<\/h5><div class=\"textwidget custom-html-widget\"><iframe width=\"640\" height=\"360\" src=\"https:\/\/farol.ufsm.br\/video\/embed\/profa-silvana-zancan\/\" frameborder=\"0\" allowfullscreen><\/iframe><\/div>\t\t<\/div>\n\t\t\t\t<\/div>\n\t\t\t\t\t<\/div>\n\t\t<\/div>\n\t\t\t\t\t<\/div>\n\t\t<\/section>\n\t\t\t\t<section class=\"elementor-section elementor-top-section elementor-element elementor-element-c2c2327 elementor-section-boxed elementor-section-height-default elementor-section-height-default\" data-id=\"c2c2327\" data-element_type=\"section\">\n\t\t\t\t\t\t<div class=\"elementor-container elementor-column-gap-default\">\n\t\t\t\t\t<div class=\"elementor-column elementor-col-50 elementor-top-column elementor-element elementor-element-e11ffa6\" data-id=\"e11ffa6\" data-element_type=\"column\">\n\t\t\t<div class=\"elementor-widget-wrap elementor-element-populated\">\n\t\t\t\t\t\t<div class=\"elementor-element elementor-element-b71617b elementor-widget elementor-widget-wp-widget-custom_html\" data-id=\"b71617b\" data-element_type=\"widget\" data-widget_type=\"wp-widget-custom_html.default\">\n\t\t\t\t<div class=\"elementor-widget-container\">\n\t\t\t<h5>Professor Adriano Cancelier &#8211; Departamento de Engenharia Qu\u00edmica<\/h5><div class=\"textwidget custom-html-widget\"><iframe width=\"640\" height=\"360\" src=\"https:\/\/farol.ufsm.br\/video\/embed\/professor-adriano-cancelier\/\" frameborder=\"0\" allowfullscreen><\/iframe><\/div>\t\t<\/div>\n\t\t\t\t<\/div>\n\t\t\t\t\t<\/div>\n\t\t<\/div>\n\t\t\t\t<div class=\"elementor-column elementor-col-50 elementor-top-column elementor-element elementor-element-ae43571\" data-id=\"ae43571\" data-element_type=\"column\">\n\t\t\t<div class=\"elementor-widget-wrap elementor-element-populated\">\n\t\t\t\t\t\t<div class=\"elementor-element elementor-element-ac8660b elementor-widget elementor-widget-wp-widget-custom_html\" data-id=\"ac8660b\" data-element_type=\"widget\" data-widget_type=\"wp-widget-custom_html.default\">\n\t\t\t\t<div class=\"elementor-widget-container\">\n\t\t\t<h5>Professor Jo\u00e3o C\u00e9sar Dias Oliveira &#8211; Departamento de Morfologia<\/h5><div class=\"textwidget custom-html-widget\"><iframe width=\"640\" height=\"360\" src=\"https:\/\/farol.ufsm.br\/video\/embed\/joao-cesar-oliveira\/\" frameborder=\"0\" allowfullscreen><\/iframe><\/div>\t\t<\/div>\n\t\t\t\t<\/div>\n\t\t\t\t\t<\/div>\n\t\t<\/div>\n\t\t\t\t\t<\/div>\n\t\t<\/section>\n\t\t\t\t<section class=\"elementor-section elementor-top-section elementor-element elementor-element-8eee669 elementor-section-boxed elementor-section-height-default elementor-section-height-default\" data-id=\"8eee669\" data-element_type=\"section\">\n\t\t\t\t\t\t<div class=\"elementor-container elementor-column-gap-default\">\n\t\t\t\t\t<div class=\"elementor-column elementor-col-50 elementor-top-column elementor-element elementor-element-5a6a477\" data-id=\"5a6a477\" data-element_type=\"column\">\n\t\t\t<div class=\"elementor-widget-wrap elementor-element-populated\">\n\t\t\t\t\t\t<div class=\"elementor-element elementor-element-aa6abb8 elementor-widget elementor-widget-wp-widget-custom_html\" data-id=\"aa6abb8\" data-element_type=\"widget\" data-widget_type=\"wp-widget-custom_html.default\">\n\t\t\t\t<div class=\"elementor-widget-container\">\n\t\t\t<h5>Professora Luciane Almeri Tabaldi &#8211; Departamento de Biologia<\/h5><div class=\"textwidget custom-html-widget\"><iframe width=\"640\" height=\"360\" src=\"https:\/\/farol.ufsm.br\/video\/embed\/profa-luciane-tabaldi\/\" frameborder=\"0\" allowfullscreen><\/iframe><\/div>\t\t<\/div>\n\t\t\t\t<\/div>\n\t\t\t\t\t<\/div>\n\t\t<\/div>\n\t\t\t\t<div class=\"elementor-column elementor-col-50 elementor-top-column elementor-element elementor-element-33965bc\" data-id=\"33965bc\" data-element_type=\"column\">\n\t\t\t<div class=\"elementor-widget-wrap elementor-element-populated\">\n\t\t\t\t\t\t<div class=\"elementor-element elementor-element-02e8d9d elementor-widget elementor-widget-wp-widget-custom_html\" data-id=\"02e8d9d\" data-element_type=\"widget\" data-widget_type=\"wp-widget-custom_html.default\">\n\t\t\t\t<div class=\"elementor-widget-container\">\n\t\t\t<h5>Professor Giovani Rubert Librelotto &#8211; Departamento de Linguagens e Sistemas de Computa\u00e7\u00e3o<\/h5><div class=\"textwidget custom-html-widget\"><iframe width=\"640\" height=\"360\" src=\"https:\/\/farol.ufsm.br\/video\/embed\/giovani-rubert-librelotto\/\" frameborder=\"0\" allowfullscreen><\/iframe><\/div>\t\t<\/div>\n\t\t\t\t<\/div>\n\t\t\t\t\t<\/div>\n\t\t<\/div>\n\t\t\t\t\t<\/div>\n\t\t<\/section>\n\t\t\t\t<section class=\"elementor-section elementor-top-section elementor-element elementor-element-75f92a1 elementor-section-boxed elementor-section-height-default elementor-section-height-default\" data-id=\"75f92a1\" data-element_type=\"section\">\n\t\t\t\t\t\t<div class=\"elementor-container elementor-column-gap-default\">\n\t\t\t\t\t<div class=\"elementor-column elementor-col-50 elementor-top-column elementor-element elementor-element-ac05e34\" data-id=\"ac05e34\" data-element_type=\"column\">\n\t\t\t<div class=\"elementor-widget-wrap elementor-element-populated\">\n\t\t\t\t\t\t<div class=\"elementor-element elementor-element-7275a8d elementor-widget elementor-widget-wp-widget-custom_html\" data-id=\"7275a8d\" data-element_type=\"widget\" data-widget_type=\"wp-widget-custom_html.default\">\n\t\t\t\t<div class=\"elementor-widget-container\">\n\t\t\t<h5>Professora Edi Franciele Ries &#8211; Departamento de Sa\u00fade Coletiva<\/h5><div class=\"textwidget custom-html-widget\"><iframe width=\"640\" height=\"360\" src=\"https:\/\/farol.ufsm.br\/video\/embed\/professora-edi-franciele-ries\/\" frameborder=\"0\" allowfullscreen><\/iframe><\/div>\t\t<\/div>\n\t\t\t\t<\/div>\n\t\t\t\t\t<\/div>\n\t\t<\/div>\n\t\t\t\t<div class=\"elementor-column elementor-col-50 elementor-top-column elementor-element elementor-element-b4a63ad\" data-id=\"b4a63ad\" data-element_type=\"column\">\n\t\t\t<div class=\"elementor-widget-wrap elementor-element-populated\">\n\t\t\t\t\t\t<div class=\"elementor-element elementor-element-1265a5d elementor-widget elementor-widget-wp-widget-custom_html\" data-id=\"1265a5d\" data-element_type=\"widget\" data-widget_type=\"wp-widget-custom_html.default\">\n\t\t\t\t<div class=\"elementor-widget-container\">\n\t\t\t<h5>Professora Martha Bohrer Adaime &#8211; Departamento de Qu\u00edmica<\/h5><div class=\"textwidget custom-html-widget\"><iframe width=\"640\" height=\"360\" src=\"https:\/\/farol.ufsm.br\/video\/embed\/professora-martha-adaime-departamento-de-quimica\/\" frameborder=\"0\" allowfullscreen><\/iframe><\/div>\t\t<\/div>\n\t\t\t\t<\/div>\n\t\t\t\t\t<\/div>\n\t\t<\/div>\n\t\t\t\t\t<\/div>\n\t\t<\/section>\n\t\t\t\t<section class=\"elementor-section elementor-top-section elementor-element elementor-element-cdb0aa9 elementor-section-boxed elementor-section-height-default elementor-section-height-default\" data-id=\"cdb0aa9\" data-element_type=\"section\">\n\t\t\t\t\t\t<div class=\"elementor-container elementor-column-gap-default\">\n\t\t\t\t\t<div class=\"elementor-column elementor-col-50 elementor-top-column elementor-element elementor-element-1110329\" data-id=\"1110329\" data-element_type=\"column\">\n\t\t\t<div class=\"elementor-widget-wrap elementor-element-populated\">\n\t\t\t\t\t\t<div class=\"elementor-element elementor-element-949a18e elementor-widget elementor-widget-wp-widget-custom_html\" data-id=\"949a18e\" data-element_type=\"widget\" data-widget_type=\"wp-widget-custom_html.default\">\n\t\t\t\t<div class=\"elementor-widget-container\">\n\t\t\t<h5>Professor Luciano Mattana &#8211; Departamento de Ci\u00eancias da Comunica\u00e7\u00e3o<\/h5><div class=\"textwidget custom-html-widget\"><iframe width=\"640\" height=\"360\" src=\"https:\/\/farol.ufsm.br\/video\/embed\/luciano-mattana\/\" frameborder=\"0\" allowfullscreen><\/iframe><\/div>\t\t<\/div>\n\t\t\t\t<\/div>\n\t\t\t\t\t<\/div>\n\t\t<\/div>\n\t\t\t\t<div class=\"elementor-column elementor-col-50 elementor-top-column elementor-element elementor-element-dc6c5c0\" data-id=\"dc6c5c0\" data-element_type=\"column\">\n\t\t\t<div class=\"elementor-widget-wrap elementor-element-populated\">\n\t\t\t\t\t\t<div class=\"elementor-element elementor-element-6b79074 elementor-widget elementor-widget-wp-widget-custom_html\" data-id=\"6b79074\" data-element_type=\"widget\" data-widget_type=\"wp-widget-custom_html.default\">\n\t\t\t\t<div class=\"elementor-widget-container\">\n\t\t\t<h5>Professora Ivana Beatrice Manica da Cruz &#8211; Departamento de Morfologia<\/h5><div class=\"textwidget custom-html-widget\"><iframe width=\"640\" height=\"360\" src=\"https:\/\/farol.ufsm.br\/video\/embed\/ivana-da-cruz\/\" frameborder=\"0\" allowfullscreen><\/iframe><\/div>\t\t<\/div>\n\t\t\t\t<\/div>\n\t\t\t\t\t<\/div>\n\t\t<\/div>\n\t\t\t\t\t<\/div>\n\t\t<\/section>\n\t\t\t\t<section class=\"elementor-section elementor-top-section elementor-element elementor-element-48a6311 elementor-section-boxed elementor-section-height-default elementor-section-height-default\" data-id=\"48a6311\" data-element_type=\"section\">\n\t\t\t\t\t\t<div class=\"elementor-container elementor-column-gap-default\">\n\t\t\t\t\t<div class=\"elementor-column elementor-col-50 elementor-top-column elementor-element elementor-element-dfe83b9\" data-id=\"dfe83b9\" data-element_type=\"column\">\n\t\t\t<div class=\"elementor-widget-wrap elementor-element-populated\">\n\t\t\t\t\t\t<div class=\"elementor-element elementor-element-e8a762c elementor-widget elementor-widget-wp-widget-custom_html\" data-id=\"e8a762c\" data-element_type=\"widget\" data-widget_type=\"wp-widget-custom_html.default\">\n\t\t\t\t<div class=\"elementor-widget-container\">\n\t\t\t<h5>Professor Jer\u00f4nimo Siqueira Tybusch &#8211; Departamento de Direito<\/h5><div class=\"textwidget custom-html-widget\"><iframe width=\"640\" height=\"360\" src=\"https:\/\/farol.ufsm.br\/video\/embed\/professor-jeronimo-siqueira-tybusch\/\" frameborder=\"0\" allowfullscreen><\/iframe><\/div>\t\t<\/div>\n\t\t\t\t<\/div>\n\t\t\t\t\t<\/div>\n\t\t<\/div>\n\t\t\t\t<div class=\"elementor-column elementor-col-50 elementor-top-column elementor-element elementor-element-5394518\" data-id=\"5394518\" data-element_type=\"column\">\n\t\t\t<div class=\"elementor-widget-wrap elementor-element-populated\">\n\t\t\t\t\t\t<div class=\"elementor-element elementor-element-246aa2b elementor-widget elementor-widget-wp-widget-custom_html\" data-id=\"246aa2b\" data-element_type=\"widget\" data-widget_type=\"wp-widget-custom_html.default\">\n\t\t\t\t<div class=\"elementor-widget-container\">\n\t\t\t<h5>Professora Ta\u00eds da Silva Martins &#8211; Departamento de Letras Cl\u00e1ssicas e Lingu\u00edstica<\/h5><div class=\"textwidget custom-html-widget\"><iframe width=\"640\" height=\"360\" src=\"https:\/\/farol.ufsm.br\/video\/embed\/tais-martins\/\" frameborder=\"0\" allowfullscreen><\/iframe><\/div>\t\t<\/div>\n\t\t\t\t<\/div>\n\t\t\t\t\t<\/div>\n\t\t<\/div>\n\t\t\t\t\t<\/div>\n\t\t<\/section>\n\t\t\t\t<\/div>\n\t\t","protected":false},"excerpt":{"rendered":"<p>Depoimentos de Profissionais da Educa\u00e7\u00e3o Superior<\/p>\n","protected":false},"author":102,"featured_media":0,"parent":0,"menu_order":0,"comment_status":"closed","ping_status":"closed","template":"","meta":{"footnotes":""},"categories":[],"tags":[],"class_list":["post-543","page","type-page","status-publish","hentry"],"acf":[],"_links":{"self":[{"href":"https:\/\/www.ufsm.br\/pro-reitorias\/prograd\/ufsm-em-rede\/wp-json\/wp\/v2\/pages\/543","targetHints":{"allow":["GET"]}}],"collection":[{"href":"https:\/\/www.ufsm.br\/pro-reitorias\/prograd\/ufsm-em-rede\/wp-json\/wp\/v2\/pages"}],"about":[{"href":"https:\/\/www.ufsm.br\/pro-reitorias\/prograd\/ufsm-em-rede\/wp-json\/wp\/v2\/types\/page"}],"author":[{"embeddable":true,"href":"https:\/\/www.ufsm.br\/pro-reitorias\/prograd\/ufsm-em-rede\/wp-json\/wp\/v2\/users\/102"}],"replies":[{"embeddable":true,"href":"https:\/\/www.ufsm.br\/pro-reitorias\/prograd\/ufsm-em-rede\/wp-json\/wp\/v2\/comments?post=543"}],"version-history":[{"count":0,"href":"https:\/\/www.ufsm.br\/pro-reitorias\/prograd\/ufsm-em-rede\/wp-json\/wp\/v2\/pages\/543\/revisions"}],"wp:attachment":[{"href":"https:\/\/www.ufsm.br\/pro-reitorias\/prograd\/ufsm-em-rede\/wp-json\/wp\/v2\/media?parent=543"}],"wp:term":[{"taxonomy":"category","embeddable":true,"href":"https:\/\/www.ufsm.br\/pro-reitorias\/prograd\/ufsm-em-rede\/wp-json\/wp\/v2\/categories?post=543"},{"taxonomy":"post_tag","embeddable":true,"href":"https:\/\/www.ufsm.br\/pro-reitorias\/prograd\/ufsm-em-rede\/wp-json\/wp\/v2\/tags?post=543"}],"curies":[{"name":"wp","href":"https:\/\/api.w.org\/{rel}","templated":true}]}}