{"id":128,"date":"2018-04-24T10:32:56","date_gmt":"2018-04-24T13:32:56","guid":{"rendered":"https:\/\/www.ufsm.br\/pro-reitorias\/prograd\/?page_id=128"},"modified":"2024-07-20T17:43:53","modified_gmt":"2024-07-20T20:43:53","slug":"fien-fundo-de-incentivo-ao-ensino","status":"publish","type":"page","link":"https:\/\/www.ufsm.br\/pro-reitorias\/prograd\/fien-fundo-de-incentivo-ao-ensino","title":{"rendered":"FIEn &#8211; Fundo de Incentivo ao Ensino"},"content":{"rendered":"\t\t<div data-elementor-type=\"wp-page\" data-elementor-id=\"128\" class=\"elementor elementor-128\">\n\t\t\t\t\t\t<section class=\"elementor-section elementor-top-section elementor-element elementor-element-e99c3cb elementor-section-boxed elementor-section-height-default elementor-section-height-default\" data-id=\"e99c3cb\" data-element_type=\"section\" data-settings=\"{&quot;background_background&quot;:&quot;classic&quot;}\">\n\t\t\t\t\t\t<div class=\"elementor-container elementor-column-gap-default\">\n\t\t\t\t\t<div class=\"elementor-column elementor-col-100 elementor-top-column elementor-element elementor-element-ed41c29\" data-id=\"ed41c29\" data-element_type=\"column\">\n\t\t\t<div class=\"elementor-widget-wrap elementor-element-populated\">\n\t\t\t\t\t\t<div class=\"elementor-element elementor-element-408e608 elementor-widget elementor-widget-heading\" data-id=\"408e608\" data-element_type=\"widget\" data-widget_type=\"heading.default\">\n\t\t\t\t<div class=\"elementor-widget-container\">\n\t\t\t<h1 class=\"elementor-heading-title elementor-size-default\">Fundo de Incentivo ao Ensino (FIEn)<\/h1>\t\t<\/div>\n\t\t\t\t<\/div>\n\t\t\t\t\t<\/div>\n\t\t<\/div>\n\t\t\t\t\t<\/div>\n\t\t<\/section>\n\t\t\t\t<section class=\"elementor-section elementor-top-section elementor-element elementor-element-2f12a4c6 elementor-section-boxed elementor-section-height-default elementor-section-height-default\" data-id=\"2f12a4c6\" data-element_type=\"section\">\n\t\t\t\t\t\t<div class=\"elementor-container elementor-column-gap-default\">\n\t\t\t\t\t<div class=\"elementor-column elementor-col-100 elementor-top-column elementor-element elementor-element-598f91af\" data-id=\"598f91af\" data-element_type=\"column\">\n\t\t\t<div class=\"elementor-widget-wrap elementor-element-populated\">\n\t\t\t\t\t\t<div class=\"elementor-element elementor-element-9ab1037 elementor-widget elementor-widget-text-editor\" data-id=\"9ab1037\" data-element_type=\"widget\" data-widget_type=\"text-editor.default\">\n\t\t\t\t<div class=\"elementor-widget-container\">\n\t\t\t\t\t\t\t<p>O <strong>Fundo de Incentivo ao Ensino (FIEn)<\/strong> tem como objetivo apoiar projetos de ensino que contribuam para a melhoria do desempenho acad\u00eamico nos cursos da UFSM, de maneira alinhada aos objetivos institucionais previstos no Plano de Desenvolvimento Institucional (PDI) 2016-2026 da UFSM. O<strong> FIEn<\/strong> contempla projetos com grande abrang\u00eancia e alto fator de impacto nas unidades acad\u00eamicas, assim como projetos destinados a atender \u00e1reas espec\u00edficas.<\/p>\t\t\t\t\t\t<\/div>\n\t\t\t\t<\/div>\n\t\t\t\t\t<\/div>\n\t\t<\/div>\n\t\t\t\t\t<\/div>\n\t\t<\/section>\n\t\t\t\t<section class=\"elementor-section elementor-top-section elementor-element elementor-element-28fb6b0 elementor-section-boxed elementor-section-height-default elementor-section-height-default\" data-id=\"28fb6b0\" data-element_type=\"section\" data-settings=\"{&quot;background_background&quot;:&quot;classic&quot;}\">\n\t\t\t\t\t\t<div class=\"elementor-container elementor-column-gap-default\">\n\t\t\t\t\t<div class=\"elementor-column elementor-col-100 elementor-top-column elementor-element elementor-element-c2c83d5\" data-id=\"c2c83d5\" data-element_type=\"column\">\n\t\t\t<div class=\"elementor-widget-wrap elementor-element-populated\">\n\t\t\t\t\t\t<div class=\"elementor-element elementor-element-c77d645 elementor-widget elementor-widget-heading\" data-id=\"c77d645\" data-element_type=\"widget\" data-widget_type=\"heading.default\">\n\t\t\t\t<div class=\"elementor-widget-container\">\n\t\t\t<h2 class=\"elementor-heading-title elementor-size-default\">Editais vigentes<\/h2>\t\t<\/div>\n\t\t\t\t<\/div>\n\t\t\t\t\t<\/div>\n\t\t<\/div>\n\t\t\t\t\t<\/div>\n\t\t<\/section>\n\t\t\t\t<section class=\"elementor-section elementor-top-section elementor-element elementor-element-92fc95e elementor-section-boxed elementor-section-height-default elementor-section-height-default\" data-id=\"92fc95e\" data-element_type=\"section\">\n\t\t\t\t\t\t<div class=\"elementor-container elementor-column-gap-default\">\n\t\t\t\t\t<div class=\"elementor-column elementor-col-100 elementor-top-column elementor-element elementor-element-d334606\" data-id=\"d334606\" data-element_type=\"column\">\n\t\t\t<div class=\"elementor-widget-wrap elementor-element-populated\">\n\t\t\t\t\t\t<div class=\"elementor-element elementor-element-b46d61e elementor-widget elementor-widget-text-editor\" data-id=\"b46d61e\" data-element_type=\"widget\" data-widget_type=\"text-editor.default\">\n\t\t\t\t<div class=\"elementor-widget-container\">\n\t\t\t\t\t\t\t<p><strong><a href=\"https:\/\/www.ufsm.br\/pro-reitorias\/prograd\/editais\/055-2024\" rel=\"bookmark\">Edital 055\/2024 \u2013 UFSM\/PROGRAD\/FIEnEB \u2013 Processo Seletivo FIEn Conex\u00e3o Educa\u00e7\u00e3o B\u00e1sica<\/a><\/strong><\/p><p><strong><a title=\"028\/2024 - Sele\u00e7\u00e3o de Projetos de Ensino para o FUNDO DE INCENTIVO AO ENSINO \u2013 FIEn 2024\" href=\"https:\/\/www.ufsm.br\/pro-reitorias\/prograd\/editais\/028-2024\"><span class=\"titulo-publicacao-widget\">Edital 028\/2024 &#8211; Sele\u00e7\u00e3o de Projetos de Ensino para o FUNDO DE INCENTIVO AO ENSINO \u2013 FIEn 2024<\/span><\/a><\/strong><\/p>\t\t\t\t\t\t<\/div>\n\t\t\t\t<\/div>\n\t\t\t\t\t<\/div>\n\t\t<\/div>\n\t\t\t\t\t<\/div>\n\t\t<\/section>\n\t\t\t\t<section class=\"elementor-section elementor-top-section elementor-element elementor-element-7fe3a67 elementor-section-boxed elementor-section-height-default elementor-section-height-default\" data-id=\"7fe3a67\" data-element_type=\"section\" data-settings=\"{&quot;background_background&quot;:&quot;classic&quot;}\">\n\t\t\t\t\t\t<div class=\"elementor-container elementor-column-gap-default\">\n\t\t\t\t\t<div class=\"elementor-column elementor-col-100 elementor-top-column elementor-element elementor-element-3210e39\" data-id=\"3210e39\" data-element_type=\"column\">\n\t\t\t<div class=\"elementor-widget-wrap elementor-element-populated\">\n\t\t\t\t\t\t<div class=\"elementor-element elementor-element-8337759 elementor-widget elementor-widget-heading\" data-id=\"8337759\" data-element_type=\"widget\" data-widget_type=\"heading.default\">\n\t\t\t\t<div class=\"elementor-widget-container\">\n\t\t\t<h2 class=\"elementor-heading-title elementor-size-default\">Editais anteriores<\/h2>\t\t<\/div>\n\t\t\t\t<\/div>\n\t\t\t\t\t<\/div>\n\t\t<\/div>\n\t\t\t\t\t<\/div>\n\t\t<\/section>\n\t\t\t\t<section class=\"elementor-section elementor-top-section elementor-element elementor-element-3db5d21 elementor-section-boxed elementor-section-height-default elementor-section-height-default\" data-id=\"3db5d21\" data-element_type=\"section\">\n\t\t\t\t\t\t<div class=\"elementor-container elementor-column-gap-default\">\n\t\t\t\t\t<div class=\"elementor-column elementor-col-100 elementor-top-column elementor-element elementor-element-6de6b3c\" data-id=\"6de6b3c\" data-element_type=\"column\">\n\t\t\t<div class=\"elementor-widget-wrap elementor-element-populated\">\n\t\t\t\t\t\t<div class=\"elementor-element elementor-element-e91f7d7 elementor-widget elementor-widget-text-editor\" data-id=\"e91f7d7\" data-element_type=\"widget\" data-widget_type=\"text-editor.default\">\n\t\t\t\t<div class=\"elementor-widget-container\">\n\t\t\t\t\t\t\t<p><a href=\"https:\/\/www.ufsm.br\/pro-reitorias\/prograd\/busca\/?q=fien&amp;sites%5B%5D=342&amp;orderby=modified&amp;order=DESC&amp;perpage=15&amp;area=editais&amp;tipo_edital=&amp;licitacao_edital=&amp;concurso_edital_mod=&amp;concurso_edital_cat=&amp;outro_edital=\"><strong>Clique aqui para acessar os editais anteriores do FIEn<\/strong><\/a><\/p>\t\t\t\t\t\t<\/div>\n\t\t\t\t<\/div>\n\t\t\t\t\t<\/div>\n\t\t<\/div>\n\t\t\t\t\t<\/div>\n\t\t<\/section>\n\t\t\t\t<section class=\"elementor-section elementor-top-section elementor-element elementor-element-0c3fb4d elementor-section-boxed elementor-section-height-default elementor-section-height-default\" data-id=\"0c3fb4d\" data-element_type=\"section\" data-settings=\"{&quot;background_background&quot;:&quot;classic&quot;}\">\n\t\t\t\t\t\t<div class=\"elementor-container elementor-column-gap-default\">\n\t\t\t\t\t<div class=\"elementor-column elementor-col-100 elementor-top-column elementor-element elementor-element-5bb6d28\" data-id=\"5bb6d28\" data-element_type=\"column\">\n\t\t\t<div class=\"elementor-widget-wrap elementor-element-populated\">\n\t\t\t\t\t\t<div class=\"elementor-element elementor-element-5a58781 elementor-widget elementor-widget-heading\" data-id=\"5a58781\" data-element_type=\"widget\" data-widget_type=\"heading.default\">\n\t\t\t\t<div class=\"elementor-widget-container\">\n\t\t\t<h3 class=\"elementor-heading-title elementor-size-default\">Contato<\/h3>\t\t<\/div>\n\t\t\t\t<\/div>\n\t\t\t\t\t<\/div>\n\t\t<\/div>\n\t\t\t\t\t<\/div>\n\t\t<\/section>\n\t\t\t\t<section class=\"elementor-section elementor-top-section elementor-element elementor-element-a91fd74 elementor-section-boxed elementor-section-height-default elementor-section-height-default\" data-id=\"a91fd74\" data-element_type=\"section\">\n\t\t\t\t\t\t<div class=\"elementor-container elementor-column-gap-default\">\n\t\t\t\t\t<div class=\"elementor-column elementor-col-100 elementor-top-column elementor-element elementor-element-c72e187\" data-id=\"c72e187\" data-element_type=\"column\">\n\t\t\t<div class=\"elementor-widget-wrap elementor-element-populated\">\n\t\t\t\t\t\t<div class=\"elementor-element elementor-element-6504a61 elementor-widget elementor-widget-text-editor\" data-id=\"6504a61\" data-element_type=\"widget\" data-widget_type=\"text-editor.default\">\n\t\t\t\t<div class=\"elementor-widget-container\">\n\t\t\t\t\t\t\t<p>Informa\u00e7\u00f5es sobre o<strong>\u00a0FIEn<\/strong> podem ser obtidas atrav\u00e9s do telefone (55) 3220-8338 e do e-mail <a href=\"mailto:fundodeensino@ufsm.br\"><strong>fundodeensino@ufsm.br<\/strong><\/a>.<\/p><p><a href=\"https:\/\/www.ufsm.br\/pro-reitorias\/prograd\/busca\/?q=fien&amp;sites%5B%5D=342&amp;orderby=modified&amp;order=DESC&amp;perpage=15&amp;area=editais&amp;tipo_edital=&amp;licitacao_edital=&amp;concurso_edital_mod=&amp;concurso_edital_cat=&amp;outro_edital=\"><strong>Editais do FIEn<\/strong><\/a>\u00a0publicados pela PROGRAD\/UFSM.<\/p>\t\t\t\t\t\t<\/div>\n\t\t\t\t<\/div>\n\t\t\t\t\t<\/div>\n\t\t<\/div>\n\t\t\t\t\t<\/div>\n\t\t<\/section>\n\t\t\t\t<\/div>\n\t\t","protected":false},"excerpt":{"rendered":"<p>Fundo de Incentivo ao Ensino (FIEn) O Fundo de Incentivo ao Ensino (FIEn) tem como objetivo apoiar projetos de ensino que contribuam para a melhoria do desempenho acad\u00eamico nos cursos da UFSM, de maneira alinhada aos objetivos institucionais previstos no Plano de Desenvolvimento Institucional (PDI) 2016-2026 da UFSM. O FIEn contempla projetos com grande abrang\u00eancia [&hellip;]<\/p>\n","protected":false},"author":74,"featured_media":0,"parent":0,"menu_order":0,"comment_status":"closed","ping_status":"closed","template":"","meta":{"footnotes":""},"categories":[],"tags":[],"class_list":["post-128","page","type-page","status-publish","hentry"],"acf":[],"_links":{"self":[{"href":"https:\/\/www.ufsm.br\/pro-reitorias\/prograd\/wp-json\/wp\/v2\/pages\/128","targetHints":{"allow":["GET"]}}],"collection":[{"href":"https:\/\/www.ufsm.br\/pro-reitorias\/prograd\/wp-json\/wp\/v2\/pages"}],"about":[{"href":"https:\/\/www.ufsm.br\/pro-reitorias\/prograd\/wp-json\/wp\/v2\/types\/page"}],"author":[{"embeddable":true,"href":"https:\/\/www.ufsm.br\/pro-reitorias\/prograd\/wp-json\/wp\/v2\/users\/74"}],"replies":[{"embeddable":true,"href":"https:\/\/www.ufsm.br\/pro-reitorias\/prograd\/wp-json\/wp\/v2\/comments?post=128"}],"version-history":[{"count":0,"href":"https:\/\/www.ufsm.br\/pro-reitorias\/prograd\/wp-json\/wp\/v2\/pages\/128\/revisions"}],"wp:attachment":[{"href":"https:\/\/www.ufsm.br\/pro-reitorias\/prograd\/wp-json\/wp\/v2\/media?parent=128"}],"wp:term":[{"taxonomy":"category","embeddable":true,"href":"https:\/\/www.ufsm.br\/pro-reitorias\/prograd\/wp-json\/wp\/v2\/categories?post=128"},{"taxonomy":"post_tag","embeddable":true,"href":"https:\/\/www.ufsm.br\/pro-reitorias\/prograd\/wp-json\/wp\/v2\/tags?post=128"}],"curies":[{"name":"wp","href":"https:\/\/api.w.org\/{rel}","templated":true}]}}