{"id":13618,"date":"2018-05-14T10:29:00","date_gmt":"2018-05-14T13:29:00","guid":{"rendered":"https:\/\/www.ufsm.br\/pro-reitorias\/prograd\/?page_id=13618"},"modified":"2025-10-22T16:40:21","modified_gmt":"2025-10-22T19:40:21","slug":"refugiados-e-migrantes","status":"publish","type":"page","link":"https:\/\/www.ufsm.br\/pro-reitorias\/prograd\/ingresse-na-ufsm\/refugiados-e-migrantes","title":{"rendered":"Refugiados e Migrantes"},"content":{"rendered":"\t\t<div data-elementor-type=\"wp-page\" data-elementor-id=\"13618\" class=\"elementor elementor-13618\">\n\t\t\t\t\t\t<section class=\"elementor-section elementor-top-section elementor-element elementor-element-919a5ae elementor-section-boxed elementor-section-height-default elementor-section-height-default\" data-id=\"919a5ae\" data-element_type=\"section\" data-settings=\"{&quot;background_background&quot;:&quot;classic&quot;}\">\n\t\t\t\t\t\t<div class=\"elementor-container elementor-column-gap-default\">\n\t\t\t\t\t<div class=\"elementor-column elementor-col-100 elementor-top-column elementor-element elementor-element-8dcdc3e\" data-id=\"8dcdc3e\" data-element_type=\"column\">\n\t\t\t<div class=\"elementor-widget-wrap elementor-element-populated\">\n\t\t\t\t\t\t<div class=\"elementor-element elementor-element-f0e23bd elementor-widget elementor-widget-heading\" data-id=\"f0e23bd\" data-element_type=\"widget\" data-widget_type=\"heading.default\">\n\t\t\t\t<div class=\"elementor-widget-container\">\n\t\t\t<h1 class=\"elementor-heading-title elementor-size-default\">Refugiados e Imigrantes<\/h1>\t\t<\/div>\n\t\t\t\t<\/div>\n\t\t\t\t\t<\/div>\n\t\t<\/div>\n\t\t\t\t\t<\/div>\n\t\t<\/section>\n\t\t\t\t<section class=\"elementor-section elementor-top-section elementor-element elementor-element-672c7aba elementor-section-boxed elementor-section-height-default elementor-section-height-default\" data-id=\"672c7aba\" data-element_type=\"section\">\n\t\t\t\t\t\t<div class=\"elementor-container elementor-column-gap-default\">\n\t\t\t\t\t<div class=\"elementor-column elementor-col-100 elementor-top-column elementor-element elementor-element-70144873\" data-id=\"70144873\" data-element_type=\"column\">\n\t\t\t<div class=\"elementor-widget-wrap elementor-element-populated\">\n\t\t\t\t\t\t<div class=\"elementor-element elementor-element-38de549a elementor-widget elementor-widget-text-editor\" data-id=\"38de549a\" data-element_type=\"widget\" data-widget_type=\"text-editor.default\">\n\t\t\t\t<div class=\"elementor-widget-container\">\n\t\t\t\t\t\t\t<p><strong>A Pr\u00f3-Reitoria de Gradua\u00e7\u00e3o da UFSM (Prograd) divulga o edital para ingresso de refugiados(as) e imigrantes em situa\u00e7\u00e3o de vulnerabilidade.<\/strong><\/p><p>Outras informa\u00e7\u00f5es podem ser solicitadas ao e-mail <a href=\"mailto:falecom@nisa.ufsm.br\"><strong>falecom@nisa.ufsm.br<\/strong><\/a>.\u00a0<\/p>\t\t\t\t\t\t<\/div>\n\t\t\t\t<\/div>\n\t\t\t\t\t<\/div>\n\t\t<\/div>\n\t\t\t\t\t<\/div>\n\t\t<\/section>\n\t\t\t\t<section class=\"elementor-section elementor-top-section elementor-element elementor-element-8e87e8d elementor-section-boxed elementor-section-height-default elementor-section-height-default\" data-id=\"8e87e8d\" data-element_type=\"section\" data-settings=\"{&quot;background_background&quot;:&quot;classic&quot;}\">\n\t\t\t\t\t\t<div class=\"elementor-container elementor-column-gap-default\">\n\t\t\t\t\t<div class=\"elementor-column elementor-col-100 elementor-top-column elementor-element elementor-element-c4ee65d\" data-id=\"c4ee65d\" data-element_type=\"column\">\n\t\t\t<div class=\"elementor-widget-wrap elementor-element-populated\">\n\t\t\t\t\t\t<div class=\"elementor-element elementor-element-28f190c elementor-widget elementor-widget-heading\" data-id=\"28f190c\" data-element_type=\"widget\" data-widget_type=\"heading.default\">\n\t\t\t\t<div class=\"elementor-widget-container\">\n\t\t\t<h2 class=\"elementor-heading-title elementor-size-default\">Edital vigente<\/h2>\t\t<\/div>\n\t\t\t\t<\/div>\n\t\t\t\t\t<\/div>\n\t\t<\/div>\n\t\t\t\t\t<\/div>\n\t\t<\/section>\n\t\t\t\t<section class=\"elementor-section elementor-top-section elementor-element elementor-element-6e8682b elementor-section-boxed elementor-section-height-default elementor-section-height-default\" data-id=\"6e8682b\" data-element_type=\"section\">\n\t\t\t\t\t\t<div class=\"elementor-container elementor-column-gap-default\">\n\t\t\t\t\t<div class=\"elementor-column elementor-col-100 elementor-top-column elementor-element elementor-element-9a29939\" data-id=\"9a29939\" data-element_type=\"column\">\n\t\t\t<div class=\"elementor-widget-wrap elementor-element-populated\">\n\t\t\t\t\t\t<div class=\"elementor-element elementor-element-6114a52 elementor-widget elementor-widget-text-editor\" data-id=\"6114a52\" data-element_type=\"widget\" data-widget_type=\"text-editor.default\">\n\t\t\t\t<div class=\"elementor-widget-container\">\n\t\t\t\t\t\t\t<p><img fetchpriority=\"high\" decoding=\"async\" class=\"alignright wp-image-25393\" src=\"https:\/\/www.ufsm.br\/app\/uploads\/sites\/342\/2025\/10\/PS-Refugiados-e-Imigrantes-240x300.jpg\" alt=\"\" width=\"500\" height=\"625\" srcset=\"https:\/\/www.ufsm.br\/app\/uploads\/sites\/342\/2025\/10\/PS-Refugiados-e-Imigrantes-240x300.jpg 240w, https:\/\/www.ufsm.br\/app\/uploads\/sites\/342\/2025\/10\/PS-Refugiados-e-Imigrantes-819x1024.jpg 819w, https:\/\/www.ufsm.br\/app\/uploads\/sites\/342\/2025\/10\/PS-Refugiados-e-Imigrantes-768x960.jpg 768w, https:\/\/www.ufsm.br\/app\/uploads\/sites\/342\/2025\/10\/PS-Refugiados-e-Imigrantes.jpg 1080w\" sizes=\"(max-width: 500px) 100vw, 500px\" \/>A Universidade Federal de Santa Maria, por meio da Pr\u00f3-Reitoria de Gradua\u00e7\u00e3o torna p\u00fablica a abertura do Edital do Processo Seletivo para Ingresso de Refugiados e Imigrantes em situa\u00e7\u00e3o de vulnerabilidade UFSM 2026, com objetivo de preenchimento de 97 vagas em 67 cursos de gradua\u00e7\u00e3o desta Universidade, para ingresso em 2026. \u00a0<strong><span style=\"color: #ff0000\">Acesse o Edital e o Link de Inscri\u00e7\u00e3o\u00a0<a style=\"color: #ff0000\" href=\"https:\/\/www.ufsm.br\/pro-reitorias\/prograd\/editais\/092-2025\">AQUI<\/a>.<\/span><\/strong><\/p><p><strong>As inscri\u00e7\u00f5es seguem abertas at\u00e9 o dia 08 de dezembro de 2025.<\/strong><\/p><p>As pessoas ingressantes por este edital ser\u00e3o matriculadas no primeiro ou no segundo semestre letivo de 2026, conforme oferta de vagas (1\u00ba\/2026 ou 2\u00ba\/2026), seguindo a sequ\u00eancia inicial aconselhada de disciplinas de cada curso.<\/p><p>Em conformidade com a Resolu\u00e7\u00e3o UFSM N\u00ba. 041\/2016, ser\u00e3o admitidas pessoas que estejam na condi\u00e7\u00e3o de refugiadas ou imigrantes em situa\u00e7\u00e3o de vulnerabilidade que tenham:<\/p><p>I \u2013\u00a0<strong>Conclu\u00eddo estudos de ensino m\u00e9dio ou equivalente<\/strong>\u00a0no pa\u00eds de origem, ou em outro pa\u00eds onde residiram;<\/p><p>II \u2013 Sido impossibilitadas de dar continuidade ao\u00a0<strong>ensino t\u00e9cnico ou superior<\/strong>\u00a0no pa\u00eds de origem, ou em outro pa\u00eds onde residiram, pelo motivo da imigra\u00e7\u00e3o, ou que j\u00e1 tenham conclu\u00eddo tais estudos equivalentes e n\u00e3o lhes seja de interesse a revalida\u00e7\u00e3o de diploma.<\/p><p>Na hip\u00f3tese do inciso II, o aproveitamento em disciplinas pressup\u00f5e o ingresso do(a) acad\u00eamico(a) no programa e respectiva matr\u00edcula, sendo de compet\u00eancia exclusiva do curso a delibera\u00e7\u00e3o quanto ao requerimento de\u00a0<strong>aproveitamento de disciplinas cursadas anteriormente<\/strong>.<\/p><p><strong>N\u00e3o<\/strong>\u00a0ser\u00e1 admitida no Programa de Acesso \u00e0 Educa\u00e7\u00e3o T\u00e9cnica e Superior na UFSM previsto neste Edital, pessoa na condi\u00e7\u00e3o de Refugiado ou Imigrante em situa\u00e7\u00e3o de vulnerabilidade que tenha conclu\u00eddo o ensino m\u00e9dio regular ou superior no Brasil.<\/p><p>Presume-se imigrante em situa\u00e7\u00e3o de vulnerabilidade o\u00a0<strong>portador de resid\u00eancia por acolhida humanit\u00e1ria.<\/strong><\/p><p>O processo seletivo ser\u00e1 realizado pela Comiss\u00e3o de Sele\u00e7\u00e3o, a ser designada pela Pr\u00f3-Reitoria de Gradua\u00e7\u00e3o, e constar\u00e1 das seguintes fases:<\/p><p>I \u2013<strong>\u00a0Inscri\u00e7\u00e3o<\/strong>\u00a0atrav\u00e9s do procedimento descrito no item 4 e subitens seguintes do Edital;<br \/>II \u2013\u00a0<strong>An\u00e1lise da documenta\u00e7\u00e3o exigida.<\/strong><\/p><p>A Comiss\u00e3o de Sele\u00e7\u00e3o realizar\u00e1 unicamente o processo seletivo a que se refere esta Edital,\u00a0<strong>n\u00e3o<\/strong>\u00a0sendo respons\u00e1vel pelas an\u00e1lises e solicita\u00e7\u00f5es eventuais relativas ao\u00a0<strong>Benef\u00edcio Socioecon\u00f4mico e\/ou acesso \u00e0 Moradia Estudantil<\/strong>, que s\u00e3o responsabilidade da Pr\u00f3-Reitoria de Assuntos Estudantis (<a href=\"https:\/\/ufsm.br\/prae\" target=\"_blank\" rel=\"noopener\"><strong>ufsm.br\/prae<\/strong><\/a>)<\/p><p>Cada candidato(a) somente poder\u00e1 realizar inscri\u00e7\u00e3o\u00a0<strong>em um \u00fanico curso<\/strong>\u00a0disposto no item 2 deste Edital. No caso de m\u00faltiplas inscri\u00e7\u00f5es, ser\u00e1 levada em considera\u00e7\u00e3o a \u00faltima inscri\u00e7\u00e3o realizada.<\/p><p>O ingresso na Universidade Federal de Santa Maria atrav\u00e9s da Resolu\u00e7\u00e3o N\u00ba 041\/2016 somente poder\u00e1 ser realizado\u00a0<strong>uma \u00fanica vez.<\/strong><\/p><p>Outras informa\u00e7\u00f5es podem ser solicitadas ao N\u00facleo de Ingresso e Sele\u00e7\u00e3o Acad\u00eamicos, pelo e-mail\u00a0<a class=\"notranslate\" href=\"mailto:falecom@nisa.ufsm.br\"><strong>falecom@nisa.ufsm.br<\/strong><\/a>.<\/p>\t\t\t\t\t\t<\/div>\n\t\t\t\t<\/div>\n\t\t\t\t\t<\/div>\n\t\t<\/div>\n\t\t\t\t\t<\/div>\n\t\t<\/section>\n\t\t\t\t<section class=\"elementor-section elementor-top-section elementor-element elementor-element-19ecb8c elementor-section-boxed elementor-section-height-default elementor-section-height-default\" data-id=\"19ecb8c\" data-element_type=\"section\">\n\t\t\t\t\t\t<div class=\"elementor-container elementor-column-gap-default\">\n\t\t\t\t\t<div class=\"elementor-column elementor-col-100 elementor-top-column elementor-element elementor-element-5646248\" data-id=\"5646248\" data-element_type=\"column\">\n\t\t\t<div class=\"elementor-widget-wrap\">\n\t\t\t\t\t\t\t<\/div>\n\t\t<\/div>\n\t\t\t\t\t<\/div>\n\t\t<\/section>\n\t\t\t\t<section class=\"elementor-section elementor-top-section elementor-element elementor-element-05c0b3b elementor-section-boxed elementor-section-height-default elementor-section-height-default\" data-id=\"05c0b3b\" data-element_type=\"section\" data-settings=\"{&quot;background_background&quot;:&quot;classic&quot;}\">\n\t\t\t\t\t\t<div class=\"elementor-container elementor-column-gap-default\">\n\t\t\t\t\t<div class=\"elementor-column elementor-col-100 elementor-top-column elementor-element elementor-element-71832bc\" data-id=\"71832bc\" data-element_type=\"column\">\n\t\t\t<div class=\"elementor-widget-wrap elementor-element-populated\">\n\t\t\t\t\t\t<div class=\"elementor-element elementor-element-0db60af elementor-widget elementor-widget-heading\" data-id=\"0db60af\" data-element_type=\"widget\" data-widget_type=\"heading.default\">\n\t\t\t\t<div class=\"elementor-widget-container\">\n\t\t\t<h2 class=\"elementor-heading-title elementor-size-default\">Editais anteriores<\/h2>\t\t<\/div>\n\t\t\t\t<\/div>\n\t\t\t\t\t<\/div>\n\t\t<\/div>\n\t\t\t\t\t<\/div>\n\t\t<\/section>\n\t\t\t\t<section class=\"elementor-section elementor-top-section elementor-element elementor-element-df120d2 elementor-section-boxed elementor-section-height-default elementor-section-height-default\" data-id=\"df120d2\" data-element_type=\"section\">\n\t\t\t\t\t\t<div class=\"elementor-container elementor-column-gap-default\">\n\t\t\t\t\t<div class=\"elementor-column elementor-col-100 elementor-top-column elementor-element elementor-element-8c3892d\" data-id=\"8c3892d\" data-element_type=\"column\">\n\t\t\t<div class=\"elementor-widget-wrap elementor-element-populated\">\n\t\t\t\t\t\t<div class=\"elementor-element elementor-element-258944e elementor-widget elementor-widget-text-editor\" data-id=\"258944e\" data-element_type=\"widget\" data-widget_type=\"text-editor.default\">\n\t\t\t\t<div class=\"elementor-widget-container\">\n\t\t\t\t\t\t\t<p><strong><a href=\"https:\/\/www.ufsm.br\/pro-reitorias\/prograd\/editais\/101-2024\">Edital 101\/2024<\/a> &#8211; Processo Seletivo para Ingresso de Refugiados e Imigrantes em situa\u00e7\u00e3o de vulnerabilidade UFSM 2025.<\/strong><\/p><p><strong><a href=\"https:\/\/www.ufsm.br\/pro-reitorias\/prograd\/editais\/009-2023\/\">Edital 009\/2023<\/a> &#8211;<\/strong> <strong>Processo Seletivo para Ingresso de Refugiados e Imigrantes em Situa\u00e7\u00e3o de Vulnerabilidade UFSM 2024.<\/strong><\/p><p><strong><a href=\"https:\/\/www.ufsm.br\/pro-reitorias\/prograd\/editais\/009-2022\/\">Edital 009\/2022<\/a> &#8211; Migrantes e Refugiados: inscri\u00e7\u00f5es at\u00e9 03 de abril de 2022.<\/strong><\/p>\t\t\t\t\t\t<\/div>\n\t\t\t\t<\/div>\n\t\t\t\t\t<\/div>\n\t\t<\/div>\n\t\t\t\t\t<\/div>\n\t\t<\/section>\n\t\t\t\t<\/div>\n\t\t","protected":false},"excerpt":{"rendered":"<p>Refugiados e Imigrantes A Pr\u00f3-Reitoria de Gradua\u00e7\u00e3o da UFSM (Prograd) divulga o edital para ingresso de refugiados(as) e imigrantes em situa\u00e7\u00e3o de vulnerabilidade. Outras informa\u00e7\u00f5es podem ser solicitadas ao e-mail falecom@nisa.ufsm.br.\u00a0 Edital vigente A Universidade Federal de Santa Maria, por meio da Pr\u00f3-Reitoria de Gradua\u00e7\u00e3o torna p\u00fablica a abertura do Edital do Processo Seletivo para [&hellip;]<\/p>\n","protected":false},"author":74,"featured_media":0,"parent":17491,"menu_order":0,"comment_status":"closed","ping_status":"closed","template":"","meta":{"footnotes":""},"categories":[],"tags":[],"class_list":["post-13618","page","type-page","status-publish","hentry"],"acf":[],"_links":{"self":[{"href":"https:\/\/www.ufsm.br\/pro-reitorias\/prograd\/wp-json\/wp\/v2\/pages\/13618","targetHints":{"allow":["GET"]}}],"collection":[{"href":"https:\/\/www.ufsm.br\/pro-reitorias\/prograd\/wp-json\/wp\/v2\/pages"}],"about":[{"href":"https:\/\/www.ufsm.br\/pro-reitorias\/prograd\/wp-json\/wp\/v2\/types\/page"}],"author":[{"embeddable":true,"href":"https:\/\/www.ufsm.br\/pro-reitorias\/prograd\/wp-json\/wp\/v2\/users\/74"}],"replies":[{"embeddable":true,"href":"https:\/\/www.ufsm.br\/pro-reitorias\/prograd\/wp-json\/wp\/v2\/comments?post=13618"}],"version-history":[{"count":0,"href":"https:\/\/www.ufsm.br\/pro-reitorias\/prograd\/wp-json\/wp\/v2\/pages\/13618\/revisions"}],"up":[{"embeddable":true,"href":"https:\/\/www.ufsm.br\/pro-reitorias\/prograd\/wp-json\/wp\/v2\/pages\/17491"}],"wp:attachment":[{"href":"https:\/\/www.ufsm.br\/pro-reitorias\/prograd\/wp-json\/wp\/v2\/media?parent=13618"}],"wp:term":[{"taxonomy":"category","embeddable":true,"href":"https:\/\/www.ufsm.br\/pro-reitorias\/prograd\/wp-json\/wp\/v2\/categories?post=13618"},{"taxonomy":"post_tag","embeddable":true,"href":"https:\/\/www.ufsm.br\/pro-reitorias\/prograd\/wp-json\/wp\/v2\/tags?post=13618"}],"curies":[{"name":"wp","href":"https:\/\/api.w.org\/{rel}","templated":true}]}}