{"id":13620,"date":"2018-05-14T10:32:17","date_gmt":"2018-05-14T13:32:17","guid":{"rendered":"https:\/\/www.ufsm.br\/pro-reitorias\/prograd\/?page_id=13620"},"modified":"2025-02-20T09:10:47","modified_gmt":"2025-02-20T12:10:47","slug":"revalidacao-de-diplomas","status":"publish","type":"page","link":"https:\/\/www.ufsm.br\/pro-reitorias\/prograd\/revalidacao-de-diplomas","title":{"rendered":"Revalida\u00e7\u00e3o de Diplomas"},"content":{"rendered":"\t\t<div data-elementor-type=\"wp-page\" data-elementor-id=\"13620\" class=\"elementor elementor-13620\">\n\t\t\t\t\t\t<section class=\"elementor-section elementor-top-section elementor-element elementor-element-30f8223 elementor-section-boxed elementor-section-height-default elementor-section-height-default\" data-id=\"30f8223\" data-element_type=\"section\" data-settings=\"{&quot;background_background&quot;:&quot;classic&quot;}\">\n\t\t\t\t\t\t<div class=\"elementor-container elementor-column-gap-default\">\n\t\t\t\t\t<div class=\"elementor-column elementor-col-100 elementor-top-column elementor-element elementor-element-09e8d49\" data-id=\"09e8d49\" data-element_type=\"column\">\n\t\t\t<div class=\"elementor-widget-wrap elementor-element-populated\">\n\t\t\t\t\t\t<div class=\"elementor-element elementor-element-030a487 elementor-widget elementor-widget-heading\" data-id=\"030a487\" data-element_type=\"widget\" data-widget_type=\"heading.default\">\n\t\t\t\t<div class=\"elementor-widget-container\">\n\t\t\t<h1 class=\"elementor-heading-title elementor-size-default\">Revalida\u00e7\u00e3o de Diplomas<\/h1>\t\t<\/div>\n\t\t\t\t<\/div>\n\t\t\t\t\t<\/div>\n\t\t<\/div>\n\t\t\t\t\t<\/div>\n\t\t<\/section>\n\t\t\t\t<section class=\"elementor-section elementor-top-section elementor-element elementor-element-16b53ee7 elementor-section-boxed elementor-section-height-default elementor-section-height-default\" data-id=\"16b53ee7\" data-element_type=\"section\">\n\t\t\t\t\t\t<div class=\"elementor-container elementor-column-gap-default\">\n\t\t\t\t\t<div class=\"elementor-column elementor-col-100 elementor-top-column elementor-element elementor-element-f9cbb7e\" data-id=\"f9cbb7e\" data-element_type=\"column\">\n\t\t\t<div class=\"elementor-widget-wrap\">\n\t\t\t\t\t\t\t<\/div>\n\t\t<\/div>\n\t\t\t\t\t<\/div>\n\t\t<\/section>\n\t\t\t\t<section class=\"elementor-section elementor-top-section elementor-element elementor-element-ab0ea66 elementor-section-boxed elementor-section-height-default elementor-section-height-default\" data-id=\"ab0ea66\" data-element_type=\"section\" data-settings=\"{&quot;background_background&quot;:&quot;classic&quot;}\">\n\t\t\t\t\t\t<div class=\"elementor-container elementor-column-gap-default\">\n\t\t\t\t\t<div class=\"elementor-column elementor-col-100 elementor-top-column elementor-element elementor-element-2a6e01e\" data-id=\"2a6e01e\" data-element_type=\"column\">\n\t\t\t<div class=\"elementor-widget-wrap elementor-element-populated\">\n\t\t\t\t\t\t<div class=\"elementor-element elementor-element-fa405ef elementor-widget elementor-widget-heading\" data-id=\"fa405ef\" data-element_type=\"widget\" data-widget_type=\"heading.default\">\n\t\t\t\t<div class=\"elementor-widget-container\">\n\t\t\t<h2 class=\"elementor-heading-title elementor-size-default\">Para diplomas de Medicina<\/h2>\t\t<\/div>\n\t\t\t\t<\/div>\n\t\t\t\t\t<\/div>\n\t\t<\/div>\n\t\t\t\t\t<\/div>\n\t\t<\/section>\n\t\t\t\t<section class=\"elementor-section elementor-top-section elementor-element elementor-element-e5949e6 elementor-section-boxed elementor-section-height-default elementor-section-height-default\" data-id=\"e5949e6\" data-element_type=\"section\">\n\t\t\t\t\t\t<div class=\"elementor-container elementor-column-gap-default\">\n\t\t\t\t\t<div class=\"elementor-column elementor-col-100 elementor-top-column elementor-element elementor-element-d2295f9\" data-id=\"d2295f9\" data-element_type=\"column\">\n\t\t\t<div class=\"elementor-widget-wrap elementor-element-populated\">\n\t\t\t\t\t\t<div class=\"elementor-element elementor-element-5f18ced elementor-widget elementor-widget-text-editor\" data-id=\"5f18ced\" data-element_type=\"widget\" data-widget_type=\"text-editor.default\">\n\t\t\t\t<div class=\"elementor-widget-container\">\n\t\t\t\t\t\t\t<p>As revalida\u00e7\u00f5es de diplomas de Medicina seguem o protocolo do Exame Nacional de\u00a0<span style=\"font-size: 1rem\">Revalida\u00e7\u00e3o de Diplomas M\u00e9dicos Expedidos por Institui\u00e7\u00f5es de Educa\u00e7\u00e3o Superior\u00a0<\/span><span style=\"font-size: 1rem\">Estrangeiras (REVALIDA), do Minist\u00e9rio da Educa\u00e7\u00e3o, conforme a\u00a0<a style=\"color: #204c90\" href=\"https:\/\/www.ufsm.br\/app\/uploads\/sites\/342\/2018\/05\/instrucao_normativa_01_2017_prograd_revalidacao_diploma_medicina.pdf\" target=\"_blank\" rel=\"noopener\" data-saferedirecturl=\"https:\/\/www.google.com\/url?q=https:\/\/www.ufsm.br\/app\/uploads\/sites\/342\/2018\/05\/instrucao_normativa_01_2017_prograd_revalidacao_diploma_medicina.pdf&amp;source=gmail&amp;ust=1740139388109000&amp;usg=AOvVaw0RJ7OaPtkWmwtXkR457m1B\">Instru\u00e7\u00e3o Normativa n\u00ba\u00a0<\/a><\/span><a style=\"color: #204c90\" href=\"https:\/\/www.ufsm.br\/app\/uploads\/sites\/342\/2018\/05\/instrucao_normativa_01_2017_prograd_revalidacao_diploma_medicina.pdf\" target=\"_blank\" rel=\"noopener\" data-saferedirecturl=\"https:\/\/www.google.com\/url?q=https:\/\/www.ufsm.br\/app\/uploads\/sites\/342\/2018\/05\/instrucao_normativa_01_2017_prograd_revalidacao_diploma_medicina.pdf&amp;source=gmail&amp;ust=1740139388109000&amp;usg=AOvVaw0RJ7OaPtkWmwtXkR457m1B\"><span style=\"color: #000000;font-size: 1rem\">01\/2017\/PROGRAD<\/span><\/a>, de 3 de mar\u00e7o de 2017 e\u00a0<a style=\"color: #1155cc\" href=\"https:\/\/www.in.gov.br\/web\/dou\/-\/resolucao-cne\/ces-n-2-de-19-de-dezembro-de-2024-603280099\" target=\"_blank\" rel=\"noopener\" data-saferedirecturl=\"https:\/\/www.google.com\/url?q=https:\/\/www.in.gov.br\/web\/dou\/-\/resolucao-cne\/ces-n-2-de-19-de-dezembro-de-2024-603280099&amp;source=gmail&amp;ust=1740139388109000&amp;usg=AOvVaw3i_8IaLzJ1UCPJgNGNqyfV\">Resolu\u00e7\u00e3o CNE\/CES n\u00ba 02, de 19 de dezembro de 2024<\/a>.<\/p><p>O REVALIDA possui cronograma e procedimentos pr\u00f3prios para inscri\u00e7\u00e3o, dispon\u00edveis em seu site oficial.<\/p><p>Para mais informa\u00e7\u00f5es sobre a revalida\u00e7\u00e3o de diplomas de medicina, entre em contato:<\/p><ul><li style=\"margin-left: 15px\">Telefone: 0800 616161<\/li><li style=\"margin-left: 15px\">E-mail:\u00a0<a style=\"color: #1155cc\" href=\"mailto:revalida@inep.gov.br\" target=\"_blank\" rel=\"noopener\">revalida@inep.gov.br<\/a><\/li><li style=\"margin-left: 15px\">Acesse: P\u00e1gina do REVALIDA no\u00a0<a style=\"color: #204c90\" href=\"https:\/\/www.gov.br\/pt-br\" target=\"_blank\" rel=\"noopener\" data-saferedirecturl=\"https:\/\/www.google.com\/url?q=https:\/\/www.gov.br\/pt-br&amp;source=gmail&amp;ust=1740139388109000&amp;usg=AOvVaw0OhMeoZQRA2lvz6hYk2_om\">gov.br<\/a>\u00a0ou o site do REVALIDA no\u00a0<a style=\"color: #204c90\" href=\"https:\/\/www.gov.br\/inep\/pt-br\/areas-de-atuacao\/avaliacao-e-exames-educacionais\/revalida\" target=\"_blank\" rel=\"noopener\" data-saferedirecturl=\"https:\/\/www.google.com\/url?q=https:\/\/www.gov.br\/inep\/pt-br\/areas-de-atuacao\/avaliacao-e-exames-educacionais\/revalida&amp;source=gmail&amp;ust=1740139388109000&amp;usg=AOvVaw2aG_mqiSD8zvxS9S4mVq2h\">INEP<\/a>.<\/li><\/ul><div>\u00a0<\/div>\t\t\t\t\t\t<\/div>\n\t\t\t\t<\/div>\n\t\t\t\t\t<\/div>\n\t\t<\/div>\n\t\t\t\t\t<\/div>\n\t\t<\/section>\n\t\t\t\t<section class=\"elementor-section elementor-top-section elementor-element elementor-element-3e477b6 elementor-section-boxed elementor-section-height-default elementor-section-height-default\" data-id=\"3e477b6\" data-element_type=\"section\" data-settings=\"{&quot;background_background&quot;:&quot;classic&quot;}\">\n\t\t\t\t\t\t<div class=\"elementor-container elementor-column-gap-default\">\n\t\t\t\t\t<div class=\"elementor-column elementor-col-100 elementor-top-column elementor-element elementor-element-962697e\" data-id=\"962697e\" data-element_type=\"column\">\n\t\t\t<div class=\"elementor-widget-wrap elementor-element-populated\">\n\t\t\t\t\t\t<div class=\"elementor-element elementor-element-1c42f36 elementor-widget elementor-widget-heading\" data-id=\"1c42f36\" data-element_type=\"widget\" data-widget_type=\"heading.default\">\n\t\t\t\t<div class=\"elementor-widget-container\">\n\t\t\t<h2 class=\"elementor-heading-title elementor-size-default\">Para demais cursos<\/h2>\t\t<\/div>\n\t\t\t\t<\/div>\n\t\t\t\t\t<\/div>\n\t\t<\/div>\n\t\t\t\t\t<\/div>\n\t\t<\/section>\n\t\t\t\t<section class=\"elementor-section elementor-top-section elementor-element elementor-element-c1c8fe2 elementor-section-boxed elementor-section-height-default elementor-section-height-default\" data-id=\"c1c8fe2\" data-element_type=\"section\">\n\t\t\t\t\t\t<div class=\"elementor-container elementor-column-gap-default\">\n\t\t\t\t\t<div class=\"elementor-column elementor-col-66 elementor-top-column elementor-element elementor-element-034c230\" data-id=\"034c230\" data-element_type=\"column\">\n\t\t\t<div class=\"elementor-widget-wrap elementor-element-populated\">\n\t\t\t\t\t\t<div class=\"elementor-element elementor-element-680ad41 elementor-widget__width-initial elementor-widget elementor-widget-text-editor\" data-id=\"680ad41\" data-element_type=\"widget\" data-widget_type=\"text-editor.default\">\n\t\t\t\t<div class=\"elementor-widget-container\">\n\t\t\t\t\t\t\t<p>Desde a ades\u00e3o da UFSM \u00e0\u00a0<a href=\"https:\/\/plataformacarolinabori.mec.gov.br\/usuario\/acesso\" target=\"_blank\" rel=\"noopener\" data-saferedirecturl=\"https:\/\/www.google.com\/url?q=https:\/\/plataformacarolinabori.mec.gov.br\/usuario\/acesso&amp;source=gmail&amp;ust=1740139388109000&amp;usg=AOvVaw11jmKeFncnWZ_coZ0Vv4vj\">Plataforma Carolina Bori<\/a>, a solicita\u00e7\u00e3o de revalida\u00e7\u00e3o de diplomas de curso superior obtidos no exterior pode ser feita a qualquer momento. A UFSM tem at\u00e9 180 dias, a partir da data de abertura do processo administrativo, para concluir os procedimentos de revalida\u00e7\u00e3o. O requerente dever\u00e1 acessar a\u00a0<a href=\"https:\/\/plataformacarolinabori.mec.gov.br\/usuario\/acesso\" target=\"_blank\" rel=\"noopener\" data-saferedirecturl=\"https:\/\/www.google.com\/url?q=https:\/\/plataformacarolinabori.mec.gov.br\/usuario\/acesso&amp;source=gmail&amp;ust=1740139388109000&amp;usg=AOvVaw11jmKeFncnWZ_coZ0Vv4vj\">Plataforma Carolina Bori<\/a>\u00a0e solicitar o acesso, optando pela\u00a0<a href=\"https:\/\/carolinabori.mec.gov.br\/?pagina=comoFunciona\" target=\"_blank\" rel=\"noopener\" data-saferedirecturl=\"https:\/\/www.google.com\/url?q=https:\/\/carolinabori.mec.gov.br\/?pagina%3DcomoFunciona&amp;source=gmail&amp;ust=1740139388109000&amp;usg=AOvVaw0zMsoDdN6woCemdTX8XD_l\">tramita\u00e7\u00e3o normal<\/a>\u00a0ou\u00a0<a href=\"https:\/\/carolinabori.mec.gov.br\/?pagina=tramitacaoSimplificada\" target=\"_blank\" rel=\"noopener\" data-saferedirecturl=\"https:\/\/www.google.com\/url?q=https:\/\/carolinabori.mec.gov.br\/?pagina%3DtramitacaoSimplificada&amp;source=gmail&amp;ust=1740139388109000&amp;usg=AOvVaw2GYg-d5iBGJmMyX5xm4uHk\">simplificada<\/a>, conforme os crit\u00e9rios estabelecidos pela\u00a0<a href=\"https:\/\/carolinabori.mec.gov.br\/arquivos\/Portaria_Normativa_n__22_de_13.12.2016.pdf\" target=\"_blank\" rel=\"noopener\" data-saferedirecturl=\"https:\/\/www.google.com\/url?q=https:\/\/carolinabori.mec.gov.br\/arquivos\/Portaria_Normativa_n__22_de_13.12.2016.pdf&amp;source=gmail&amp;ust=1740139388109000&amp;usg=AOvVaw10BaQ_32LVKEz5EePDiJMK\">Portaria Normativa n\u00ba 22\/2016-MEC<\/a>,\u00a0<a href=\"https:\/\/www.in.gov.br\/web\/dou\/-%20\/portaria-n-1.151-de-19-de-junho-de-2023-491021940\" target=\"_blank\" rel=\"noopener\" data-saferedirecturl=\"https:\/\/www.google.com\/url?q=https:\/\/www.in.gov.br\/web\/dou\/-%2520\/portaria-n-1.151-de-19-de-junho-de-2023-491021940&amp;source=gmail&amp;ust=1740139388109000&amp;usg=AOvVaw0Y8pIhkyF3nl1dcz4jSmMk\">Portaria n\u00ba 1.151, de 19 de junho de 2023<\/a>,\u00a0<a href=\"https:\/\/www.ufsm.br\/pro-reitorias\/proplan\/resolucao-n-%20007-2017\" target=\"_blank\" rel=\"noopener\" data-saferedirecturl=\"https:\/\/www.google.com\/url?q=https:\/\/www.ufsm.br\/pro-reitorias\/proplan\/resolucao-n-%2520007-2017&amp;source=gmail&amp;ust=1740139388109000&amp;usg=AOvVaw38Nh-BmFLibUigptqa9-Jr\">Resolu\u00e7\u00e3o n\u00ba 007\/2017\u00a0<\/a><a href=\"https:\/\/www.ufsm.br\/pro-reitorias\/proplan\/resolucao-n-%20007-2017\" target=\"_blank\" rel=\"noopener\" data-saferedirecturl=\"https:\/\/www.google.com\/url?q=https:\/\/www.ufsm.br\/pro-reitorias\/proplan\/resolucao-n-%2520007-2017&amp;source=gmail&amp;ust=1740139388109000&amp;usg=AOvVaw38Nh-BmFLibUigptqa9-Jr\">PROPLAN\/UFSM<\/a>\u00a0e\u00a0<a href=\"https:\/\/www.in.gov.br\/web\/dou\/-\/resolucao-cne\/ces-n-2-de-19-de-dezembro-de-2024-603280099\" target=\"_blank\" rel=\"noopener\" data-saferedirecturl=\"https:\/\/www.google.com\/url?q=https:\/\/www.in.gov.br\/web\/dou\/-\/resolucao-cne\/ces-n-2-de-19-de-dezembro-de-2024-603280099&amp;source=gmail&amp;ust=1740139388109000&amp;usg=AOvVaw3i_8IaLzJ1UCPJgNGNqyfV\">Resolu\u00e7\u00e3o CNE\/CES n\u00ba 02\/2024<\/a>.<\/p><p>D\u00favidas podem ser esclarecidas diretamente na plataforma ou atrav\u00e9s dos contatos disponibilizados.<\/p><p>A Pr\u00f3-Reitoria de Gradua\u00e7\u00e3o \u00e9 respons\u00e1vel pela gera\u00e7\u00e3o da Guia de Recolhimento da Uni\u00e3o (GRU), enviada ao requerente via plataforma, para pagamento de acordo com a modalidade de tramita\u00e7\u00e3o:<\/p><ul><li>Tramita\u00e7\u00e3o Normal:\u00a0R$ 1.400,00<\/li><li>Tramita\u00e7\u00e3o Simplificada:\u00a0R$ 700,00<\/li><\/ul>\t\t\t\t\t\t<\/div>\n\t\t\t\t<\/div>\n\t\t\t\t\t<\/div>\n\t\t<\/div>\n\t\t\t\t<div class=\"elementor-column elementor-col-33 elementor-top-column elementor-element elementor-element-e0333fe\" data-id=\"e0333fe\" data-element_type=\"column\">\n\t\t\t<div class=\"elementor-widget-wrap elementor-element-populated\">\n\t\t\t\t\t\t<div class=\"elementor-element elementor-element-0bb137f elementor-align-center elementor-widget elementor-widget-button\" data-id=\"0bb137f\" data-element_type=\"widget\" data-widget_type=\"button.default\">\n\t\t\t\t<div class=\"elementor-widget-container\">\n\t\t\t\t\t\t\t<div class=\"elementor-button-wrapper\">\n\t\t\t\t\t<a class=\"elementor-button elementor-button-link elementor-size-sm\" href=\"https:\/\/plataformacarolinabori.mec.gov.br\/manual-de-acesso-a-plataforma-v2.pdf\" target=\"_blank\">\n\t\t\t\t\t\t<span class=\"elementor-button-content-wrapper\">\n\t\t\t\t\t\t\t\t\t<span class=\"elementor-button-text\">Manual da Plataforma Carolina Bori<\/span>\n\t\t\t\t\t<\/span>\n\t\t\t\t\t<\/a>\n\t\t\t\t<\/div>\n\t\t\t\t\t\t<\/div>\n\t\t\t\t<\/div>\n\t\t\t\t\t<\/div>\n\t\t<\/div>\n\t\t\t\t\t<\/div>\n\t\t<\/section>\n\t\t\t\t<section class=\"elementor-section elementor-top-section elementor-element elementor-element-82be58c elementor-section-boxed elementor-section-height-default elementor-section-height-default\" data-id=\"82be58c\" data-element_type=\"section\" data-settings=\"{&quot;background_background&quot;:&quot;classic&quot;}\">\n\t\t\t\t\t\t<div class=\"elementor-container elementor-column-gap-default\">\n\t\t\t\t\t<div class=\"elementor-column elementor-col-100 elementor-top-column elementor-element elementor-element-061d6f8\" data-id=\"061d6f8\" data-element_type=\"column\">\n\t\t\t<div class=\"elementor-widget-wrap elementor-element-populated\">\n\t\t\t\t\t\t<div class=\"elementor-element elementor-element-0d5e5d1 elementor-widget elementor-widget-heading\" data-id=\"0d5e5d1\" data-element_type=\"widget\" data-widget_type=\"heading.default\">\n\t\t\t\t<div class=\"elementor-widget-container\">\n\t\t\t<h3 class=\"elementor-heading-title elementor-size-default\">Contato<\/h3>\t\t<\/div>\n\t\t\t\t<\/div>\n\t\t\t\t\t<\/div>\n\t\t<\/div>\n\t\t\t\t\t<\/div>\n\t\t<\/section>\n\t\t\t\t<section class=\"elementor-section elementor-top-section elementor-element elementor-element-f889f7a elementor-section-boxed elementor-section-height-default elementor-section-height-default\" data-id=\"f889f7a\" data-element_type=\"section\">\n\t\t\t\t\t\t<div class=\"elementor-container elementor-column-gap-default\">\n\t\t\t\t\t<div class=\"elementor-column elementor-col-100 elementor-top-column elementor-element elementor-element-870710b\" data-id=\"870710b\" data-element_type=\"column\">\n\t\t\t<div class=\"elementor-widget-wrap elementor-element-populated\">\n\t\t\t\t\t\t<div class=\"elementor-element elementor-element-f054b11 elementor-widget elementor-widget-text-editor\" data-id=\"f054b11\" data-element_type=\"widget\" data-widget_type=\"text-editor.default\">\n\t\t\t\t<div class=\"elementor-widget-container\">\n\t\t\t\t\t\t\t<p>Setor: <strong>N\u00facleo de Matr\u00edculas e Fiscaliza\u00e7\u00e3o de Documentos \u2013 NUMAFI<\/strong><br \/>Atendimento: Segunda a sexta-feira, das 08h30 \u00e0s 12h e das 13h30 \u00e0s 17h<br \/>E-mail: registro.prograd@ufsm.br<br \/>Telefone: (55) 3220-8120<br \/>Endere\u00e7o: Av. Roraima, n\u00ba 1000, Pr\u00e9dio 48D (t\u00e9rreo), CEP 97.105-900 &#8211; Santa Maria\/RS<\/p>\t\t\t\t\t\t<\/div>\n\t\t\t\t<\/div>\n\t\t\t\t\t<\/div>\n\t\t<\/div>\n\t\t\t\t\t<\/div>\n\t\t<\/section>\n\t\t\t\t<\/div>\n\t\t","protected":false},"excerpt":{"rendered":"<p>Revalida\u00e7\u00e3o de Diplomas Para diplomas de Medicina As revalida\u00e7\u00f5es de diplomas de Medicina seguem o protocolo do Exame Nacional de\u00a0Revalida\u00e7\u00e3o de Diplomas M\u00e9dicos Expedidos por Institui\u00e7\u00f5es de Educa\u00e7\u00e3o Superior\u00a0Estrangeiras (REVALIDA), do Minist\u00e9rio da Educa\u00e7\u00e3o, conforme a\u00a0Instru\u00e7\u00e3o Normativa n\u00ba\u00a001\/2017\/PROGRAD, de 3 de mar\u00e7o de 2017 e\u00a0Resolu\u00e7\u00e3o CNE\/CES n\u00ba 02, de 19 de dezembro de 2024. O [&hellip;]<\/p>\n","protected":false},"author":74,"featured_media":0,"parent":0,"menu_order":0,"comment_status":"closed","ping_status":"closed","template":"","meta":{"footnotes":""},"categories":[],"tags":[],"class_list":["post-13620","page","type-page","status-publish","hentry"],"acf":[],"_links":{"self":[{"href":"https:\/\/www.ufsm.br\/pro-reitorias\/prograd\/wp-json\/wp\/v2\/pages\/13620","targetHints":{"allow":["GET"]}}],"collection":[{"href":"https:\/\/www.ufsm.br\/pro-reitorias\/prograd\/wp-json\/wp\/v2\/pages"}],"about":[{"href":"https:\/\/www.ufsm.br\/pro-reitorias\/prograd\/wp-json\/wp\/v2\/types\/page"}],"author":[{"embeddable":true,"href":"https:\/\/www.ufsm.br\/pro-reitorias\/prograd\/wp-json\/wp\/v2\/users\/74"}],"replies":[{"embeddable":true,"href":"https:\/\/www.ufsm.br\/pro-reitorias\/prograd\/wp-json\/wp\/v2\/comments?post=13620"}],"version-history":[{"count":0,"href":"https:\/\/www.ufsm.br\/pro-reitorias\/prograd\/wp-json\/wp\/v2\/pages\/13620\/revisions"}],"wp:attachment":[{"href":"https:\/\/www.ufsm.br\/pro-reitorias\/prograd\/wp-json\/wp\/v2\/media?parent=13620"}],"wp:term":[{"taxonomy":"category","embeddable":true,"href":"https:\/\/www.ufsm.br\/pro-reitorias\/prograd\/wp-json\/wp\/v2\/categories?post=13620"},{"taxonomy":"post_tag","embeddable":true,"href":"https:\/\/www.ufsm.br\/pro-reitorias\/prograd\/wp-json\/wp\/v2\/tags?post=13620"}],"curies":[{"name":"wp","href":"https:\/\/api.w.org\/{rel}","templated":true}]}}