{"id":13718,"date":"2018-07-18T13:53:57","date_gmt":"2018-07-18T16:53:57","guid":{"rendered":"https:\/\/www.ufsm.br\/pro-reitorias\/prograd\/?page_id=13718"},"modified":"2021-08-09T13:18:29","modified_gmt":"2021-08-09T16:18:29","slug":"orientacoes-portal-do-professor","status":"publish","type":"page","link":"https:\/\/www.ufsm.br\/pro-reitorias\/prograd\/tutoriais\/orientacoes-portal-do-professor","title":{"rendered":"Orienta\u00e7\u00f5es Portal do Professor"},"content":{"rendered":"\t\t<div data-elementor-type=\"wp-page\" data-elementor-id=\"13718\" class=\"elementor elementor-13718\">\n\t\t\t\t\t\t<section class=\"elementor-section elementor-top-section elementor-element elementor-element-9b66a36 elementor-section-boxed elementor-section-height-default elementor-section-height-default\" data-id=\"9b66a36\" data-element_type=\"section\" data-settings=\"{&quot;background_background&quot;:&quot;classic&quot;}\">\n\t\t\t\t\t\t<div class=\"elementor-container elementor-column-gap-default\">\n\t\t\t\t\t<div class=\"elementor-column elementor-col-100 elementor-top-column elementor-element elementor-element-c098fe7\" data-id=\"c098fe7\" data-element_type=\"column\">\n\t\t\t<div class=\"elementor-widget-wrap elementor-element-populated\">\n\t\t\t\t\t\t<div class=\"elementor-element elementor-element-d39d4d1 elementor-widget elementor-widget-heading\" data-id=\"d39d4d1\" data-element_type=\"widget\" data-widget_type=\"heading.default\">\n\t\t\t\t<div class=\"elementor-widget-container\">\n\t\t\t<h1 class=\"elementor-heading-title elementor-size-default\">Orienta\u00e7\u00f5es Portal do Professor<\/h1>\t\t<\/div>\n\t\t\t\t<\/div>\n\t\t\t\t\t<\/div>\n\t\t<\/div>\n\t\t\t\t\t<\/div>\n\t\t<\/section>\n\t\t\t\t<section class=\"elementor-section elementor-top-section elementor-element elementor-element-692dc925 elementor-section-boxed elementor-section-height-default elementor-section-height-default\" data-id=\"692dc925\" data-element_type=\"section\">\n\t\t\t\t\t\t<div class=\"elementor-container elementor-column-gap-default\">\n\t\t\t\t\t<div class=\"elementor-column elementor-col-100 elementor-top-column elementor-element elementor-element-6011a7\" data-id=\"6011a7\" data-element_type=\"column\">\n\t\t\t<div class=\"elementor-widget-wrap elementor-element-populated\">\n\t\t\t\t\t\t<div class=\"elementor-element elementor-element-1de9e264 elementor-widget elementor-widget-text-editor\" data-id=\"1de9e264\" data-element_type=\"widget\" data-widget_type=\"text-editor.default\">\n\t\t\t\t<div class=\"elementor-widget-container\">\n\t\t\t\t\t\t\tA Pr\u00f3-Reitoria de Gest\u00e3o de Pessoas (PROGEP\/UFSM) divulgou material de orienta\u00e7\u00e3o em PDF sobre as funcionalidades do&nbsp;<a href=\"https:\/\/portal.ufsm.br\/professor\/\" target=\"_blank\" rel=\"noopener\">Portal do Professor<\/a>, tais como:\n<ul>\n \t<li>Oferta de turmas;<\/li>\n \t<li>Importa\u00e7\u00e3o\/lan\u00e7amento de aulas e publica\u00e7\u00e3o de notas;<\/li>\n \t<li>Gera\u00e7\u00e3o de listagem de alunos por turma e e-mails;<\/li>\n \t<li>Gera\u00e7\u00e3o do Di\u00e1rio de Classe provis\u00f3rio e definitivo;<\/li>\n \t<li>Lan\u00e7amento de presen\u00e7as\/ C\u00e1lculo de frequ\u00eancia;<\/li>\n \t<li>Exporta\u00e7\u00e3o ao Moodle de apoio ao Ensino Presencial.<\/li>\n<\/ul>\nAcesse:&nbsp;<a href=\"http:\/\/progep.ufsm.br\/images\/Projetos\/2017\/44.2017_Seminario_Integracao_2_sem\/Slides\/portal_professor.pdf\">http:\/\/progep.ufsm.br\/images\/Projetos\/2017\/44.2017_Seminario_Integracao_2_sem\/Slides\/portal_professor.pdf<\/a>\t\t\t\t\t\t<\/div>\n\t\t\t\t<\/div>\n\t\t\t\t\t<\/div>\n\t\t<\/div>\n\t\t\t\t\t<\/div>\n\t\t<\/section>\n\t\t\t\t<\/div>\n\t\t","protected":false},"excerpt":{"rendered":"<p>Orienta\u00e7\u00f5es Portal do Professor A Pr\u00f3-Reitoria de Gest\u00e3o de Pessoas (PROGEP\/UFSM) divulgou material de orienta\u00e7\u00e3o em PDF sobre as funcionalidades do&nbsp;Portal do Professor, tais como: Oferta de turmas; Importa\u00e7\u00e3o\/lan\u00e7amento de aulas e publica\u00e7\u00e3o de notas; Gera\u00e7\u00e3o de listagem de alunos por turma e e-mails; Gera\u00e7\u00e3o do Di\u00e1rio de Classe provis\u00f3rio e definitivo; Lan\u00e7amento de presen\u00e7as\/ [&hellip;]<\/p>\n","protected":false},"author":115,"featured_media":0,"parent":17621,"menu_order":0,"comment_status":"closed","ping_status":"closed","template":"","meta":{"footnotes":""},"categories":[],"tags":[],"class_list":["post-13718","page","type-page","status-publish","hentry"],"acf":[],"_links":{"self":[{"href":"https:\/\/www.ufsm.br\/pro-reitorias\/prograd\/wp-json\/wp\/v2\/pages\/13718","targetHints":{"allow":["GET"]}}],"collection":[{"href":"https:\/\/www.ufsm.br\/pro-reitorias\/prograd\/wp-json\/wp\/v2\/pages"}],"about":[{"href":"https:\/\/www.ufsm.br\/pro-reitorias\/prograd\/wp-json\/wp\/v2\/types\/page"}],"author":[{"embeddable":true,"href":"https:\/\/www.ufsm.br\/pro-reitorias\/prograd\/wp-json\/wp\/v2\/users\/115"}],"replies":[{"embeddable":true,"href":"https:\/\/www.ufsm.br\/pro-reitorias\/prograd\/wp-json\/wp\/v2\/comments?post=13718"}],"version-history":[{"count":0,"href":"https:\/\/www.ufsm.br\/pro-reitorias\/prograd\/wp-json\/wp\/v2\/pages\/13718\/revisions"}],"up":[{"embeddable":true,"href":"https:\/\/www.ufsm.br\/pro-reitorias\/prograd\/wp-json\/wp\/v2\/pages\/17621"}],"wp:attachment":[{"href":"https:\/\/www.ufsm.br\/pro-reitorias\/prograd\/wp-json\/wp\/v2\/media?parent=13718"}],"wp:term":[{"taxonomy":"category","embeddable":true,"href":"https:\/\/www.ufsm.br\/pro-reitorias\/prograd\/wp-json\/wp\/v2\/categories?post=13718"},{"taxonomy":"post_tag","embeddable":true,"href":"https:\/\/www.ufsm.br\/pro-reitorias\/prograd\/wp-json\/wp\/v2\/tags?post=13718"}],"curies":[{"name":"wp","href":"https:\/\/api.w.org\/{rel}","templated":true}]}}