{"id":15168,"date":"2019-09-21T12:25:15","date_gmt":"2019-09-21T15:25:15","guid":{"rendered":"https:\/\/www.ufsm.br\/pro-reitorias\/prograd\/?page_id=15168"},"modified":"2021-07-27T11:11:23","modified_gmt":"2021-07-27T14:11:23","slug":"janela-aberta","status":"publish","type":"page","link":"https:\/\/www.ufsm.br\/pro-reitorias\/prograd\/janela-aberta","title":{"rendered":"Janela Aberta"},"content":{"rendered":"\t\t<div data-elementor-type=\"wp-page\" data-elementor-id=\"15168\" class=\"elementor elementor-15168\">\n\t\t\t\t\t\t<section class=\"elementor-section elementor-top-section elementor-element elementor-element-1631283 elementor-section-boxed elementor-section-height-default elementor-section-height-default\" data-id=\"1631283\" data-element_type=\"section\" data-settings=\"{&quot;background_background&quot;:&quot;classic&quot;}\">\n\t\t\t\t\t\t<div class=\"elementor-container elementor-column-gap-default\">\n\t\t\t\t\t<div class=\"elementor-column elementor-col-100 elementor-top-column elementor-element elementor-element-d3d532e\" data-id=\"d3d532e\" data-element_type=\"column\">\n\t\t\t<div class=\"elementor-widget-wrap elementor-element-populated\">\n\t\t\t\t\t\t<div class=\"elementor-element elementor-element-19eb53b elementor-widget elementor-widget-heading\" data-id=\"19eb53b\" data-element_type=\"widget\" data-widget_type=\"heading.default\">\n\t\t\t\t<div class=\"elementor-widget-container\">\n\t\t\t<h1 class=\"elementor-heading-title elementor-size-default\">Janela Aberta<\/h1>\t\t<\/div>\n\t\t\t\t<\/div>\n\t\t\t\t\t<\/div>\n\t\t<\/div>\n\t\t\t\t\t<\/div>\n\t\t<\/section>\n\t\t\t\t<section class=\"elementor-section elementor-top-section elementor-element elementor-element-41b8bb6c elementor-section-boxed elementor-section-height-default elementor-section-height-default\" data-id=\"41b8bb6c\" data-element_type=\"section\">\n\t\t\t\t\t\t<div class=\"elementor-container elementor-column-gap-default\">\n\t\t\t\t\t<div class=\"elementor-column elementor-col-100 elementor-top-column elementor-element elementor-element-1a75ff7\" data-id=\"1a75ff7\" data-element_type=\"column\">\n\t\t\t<div class=\"elementor-widget-wrap elementor-element-populated\">\n\t\t\t\t\t\t<div class=\"elementor-element elementor-element-15410144 elementor-widget elementor-widget-text-editor\" data-id=\"15410144\" data-element_type=\"widget\" data-widget_type=\"text-editor.default\">\n\t\t\t\t<div class=\"elementor-widget-container\">\n\t\t\t\t\t\t\t<p><!-- wp:tadv\/classic-paragraph --><\/p>\n<p>Escolas de Ensino M\u00e9dio interessadas em fazer visitas guiadas a laborat\u00f3rios, mostras, museus e outros espa\u00e7os de produ\u00e7\u00e3o de conhecimento da UFSM j\u00e1 podem realizar sua inscri\u00e7\u00e3o na d\u00e9cima s\u00e9tima edi\u00e7\u00e3o do Programa Janela Aberta. A iniciativa busca aproximar a universidade e as escolas, auxiliando os estudantes em suas escolhas profissionais.<\/p>\n<p>Estar\u00e3o dispon\u00edveis 31 espa\u00e7os, inclusive nos\u00a0<em>campi\u00a0<\/em>de Cachoeira do Sul, Frederico Westphalen e Palmeira das Miss\u00f5es. Poder\u00e3o ser visitados laborat\u00f3rios did\u00e1ticos e projetos de pesquisa e extens\u00e3o sobre v\u00e1rias \u00e1reas do saber, como rob\u00f3tica, anatomia, lingu\u00edstica, biologia, f\u00edsica, qu\u00edmica, sa\u00fade, engenharias e nanotecnologia. As escolas tamb\u00e9m poder\u00e3o visitar cart\u00f5es-postais da UFSM, como a Biblioteca Central, o Planet\u00e1rio, o Jardim Bot\u00e2nico, o Museu Educativo e o novo Centro de Conven\u00e7\u00f5es, onde ser\u00e3o recepcionadas com mostras e breves palestras.<\/p>\n<p>O envio da ficha de inscri\u00e7\u00e3o pelo respons\u00e1vel da escola, indicando no m\u00e1ximo dez espa\u00e7os da UFSM a serem visitados, deve ser feito at\u00e9\u00a0<strong>05 de agosto<\/strong>. A edi\u00e7\u00e3o 2019 do Programa Janela Aberta acontecer\u00e1 de 12 a 16 de agosto.<\/p>\n<p>A ficha de inscri\u00e7\u00e3o e o Edital n. 043\/2019, com o detalhamento dos espa\u00e7os para visita, est\u00e3o dispon\u00edveis em <strong><a href=\"https:\/\/www.ufsm.br\/pro-reitorias\/prograd\/editais\/043-2019\/\">www.ufsm.br\/prograd<\/a><\/strong>. Outras informa\u00e7\u00f5es podem ser obtidas pelo telefone (55) 3220-8338 e pelo email\u00a0<strong><a href=\"mailto:copa.prograd@ufsm.br\">copa.prograd@ufsm.br<\/a><\/strong>.<\/p>\n<p>Confira fotos da edi\u00e7\u00e3o 2018 do evento, registradas pela Coperves:<\/p>\n<div class=\"wp-block-image\">\n<figure class=\"aligncenter\"><a href=\"http:\/\/www.coperves.ufsm.br\/upload\/noticias\/18_06_2018_09_57_345627G.jpg\"><img decoding=\"async\" class=\"aligncenter\" src=\"http:\/\/www.coperves.ufsm.br\/upload\/noticias\/18_06_2018_09_57_345627.jpg\" alt=\"\" \/><\/a><\/figure>\n<\/div>\n<div class=\"wp-block-image\">\n<figure class=\"aligncenter\"><a href=\"http:\/\/www.coperves.ufsm.br\/upload\/noticias\/18_06_2018_09_57_469390G.jpg\"><img decoding=\"async\" class=\"aligncenter\" src=\"http:\/\/www.coperves.ufsm.br\/upload\/noticias\/18_06_2018_09_57_469390.jpg\" alt=\"\" \/><\/a><\/figure>\n<\/div>\n<div class=\"wp-block-image\">\n<figure class=\"aligncenter\"><a href=\"http:\/\/www.coperves.ufsm.br\/upload\/noticias\/18_06_2018_09_57_575156G.jpg\"><img decoding=\"async\" class=\"aligncenter\" src=\"http:\/\/www.coperves.ufsm.br\/upload\/noticias\/18_06_2018_09_57_575156.jpg\" alt=\"\" \/><\/a><\/figure>\n<\/div>\n<div class=\"wp-block-image\">\n<figure class=\"aligncenter\"><a href=\"http:\/\/www.coperves.ufsm.br\/upload\/noticias\/18_06_2018_09_58_091139G.jpg\"><img decoding=\"async\" class=\"aligncenter\" src=\"http:\/\/www.coperves.ufsm.br\/upload\/noticias\/18_06_2018_09_58_091139.jpg\" alt=\"\" \/><\/a><\/figure>\n<\/div>\n<div class=\"wp-block-image\">\n<figure class=\"aligncenter\"><a href=\"http:\/\/www.coperves.ufsm.br\/upload\/noticias\/18_06_2018_09_58_231423G.jpg\"><img decoding=\"async\" class=\"aligncenter\" src=\"http:\/\/www.coperves.ufsm.br\/upload\/noticias\/18_06_2018_09_58_231423.jpg\" alt=\"\" \/><\/a><\/figure>\n<\/div>\n<div class=\"wp-block-image\">\n<figure class=\"aligncenter\"><a href=\"http:\/\/www.coperves.ufsm.br\/upload\/noticias\/18_06_2018_09_58_344114G.jpg\"><img decoding=\"async\" class=\"aligncenter\" src=\"http:\/\/www.coperves.ufsm.br\/upload\/noticias\/18_06_2018_09_58_344114.jpg\" alt=\"\" \/><\/a><\/figure>\n<\/div>\n<div class=\"wp-block-image\">\n<figure class=\"aligncenter\"><a href=\"http:\/\/www.coperves.ufsm.br\/upload\/noticias\/18_06_2018_09_58_456395G.jpg\"><img decoding=\"async\" class=\"aligncenter\" src=\"http:\/\/www.coperves.ufsm.br\/upload\/noticias\/18_06_2018_09_58_456395.jpg\" alt=\"\" \/><\/a><\/figure>\n<\/div>\n<div class=\"wp-block-image\">\n<figure class=\"aligncenter\"><a href=\"http:\/\/www.coperves.ufsm.br\/upload\/noticias\/18_06_2018_09_59_075851G.jpg\"><img decoding=\"async\" class=\"aligncenter\" src=\"http:\/\/www.coperves.ufsm.br\/upload\/noticias\/18_06_2018_09_59_075851.jpg\" alt=\"\" \/><\/a><\/figure>\n<\/div>\n<div class=\"wp-block-image\">\n<figure class=\"aligncenter\"><a href=\"http:\/\/www.coperves.ufsm.br\/upload\/noticias\/18_06_2018_09_59_238734G.jpg\"><img decoding=\"async\" class=\"aligncenter\" src=\"http:\/\/www.coperves.ufsm.br\/upload\/noticias\/18_06_2018_09_59_238734.jpg\" alt=\"\" \/><\/a><\/figure>\n<\/div>\n<div class=\"wp-block-image\">\n<figure class=\"aligncenter\"><a href=\"http:\/\/www.coperves.ufsm.br\/upload\/noticias\/18_06_2018_09_59_331368G.jpg\"><img decoding=\"async\" class=\"aligncenter\" src=\"http:\/\/www.coperves.ufsm.br\/upload\/noticias\/18_06_2018_09_59_331368.jpg\" alt=\"\" \/><\/a><\/figure>\n<\/div>\n<div class=\"wp-block-image\">\n<figure class=\"aligncenter\"><a href=\"http:\/\/www.coperves.ufsm.br\/upload\/noticias\/18_06_2018_09_59_584349G.jpg\"><img decoding=\"async\" class=\"aligncenter\" src=\"http:\/\/www.coperves.ufsm.br\/upload\/noticias\/18_06_2018_09_59_584349.jpg\" alt=\"\" \/><\/a><\/figure>\n<\/div>\n<div class=\"wp-block-image\">\n<figure class=\"aligncenter\"><a href=\"http:\/\/www.coperves.ufsm.br\/upload\/noticias\/18_06_2018_10_00_227985G.jpg\"><img decoding=\"async\" class=\"aligncenter\" src=\"http:\/\/www.coperves.ufsm.br\/upload\/noticias\/18_06_2018_10_00_227985.jpg\" alt=\"\" \/><\/a><\/figure>\n<\/div>\n<div class=\"wp-block-image\">\n<figure class=\"aligncenter\"><a href=\"http:\/\/www.coperves.ufsm.br\/upload\/noticias\/18_06_2018_10_00_541399G.jpg\"><img decoding=\"async\" class=\"aligncenter\" src=\"http:\/\/www.coperves.ufsm.br\/upload\/noticias\/18_06_2018_10_00_541399.jpg\" alt=\"\" \/><\/a><\/figure>\n<\/div>\n<p><!-- \/wp:tadv\/classic-paragraph --><\/p>\t\t\t\t\t\t<\/div>\n\t\t\t\t<\/div>\n\t\t\t\t\t<\/div>\n\t\t<\/div>\n\t\t\t\t\t<\/div>\n\t\t<\/section>\n\t\t\t\t<\/div>\n\t\t","protected":false},"excerpt":{"rendered":"<p>Janela Aberta Escolas de Ensino M\u00e9dio interessadas em fazer visitas guiadas a laborat\u00f3rios, mostras, museus e outros espa\u00e7os de produ\u00e7\u00e3o de conhecimento da UFSM j\u00e1 podem realizar sua inscri\u00e7\u00e3o na d\u00e9cima s\u00e9tima edi\u00e7\u00e3o do Programa Janela Aberta. A iniciativa busca aproximar a universidade e as escolas, auxiliando os estudantes em suas escolhas profissionais. Estar\u00e3o dispon\u00edveis [&hellip;]<\/p>\n","protected":false},"author":95,"featured_media":0,"parent":0,"menu_order":0,"comment_status":"closed","ping_status":"closed","template":"","meta":{"footnotes":""},"categories":[],"tags":[],"class_list":["post-15168","page","type-page","status-publish","hentry"],"acf":[],"_links":{"self":[{"href":"https:\/\/www.ufsm.br\/pro-reitorias\/prograd\/wp-json\/wp\/v2\/pages\/15168","targetHints":{"allow":["GET"]}}],"collection":[{"href":"https:\/\/www.ufsm.br\/pro-reitorias\/prograd\/wp-json\/wp\/v2\/pages"}],"about":[{"href":"https:\/\/www.ufsm.br\/pro-reitorias\/prograd\/wp-json\/wp\/v2\/types\/page"}],"author":[{"embeddable":true,"href":"https:\/\/www.ufsm.br\/pro-reitorias\/prograd\/wp-json\/wp\/v2\/users\/95"}],"replies":[{"embeddable":true,"href":"https:\/\/www.ufsm.br\/pro-reitorias\/prograd\/wp-json\/wp\/v2\/comments?post=15168"}],"version-history":[{"count":0,"href":"https:\/\/www.ufsm.br\/pro-reitorias\/prograd\/wp-json\/wp\/v2\/pages\/15168\/revisions"}],"wp:attachment":[{"href":"https:\/\/www.ufsm.br\/pro-reitorias\/prograd\/wp-json\/wp\/v2\/media?parent=15168"}],"wp:term":[{"taxonomy":"category","embeddable":true,"href":"https:\/\/www.ufsm.br\/pro-reitorias\/prograd\/wp-json\/wp\/v2\/categories?post=15168"},{"taxonomy":"post_tag","embeddable":true,"href":"https:\/\/www.ufsm.br\/pro-reitorias\/prograd\/wp-json\/wp\/v2\/tags?post=15168"}],"curies":[{"name":"wp","href":"https:\/\/api.w.org\/{rel}","templated":true}]}}