{"id":17529,"date":"2021-06-02T08:46:07","date_gmt":"2021-06-02T11:46:07","guid":{"rendered":"https:\/\/www.ufsm.br\/pro-reitorias\/prograd\/?page_id=17529"},"modified":"2024-02-19T05:43:58","modified_gmt":"2024-02-19T08:43:58","slug":"orientacoes-gerais-para-o-fluxo-da-documentacao-pelo-pen-sie","status":"publish","type":"page","link":"https:\/\/www.ufsm.br\/pro-reitorias\/prograd\/code\/estagios\/orientacoes-gerais-para-o-fluxo-da-documentacao-pelo-pen-sie","title":{"rendered":"Orienta\u00e7\u00f5es Gerais para o Fluxo da Documenta\u00e7\u00e3o pelo PEN-SIE"},"content":{"rendered":"\t\t<div data-elementor-type=\"wp-page\" data-elementor-id=\"17529\" class=\"elementor elementor-17529\">\n\t\t\t\t\t\t<section class=\"elementor-section elementor-top-section elementor-element elementor-element-ae8927d elementor-section-boxed elementor-section-height-default elementor-section-height-default\" data-id=\"ae8927d\" data-element_type=\"section\" data-settings=\"{&quot;background_background&quot;:&quot;classic&quot;}\">\n\t\t\t\t\t\t<div class=\"elementor-container elementor-column-gap-default\">\n\t\t\t\t\t<div class=\"elementor-column elementor-col-100 elementor-top-column elementor-element elementor-element-3bf44b1\" data-id=\"3bf44b1\" data-element_type=\"column\">\n\t\t\t<div class=\"elementor-widget-wrap elementor-element-populated\">\n\t\t\t\t\t\t<div class=\"elementor-element elementor-element-dd8b8c9 elementor-widget elementor-widget-heading\" data-id=\"dd8b8c9\" data-element_type=\"widget\" data-widget_type=\"heading.default\">\n\t\t\t\t<div class=\"elementor-widget-container\">\n\t\t\t<h1 class=\"elementor-heading-title elementor-size-default\">Orienta\u00e7\u00f5es Gerais para o Fluxo da Documenta\u00e7\u00e3o pelo PEN-SIE<\/h1>\t\t<\/div>\n\t\t\t\t<\/div>\n\t\t\t\t\t<\/div>\n\t\t<\/div>\n\t\t\t\t\t<\/div>\n\t\t<\/section>\n\t\t\t\t<section class=\"elementor-section elementor-top-section elementor-element elementor-element-1d6f8988 elementor-section-boxed elementor-section-height-default elementor-section-height-default\" data-id=\"1d6f8988\" data-element_type=\"section\">\n\t\t\t\t\t\t<div class=\"elementor-container elementor-column-gap-default\">\n\t\t\t\t\t<div class=\"elementor-column elementor-col-100 elementor-top-column elementor-element elementor-element-19722f20\" data-id=\"19722f20\" data-element_type=\"column\">\n\t\t\t<div class=\"elementor-widget-wrap elementor-element-populated\">\n\t\t\t\t\t\t<div class=\"elementor-element elementor-element-6400580b elementor-widget elementor-widget-text-editor\" data-id=\"6400580b\" data-element_type=\"widget\" data-widget_type=\"text-editor.default\">\n\t\t\t\t<div class=\"elementor-widget-container\">\n\t\t\t\t\t\t\t<p><!-- wp:tadv\/classic-paragraph --><\/p>\n<p><span style=\"font-weight: 400\">Ap\u00f3s a defini\u00e7\u00e3o do campo\/local de est\u00e1gio, o estudante deve verificar se a<\/span> <span style=\"font-weight: 400\">Parte Concedente\/Agente de Integra\u00e7\u00e3o possui assinatura eletr\u00f4nica para acesso ao PEN-SIE (para saber se a Parte Concedente\/ Agente de Integra\u00e7\u00e3o tem o acesso j\u00e1 cadastrado, <\/span><span style=\"font-weight: 400\">clique aqui<\/span><span style=\"font-weight: 400\">). Se a Parte Concedente\/Agente de Integra\u00e7\u00e3o possui assinatura cadastrada, o acesso ao PEN-SIE j\u00e1 est\u00e1 liberado (ver etapa 4);<\/span><\/p>\n<ol>\n<li><span style=\"font-weight: 400\">Se a Parte Concedente\/Agente de Integra\u00e7\u00e3o n\u00e3o tiver a assinatura eletr\u00f4nica para acesso ao PEN-SIE, o estudante encaminhar\u00e1 o link para que realize o cadastro (<\/span><a href=\"https:\/\/www.ufsm.br\/orgaos-suplementares\/dag\/pen\/servicos\/cadastro-de-usuarios-externos\/\"><span style=\"font-weight: 400\">https:\/\/www.ufsm.br\/orgaos-suplementares\/dag\/pen\/servicos\/cadastro-de-usuarios-externos\/<\/span><\/a><span style=\"font-weight: 400\">)<\/span><\/li>\n<li><span style=\"font-weight: 400\">A Parte Concedente\/Agente de Integra\u00e7\u00e3o dever\u00e1 preencher o formul\u00e1rio de cadastro de usu\u00e1rios externos para que tenha o acesso ao PEN-SIE liberado;<\/span><\/li>\n<li><span style=\"font-weight: 400\">O(A) pr\u00f3prio(a) estudante da UFSM abre o processo de est\u00e1gio (Portal de Documentos\/Login\/Op\u00e7\u00e3o: Novo\/Processo), definindo o tipo documental de acordo com seu tipo de est\u00e1gio<\/span>\n<ul>\n<li><i><span style=\"font-weight: 400\">Tipo Documental:<\/span><\/i><span style=\"font-weight: 400\"> Processo de Homologa\u00e7\u00e3o de Est\u00e1gio N\u00e3o Obrigat\u00f3rio de Gradua\u00e7\u00e3o \u2013 125.62 (para est\u00e1gio n\u00e3o obrigat\u00f3rio);<\/span><\/li>\n<li><i><span style=\"font-weight: 400\">Tipo Documental:<\/span><\/i><span style=\"font-weight: 400\"> Processo de Homologa\u00e7\u00e3o de Est\u00e1gio Obrigat\u00f3rio de Gradua\u00e7\u00e3o \u2013 125.22 (para est\u00e1gio obrigat\u00f3rio)<\/span><\/li>\n<\/ul>\n<\/li>\n<li><span style=\"font-weight: 400\">Ap\u00f3s SALVAR, ser\u00e1 gerado um N\u00famero \u00danico de Protocolo (NUP), pelo qual o(a) estudante poder\u00e1 acompanhar o andamento do processo;<\/span><\/li>\n<li><span style=\"font-weight: 400\">Na tela seguinte, o(a) estudante deve adicionar os documentos obrigat\u00f3rios conforme o tipo e o local de est\u00e1gio. Os documentos s\u00e3o inseridos um a um, e \u00e9 necess\u00e1rio preencher as informa\u00e7\u00f5es sobre cada documento. A lista dos documentos est\u00e1 vis\u00edvel nesta tela e tamb\u00e9m dispon\u00edvel no Tutorial. Lembrar que os cursos podem pedir documentos adicionais;<\/span><\/li>\n<li><span style=\"font-weight: 400\">Ap\u00f3s adicionar todos os documentos, preenchendo as informa\u00e7\u00f5es e salvando, o(a) estudante dever\u00e1 <\/span><i><span style=\"font-weight: 400\">tramitar<\/span><\/i><span style=\"font-weight: 400\"> (encaminhar) o processo:<\/span>\n<ul>\n<li><span style=\"font-weight: 400\">Processo de Homologa\u00e7\u00e3o de Est\u00e1gio N\u00e3o Obrigat\u00f3rio de Gradua\u00e7\u00e3o \u2013 125.62, tramitar para <\/span><b><i>Divis\u00e3o de Protocolo<\/i><\/b><span style=\"font-weight: 400\">;<\/span><\/li>\n<li><span style=\"font-weight: 400\">Processo de Homologa\u00e7\u00e3o de Est\u00e1gio Obrigat\u00f3rio de Gradua\u00e7\u00e3o \u2013 125.22, tramitar para <\/span><b><i>professor(a) orientador(a)<\/i><\/b><span style=\"font-weight: 400\"> para an\u00e1lise e assinatura;<\/span><\/li>\n<\/ul>\n<\/li>\n<li><span style=\"font-weight: 400\">O(A) professor(a) orientador(a) pode solicitar altera\u00e7\u00f5es no Termo de Compromisso (ou em outro documento). Neste caso, tramitar\u00e1 o processo de volta para o(a) estudante realizar as corre\u00e7\u00f5es e repetir a tramita\u00e7\u00e3o <\/span><b><i>OU <\/i><\/b><span style=\"font-weight: 400\">dar\u00e1 andamento ao processo, tramitando para a Divis\u00e3o de Protocolo;<\/span><\/li>\n<li><span style=\"font-weight: 400\">Ao receber o processo, a Divis\u00e3o de Protocolo encaminhar\u00e1 para as partes assinarem, conforme fluxo de tramita\u00e7\u00e3o espec\u00edfico por campo de est\u00e1gio;<\/span><\/li>\n<li><span style=\"font-weight: 400\">&nbsp;A qualquer momento, o(a) estudante poder\u00e1 ser solicitado a complementar\/corrigir informa\u00e7\u00f5es. Neste caso, o(a) estudante receber\u00e1 uma notifica\u00e7\u00e3o por e-mail, informando que h\u00e1 documento na sua Caixa Postal. Dever\u00e1 estar logado no Portal do Aluno e acessar o menu superior e verificar qual a notifica\u00e7\u00e3o;<\/span><\/li>\n<li><span style=\"font-weight: 400\">&nbsp;Ap\u00f3s toda a tramita\u00e7\u00e3o, o processo \u00e9 arquivado (Arquivo Intermedi\u00e1rio);<\/span><\/li>\n<li><span style=\"font-weight: 400\">&nbsp;Caso o(a) estudante necessite complementar a documenta\u00e7\u00e3o (inserir documento), <\/span><b>N\u00c3O DEVER\u00c1 <\/b><span style=\"font-weight: 400\">abrir um novo processo, mas sim, <\/span><b>DESARQUIVAR O PROCESSO, usando o NUP gerado (etapa 5) e realizar a complementa\u00e7\u00e3o, repetindo as etapas 6 e 7.<\/b><\/li>\n<\/ol>\n<p><b>Abril de 2022<\/b><\/p>\n<p><!-- \/wp:tadv\/classic-paragraph --><\/p>\t\t\t\t\t\t<\/div>\n\t\t\t\t<\/div>\n\t\t\t\t\t<\/div>\n\t\t<\/div>\n\t\t\t\t\t<\/div>\n\t\t<\/section>\n\t\t\t\t<\/div>\n\t\t","protected":false},"excerpt":{"rendered":"<p>Orienta\u00e7\u00f5es Gerais para o Fluxo da Documenta\u00e7\u00e3o pelo PEN-SIE Ap\u00f3s a defini\u00e7\u00e3o do campo\/local de est\u00e1gio, o estudante deve verificar se a Parte Concedente\/Agente de Integra\u00e7\u00e3o possui assinatura eletr\u00f4nica para acesso ao PEN-SIE (para saber se a Parte Concedente\/ Agente de Integra\u00e7\u00e3o tem o acesso j\u00e1 cadastrado, clique aqui). Se a Parte Concedente\/Agente de Integra\u00e7\u00e3o [&hellip;]<\/p>\n","protected":false},"author":278,"featured_media":0,"parent":17306,"menu_order":0,"comment_status":"closed","ping_status":"closed","template":"","meta":{"footnotes":""},"categories":[],"tags":[],"class_list":["post-17529","page","type-page","status-publish","hentry"],"acf":[],"_links":{"self":[{"href":"https:\/\/www.ufsm.br\/pro-reitorias\/prograd\/wp-json\/wp\/v2\/pages\/17529","targetHints":{"allow":["GET"]}}],"collection":[{"href":"https:\/\/www.ufsm.br\/pro-reitorias\/prograd\/wp-json\/wp\/v2\/pages"}],"about":[{"href":"https:\/\/www.ufsm.br\/pro-reitorias\/prograd\/wp-json\/wp\/v2\/types\/page"}],"author":[{"embeddable":true,"href":"https:\/\/www.ufsm.br\/pro-reitorias\/prograd\/wp-json\/wp\/v2\/users\/278"}],"replies":[{"embeddable":true,"href":"https:\/\/www.ufsm.br\/pro-reitorias\/prograd\/wp-json\/wp\/v2\/comments?post=17529"}],"version-history":[{"count":0,"href":"https:\/\/www.ufsm.br\/pro-reitorias\/prograd\/wp-json\/wp\/v2\/pages\/17529\/revisions"}],"up":[{"embeddable":true,"href":"https:\/\/www.ufsm.br\/pro-reitorias\/prograd\/wp-json\/wp\/v2\/pages\/17306"}],"wp:attachment":[{"href":"https:\/\/www.ufsm.br\/pro-reitorias\/prograd\/wp-json\/wp\/v2\/media?parent=17529"}],"wp:term":[{"taxonomy":"category","embeddable":true,"href":"https:\/\/www.ufsm.br\/pro-reitorias\/prograd\/wp-json\/wp\/v2\/categories?post=17529"},{"taxonomy":"post_tag","embeddable":true,"href":"https:\/\/www.ufsm.br\/pro-reitorias\/prograd\/wp-json\/wp\/v2\/tags?post=17529"}],"curies":[{"name":"wp","href":"https:\/\/api.w.org\/{rel}","templated":true}]}}