{"id":17609,"date":"2021-06-16T14:04:55","date_gmt":"2021-06-16T17:04:55","guid":{"rendered":"https:\/\/www.ufsm.br\/pro-reitorias\/prograd\/?page_id=17609"},"modified":"2021-08-09T12:58:43","modified_gmt":"2021-08-09T15:58:43","slug":"legislacao-naer","status":"publish","type":"page","link":"https:\/\/www.ufsm.br\/pro-reitorias\/prograd\/nucleo-de-avaliacao-externa-e-regulacao\/legislacao-naer","title":{"rendered":"Legisla\u00e7\u00e3o NAER"},"content":{"rendered":"\t\t<div data-elementor-type=\"wp-page\" data-elementor-id=\"17609\" class=\"elementor elementor-17609\">\n\t\t\t\t\t\t<section class=\"elementor-section elementor-top-section elementor-element elementor-element-daa4f6c elementor-section-boxed elementor-section-height-default elementor-section-height-default\" data-id=\"daa4f6c\" data-element_type=\"section\" data-settings=\"{&quot;background_background&quot;:&quot;classic&quot;}\">\n\t\t\t\t\t\t<div class=\"elementor-container elementor-column-gap-default\">\n\t\t\t\t\t<div class=\"elementor-column elementor-col-100 elementor-top-column elementor-element elementor-element-169f32c\" data-id=\"169f32c\" data-element_type=\"column\">\n\t\t\t<div class=\"elementor-widget-wrap elementor-element-populated\">\n\t\t\t\t\t\t<div class=\"elementor-element elementor-element-fac53c6 elementor-widget elementor-widget-heading\" data-id=\"fac53c6\" data-element_type=\"widget\" data-widget_type=\"heading.default\">\n\t\t\t\t<div class=\"elementor-widget-container\">\n\t\t\t<h1 class=\"elementor-heading-title elementor-size-default\">Legisla\u00e7\u00e3o NAER<\/h1>\t\t<\/div>\n\t\t\t\t<\/div>\n\t\t\t\t\t<\/div>\n\t\t<\/div>\n\t\t\t\t\t<\/div>\n\t\t<\/section>\n\t\t\t\t<section class=\"elementor-section elementor-top-section elementor-element elementor-element-af5a808 elementor-section-boxed elementor-section-height-default elementor-section-height-default\" data-id=\"af5a808\" data-element_type=\"section\">\n\t\t\t\t\t\t<div class=\"elementor-container elementor-column-gap-default\">\n\t\t\t\t\t<div class=\"elementor-column elementor-col-100 elementor-top-column elementor-element elementor-element-868263a\" data-id=\"868263a\" data-element_type=\"column\">\n\t\t\t<div class=\"elementor-widget-wrap elementor-element-populated\">\n\t\t\t\t\t\t<div class=\"elementor-element elementor-element-950f8d7 elementor-widget elementor-widget-text-editor\" data-id=\"950f8d7\" data-element_type=\"widget\" data-widget_type=\"text-editor.default\">\n\t\t\t\t<div class=\"elementor-widget-container\">\n\t\t\t\t\t\t\t<p><b>Legisla\u00e7\u00e3o<\/b><\/p><p>\u00a0&#8211; Lei n\u00ba 10861\/2004 &#8211; Institui o Sistema Nacional de Avalia\u00e7\u00e3o da Educa\u00e7\u00e3o Superior (SINAES) &#8211; <span style=\"text-decoration: underline\"><strong><a href=\"http:\/\/www.planalto.gov.br\/ccivil_03\/_ato2004-2006\/2004\/lei\/l10.861.htm\">clique aqui<\/a><\/strong><\/span><br \/>\u00a0&#8211; Decreto n\u00ba 9235 &#8211; Disp\u00f5e sobre o exerc\u00edcio das fun\u00e7\u00f5es de Regula\u00e7\u00e3o, Supervis\u00e3o e Avalia\u00e7\u00e3o &#8211;<span style=\"text-decoration: underline\"><strong> <a href=\"http:\/\/portal.mec.gov.br\/index.php?option=com_docman&amp;view=download&amp;alias=78741-d9235-pdf&amp;category_slug=dezembro-2017-pdf&amp;Itemid=30192\">clique aqui<\/a><\/strong><\/span><br \/>\u00a0&#8211; Portaria Normativa n\u00ba 840 &#8211;<span style=\"text-decoration: underline\"><strong> <a href=\"https:\/\/www.in.gov.br\/materia\/-\/asset_publisher\/Kujrw0TZC2Mb\/content\/id\/38406804\/do1-2018-08-27-portaria-normativa-n-840-de-24-de-agosto-de-2018-38406450\">clique aqui<\/a><\/strong><\/span><br \/><b style=\"color: black;font-size: 1rem\"><br \/><\/b><b style=\"color: black;font-size: 1rem\">Instrumentos de Avalia\u00e7\u00e3o Externa<\/b><\/p><p>\u00a0&#8211; Instrumento de Avalia\u00e7\u00e3o para Autoriza\u00e7\u00e3o de Cursos- Presencial e EAD &#8211; <span style=\"text-decoration: underline\"><strong><a href=\"https:\/\/download.inep.gov.br\/educacao_superior\/avaliacao_cursos_graduacao\/instrumentos\/2017\/curso_autorizacao.pdf\">clique aqui<\/a><\/strong><\/span><\/p><p>\u00a0&#8211; Instrumento de Avalia\u00e7\u00e3o para Reconhecimento e Renova\u00e7\u00e3o de Reconhecimento de Cursos- Presencial e EAD &#8211; <span style=\"text-decoration: underline\"><strong><a href=\"https:\/\/www.ufsm.br\/app\/uploads\/sites\/342\/2021\/06\/Instrumento-de-Avaliacao-para-Reconhecimento-e-Renovacao-de-Reconhecimento-de-Cursos.pdf\">clique aqui<\/a><\/strong><\/span><\/p><p><b>Manuais\u00a0\u00a0<\/b><\/p><p><span style=\"color: black;font-size: 1rem\">\u00a0&#8211; Manual de Processos Regulat\u00f3rios de Cursos de Gradua\u00e7\u00e3o &#8211;<span style=\"text-decoration: underline\"><strong> <a href=\"https:\/\/www.ufsm.br\/app\/uploads\/sites\/342\/2021\/06\/Manual-de-Processos-Regulatorio-de-Cursos-Graduacao_v.1.pdf\">clique aqui<\/a><\/strong><\/span><\/span><\/p><p>\u00a0&#8211; Gloss\u00e1rio INEP para os Instrumentos de Avalia\u00e7\u00e3o &#8211; <span style=\"text-decoration: underline\"><strong><a href=\"https:\/\/www.ufsm.br\/app\/uploads\/sites\/342\/2021\/06\/Glossario-INEP-para-os-instrumentos-de-avaliacao-de-cursos.pdf\">clique aqui<\/a><\/strong><\/span><\/p>\t\t\t\t\t\t<\/div>\n\t\t\t\t<\/div>\n\t\t\t\t\t<\/div>\n\t\t<\/div>\n\t\t\t\t\t<\/div>\n\t\t<\/section>\n\t\t\t\t<\/div>\n\t\t","protected":false},"excerpt":{"rendered":"<p>Legisla\u00e7\u00e3o NAER Legisla\u00e7\u00e3o \u00a0&#8211; Lei n\u00ba 10861\/2004 &#8211; Institui o Sistema Nacional de Avalia\u00e7\u00e3o da Educa\u00e7\u00e3o Superior (SINAES) &#8211; clique aqui\u00a0&#8211; Decreto n\u00ba 9235 &#8211; Disp\u00f5e sobre o exerc\u00edcio das fun\u00e7\u00f5es de Regula\u00e7\u00e3o, Supervis\u00e3o e Avalia\u00e7\u00e3o &#8211; clique aqui\u00a0&#8211; Portaria Normativa n\u00ba 840 &#8211; clique aquiInstrumentos de Avalia\u00e7\u00e3o Externa \u00a0&#8211; Instrumento de Avalia\u00e7\u00e3o para Autoriza\u00e7\u00e3o [&hellip;]<\/p>\n","protected":false},"author":278,"featured_media":0,"parent":17603,"menu_order":0,"comment_status":"closed","ping_status":"closed","template":"","meta":{"footnotes":""},"categories":[],"tags":[],"class_list":["post-17609","page","type-page","status-publish","hentry"],"acf":[],"_links":{"self":[{"href":"https:\/\/www.ufsm.br\/pro-reitorias\/prograd\/wp-json\/wp\/v2\/pages\/17609","targetHints":{"allow":["GET"]}}],"collection":[{"href":"https:\/\/www.ufsm.br\/pro-reitorias\/prograd\/wp-json\/wp\/v2\/pages"}],"about":[{"href":"https:\/\/www.ufsm.br\/pro-reitorias\/prograd\/wp-json\/wp\/v2\/types\/page"}],"author":[{"embeddable":true,"href":"https:\/\/www.ufsm.br\/pro-reitorias\/prograd\/wp-json\/wp\/v2\/users\/278"}],"replies":[{"embeddable":true,"href":"https:\/\/www.ufsm.br\/pro-reitorias\/prograd\/wp-json\/wp\/v2\/comments?post=17609"}],"version-history":[{"count":0,"href":"https:\/\/www.ufsm.br\/pro-reitorias\/prograd\/wp-json\/wp\/v2\/pages\/17609\/revisions"}],"up":[{"embeddable":true,"href":"https:\/\/www.ufsm.br\/pro-reitorias\/prograd\/wp-json\/wp\/v2\/pages\/17603"}],"wp:attachment":[{"href":"https:\/\/www.ufsm.br\/pro-reitorias\/prograd\/wp-json\/wp\/v2\/media?parent=17609"}],"wp:term":[{"taxonomy":"category","embeddable":true,"href":"https:\/\/www.ufsm.br\/pro-reitorias\/prograd\/wp-json\/wp\/v2\/categories?post=17609"},{"taxonomy":"post_tag","embeddable":true,"href":"https:\/\/www.ufsm.br\/pro-reitorias\/prograd\/wp-json\/wp\/v2\/tags?post=17609"}],"curies":[{"name":"wp","href":"https:\/\/api.w.org\/{rel}","templated":true}]}}