{"id":17724,"date":"2021-06-28T13:13:05","date_gmt":"2021-06-28T16:13:05","guid":{"rendered":"https:\/\/www.ufsm.br\/pro-reitorias\/prograd\/?page_id=17724"},"modified":"2021-07-27T10:37:29","modified_gmt":"2021-07-27T13:37:29","slug":"dispensa-de-disciplinas","status":"publish","type":"page","link":"https:\/\/www.ufsm.br\/pro-reitorias\/prograd\/cofre-corem\/dispensa-de-disciplinas","title":{"rendered":"Dispensa de Disciplinas"},"content":{"rendered":"\t\t<div data-elementor-type=\"wp-page\" data-elementor-id=\"17724\" class=\"elementor elementor-17724\">\n\t\t\t\t\t\t<section class=\"elementor-section elementor-top-section elementor-element elementor-element-128e5ad elementor-section-boxed elementor-section-height-default elementor-section-height-default\" data-id=\"128e5ad\" data-element_type=\"section\" data-settings=\"{&quot;background_background&quot;:&quot;classic&quot;}\">\n\t\t\t\t\t\t<div class=\"elementor-container elementor-column-gap-default\">\n\t\t\t\t\t<div class=\"elementor-column elementor-col-100 elementor-top-column elementor-element elementor-element-03c9f31\" data-id=\"03c9f31\" data-element_type=\"column\">\n\t\t\t<div class=\"elementor-widget-wrap elementor-element-populated\">\n\t\t\t\t\t\t<div class=\"elementor-element elementor-element-41f358a elementor-widget elementor-widget-heading\" data-id=\"41f358a\" data-element_type=\"widget\" data-widget_type=\"heading.default\">\n\t\t\t\t<div class=\"elementor-widget-container\">\n\t\t\t<h1 class=\"elementor-heading-title elementor-size-default\">Dispensa de disciplina<\/h1>\t\t<\/div>\n\t\t\t\t<\/div>\n\t\t\t\t\t<\/div>\n\t\t<\/div>\n\t\t\t\t\t<\/div>\n\t\t<\/section>\n\t\t\t\t<section class=\"elementor-section elementor-top-section elementor-element elementor-element-d08afcd elementor-section-boxed elementor-section-height-default elementor-section-height-default\" data-id=\"d08afcd\" data-element_type=\"section\">\n\t\t\t\t\t\t<div class=\"elementor-container elementor-column-gap-default\">\n\t\t\t\t\t<div class=\"elementor-column elementor-col-100 elementor-top-column elementor-element elementor-element-63161da\" data-id=\"63161da\" data-element_type=\"column\">\n\t\t\t<div class=\"elementor-widget-wrap elementor-element-populated\">\n\t\t\t\t\t\t<div class=\"elementor-element elementor-element-e8fc4ab elementor-widget elementor-widget-spacer\" data-id=\"e8fc4ab\" data-element_type=\"widget\" data-widget_type=\"spacer.default\">\n\t\t\t\t<div class=\"elementor-widget-container\">\n\t\t\t\t\t<div class=\"elementor-spacer\">\n\t\t\t<div class=\"elementor-spacer-inner\"><\/div>\n\t\t<\/div>\n\t\t\t\t<\/div>\n\t\t\t\t<\/div>\n\t\t\t\t\t<\/div>\n\t\t<\/div>\n\t\t\t\t\t<\/div>\n\t\t<\/section>\n\t\t\t\t<section class=\"elementor-section elementor-top-section elementor-element elementor-element-56faea2 elementor-section-boxed elementor-section-height-default elementor-section-height-default\" data-id=\"56faea2\" data-element_type=\"section\" data-settings=\"{&quot;background_background&quot;:&quot;classic&quot;}\">\n\t\t\t\t\t\t<div class=\"elementor-container elementor-column-gap-default\">\n\t\t\t\t\t<div class=\"elementor-column elementor-col-100 elementor-top-column elementor-element elementor-element-0760f53\" data-id=\"0760f53\" data-element_type=\"column\">\n\t\t\t<div class=\"elementor-widget-wrap elementor-element-populated\">\n\t\t\t\t\t\t<div class=\"elementor-element elementor-element-60148e6 elementor-widget elementor-widget-heading\" data-id=\"60148e6\" data-element_type=\"widget\" data-widget_type=\"heading.default\">\n\t\t\t\t<div class=\"elementor-widget-container\">\n\t\t\t<h2 class=\"elementor-heading-title elementor-size-default\">Como devo proceder para realizar dispensa\/aproveitamento de disciplinas?<\/h2>\t\t<\/div>\n\t\t\t\t<\/div>\n\t\t\t\t\t<\/div>\n\t\t<\/div>\n\t\t\t\t\t<\/div>\n\t\t<\/section>\n\t\t\t\t<section class=\"elementor-section elementor-top-section elementor-element elementor-element-18483ef elementor-section-boxed elementor-section-height-default elementor-section-height-default\" data-id=\"18483ef\" data-element_type=\"section\">\n\t\t\t\t\t\t<div class=\"elementor-container elementor-column-gap-default\">\n\t\t\t\t\t<div class=\"elementor-column elementor-col-100 elementor-top-column elementor-element elementor-element-b653a99\" data-id=\"b653a99\" data-element_type=\"column\">\n\t\t\t<div class=\"elementor-widget-wrap elementor-element-populated\">\n\t\t\t\t\t\t<div class=\"elementor-element elementor-element-c0b336d elementor-widget elementor-widget-text-editor\" data-id=\"c0b336d\" data-element_type=\"widget\" data-widget_type=\"text-editor.default\">\n\t\t\t\t<div class=\"elementor-widget-container\">\n\t\t\t\t\t\t\t<p>O sistema\u00a0virtual de dispensa de disciplina de gradua\u00e7\u00e3o est\u00e1 dispon\u00edvel no\u00a0<a href=\"https:\/\/portal.ufsm.br\/aluno\/\">portal do aluno<\/a> na aba \u201cALTERA\u00c7\u00c3O CURRICULAR\u201d e pode ser usado por acad\u00eamicos interessados em solicitar a dispensa de disciplinas cursadas em cursos de mesmo n\u00edvel ou de n\u00edvel superior, internos ou externos \u00e0 UFSM. Acesse o\u00a0manual <a href=\"https:\/\/www.ufsm.br\/app\/uploads\/sites\/342\/2021\/06\/Manual_de_Dispensa_Online.pdf\">clicando aqui<\/a> para saber como solicitar a dispensa via portal do aluno.<\/p><p>ATEN\u00c7\u00c3O<\/p><ul><li>As coordena\u00e7\u00f5es de curso devem acompanhar desde j\u00e1 os pedidos de dispensa de disciplinas, por meio de suas caixas postais individuais, no sistema Web da UFSM.<\/li><li>A implementa\u00e7\u00e3o da dispensa de disciplinas de gradua\u00e7\u00e3o por autodidatismo e de ACG (atividades complementares de gradua\u00e7\u00e3o) no ambiente virtual encontra-se em fase final de desenvolvimento. Portanto, continuam sendo solicitadas e processadas pelo m\u00e9todo at\u00e9 agora utilizado.\u00a0<\/li><li>A nova resolu\u00e7\u00e3o sobre os processos de dispensa de disciplinas de gradua\u00e7\u00e3o, autodidatismo e outras formas pode ser vista no link a seguir.\u00a0<a href=\"https:\/\/www.ufsm.br\/orgaos-executivos\/derca\/wp-content\/uploads\/sites\/51\/2018\/08\/Resolu%C3%A7%C3%A3o-N.-025.2017-DISPENSA-DE-DISCIPLINAS-DE-GRADUA%C3%87%C3%83O.pdf\">Resolu\u00e7\u00e3o N. 025.2017 \u2013 DISPENSA DE DISCIPLINAS DE GRADUA\u00c7\u00c3O<\/a><\/li><\/ul>\t\t\t\t\t\t<\/div>\n\t\t\t\t<\/div>\n\t\t\t\t\t<\/div>\n\t\t<\/div>\n\t\t\t\t\t<\/div>\n\t\t<\/section>\n\t\t\t\t<section class=\"elementor-section elementor-top-section elementor-element elementor-element-556bcce elementor-section-boxed elementor-section-height-default elementor-section-height-default\" data-id=\"556bcce\" data-element_type=\"section\" data-settings=\"{&quot;background_background&quot;:&quot;classic&quot;}\">\n\t\t\t\t\t\t<div class=\"elementor-container elementor-column-gap-default\">\n\t\t\t\t\t<div class=\"elementor-column elementor-col-100 elementor-top-column elementor-element elementor-element-5a8fffd\" data-id=\"5a8fffd\" data-element_type=\"column\">\n\t\t\t<div class=\"elementor-widget-wrap elementor-element-populated\">\n\t\t\t\t\t\t<div class=\"elementor-element elementor-element-65117cd elementor-widget elementor-widget-heading\" data-id=\"65117cd\" data-element_type=\"widget\" data-widget_type=\"heading.default\">\n\t\t\t\t<div class=\"elementor-widget-container\">\n\t\t\t<h2 class=\"elementor-heading-title elementor-size-default\">Existe prazo para envio de dispensa\/aproveitamento de disciplinas?<\/h2>\t\t<\/div>\n\t\t\t\t<\/div>\n\t\t\t\t\t<\/div>\n\t\t<\/div>\n\t\t\t\t\t<\/div>\n\t\t<\/section>\n\t\t\t\t<section class=\"elementor-section elementor-top-section elementor-element elementor-element-e41b038 elementor-section-boxed elementor-section-height-default elementor-section-height-default\" data-id=\"e41b038\" data-element_type=\"section\">\n\t\t\t\t\t\t<div class=\"elementor-container elementor-column-gap-default\">\n\t\t\t\t\t<div class=\"elementor-column elementor-col-100 elementor-top-column elementor-element elementor-element-3071dd2\" data-id=\"3071dd2\" data-element_type=\"column\">\n\t\t\t<div class=\"elementor-widget-wrap elementor-element-populated\">\n\t\t\t\t\t\t<div class=\"elementor-element elementor-element-90938a8 elementor-widget elementor-widget-text-editor\" data-id=\"90938a8\" data-element_type=\"widget\" data-widget_type=\"text-editor.default\">\n\t\t\t\t<div class=\"elementor-widget-container\">\n\t\t\t\t\t\t\t<div id=\"elementor-tab-content-2032\" class=\"elementor-tab-content elementor-clearfix elementor-active\" role=\"tabpanel\" data-tab=\"2\" aria-labelledby=\"elementor-tab-title-2032\"><div id=\"elementor-tab-title-2032\" class=\"elementor-tab-title elementor-active\" role=\"tab\" data-tab=\"2\"><div id=\"elementor-tab-title-2032\" class=\"elementor-tab-title elementor-active\" role=\"tab\" data-tab=\"2\">Sim, existe.<\/div><div id=\"elementor-tab-title-2032\" class=\"elementor-tab-title elementor-active\" role=\"tab\" data-tab=\"2\">No Calend\u00e1rio Acad\u00eamico da UFSM do ano corrente consta a data limite para chegada a COFRE\/COREM dos pedidos de dispensa de disciplina, os quais s\u00e3o enviados pelas coordena\u00e7\u00f5es de curso. Em pandemia, este prazo foi flexibilizado.<\/div><\/div><\/div>\t\t\t\t\t\t<\/div>\n\t\t\t\t<\/div>\n\t\t\t\t\t<\/div>\n\t\t<\/div>\n\t\t\t\t\t<\/div>\n\t\t<\/section>\n\t\t\t\t<section class=\"elementor-section elementor-top-section elementor-element elementor-element-38e4c1d elementor-section-boxed elementor-section-height-default elementor-section-height-default\" data-id=\"38e4c1d\" data-element_type=\"section\" data-settings=\"{&quot;background_background&quot;:&quot;classic&quot;}\">\n\t\t\t\t\t\t<div class=\"elementor-container elementor-column-gap-default\">\n\t\t\t\t\t<div class=\"elementor-column elementor-col-100 elementor-top-column elementor-element elementor-element-f26b01c\" data-id=\"f26b01c\" data-element_type=\"column\">\n\t\t\t<div class=\"elementor-widget-wrap elementor-element-populated\">\n\t\t\t\t\t\t<div class=\"elementor-element elementor-element-3f7b3de elementor-widget elementor-widget-heading\" data-id=\"3f7b3de\" data-element_type=\"widget\" data-widget_type=\"heading.default\">\n\t\t\t\t<div class=\"elementor-widget-container\">\n\t\t\t<h2 class=\"elementor-heading-title elementor-size-default\">Como os autodidatas podem requerer aproveitamento de seus estudos?<\/h2>\t\t<\/div>\n\t\t\t\t<\/div>\n\t\t\t\t\t<\/div>\n\t\t<\/div>\n\t\t\t\t\t<\/div>\n\t\t<\/section>\n\t\t\t\t<section class=\"elementor-section elementor-top-section elementor-element elementor-element-fa07069 elementor-section-boxed elementor-section-height-default elementor-section-height-default\" data-id=\"fa07069\" data-element_type=\"section\">\n\t\t\t\t\t\t<div class=\"elementor-container elementor-column-gap-default\">\n\t\t\t\t\t<div class=\"elementor-column elementor-col-100 elementor-top-column elementor-element elementor-element-15bbc6c\" data-id=\"15bbc6c\" data-element_type=\"column\">\n\t\t\t<div class=\"elementor-widget-wrap elementor-element-populated\">\n\t\t\t\t\t\t<div class=\"elementor-element elementor-element-511f357 elementor-widget elementor-widget-text-editor\" data-id=\"511f357\" data-element_type=\"widget\" data-widget_type=\"text-editor.default\">\n\t\t\t\t<div class=\"elementor-widget-container\">\n\t\t\t\t\t\t\t<div id=\"elementor-tab-title-2033\" class=\"elementor-tab-title elementor-active\" role=\"tab\" data-tab=\"3\">De acordo com a <a href=\"http:\/\/coral.ufsm.br\/derca\/images\/Instruc%C3%A3o_Normativa_01.2013_aproveitamento_autodidata.pdf\">Instru\u00e7\u00e3o Normativa n\u00ba 01\/2013<\/a>, os autodidatas interessados na obten\u00e7\u00e3o de aproveitamento de estudos que apresentarem conhecimentos adquiridos por pr\u00e1tica sistem\u00e1tica, a exemplo de profici\u00eancia em l\u00ednguas \u2013 inform\u00e1tica e\/ou outros conte\u00fados, poder\u00e3o solicitar avalia\u00e7\u00e3o espec\u00edfica, aplicada por Banca Examinadora, especialmente designada para esse fim. Cabe ao departamento no qual estiver(em) lotada(s) a(s) disciplina(s) definir a banca examinadora mediante requerimento do interessado. A decis\u00e3o avaliativa da banca examinadora, atestando o aproveitamento de estudos, ser\u00e1 encaminhada pelo Departamento Did\u00e1tico \u00e0 PROGRAD, PRPGP ou \u00e0 Coordenadoria de Ensino M\u00e9dio, conforme o caso, para o devido registro no hist\u00f3rico escolar do aluno.<\/div>\t\t\t\t\t\t<\/div>\n\t\t\t\t<\/div>\n\t\t\t\t\t<\/div>\n\t\t<\/div>\n\t\t\t\t\t<\/div>\n\t\t<\/section>\n\t\t\t\t<section class=\"elementor-section elementor-top-section elementor-element elementor-element-68e7a3b elementor-section-boxed elementor-section-height-default elementor-section-height-default\" data-id=\"68e7a3b\" data-element_type=\"section\" data-settings=\"{&quot;background_background&quot;:&quot;classic&quot;}\">\n\t\t\t\t\t\t<div class=\"elementor-container elementor-column-gap-default\">\n\t\t\t\t\t<div class=\"elementor-column elementor-col-100 elementor-top-column elementor-element elementor-element-3295df7\" data-id=\"3295df7\" data-element_type=\"column\">\n\t\t\t<div class=\"elementor-widget-wrap elementor-element-populated\">\n\t\t\t\t\t\t<div class=\"elementor-element elementor-element-6f75a06 elementor-widget elementor-widget-heading\" data-id=\"6f75a06\" data-element_type=\"widget\" data-widget_type=\"heading.default\">\n\t\t\t\t<div class=\"elementor-widget-container\">\n\t\t\t<h3 class=\"elementor-heading-title elementor-size-default\">Observa\u00e7\u00f5es importantes sobre dispensa\/aproveitamento de disciplinas<\/h3>\t\t<\/div>\n\t\t\t\t<\/div>\n\t\t\t\t\t<\/div>\n\t\t<\/div>\n\t\t\t\t\t<\/div>\n\t\t<\/section>\n\t\t\t\t<section class=\"elementor-section elementor-top-section elementor-element elementor-element-58acbc1 elementor-section-boxed elementor-section-height-default elementor-section-height-default\" data-id=\"58acbc1\" data-element_type=\"section\">\n\t\t\t\t\t\t<div class=\"elementor-container elementor-column-gap-default\">\n\t\t\t\t\t<div class=\"elementor-column elementor-col-100 elementor-top-column elementor-element elementor-element-80f4b3c\" data-id=\"80f4b3c\" data-element_type=\"column\">\n\t\t\t<div class=\"elementor-widget-wrap elementor-element-populated\">\n\t\t\t\t\t\t<div class=\"elementor-element elementor-element-468a093 elementor-widget elementor-widget-text-editor\" data-id=\"468a093\" data-element_type=\"widget\" data-widget_type=\"text-editor.default\">\n\t\t\t\t<div class=\"elementor-widget-container\">\n\t\t\t\t\t\t\t<div id=\"elementor-tab-title-2034\" class=\"elementor-tab-title elementor-active\" role=\"tab\" data-tab=\"4\">\u2013 O deferimento\/indeferimento da solicita\u00e7\u00e3o de dispensa de disciplinas da gradua\u00e7\u00e3o \u00e9 prerrogativa de cada Curso, cabendo \u00e0 COREM apenas o registro no hist\u00f3rico escolar de cada estudante;<br><span style=\"color: black;font-size: 1rem\">\u2013 Quando se tratar de documentos oriundos de institui\u00e7\u00f5es estrangeiras, os mesmos dever\u00e3o estar acompanhados das respectivas tradu\u00e7\u00f5es oficiais, bem como da forma de avalia\u00e7\u00e3o (nota\/conceito) utilizada naquelas institui\u00e7\u00f5es;<\/span><br><span style=\"color: black;font-size: 1rem\">\u2013 Em caso de disciplinas em que os alunos j\u00e1 estejam matriculados antes do pedido de dispensa, orienta-se que, enquanto n\u00e3o for lan\u00e7ado no sistema o aproveitamento\/dispensa, o aluno dever\u00e1 cursar normalmente a disciplina;<\/span><\/div><div id=\"elementor-tab-content-2034\" class=\"elementor-tab-content elementor-clearfix elementor-active\" role=\"tabpanel\" data-tab=\"4\" aria-labelledby=\"elementor-tab-title-2034\"><p><span style=\"color: black;font-size: 1rem\">\u2013 Somente constar\u00e1 no hist\u00f3rico escolar a nota da disciplina dispensada se o c\u00f3digo e a nomenclatura da disciplina cursada for id\u00eantico, caso contr\u00e1rio, constar\u00e1 \u201cdispensado\/aproveitamento sem nota\u201d;<\/span><\/p><p><span style=\"color: black;font-size: 1rem\">\u2013 Para evitar atrasos no lan\u00e7amento das dispensas deferidas, \u00e9 importante o preenchimento correto do formul\u00e1rio de dispensa: n\u00famero de matr\u00edcula e nome do aluno, c\u00f3digo e nome do curso, c\u00f3digo e nome da disciplina a ser dispensada e, em determinados casos, carga hor\u00e1ria a ser lan\u00e7ada.<\/span><\/p>\n<\/div>\t\t\t\t\t\t<\/div>\n\t\t\t\t<\/div>\n\t\t\t\t\t<\/div>\n\t\t<\/div>\n\t\t\t\t\t<\/div>\n\t\t<\/section>\n\t\t\t\t<section class=\"elementor-section elementor-top-section elementor-element elementor-element-4f39775 elementor-section-boxed elementor-section-height-default elementor-section-height-default\" data-id=\"4f39775\" data-element_type=\"section\" data-settings=\"{&quot;background_background&quot;:&quot;classic&quot;}\">\n\t\t\t\t\t\t<div class=\"elementor-container elementor-column-gap-default\">\n\t\t\t\t\t<div class=\"elementor-column elementor-col-100 elementor-top-column elementor-element elementor-element-4e75d7e\" data-id=\"4e75d7e\" data-element_type=\"column\">\n\t\t\t<div class=\"elementor-widget-wrap elementor-element-populated\">\n\t\t\t\t\t\t<div class=\"elementor-element elementor-element-e24a0fc elementor-widget elementor-widget-heading\" data-id=\"e24a0fc\" data-element_type=\"widget\" data-widget_type=\"heading.default\">\n\t\t\t\t<div class=\"elementor-widget-container\">\n\t\t\t<h3 class=\"elementor-heading-title elementor-size-default\">Tutorial de dispensa<\/h3>\t\t<\/div>\n\t\t\t\t<\/div>\n\t\t\t\t\t<\/div>\n\t\t<\/div>\n\t\t\t\t\t<\/div>\n\t\t<\/section>\n\t\t\t\t<section class=\"elementor-section elementor-top-section elementor-element elementor-element-1fd6974 elementor-section-boxed elementor-section-height-default elementor-section-height-default\" data-id=\"1fd6974\" data-element_type=\"section\">\n\t\t\t\t\t\t<div class=\"elementor-container elementor-column-gap-default\">\n\t\t\t\t\t<div class=\"elementor-column elementor-col-100 elementor-top-column elementor-element elementor-element-334160e\" data-id=\"334160e\" data-element_type=\"column\">\n\t\t\t<div class=\"elementor-widget-wrap elementor-element-populated\">\n\t\t\t\t\t\t<div class=\"elementor-element elementor-element-8b75254 elementor-widget elementor-widget-text-editor\" data-id=\"8b75254\" data-element_type=\"widget\" data-widget_type=\"text-editor.default\">\n\t\t\t\t<div class=\"elementor-widget-container\">\n\t\t\t\t\t\t\t<p><a href=\"https:\/\/www.ufsm.br\/app\/uploads\/sites\/342\/2021\/06\/Manual_de_Dispensa_Online.pdf\" data-wplink-edit=\"true\">Clicando aqui<\/a>, voc\u00ea acessa o tutorial <span style=\"color: #1c1c1c;font-size: 16px\">para saber como solicitar a dispensa via portal do aluno.<\/span><\/p>\t\t\t\t\t\t<\/div>\n\t\t\t\t<\/div>\n\t\t\t\t\t<\/div>\n\t\t<\/div>\n\t\t\t\t\t<\/div>\n\t\t<\/section>\n\t\t\t\t<\/div>\n\t\t","protected":false},"excerpt":{"rendered":"<p>Dispensa de disciplina Como devo proceder para realizar dispensa\/aproveitamento de disciplinas? O sistema\u00a0virtual de dispensa de disciplina de gradua\u00e7\u00e3o est\u00e1 dispon\u00edvel no\u00a0portal do aluno na aba \u201cALTERA\u00c7\u00c3O CURRICULAR\u201d e pode ser usado por acad\u00eamicos interessados em solicitar a dispensa de disciplinas cursadas em cursos de mesmo n\u00edvel ou de n\u00edvel superior, internos ou externos \u00e0 [&hellip;]<\/p>\n","protected":false},"author":278,"featured_media":0,"parent":17415,"menu_order":0,"comment_status":"closed","ping_status":"closed","template":"","meta":{"footnotes":""},"categories":[],"tags":[],"class_list":["post-17724","page","type-page","status-publish","hentry"],"acf":[],"_links":{"self":[{"href":"https:\/\/www.ufsm.br\/pro-reitorias\/prograd\/wp-json\/wp\/v2\/pages\/17724","targetHints":{"allow":["GET"]}}],"collection":[{"href":"https:\/\/www.ufsm.br\/pro-reitorias\/prograd\/wp-json\/wp\/v2\/pages"}],"about":[{"href":"https:\/\/www.ufsm.br\/pro-reitorias\/prograd\/wp-json\/wp\/v2\/types\/page"}],"author":[{"embeddable":true,"href":"https:\/\/www.ufsm.br\/pro-reitorias\/prograd\/wp-json\/wp\/v2\/users\/278"}],"replies":[{"embeddable":true,"href":"https:\/\/www.ufsm.br\/pro-reitorias\/prograd\/wp-json\/wp\/v2\/comments?post=17724"}],"version-history":[{"count":0,"href":"https:\/\/www.ufsm.br\/pro-reitorias\/prograd\/wp-json\/wp\/v2\/pages\/17724\/revisions"}],"up":[{"embeddable":true,"href":"https:\/\/www.ufsm.br\/pro-reitorias\/prograd\/wp-json\/wp\/v2\/pages\/17415"}],"wp:attachment":[{"href":"https:\/\/www.ufsm.br\/pro-reitorias\/prograd\/wp-json\/wp\/v2\/media?parent=17724"}],"wp:term":[{"taxonomy":"category","embeddable":true,"href":"https:\/\/www.ufsm.br\/pro-reitorias\/prograd\/wp-json\/wp\/v2\/categories?post=17724"},{"taxonomy":"post_tag","embeddable":true,"href":"https:\/\/www.ufsm.br\/pro-reitorias\/prograd\/wp-json\/wp\/v2\/tags?post=17724"}],"curies":[{"name":"wp","href":"https:\/\/api.w.org\/{rel}","templated":true}]}}