{"id":17890,"date":"2021-07-15T18:13:40","date_gmt":"2021-07-15T21:13:40","guid":{"rendered":"https:\/\/www.ufsm.br\/pro-reitorias\/prograd\/?page_id=17890"},"modified":"2024-04-17T06:38:56","modified_gmt":"2024-04-17T09:38:56","slug":"suficiencia-em-linguas-teslle","status":"publish","type":"page","link":"https:\/\/www.ufsm.br\/pro-reitorias\/prograd\/processos-seletivos-internos\/suficiencia-em-linguas-teslle","title":{"rendered":"Sufici\u00eancia em L\u00ednguas (TESLLE)"},"content":{"rendered":"\t\t<div data-elementor-type=\"wp-page\" data-elementor-id=\"17890\" class=\"elementor elementor-17890\">\n\t\t\t\t\t\t<section class=\"elementor-section elementor-top-section elementor-element elementor-element-d0d7250 elementor-section-boxed elementor-section-height-default elementor-section-height-default\" data-id=\"d0d7250\" data-element_type=\"section\" data-settings=\"{&quot;background_background&quot;:&quot;classic&quot;}\">\n\t\t\t\t\t\t<div class=\"elementor-container elementor-column-gap-default\">\n\t\t\t\t\t<div class=\"elementor-column elementor-col-100 elementor-top-column elementor-element elementor-element-7c4bf0b\" data-id=\"7c4bf0b\" data-element_type=\"column\">\n\t\t\t<div class=\"elementor-widget-wrap elementor-element-populated\">\n\t\t\t\t\t\t<div class=\"elementor-element elementor-element-94fe507 elementor-widget elementor-widget-heading\" data-id=\"94fe507\" data-element_type=\"widget\" data-widget_type=\"heading.default\">\n\t\t\t\t<div class=\"elementor-widget-container\">\n\t\t\t<h1 class=\"elementor-heading-title elementor-size-default\">Sufici\u00eancia em L\u00ednguas (TESLLE)<\/h1>\t\t<\/div>\n\t\t\t\t<\/div>\n\t\t\t\t\t<\/div>\n\t\t<\/div>\n\t\t\t\t\t<\/div>\n\t\t<\/section>\n\t\t\t\t<section class=\"elementor-section elementor-top-section elementor-element elementor-element-05eaf5d elementor-section-boxed elementor-section-height-default elementor-section-height-default\" data-id=\"05eaf5d\" data-element_type=\"section\">\n\t\t\t\t\t\t<div class=\"elementor-container elementor-column-gap-default\">\n\t\t\t\t\t<div class=\"elementor-column elementor-col-100 elementor-top-column elementor-element elementor-element-0a1c893\" data-id=\"0a1c893\" data-element_type=\"column\">\n\t\t\t<div class=\"elementor-widget-wrap elementor-element-populated\">\n\t\t\t\t\t\t<div class=\"elementor-element elementor-element-0fd26a0 elementor-widget elementor-widget-text-editor\" data-id=\"0fd26a0\" data-element_type=\"widget\" data-widget_type=\"text-editor.default\">\n\t\t\t\t<div class=\"elementor-widget-container\">\n\t\t\t\t\t\t\t<p>O Teste de Sufici\u00eancia em Leitura em L\u00edngua Estrangeira (TESLLE) tem por objetivo aferir a habilidade de leitura em l\u00edngua estrangeira. O processo \u00e9 constitu\u00eddo por uma prova de l\u00edngua francesa, espanhola, alem\u00e3, inglesa ou portuguesa como l\u00edngua estrangeira, com 16 quest\u00f5es objetivas, aplicada semestralmente. Conforme Instru\u00e7\u00e3o Normativa 011\/2022\/PROGRAD\/UFSM, de 24 de maio de 2022, o p\u00fablico-alvo do TESLLE \u00e9 composto por:<\/p><ul><li>estudante de curso de p\u00f3s-gradua\u00e7\u00e3o da UFSM (doutorado, mestrado ou especializa\u00e7\u00e3o);<\/li><li>estudante na categoria Aluno Especial de p\u00f3s-gradua\u00e7\u00e3o da UFSM;<\/li><li>servidor(a) t\u00e9cnico-administrativo(a) ou docente da UFSM;<\/li><li>prov\u00e1vel formando(a) de gradua\u00e7\u00e3o da UFSM;<\/li><li>estudante de gradua\u00e7\u00e3o do curso de Rela\u00e7\u00f5es Internacionais da UFSM.<\/li><\/ul>\t\t\t\t\t\t<\/div>\n\t\t\t\t<\/div>\n\t\t\t\t\t<\/div>\n\t\t<\/div>\n\t\t\t\t\t<\/div>\n\t\t<\/section>\n\t\t\t\t<section class=\"elementor-section elementor-top-section elementor-element elementor-element-584e1b3 elementor-section-boxed elementor-section-height-default elementor-section-height-default\" data-id=\"584e1b3\" data-element_type=\"section\" data-settings=\"{&quot;background_background&quot;:&quot;classic&quot;}\">\n\t\t\t\t\t\t<div class=\"elementor-container elementor-column-gap-default\">\n\t\t\t\t\t<div class=\"elementor-column elementor-col-100 elementor-top-column elementor-element elementor-element-0fdbc5a\" data-id=\"0fdbc5a\" data-element_type=\"column\">\n\t\t\t<div class=\"elementor-widget-wrap elementor-element-populated\">\n\t\t\t\t\t\t<div class=\"elementor-element elementor-element-0cd3b2b elementor-widget elementor-widget-heading\" data-id=\"0cd3b2b\" data-element_type=\"widget\" data-widget_type=\"heading.default\">\n\t\t\t\t<div class=\"elementor-widget-container\">\n\t\t\t<h2 class=\"elementor-heading-title elementor-size-default\">Edi\u00e7\u00e3o recente<\/h2>\t\t<\/div>\n\t\t\t\t<\/div>\n\t\t\t\t\t<\/div>\n\t\t<\/div>\n\t\t\t\t\t<\/div>\n\t\t<\/section>\n\t\t\t\t<section class=\"elementor-section elementor-top-section elementor-element elementor-element-63a2657 elementor-section-boxed elementor-section-height-default elementor-section-height-default\" data-id=\"63a2657\" data-element_type=\"section\">\n\t\t\t\t\t\t<div class=\"elementor-container elementor-column-gap-default\">\n\t\t\t\t\t<div class=\"elementor-column elementor-col-100 elementor-top-column elementor-element elementor-element-a8006f3\" data-id=\"a8006f3\" data-element_type=\"column\">\n\t\t\t<div class=\"elementor-widget-wrap elementor-element-populated\">\n\t\t\t\t\t\t<div class=\"elementor-element elementor-element-150a1bb elementor-widget elementor-widget-text-editor\" data-id=\"150a1bb\" data-element_type=\"widget\" data-widget_type=\"text-editor.default\">\n\t\t\t\t<div class=\"elementor-widget-container\">\n\t\t\t\t\t\t\t<p>Atualmente, a publica\u00e7\u00e3o semestral do Edital do TESLLE \u00e9 responsabilidade do Centro de Artes e Letras (CAL).<\/p><p>Acesse <a href=\"https:\/\/www.ufsm.br\/busca?q=sufici%C3%AAncia&amp;tags=&amp;orderby=modified&amp;order=DESC&amp;perpage=15&amp;area=editais&amp;tipo_edital=&amp;licitacao_edital=&amp;concurso_edital_mod=&amp;concurso_edital_cat=&amp;outro_edital=\" target=\"_blank\" rel=\"noopener\"><strong>AQUI<\/strong><\/a> o Edital vigente do TESLLE.<\/p><p>Mais informa\u00e7\u00f5es sobre o TESLLE podem ser acessadas<strong><a href=\"https:\/\/www.ufsm.br\/pro-reitorias\/prpgp\/teslle\/\" target=\"_blank\" rel=\"noopener\"> AQUI<\/a><\/strong><\/p><p>E-mail para contato: <a href=\"mailto:suficiencia.ufsm@gmail.com\"><strong>suficiencia.ufsm@gmail.com<\/strong><\/a><\/p>\t\t\t\t\t\t<\/div>\n\t\t\t\t<\/div>\n\t\t\t\t\t<\/div>\n\t\t<\/div>\n\t\t\t\t\t<\/div>\n\t\t<\/section>\n\t\t\t\t<section class=\"elementor-section elementor-top-section elementor-element elementor-element-023c294 elementor-section-boxed elementor-section-height-default elementor-section-height-default\" data-id=\"023c294\" data-element_type=\"section\" data-settings=\"{&quot;background_background&quot;:&quot;classic&quot;}\">\n\t\t\t\t\t\t<div class=\"elementor-container elementor-column-gap-default\">\n\t\t\t\t\t<div class=\"elementor-column elementor-col-100 elementor-top-column elementor-element elementor-element-6908c75\" data-id=\"6908c75\" data-element_type=\"column\">\n\t\t\t<div class=\"elementor-widget-wrap elementor-element-populated\">\n\t\t\t\t\t\t<div class=\"elementor-element elementor-element-8f344dc elementor-widget elementor-widget-heading\" data-id=\"8f344dc\" data-element_type=\"widget\" data-widget_type=\"heading.default\">\n\t\t\t\t<div class=\"elementor-widget-container\">\n\t\t\t<h2 class=\"elementor-heading-title elementor-size-default\">Edi\u00e7\u00f5es anteriores<\/h2>\t\t<\/div>\n\t\t\t\t<\/div>\n\t\t\t\t\t<\/div>\n\t\t<\/div>\n\t\t\t\t\t<\/div>\n\t\t<\/section>\n\t\t\t\t<section class=\"elementor-section elementor-top-section elementor-element elementor-element-f66791e elementor-section-boxed elementor-section-height-default elementor-section-height-default\" data-id=\"f66791e\" data-element_type=\"section\">\n\t\t\t\t\t\t<div class=\"elementor-container elementor-column-gap-default\">\n\t\t\t\t\t<div class=\"elementor-column elementor-col-100 elementor-top-column elementor-element elementor-element-ccd7026\" data-id=\"ccd7026\" data-element_type=\"column\">\n\t\t\t<div class=\"elementor-widget-wrap elementor-element-populated\">\n\t\t\t\t\t\t<div class=\"elementor-element elementor-element-5603aed elementor-widget elementor-widget-text-editor\" data-id=\"5603aed\" data-element_type=\"widget\" data-widget_type=\"text-editor.default\">\n\t\t\t\t<div class=\"elementor-widget-container\">\n\t\t\t\t\t\t\t<p>TESLLE 2023\/2\u00ba semestre:<\/p><p><a href=\"https:\/\/www.ufsm.br\/pro-reitorias\/prograd\/editais\/092-2023\" target=\"_blank\" rel=\"noopener\"><b>https:\/\/www.ufsm.br\/pro-reitorias\/prograd\/editais\/092-2023<\/b><\/a>\u00a0(publicado em 28\/08\/2023)<\/p><p style=\"color: #000000;font-size: 16px\">TESLLE 2023\/1\u00ba semestre:<\/p><p style=\"color: #000000;font-size: 16px\"><a style=\"color: #204c90\" href=\"https:\/\/www.ufsm.br\/pro-reitorias\/prograd\/editais\/055-2023\" target=\"_blank\" rel=\"noopener\"><span style=\"font-weight: bold\">https:\/\/www.ufsm.br\/pro-reitorias\/prograd\/editais\/055-2023<\/span><\/a>\u00a0(publicado em 02\/05\/2023)<\/p><p><span style=\"color: #000000;font-size: 1rem;font-weight: var( --e-global-typography-text-font-weight );text-align: var(--bs-body-text-align)\">TESLLE 2022\/2\u00ba semestre:<\/span><\/p><p><a href=\"https:\/\/www.ufsm.br\/pro-reitorias\/prograd\/editais\/058-2022\/\" target=\"_blank\" rel=\"noopener\"><strong>https:\/\/www.ufsm.br\/pro-reitorias\/prograd\/editais\/058-2022\/<\/strong><\/a> (publicado em 11\/10\/22)<\/p><p>TESLLE 2022\/1\u00ba semestre:<\/p><p><strong><span style=\"background-color: var(--bs-body-bg);text-align: var(--bs-body-text-align)\"><span style=\"color: #1a3d73\"><a href=\"https:\/\/www.ufsm.br\/pro-reitorias\/prograd\/editais\/027-2022\">https:\/\/www.ufsm.br\/pro-reitorias\/prograd\/editais\/027-2022<\/a> <\/span><\/span><\/strong><span style=\"background-color: var(--bs-body-bg);text-align: var(--bs-body-text-align)\"><span style=\"color: #1a3d73\">(publicado em 15\/06\/22)<\/span><\/span><\/p><p><strong><span style=\"background-color: var(--bs-body-bg);text-align: var(--bs-body-text-align)\"><span style=\"color: #1a3d73\">\u00a0<\/span><\/span><\/strong><\/p><p><span style=\"text-decoration: underline\"><strong><a href=\"https:\/\/www.ufsm.br\/pro-reitorias\/prpgp\/teslle\/\">Mais informa\u00e7\u00f5es sobre o TESLLE podem ser acessadas AQUI<\/a><\/strong><\/span><\/p>\t\t\t\t\t\t<\/div>\n\t\t\t\t<\/div>\n\t\t\t\t\t<\/div>\n\t\t<\/div>\n\t\t\t\t\t<\/div>\n\t\t<\/section>\n\t\t\t\t<\/div>\n\t\t","protected":false},"excerpt":{"rendered":"<p>Sufici\u00eancia em L\u00ednguas (TESLLE) O Teste de Sufici\u00eancia em Leitura em L\u00edngua Estrangeira (TESLLE) tem por objetivo aferir a habilidade de leitura em l\u00edngua estrangeira. O processo \u00e9 constitu\u00eddo por uma prova de l\u00edngua francesa, espanhola, alem\u00e3, inglesa ou portuguesa como l\u00edngua estrangeira, com 16 quest\u00f5es objetivas, aplicada semestralmente. Conforme Instru\u00e7\u00e3o Normativa 011\/2022\/PROGRAD\/UFSM, de 24 [&hellip;]<\/p>\n","protected":false},"author":278,"featured_media":0,"parent":17882,"menu_order":0,"comment_status":"closed","ping_status":"closed","template":"","meta":{"footnotes":""},"categories":[],"tags":[],"class_list":["post-17890","page","type-page","status-publish","hentry"],"acf":[],"_links":{"self":[{"href":"https:\/\/www.ufsm.br\/pro-reitorias\/prograd\/wp-json\/wp\/v2\/pages\/17890","targetHints":{"allow":["GET"]}}],"collection":[{"href":"https:\/\/www.ufsm.br\/pro-reitorias\/prograd\/wp-json\/wp\/v2\/pages"}],"about":[{"href":"https:\/\/www.ufsm.br\/pro-reitorias\/prograd\/wp-json\/wp\/v2\/types\/page"}],"author":[{"embeddable":true,"href":"https:\/\/www.ufsm.br\/pro-reitorias\/prograd\/wp-json\/wp\/v2\/users\/278"}],"replies":[{"embeddable":true,"href":"https:\/\/www.ufsm.br\/pro-reitorias\/prograd\/wp-json\/wp\/v2\/comments?post=17890"}],"version-history":[{"count":0,"href":"https:\/\/www.ufsm.br\/pro-reitorias\/prograd\/wp-json\/wp\/v2\/pages\/17890\/revisions"}],"up":[{"embeddable":true,"href":"https:\/\/www.ufsm.br\/pro-reitorias\/prograd\/wp-json\/wp\/v2\/pages\/17882"}],"wp:attachment":[{"href":"https:\/\/www.ufsm.br\/pro-reitorias\/prograd\/wp-json\/wp\/v2\/media?parent=17890"}],"wp:term":[{"taxonomy":"category","embeddable":true,"href":"https:\/\/www.ufsm.br\/pro-reitorias\/prograd\/wp-json\/wp\/v2\/categories?post=17890"},{"taxonomy":"post_tag","embeddable":true,"href":"https:\/\/www.ufsm.br\/pro-reitorias\/prograd\/wp-json\/wp\/v2\/tags?post=17890"}],"curies":[{"name":"wp","href":"https:\/\/api.w.org\/{rel}","templated":true}]}}