{"id":17946,"date":"2021-08-02T13:52:02","date_gmt":"2021-08-02T16:52:02","guid":{"rendered":"https:\/\/www.ufsm.br\/pro-reitorias\/prograd\/?page_id=17946"},"modified":"2021-08-02T13:56:42","modified_gmt":"2021-08-02T16:56:42","slug":"editais-cte","status":"publish","type":"page","link":"https:\/\/www.ufsm.br\/pro-reitorias\/prograd\/editais-cte","title":{"rendered":"Editais CTE"},"content":{"rendered":"\t\t<div data-elementor-type=\"wp-page\" data-elementor-id=\"17946\" class=\"elementor elementor-17946\">\n\t\t\t\t\t\t<section class=\"elementor-section elementor-top-section elementor-element elementor-element-690fee6 elementor-section-boxed elementor-section-height-default elementor-section-height-default\" data-id=\"690fee6\" data-element_type=\"section\">\n\t\t\t\t\t\t<div class=\"elementor-container elementor-column-gap-default\">\n\t\t\t\t\t<div class=\"elementor-column elementor-col-100 elementor-top-column elementor-element elementor-element-df2206d\" data-id=\"df2206d\" data-element_type=\"column\">\n\t\t\t<div class=\"elementor-widget-wrap elementor-element-populated\">\n\t\t\t\t\t\t<div class=\"elementor-element elementor-element-f0b8168 elementor-widget elementor-widget-heading\" data-id=\"f0b8168\" data-element_type=\"widget\" data-widget_type=\"heading.default\">\n\t\t\t\t<div class=\"elementor-widget-container\">\n\t\t\t<h1 class=\"elementor-heading-title elementor-size-default\">Editais CTE<\/h1>\t\t<\/div>\n\t\t\t\t<\/div>\n\t\t\t\t\t<\/div>\n\t\t<\/div>\n\t\t\t\t\t<\/div>\n\t\t<\/section>\n\t\t\t\t<section class=\"elementor-section elementor-top-section elementor-element elementor-element-7e602b7 elementor-section-boxed elementor-section-height-default elementor-section-height-default\" data-id=\"7e602b7\" data-element_type=\"section\">\n\t\t\t\t\t\t<div class=\"elementor-container elementor-column-gap-default\">\n\t\t\t\t\t<div class=\"elementor-column elementor-col-100 elementor-top-column elementor-element elementor-element-84c9306\" data-id=\"84c9306\" data-element_type=\"column\">\n\t\t\t<div class=\"elementor-widget-wrap elementor-element-populated\">\n\t\t\t\t\t\t<div class=\"elementor-element elementor-element-da8a664 elementor-widget elementor-widget-text-editor\" data-id=\"da8a664\" data-element_type=\"widget\" data-widget_type=\"text-editor.default\">\n\t\t\t\t<div class=\"elementor-widget-container\">\n\t\t\t\t\t\t\t<p>Os processos seletivos para ingresso nas atividades relacionadas \u00e0 Coordenadoria de Tecnologia Educacional selecionam pessoas que realizar\u00e3o fun\u00e7\u00f5es de doc\u00eancia, tutoria, assist\u00eancia \u00e0 doc\u00eancia, est\u00e1gio e apoio nos cursos e projetos de educa\u00e7\u00e3o mediados por tecnologias educacionais (cursos a dist\u00e2ncia ou semipresenciais) oferecidos pela UFSM, no \u00e2mbito da Universidade Aberta do Brasil.<\/p><p><span style=\"text-decoration: underline\"><strong><a href=\"https:\/\/processoseletivo.nte.ufsm.br\/\">Clique aqui para acessar os editais da CTE<\/a><\/strong><\/span><\/p>\t\t\t\t\t\t<\/div>\n\t\t\t\t<\/div>\n\t\t\t\t\t<\/div>\n\t\t<\/div>\n\t\t\t\t\t<\/div>\n\t\t<\/section>\n\t\t\t\t<\/div>\n\t\t","protected":false},"excerpt":{"rendered":"<p>Editais CTE Os processos seletivos para ingresso nas atividades relacionadas \u00e0 Coordenadoria de Tecnologia Educacional selecionam pessoas que realizar\u00e3o fun\u00e7\u00f5es de doc\u00eancia, tutoria, assist\u00eancia \u00e0 doc\u00eancia, est\u00e1gio e apoio nos cursos e projetos de educa\u00e7\u00e3o mediados por tecnologias educacionais (cursos a dist\u00e2ncia ou semipresenciais) oferecidos pela UFSM, no \u00e2mbito da Universidade Aberta do Brasil. Clique [&hellip;]<\/p>\n","protected":false},"author":278,"featured_media":0,"parent":0,"menu_order":0,"comment_status":"closed","ping_status":"closed","template":"","meta":{"footnotes":""},"categories":[],"tags":[],"class_list":["post-17946","page","type-page","status-publish","hentry"],"acf":[],"_links":{"self":[{"href":"https:\/\/www.ufsm.br\/pro-reitorias\/prograd\/wp-json\/wp\/v2\/pages\/17946","targetHints":{"allow":["GET"]}}],"collection":[{"href":"https:\/\/www.ufsm.br\/pro-reitorias\/prograd\/wp-json\/wp\/v2\/pages"}],"about":[{"href":"https:\/\/www.ufsm.br\/pro-reitorias\/prograd\/wp-json\/wp\/v2\/types\/page"}],"author":[{"embeddable":true,"href":"https:\/\/www.ufsm.br\/pro-reitorias\/prograd\/wp-json\/wp\/v2\/users\/278"}],"replies":[{"embeddable":true,"href":"https:\/\/www.ufsm.br\/pro-reitorias\/prograd\/wp-json\/wp\/v2\/comments?post=17946"}],"version-history":[{"count":0,"href":"https:\/\/www.ufsm.br\/pro-reitorias\/prograd\/wp-json\/wp\/v2\/pages\/17946\/revisions"}],"wp:attachment":[{"href":"https:\/\/www.ufsm.br\/pro-reitorias\/prograd\/wp-json\/wp\/v2\/media?parent=17946"}],"wp:term":[{"taxonomy":"category","embeddable":true,"href":"https:\/\/www.ufsm.br\/pro-reitorias\/prograd\/wp-json\/wp\/v2\/categories?post=17946"},{"taxonomy":"post_tag","embeddable":true,"href":"https:\/\/www.ufsm.br\/pro-reitorias\/prograd\/wp-json\/wp\/v2\/tags?post=17946"}],"curies":[{"name":"wp","href":"https:\/\/api.w.org\/{rel}","templated":true}]}}