{"id":17962,"date":"2021-08-05T15:26:36","date_gmt":"2021-08-05T18:26:36","guid":{"rendered":"https:\/\/www.ufsm.br\/pro-reitorias\/prograd\/?page_id=17962"},"modified":"2023-04-12T09:55:56","modified_gmt":"2023-04-12T12:55:56","slug":"adaptacao-curricular","status":"publish","type":"page","link":"https:\/\/www.ufsm.br\/pro-reitorias\/prograd\/cofre-corem\/adaptacao-curricular","title":{"rendered":"Adapta\u00e7\u00e3o Curricular"},"content":{"rendered":"\t\t<div data-elementor-type=\"wp-page\" data-elementor-id=\"17962\" class=\"elementor elementor-17962\">\n\t\t\t\t\t\t<section class=\"elementor-section elementor-top-section elementor-element elementor-element-63a1ed40 elementor-section-boxed elementor-section-height-default elementor-section-height-default\" data-id=\"63a1ed40\" data-element_type=\"section\">\n\t\t\t\t\t\t<div class=\"elementor-container elementor-column-gap-default\">\n\t\t\t\t\t<div class=\"elementor-column elementor-col-100 elementor-top-column elementor-element elementor-element-5f4bc57b\" data-id=\"5f4bc57b\" data-element_type=\"column\">\n\t\t\t<div class=\"elementor-widget-wrap elementor-element-populated\">\n\t\t\t\t\t\t<div class=\"elementor-element elementor-element-530b7d44 elementor-widget elementor-widget-text-editor\" data-id=\"530b7d44\" data-element_type=\"widget\" data-widget_type=\"text-editor.default\">\n\t\t\t\t<div class=\"elementor-widget-container\">\n\t\t\t\t\t\t\t<!-- wp:tadv\/classic-paragraph \/-->\t\t\t\t\t\t<\/div>\n\t\t\t\t<\/div>\n\t\t\t\t\t<\/div>\n\t\t<\/div>\n\t\t\t\t\t<\/div>\n\t\t<\/section>\n\t\t\t\t<section class=\"elementor-section elementor-top-section elementor-element elementor-element-61c6324 elementor-section-boxed elementor-section-height-default elementor-section-height-default\" data-id=\"61c6324\" data-element_type=\"section\" data-settings=\"{&quot;background_background&quot;:&quot;classic&quot;}\">\n\t\t\t\t\t\t<div class=\"elementor-container elementor-column-gap-default\">\n\t\t\t\t\t<div class=\"elementor-column elementor-col-100 elementor-top-column elementor-element elementor-element-a33aa08\" data-id=\"a33aa08\" data-element_type=\"column\">\n\t\t\t<div class=\"elementor-widget-wrap elementor-element-populated\">\n\t\t\t\t\t\t<div class=\"elementor-element elementor-element-1e3dfdb elementor-widget elementor-widget-heading\" data-id=\"1e3dfdb\" data-element_type=\"widget\" data-widget_type=\"heading.default\">\n\t\t\t\t<div class=\"elementor-widget-container\">\n\t\t\t<h1 class=\"elementor-heading-title elementor-size-default\"> Adapta\u00e7\u00e3o Curricular<\/h1>\t\t<\/div>\n\t\t\t\t<\/div>\n\t\t\t\t\t<\/div>\n\t\t<\/div>\n\t\t\t\t\t<\/div>\n\t\t<\/section>\n\t\t\t\t<section class=\"elementor-section elementor-top-section elementor-element elementor-element-6543348 elementor-section-boxed elementor-section-height-default elementor-section-height-default\" data-id=\"6543348\" data-element_type=\"section\">\n\t\t\t\t\t\t<div class=\"elementor-container elementor-column-gap-default\">\n\t\t\t\t\t<div class=\"elementor-column elementor-col-100 elementor-top-column elementor-element elementor-element-2d98a4e\" data-id=\"2d98a4e\" data-element_type=\"column\">\n\t\t\t<div class=\"elementor-widget-wrap elementor-element-populated\">\n\t\t\t\t\t\t<div class=\"elementor-element elementor-element-45b6c41 elementor-widget elementor-widget-text-editor\" data-id=\"45b6c41\" data-element_type=\"widget\" data-widget_type=\"text-editor.default\">\n\t\t\t\t<div class=\"elementor-widget-container\">\n\t\t\t\t\t\t\t<p class=\"western\" lang=\"pt-PT\">\u00a0<\/p>\n<p class=\"western\" lang=\"pt-PT\">A adapta\u00e7\u00e3o curricular, quando feita para troca de vers\u00e3o no mesmo curso, troca o aluno de vers\u00e3o e faz a adapta\u00e7\u00e3o curricular de acordo com as equival\u00eancias registradas na grade curricular do curso.<\/p>\n<p lang=\"pt-PT\">A Secretaria deve solicitar acesso \u00e0 aplica\u00e7\u00e3o para o curso via <a href=\"https:\/\/www.ufsm.br\/orgaos-suplementares\/cpd\/servicos\/autorizacao-e-revalidacao-de-acesso-sie\" target=\"_blank\" rel=\"noopener\"><strong>Centro de Processamento de Dados (CPD)<\/strong><\/a>.<\/p>\n<p class=\"western\" lang=\"pt-PT\">Para realizar o procedimento acesse a aplica\u00e7\u00e3o 1.1.5.05 e clique no bot\u00e3o novo.<\/p>\n<p lang=\"pt-PT\" style=\"text-align: center\"><img fetchpriority=\"high\" decoding=\"async\" class=\"aligncenter size-full wp-image-17961\" src=\"https:\/\/www.ufsm.br\/app\/uploads\/sites\/342\/2021\/08\/img0.jpg\" alt=\"\" width=\"755\" height=\"693\" srcset=\"https:\/\/www.ufsm.br\/app\/uploads\/sites\/342\/2021\/08\/img0.jpg 755w, https:\/\/www.ufsm.br\/app\/uploads\/sites\/342\/2021\/08\/img0-300x275.jpg 300w\" sizes=\"(max-width: 755px) 100vw, 755px\" \/><\/p>\n<p lang=\"pt-PT\">Primeiro, preencha os dados do curso e vers\u00e3o de Destino (1). A seguir, escolha a op\u00e7\u00e3o \u201cPor curso\u201d (2), selecione o curso e a vers\u00e3o de origem dos alunos (3), e adicione os alunos que deseja adaptar (4). Por fim, clique em salvar.<\/p>\n<p lang=\"pt-PT\" style=\"text-align: center\"><img decoding=\"async\" class=\"aligncenter size-full wp-image-17960\" src=\"https:\/\/www.ufsm.br\/app\/uploads\/sites\/342\/2021\/08\/img1.jpg\" alt=\"\" width=\"807\" height=\"697\" srcset=\"https:\/\/www.ufsm.br\/app\/uploads\/sites\/342\/2021\/08\/img1.jpg 807w, https:\/\/www.ufsm.br\/app\/uploads\/sites\/342\/2021\/08\/img1-300x259.jpg 300w, https:\/\/www.ufsm.br\/app\/uploads\/sites\/342\/2021\/08\/img1-768x663.jpg 768w\" sizes=\"(max-width: 807px) 100vw, 807px\" \/><\/p>\n<p class=\"western\" lang=\"pt-PT\">Ao salvar, \u00e9 gerado um documento pai de adapta\u00e7\u00e3o curricular e um documento filho para cada aluno que foi adicionado no processo.<\/p>\n<p class=\"western\" lang=\"pt-PT\">Ao tramitar, \u00e9 executada uma a\u00e7\u00e3o que:<\/p>\n<ol>\n<li>\n<p lang=\"pt-PT\" align=\"left\"><span style=\"font-size: small\">Atualiza a vers\u00e3o do curso do aluno, da vers\u00e3o origem para a vers\u00e3o destino selecionada na aplica\u00e7\u00e3o<\/span><\/p>\n<\/li>\n<li>\n<p lang=\"pt-PT\" align=\"left\"><span style=\"font-size: small\">Faz a adapta\u00e7\u00e3o curricular dos alunos<\/span><\/p>\n<\/li>\n<\/ol>\n<p lang=\"pt-PT\"><strong>ATUALIZA\u00c7\u00c3O:<\/strong> Ao tramitar, o sistema agora busca o departamento automaticamente.<\/p>\n<p class=\"western\" lang=\"pt-PT\">Para tramitar, selecione o bot\u00e3o tramitar, e, ao solicitar a unidade de destino, a unidade destino ser\u00e1 onde o documento ficar\u00e1 arquivado.<\/p>\n<p lang=\"pt-PT\" style=\"text-align: center\"><img decoding=\"async\" class=\"aligncenter size-full wp-image-17959\" src=\"https:\/\/www.ufsm.br\/app\/uploads\/sites\/342\/2021\/08\/img2.jpg\" alt=\"\" width=\"607\" height=\"1239\" srcset=\"https:\/\/www.ufsm.br\/app\/uploads\/sites\/342\/2021\/08\/img2.jpg 607w, https:\/\/www.ufsm.br\/app\/uploads\/sites\/342\/2021\/08\/img2-147x300.jpg 147w, https:\/\/www.ufsm.br\/app\/uploads\/sites\/342\/2021\/08\/img2-502x1024.jpg 502w\" sizes=\"(max-width: 607px) 100vw, 607px\" \/><\/p>\t\t\t\t\t\t<\/div>\n\t\t\t\t<\/div>\n\t\t\t\t\t<\/div>\n\t\t<\/div>\n\t\t\t\t\t<\/div>\n\t\t<\/section>\n\t\t\t\t<\/div>\n\t\t","protected":false},"excerpt":{"rendered":"<p>Adapta\u00e7\u00e3o Curricular \u00a0 A adapta\u00e7\u00e3o curricular, quando feita para troca de vers\u00e3o no mesmo curso, troca o aluno de vers\u00e3o e faz a adapta\u00e7\u00e3o curricular de acordo com as equival\u00eancias registradas na grade curricular do curso. A Secretaria deve solicitar acesso \u00e0 aplica\u00e7\u00e3o para o curso via Centro de Processamento de Dados (CPD). Para realizar [&hellip;]<\/p>\n","protected":false},"author":296,"featured_media":0,"parent":17415,"menu_order":0,"comment_status":"closed","ping_status":"closed","template":"","meta":{"footnotes":""},"categories":[],"tags":[],"class_list":["post-17962","page","type-page","status-publish","hentry"],"acf":[],"_links":{"self":[{"href":"https:\/\/www.ufsm.br\/pro-reitorias\/prograd\/wp-json\/wp\/v2\/pages\/17962","targetHints":{"allow":["GET"]}}],"collection":[{"href":"https:\/\/www.ufsm.br\/pro-reitorias\/prograd\/wp-json\/wp\/v2\/pages"}],"about":[{"href":"https:\/\/www.ufsm.br\/pro-reitorias\/prograd\/wp-json\/wp\/v2\/types\/page"}],"author":[{"embeddable":true,"href":"https:\/\/www.ufsm.br\/pro-reitorias\/prograd\/wp-json\/wp\/v2\/users\/296"}],"replies":[{"embeddable":true,"href":"https:\/\/www.ufsm.br\/pro-reitorias\/prograd\/wp-json\/wp\/v2\/comments?post=17962"}],"version-history":[{"count":0,"href":"https:\/\/www.ufsm.br\/pro-reitorias\/prograd\/wp-json\/wp\/v2\/pages\/17962\/revisions"}],"up":[{"embeddable":true,"href":"https:\/\/www.ufsm.br\/pro-reitorias\/prograd\/wp-json\/wp\/v2\/pages\/17415"}],"wp:attachment":[{"href":"https:\/\/www.ufsm.br\/pro-reitorias\/prograd\/wp-json\/wp\/v2\/media?parent=17962"}],"wp:term":[{"taxonomy":"category","embeddable":true,"href":"https:\/\/www.ufsm.br\/pro-reitorias\/prograd\/wp-json\/wp\/v2\/categories?post=17962"},{"taxonomy":"post_tag","embeddable":true,"href":"https:\/\/www.ufsm.br\/pro-reitorias\/prograd\/wp-json\/wp\/v2\/tags?post=17962"}],"curies":[{"name":"wp","href":"https:\/\/api.w.org\/{rel}","templated":true}]}}