{"id":18047,"date":"2021-08-24T16:18:28","date_gmt":"2021-08-24T19:18:28","guid":{"rendered":"https:\/\/www.ufsm.br\/pro-reitorias\/prograd\/?page_id=18047"},"modified":"2022-10-18T11:45:20","modified_gmt":"2022-10-18T14:45:20","slug":"processo-seletivo-profgeo","status":"publish","type":"page","link":"https:\/\/www.ufsm.br\/pro-reitorias\/prograd\/ingresse-na-ufsm\/processo-seletivo-profgeo","title":{"rendered":"Processo Seletivo PROFGEO"},"content":{"rendered":"\t\t<div data-elementor-type=\"wp-page\" data-elementor-id=\"18047\" class=\"elementor elementor-18047\">\n\t\t\t\t\t\t<section class=\"elementor-section elementor-top-section elementor-element elementor-element-517630a elementor-section-boxed elementor-section-height-default elementor-section-height-default\" data-id=\"517630a\" data-element_type=\"section\" data-settings=\"{&quot;background_background&quot;:&quot;classic&quot;}\">\n\t\t\t\t\t\t<div class=\"elementor-container elementor-column-gap-default\">\n\t\t\t\t\t<div class=\"elementor-column elementor-col-100 elementor-top-column elementor-element elementor-element-6f30942\" data-id=\"6f30942\" data-element_type=\"column\">\n\t\t\t<div class=\"elementor-widget-wrap elementor-element-populated\">\n\t\t\t\t\t\t<div class=\"elementor-element elementor-element-1e4b324 elementor-widget elementor-widget-heading\" data-id=\"1e4b324\" data-element_type=\"widget\" data-widget_type=\"heading.default\">\n\t\t\t\t<div class=\"elementor-widget-container\">\n\t\t\t<h1 class=\"elementor-heading-title elementor-size-default\">Processo Seletivo PROFGEO<\/h1>\t\t<\/div>\n\t\t\t\t<\/div>\n\t\t\t\t\t<\/div>\n\t\t<\/div>\n\t\t\t\t\t<\/div>\n\t\t<\/section>\n\t\t\t\t<section class=\"elementor-section elementor-top-section elementor-element elementor-element-2acbd45 elementor-section-boxed elementor-section-height-default elementor-section-height-default\" data-id=\"2acbd45\" data-element_type=\"section\">\n\t\t\t\t\t\t<div class=\"elementor-container elementor-column-gap-default\">\n\t\t\t\t\t<div class=\"elementor-column elementor-col-100 elementor-top-column elementor-element elementor-element-07069ec\" data-id=\"07069ec\" data-element_type=\"column\">\n\t\t\t<div class=\"elementor-widget-wrap elementor-element-populated\">\n\t\t\t\t\t\t<div class=\"elementor-element elementor-element-4db658c elementor-widget elementor-widget-text-editor\" data-id=\"4db658c\" data-element_type=\"widget\" data-widget_type=\"text-editor.default\">\n\t\t\t\t<div class=\"elementor-widget-container\">\n\t\t\t\t\t\t\t<p>O Processo Seletivo ENA PROFGEO ou Exame Nacional de Acesso ao Mestrado Profissional em Ensino de Geografia tem o objetivo de selecionar docentes da educa\u00e7\u00e3o b\u00e1sica para as vagas de Mestrado Profissional em Ensino de Geografia em Rede Nacional, PROFGEO.<\/p><p>Trata-se de um programa de p\u00f3s-gradua\u00e7\u00e3o stricto sensu em Geografia, reconhecido e avaliado pela CAPES, credenciado pelo Conselho Nacional de Educa\u00e7\u00e3o, CNE, e validado pelo MEC.<\/p><p>O PROFGEO \u00e9 um curso semipresencial realizado por Institui\u00e7\u00f5es de Ensino Superior associadas em Rede Nacional que visa \u00e0 qualifica\u00e7\u00e3o para o exerc\u00edcio profissional de professores e professoras de Geografia, outorgando-lhes o t\u00edtulo de Mestre em Ensino de Geografia.<\/p><p>A responsabilidade pela publica\u00e7\u00e3o do Edital atualmente \u00e9 da Pr\u00f3-reitoria de P\u00f3s-Gradua\u00e7\u00e3o e Pesquisa (PRPGP).<\/p>\t\t\t\t\t\t<\/div>\n\t\t\t\t<\/div>\n\t\t\t\t\t<\/div>\n\t\t<\/div>\n\t\t\t\t\t<\/div>\n\t\t<\/section>\n\t\t\t\t<section class=\"elementor-section elementor-top-section elementor-element elementor-element-b8f81fe elementor-section-boxed elementor-section-height-default elementor-section-height-default\" data-id=\"b8f81fe\" data-element_type=\"section\" data-settings=\"{&quot;background_background&quot;:&quot;classic&quot;}\">\n\t\t\t\t\t\t<div class=\"elementor-container elementor-column-gap-default\">\n\t\t\t\t\t<div class=\"elementor-column elementor-col-100 elementor-top-column elementor-element elementor-element-7d0f2d1\" data-id=\"7d0f2d1\" data-element_type=\"column\">\n\t\t\t<div class=\"elementor-widget-wrap elementor-element-populated\">\n\t\t\t\t\t\t<div class=\"elementor-element elementor-element-08659d9 elementor-widget elementor-widget-heading\" data-id=\"08659d9\" data-element_type=\"widget\" data-widget_type=\"heading.default\">\n\t\t\t\t<div class=\"elementor-widget-container\">\n\t\t\t<h2 class=\"elementor-heading-title elementor-size-default\">Editais<\/h2>\t\t<\/div>\n\t\t\t\t<\/div>\n\t\t\t\t\t<\/div>\n\t\t<\/div>\n\t\t\t\t\t<\/div>\n\t\t<\/section>\n\t\t\t\t<section class=\"elementor-section elementor-top-section elementor-element elementor-element-88d1c05 elementor-section-boxed elementor-section-height-default elementor-section-height-default\" data-id=\"88d1c05\" data-element_type=\"section\">\n\t\t\t\t\t\t<div class=\"elementor-container elementor-column-gap-default\">\n\t\t\t\t\t<div class=\"elementor-column elementor-col-100 elementor-top-column elementor-element elementor-element-deff178\" data-id=\"deff178\" data-element_type=\"column\">\n\t\t\t<div class=\"elementor-widget-wrap elementor-element-populated\">\n\t\t\t\t\t\t<div class=\"elementor-element elementor-element-8b6027b elementor-widget elementor-widget-text-editor\" data-id=\"8b6027b\" data-element_type=\"widget\" data-widget_type=\"text-editor.default\">\n\t\t\t\t<div class=\"elementor-widget-container\">\n\t\t\t\t\t\t\t<p><strong>Para acesso ao edital vigente e editais anteriores, clique <a href=\"https:\/\/www.ufsm.br\/busca?q=profgeo&amp;tags=&amp;orderby=date&amp;order=DESC&amp;perpage=50&amp;area=editais&amp;tipo_edital=&amp;licitacao_edital=&amp;concurso_edital_mod=&amp;concurso_edital_cat=&amp;outro_edital=\" target=\"_blank\" rel=\"noopener\">AQUI<\/a><\/strong><\/p><p><b>\u00a0<span style=\"color: #000000\">\u00a0<\/span><\/b><\/p>\t\t\t\t\t\t<\/div>\n\t\t\t\t<\/div>\n\t\t\t\t\t<\/div>\n\t\t<\/div>\n\t\t\t\t\t<\/div>\n\t\t<\/section>\n\t\t\t\t<section class=\"elementor-section elementor-top-section elementor-element elementor-element-e5ebb2e elementor-section-boxed elementor-section-height-default elementor-section-height-default\" data-id=\"e5ebb2e\" data-element_type=\"section\" data-settings=\"{&quot;background_background&quot;:&quot;classic&quot;}\">\n\t\t\t\t\t\t<div class=\"elementor-container elementor-column-gap-default\">\n\t\t\t\t\t<div class=\"elementor-column elementor-col-100 elementor-top-column elementor-element elementor-element-31e28d1\" data-id=\"31e28d1\" data-element_type=\"column\">\n\t\t\t<div class=\"elementor-widget-wrap elementor-element-populated\">\n\t\t\t\t\t\t<div class=\"elementor-element elementor-element-933aa88 elementor-widget elementor-widget-heading\" data-id=\"933aa88\" data-element_type=\"widget\" data-widget_type=\"heading.default\">\n\t\t\t\t<div class=\"elementor-widget-container\">\n\t\t\t<h2 class=\"elementor-heading-title elementor-size-default\">Contato<\/h2>\t\t<\/div>\n\t\t\t\t<\/div>\n\t\t\t\t\t<\/div>\n\t\t<\/div>\n\t\t\t\t\t<\/div>\n\t\t<\/section>\n\t\t\t\t<section class=\"elementor-section elementor-top-section elementor-element elementor-element-b6d12b8 elementor-section-boxed elementor-section-height-default elementor-section-height-default\" data-id=\"b6d12b8\" data-element_type=\"section\">\n\t\t\t\t\t\t<div class=\"elementor-container elementor-column-gap-default\">\n\t\t\t\t\t<div class=\"elementor-column elementor-col-100 elementor-top-column elementor-element elementor-element-d966fac\" data-id=\"d966fac\" data-element_type=\"column\">\n\t\t\t<div class=\"elementor-widget-wrap elementor-element-populated\">\n\t\t\t\t\t\t<div class=\"elementor-element elementor-element-311d22b elementor-widget elementor-widget-text-editor\" data-id=\"311d22b\" data-element_type=\"widget\" data-widget_type=\"text-editor.default\">\n\t\t\t\t<div class=\"elementor-widget-container\">\n\t\t\t\t\t\t\t<p>Mais informa\u00e7\u00f5es, acesse <a href=\"http:\/\/www.ufsm.br\/profgeo\">www.ufsm.br\/profgeo<\/a><\/p>\t\t\t\t\t\t<\/div>\n\t\t\t\t<\/div>\n\t\t\t\t\t<\/div>\n\t\t<\/div>\n\t\t\t\t\t<\/div>\n\t\t<\/section>\n\t\t\t\t<\/div>\n\t\t","protected":false},"excerpt":{"rendered":"<p>Processo Seletivo PROFGEO O Processo Seletivo ENA PROFGEO ou Exame Nacional de Acesso ao Mestrado Profissional em Ensino de Geografia tem o objetivo de selecionar docentes da educa\u00e7\u00e3o b\u00e1sica para as vagas de Mestrado Profissional em Ensino de Geografia em Rede Nacional, PROFGEO. Trata-se de um programa de p\u00f3s-gradua\u00e7\u00e3o stricto sensu em Geografia, reconhecido e [&hellip;]<\/p>\n","protected":false},"author":278,"featured_media":0,"parent":17491,"menu_order":0,"comment_status":"closed","ping_status":"closed","template":"","meta":{"footnotes":""},"categories":[],"tags":[],"class_list":["post-18047","page","type-page","status-publish","hentry"],"acf":[],"_links":{"self":[{"href":"https:\/\/www.ufsm.br\/pro-reitorias\/prograd\/wp-json\/wp\/v2\/pages\/18047","targetHints":{"allow":["GET"]}}],"collection":[{"href":"https:\/\/www.ufsm.br\/pro-reitorias\/prograd\/wp-json\/wp\/v2\/pages"}],"about":[{"href":"https:\/\/www.ufsm.br\/pro-reitorias\/prograd\/wp-json\/wp\/v2\/types\/page"}],"author":[{"embeddable":true,"href":"https:\/\/www.ufsm.br\/pro-reitorias\/prograd\/wp-json\/wp\/v2\/users\/278"}],"replies":[{"embeddable":true,"href":"https:\/\/www.ufsm.br\/pro-reitorias\/prograd\/wp-json\/wp\/v2\/comments?post=18047"}],"version-history":[{"count":0,"href":"https:\/\/www.ufsm.br\/pro-reitorias\/prograd\/wp-json\/wp\/v2\/pages\/18047\/revisions"}],"up":[{"embeddable":true,"href":"https:\/\/www.ufsm.br\/pro-reitorias\/prograd\/wp-json\/wp\/v2\/pages\/17491"}],"wp:attachment":[{"href":"https:\/\/www.ufsm.br\/pro-reitorias\/prograd\/wp-json\/wp\/v2\/media?parent=18047"}],"wp:term":[{"taxonomy":"category","embeddable":true,"href":"https:\/\/www.ufsm.br\/pro-reitorias\/prograd\/wp-json\/wp\/v2\/categories?post=18047"},{"taxonomy":"post_tag","embeddable":true,"href":"https:\/\/www.ufsm.br\/pro-reitorias\/prograd\/wp-json\/wp\/v2\/tags?post=18047"}],"curies":[{"name":"wp","href":"https:\/\/api.w.org\/{rel}","templated":true}]}}