{"id":18186,"date":"2021-09-21T09:45:51","date_gmt":"2021-09-21T12:45:51","guid":{"rendered":"https:\/\/www.ufsm.br\/pro-reitorias\/prograd\/?page_id=18186"},"modified":"2024-06-19T14:58:32","modified_gmt":"2024-06-19T17:58:32","slug":"tecnico-em-cooperativismo","status":"publish","type":"page","link":"https:\/\/www.ufsm.br\/pro-reitorias\/prograd\/ingresse-na-ufsm\/tecnico-em-cooperativismo","title":{"rendered":"T\u00e9cnico em Cooperativismo"},"content":{"rendered":"\t\t<div data-elementor-type=\"wp-page\" data-elementor-id=\"18186\" class=\"elementor elementor-18186\">\n\t\t\t\t\t\t<section class=\"elementor-section elementor-top-section elementor-element elementor-element-58882d7c elementor-section-boxed elementor-section-height-default elementor-section-height-default\" data-id=\"58882d7c\" data-element_type=\"section\">\n\t\t\t\t\t\t<div class=\"elementor-container elementor-column-gap-default\">\n\t\t\t\t\t<div class=\"elementor-column elementor-col-100 elementor-top-column elementor-element elementor-element-44ab5a44\" data-id=\"44ab5a44\" data-element_type=\"column\">\n\t\t\t<div class=\"elementor-widget-wrap elementor-element-populated\">\n\t\t\t\t\t\t<div class=\"elementor-element elementor-element-22402fcf elementor-widget elementor-widget-text-editor\" data-id=\"22402fcf\" data-element_type=\"widget\" data-widget_type=\"text-editor.default\">\n\t\t\t\t<div class=\"elementor-widget-container\">\n\t\t\t\t\t\t\t<!-- wp:tadv\/classic-paragraph \/-->\t\t\t\t\t\t<\/div>\n\t\t\t\t<\/div>\n\t\t\t\t\t<\/div>\n\t\t<\/div>\n\t\t\t\t\t<\/div>\n\t\t<\/section>\n\t\t\t\t<section class=\"elementor-section elementor-top-section elementor-element elementor-element-0506b94 elementor-section-boxed elementor-section-height-default elementor-section-height-default\" data-id=\"0506b94\" data-element_type=\"section\" data-settings=\"{&quot;background_background&quot;:&quot;classic&quot;}\">\n\t\t\t\t\t\t<div class=\"elementor-container elementor-column-gap-default\">\n\t\t\t\t\t<div class=\"elementor-column elementor-col-100 elementor-top-column elementor-element elementor-element-e3d6096\" data-id=\"e3d6096\" data-element_type=\"column\">\n\t\t\t<div class=\"elementor-widget-wrap elementor-element-populated\">\n\t\t\t\t\t\t<div class=\"elementor-element elementor-element-a16af28 elementor-widget elementor-widget-heading\" data-id=\"a16af28\" data-element_type=\"widget\" data-widget_type=\"heading.default\">\n\t\t\t\t<div class=\"elementor-widget-container\">\n\t\t\t<h1 class=\"elementor-heading-title elementor-size-default\">T\u00e9cnico em Cooperativismo<br><\/h1>\t\t<\/div>\n\t\t\t\t<\/div>\n\t\t\t\t\t<\/div>\n\t\t<\/div>\n\t\t\t\t\t<\/div>\n\t\t<\/section>\n\t\t\t\t<section class=\"elementor-section elementor-top-section elementor-element elementor-element-15a49d1 elementor-section-boxed elementor-section-height-default elementor-section-height-default\" data-id=\"15a49d1\" data-element_type=\"section\">\n\t\t\t\t\t\t<div class=\"elementor-container elementor-column-gap-default\">\n\t\t\t\t\t<div class=\"elementor-column elementor-col-100 elementor-top-column elementor-element elementor-element-e05915b\" data-id=\"e05915b\" data-element_type=\"column\">\n\t\t\t<div class=\"elementor-widget-wrap elementor-element-populated\">\n\t\t\t\t\t\t\t<\/div>\n\t\t<\/div>\n\t\t\t\t\t<\/div>\n\t\t<\/section>\n\t\t\t\t<section class=\"elementor-section elementor-top-section elementor-element elementor-element-6f843c7 elementor-section-boxed elementor-section-height-default elementor-section-height-default\" data-id=\"6f843c7\" data-element_type=\"section\" data-settings=\"{&quot;background_background&quot;:&quot;classic&quot;}\">\n\t\t\t\t\t\t<div class=\"elementor-container elementor-column-gap-default\">\n\t\t\t\t\t<div class=\"elementor-column elementor-col-100 elementor-top-column elementor-element elementor-element-ca20e40\" data-id=\"ca20e40\" data-element_type=\"column\">\n\t\t\t<div class=\"elementor-widget-wrap elementor-element-populated\">\n\t\t\t\t\t\t<div class=\"elementor-element elementor-element-dfc3a0f elementor-widget elementor-widget-heading\" data-id=\"dfc3a0f\" data-element_type=\"widget\" data-widget_type=\"heading.default\">\n\t\t\t\t<div class=\"elementor-widget-container\">\n\t\t\t<h4 class=\"elementor-heading-title elementor-size-default\">Edital Vigente<\/h4>\t\t<\/div>\n\t\t\t\t<\/div>\n\t\t\t\t\t<\/div>\n\t\t<\/div>\n\t\t\t\t\t<\/div>\n\t\t<\/section>\n\t\t\t\t<section class=\"elementor-section elementor-top-section elementor-element elementor-element-da40ab0 elementor-section-boxed elementor-section-height-default elementor-section-height-default\" data-id=\"da40ab0\" data-element_type=\"section\">\n\t\t\t\t\t\t<div class=\"elementor-container elementor-column-gap-default\">\n\t\t\t\t\t<div class=\"elementor-column elementor-col-100 elementor-top-column elementor-element elementor-element-a1a8fad\" data-id=\"a1a8fad\" data-element_type=\"column\">\n\t\t\t<div class=\"elementor-widget-wrap elementor-element-populated\">\n\t\t\t\t\t\t<div class=\"elementor-element elementor-element-6ad2002 elementor-widget elementor-widget-text-editor\" data-id=\"6ad2002\" data-element_type=\"widget\" data-widget_type=\"text-editor.default\">\n\t\t\t\t<div class=\"elementor-widget-container\">\n\t\t\t\t\t\t\t<h6>E<a href=\"https:\/\/www.ufsm.br\/app\/uploads\/sites\/342\/2024\/06\/edital_cooperativismo_ead_047_2024-1.pdf\">dital&nbsp;<span style=\"font-size: 1rem;text-align: var(--bs-body-text-align)\">047\/2024 &#8211;&nbsp;SELE\u00c7\u00c3O PARA INGRESSO NO CURSO T\u00c9CNICO EM COOPERATIVISMO NA MODALIDADE EDUCA\u00c7\u00c3O A DIST\u00c2NCIA DO COL\u00c9GIO POLIT\u00c9CNICO DA UFSM&nbsp;<\/span><\/a><\/h6>\n<p>A Universidade Federal de Santa Maria, UFSM, atrav\u00e9s da Pr\u00f3-reitora de Gradua\u00e7\u00e3o, PROGRAD, e do Col\u00e9gio Polit\u00e9cnico da UFSM, torna p\u00fablico que, no per\u00edodo de <b>17 de junho a 08 de julho de 2024<\/b>, estar\u00e3o abertas as inscri\u00e7\u00f5es para o <b>Processo Seletivo do Curso T\u00e9cnico em Cooperativismo<\/b>, na<br>modalidade educa\u00e7\u00e3o a dist\u00e2ncia (EaD), polo Silveira Martins, RS, do Col\u00e9gio Polit\u00e9cnico da UFSM, com oferta de&nbsp;<b>60 vagas<\/b> e in\u00edcio das aulas no segundo semestre letivo de 2024, conforme calend\u00e1rio dos cursos t\u00e9cnicos.<\/p>\n<p>\u00c9 condi\u00e7\u00e3o legal para ingressar no curso T\u00e9cnico em Cooperativismo \u2013 EaD ter conclu\u00eddo o Ensino M\u00e9dio ou equivalente at\u00e9 a data da confirma\u00e7\u00e3o da vaga\/matr\u00edcula.<\/p>\n<p><span style=\"text-align: var(--bs-body-text-align)\">A inscri\u00e7\u00e3o ser\u00e1 realizada via internet, <a href=\"https:\/\/www.ufsm.br\/pro-reitorias\/prograd\/editais\/047-2024\">na p\u00e1gina do Processo Seletivo do Curso T\u00e9cnico em&nbsp;<\/a><\/span><span style=\"color: #000000;font-size: 1rem;font-weight: var( --e-global-typography-text-font-weight );text-align: var(--bs-body-text-align)\"><a href=\"https:\/\/www.ufsm.br\/pro-reitorias\/prograd\/editais\/047-2024\">Cooperativismo &#8211; EaD<\/a>, no per\u00edodo de 17 de&nbsp;<\/span><span style=\"color: #000000;font-size: 1rem;font-weight: var( --e-global-typography-text-font-weight );text-align: var(--bs-body-text-align)\">junho a 08 de julho de 2024, at\u00e9 as 23h59min.<\/span><\/p>\n<p><span style=\"color: #000000;font-size: 16px;font-weight: var( --e-global-typography-text-font-weight );text-align: justify\">Outras informa\u00e7\u00f5es podem ser solicitadas ao N\u00facleo de Ingresso e Sele\u00e7\u00e3o Acad\u00eamicos, pelo e-mail&nbsp;<\/span><a style=\"font-size: 16px;font-weight: var( --e-global-typography-text-font-weight );color: #204c90;text-align: justify\" href=\"mailto:falecom@nisa.ufsm.br\"><span style=\"font-weight: bolder\">falecom@nisa.ufsm.br<\/span><\/a><span style=\"color: #000000;font-size: 16px;font-weight: var( --e-global-typography-text-font-weight );text-align: justify\">.<\/span><\/p>\t\t\t\t\t\t<\/div>\n\t\t\t\t<\/div>\n\t\t\t\t\t<\/div>\n\t\t<\/div>\n\t\t\t\t\t<\/div>\n\t\t<\/section>\n\t\t\t\t<section class=\"elementor-section elementor-top-section elementor-element elementor-element-04d103b elementor-section-boxed elementor-section-height-default elementor-section-height-default\" data-id=\"04d103b\" data-element_type=\"section\" data-settings=\"{&quot;background_background&quot;:&quot;classic&quot;}\">\n\t\t\t\t\t\t<div class=\"elementor-container elementor-column-gap-default\">\n\t\t\t\t\t<div class=\"elementor-column elementor-col-100 elementor-top-column elementor-element elementor-element-6c47142\" data-id=\"6c47142\" data-element_type=\"column\">\n\t\t\t<div class=\"elementor-widget-wrap elementor-element-populated\">\n\t\t\t\t\t\t<div class=\"elementor-element elementor-element-b55647b elementor-widget elementor-widget-heading\" data-id=\"b55647b\" data-element_type=\"widget\" data-widget_type=\"heading.default\">\n\t\t\t\t<div class=\"elementor-widget-container\">\n\t\t\t<h4 class=\"elementor-heading-title elementor-size-default\">Editais Anteriores<\/h4>\t\t<\/div>\n\t\t\t\t<\/div>\n\t\t\t\t\t<\/div>\n\t\t<\/div>\n\t\t\t\t\t<\/div>\n\t\t<\/section>\n\t\t\t\t<section class=\"elementor-section elementor-top-section elementor-element elementor-element-3e7a809 elementor-section-boxed elementor-section-height-default elementor-section-height-default\" data-id=\"3e7a809\" data-element_type=\"section\">\n\t\t\t\t\t\t<div class=\"elementor-container elementor-column-gap-default\">\n\t\t\t\t\t<div class=\"elementor-column elementor-col-100 elementor-top-column elementor-element elementor-element-96a65b3\" data-id=\"96a65b3\" data-element_type=\"column\">\n\t\t\t<div class=\"elementor-widget-wrap elementor-element-populated\">\n\t\t\t\t\t\t<div class=\"elementor-element elementor-element-abc78c0 elementor-widget elementor-widget-text-editor\" data-id=\"abc78c0\" data-element_type=\"widget\" data-widget_type=\"text-editor.default\">\n\t\t\t\t<div class=\"elementor-widget-container\">\n\t\t\t\t\t\t\t<p><a style=\"color: #204c90;font-size: 16px\" href=\"https:\/\/www.ufsm.br\/pro-reitorias\/prograd\/editais\/005-2023\">Edital 005\/2023 \u2013 Sele\u00e7\u00e3o para ingresso no Curso T\u00e9cnico em Cooperativismo (EaD) do Col\u00e9gio Polit\u00e9cnico da UFSM<\/a><\/p>\n<p><a href=\"https:\/\/www.ufsm.br\/pro-reitorias\/prograd\/editais\/060-2021\/\">Edital 060\/2021 \u2013 Sele\u00e7\u00e3o para ingresso no Curso T\u00e9cnico em Cooperativismo (EAD) do Col\u00e9gio Polit\u00e9cnico da UFSM<\/a><\/p>\t\t\t\t\t\t<\/div>\n\t\t\t\t<\/div>\n\t\t\t\t\t<\/div>\n\t\t<\/div>\n\t\t\t\t\t<\/div>\n\t\t<\/section>\n\t\t\t\t<\/div>\n\t\t","protected":false},"excerpt":{"rendered":"<p>T\u00e9cnico em Cooperativismo Edital Vigente Edital&nbsp;047\/2024 &#8211;&nbsp;SELE\u00c7\u00c3O PARA INGRESSO NO CURSO T\u00c9CNICO EM COOPERATIVISMO NA MODALIDADE EDUCA\u00c7\u00c3O A DIST\u00c2NCIA DO COL\u00c9GIO POLIT\u00c9CNICO DA UFSM&nbsp; A Universidade Federal de Santa Maria, UFSM, atrav\u00e9s da Pr\u00f3-reitora de Gradua\u00e7\u00e3o, PROGRAD, e do Col\u00e9gio Polit\u00e9cnico da UFSM, torna p\u00fablico que, no per\u00edodo de 17 de junho a 08 de [&hellip;]<\/p>\n","protected":false},"author":296,"featured_media":0,"parent":17491,"menu_order":0,"comment_status":"closed","ping_status":"closed","template":"","meta":{"footnotes":""},"categories":[],"tags":[],"class_list":["post-18186","page","type-page","status-publish","hentry"],"acf":[],"_links":{"self":[{"href":"https:\/\/www.ufsm.br\/pro-reitorias\/prograd\/wp-json\/wp\/v2\/pages\/18186","targetHints":{"allow":["GET"]}}],"collection":[{"href":"https:\/\/www.ufsm.br\/pro-reitorias\/prograd\/wp-json\/wp\/v2\/pages"}],"about":[{"href":"https:\/\/www.ufsm.br\/pro-reitorias\/prograd\/wp-json\/wp\/v2\/types\/page"}],"author":[{"embeddable":true,"href":"https:\/\/www.ufsm.br\/pro-reitorias\/prograd\/wp-json\/wp\/v2\/users\/296"}],"replies":[{"embeddable":true,"href":"https:\/\/www.ufsm.br\/pro-reitorias\/prograd\/wp-json\/wp\/v2\/comments?post=18186"}],"version-history":[{"count":0,"href":"https:\/\/www.ufsm.br\/pro-reitorias\/prograd\/wp-json\/wp\/v2\/pages\/18186\/revisions"}],"up":[{"embeddable":true,"href":"https:\/\/www.ufsm.br\/pro-reitorias\/prograd\/wp-json\/wp\/v2\/pages\/17491"}],"wp:attachment":[{"href":"https:\/\/www.ufsm.br\/pro-reitorias\/prograd\/wp-json\/wp\/v2\/media?parent=18186"}],"wp:term":[{"taxonomy":"category","embeddable":true,"href":"https:\/\/www.ufsm.br\/pro-reitorias\/prograd\/wp-json\/wp\/v2\/categories?post=18186"},{"taxonomy":"post_tag","embeddable":true,"href":"https:\/\/www.ufsm.br\/pro-reitorias\/prograd\/wp-json\/wp\/v2\/tags?post=18186"}],"curies":[{"name":"wp","href":"https:\/\/api.w.org\/{rel}","templated":true}]}}