{"id":18765,"date":"2022-01-27T15:20:17","date_gmt":"2022-01-27T18:20:17","guid":{"rendered":"https:\/\/www.ufsm.br\/pro-reitorias\/prograd\/?page_id=18765"},"modified":"2022-05-25T08:22:30","modified_gmt":"2022-05-25T11:22:30","slug":"instrucao-normativa-01-2022","status":"publish","type":"page","link":"https:\/\/www.ufsm.br\/pro-reitorias\/prograd\/code\/estagios\/instrucao-normativa-01-2022","title":{"rendered":"Instru\u00e7\u00e3o Normativa 01\/2022"},"content":{"rendered":"\t\t<div data-elementor-type=\"wp-page\" data-elementor-id=\"18765\" class=\"elementor elementor-18765\">\n\t\t\t\t\t\t<section class=\"elementor-section elementor-top-section elementor-element elementor-element-c5d3327 elementor-section-boxed elementor-section-height-default elementor-section-height-default\" data-id=\"c5d3327\" data-element_type=\"section\">\n\t\t\t\t\t\t<div class=\"elementor-container elementor-column-gap-default\">\n\t\t\t\t\t<div class=\"elementor-column elementor-col-100 elementor-top-column elementor-element elementor-element-3f7a0a9\" data-id=\"3f7a0a9\" data-element_type=\"column\">\n\t\t\t<div class=\"elementor-widget-wrap elementor-element-populated\">\n\t\t\t\t\t\t<div class=\"elementor-element elementor-element-1d9f11c elementor-widget elementor-widget-text-editor\" data-id=\"1d9f11c\" data-element_type=\"widget\" data-widget_type=\"text-editor.default\">\n\t\t\t\t<div class=\"elementor-widget-container\">\n\t\t\t\t\t\t\t<p>A Pr\u00f3-Reitoria publicou a&nbsp; <strong><a href=\"https:\/\/portal.ufsm.br\/documentos\/publico\/documento.html?id=13946288\">Instru\u00e7\u00e3o Normativa N. 001\/2022\/UFSM\/PROGRAD<\/a> <\/strong>que orienta a respeito da formaliza\u00e7\u00e3o dos est\u00e1gios de gradua\u00e7\u00e3o, regulando o registro das atividades de est\u00e1gio no Sistema Integrado para o Ensino (SIE), bem como a atribui\u00e7\u00e3o de encargos did\u00e1ticos \u00e0 atividade de orienta\u00e7\u00e3o de est\u00e1gio n\u00e3o obrigat\u00f3rio.<\/p>\n<ul>\n<li><span style=\"text-decoration: underline\"><strong><a href=\"https:\/\/www.ufsm.br\/app\/uploads\/sites\/342\/2022\/01\/IN_PROGRAD_2022_001.pdf\">Instru\u00e7\u00e3o Normativa 001\/2022\/PROGRAD\/UFSM<\/a><\/strong><\/span><\/li>\n<\/ul>\n<p>&nbsp;<\/p>\n<ul>\n<\/ul>\t\t\t\t\t\t<\/div>\n\t\t\t\t<\/div>\n\t\t\t\t\t<\/div>\n\t\t<\/div>\n\t\t\t\t\t<\/div>\n\t\t<\/section>\n\t\t\t\t<\/div>\n\t\t","protected":false},"excerpt":{"rendered":"<p>A Pr\u00f3-Reitoria publicou a&nbsp; Instru\u00e7\u00e3o Normativa N. 001\/2022\/UFSM\/PROGRAD que orienta a respeito da formaliza\u00e7\u00e3o dos est\u00e1gios de gradua\u00e7\u00e3o, regulando o registro das atividades de est\u00e1gio no Sistema Integrado para o Ensino (SIE), bem como a atribui\u00e7\u00e3o de encargos did\u00e1ticos \u00e0 atividade de orienta\u00e7\u00e3o de est\u00e1gio n\u00e3o obrigat\u00f3rio. Instru\u00e7\u00e3o Normativa 001\/2022\/PROGRAD\/UFSM &nbsp;<\/p>\n","protected":false},"author":278,"featured_media":0,"parent":17306,"menu_order":0,"comment_status":"closed","ping_status":"closed","template":"","meta":{"footnotes":""},"categories":[],"tags":[],"class_list":["post-18765","page","type-page","status-publish","hentry"],"acf":[],"_links":{"self":[{"href":"https:\/\/www.ufsm.br\/pro-reitorias\/prograd\/wp-json\/wp\/v2\/pages\/18765","targetHints":{"allow":["GET"]}}],"collection":[{"href":"https:\/\/www.ufsm.br\/pro-reitorias\/prograd\/wp-json\/wp\/v2\/pages"}],"about":[{"href":"https:\/\/www.ufsm.br\/pro-reitorias\/prograd\/wp-json\/wp\/v2\/types\/page"}],"author":[{"embeddable":true,"href":"https:\/\/www.ufsm.br\/pro-reitorias\/prograd\/wp-json\/wp\/v2\/users\/278"}],"replies":[{"embeddable":true,"href":"https:\/\/www.ufsm.br\/pro-reitorias\/prograd\/wp-json\/wp\/v2\/comments?post=18765"}],"version-history":[{"count":0,"href":"https:\/\/www.ufsm.br\/pro-reitorias\/prograd\/wp-json\/wp\/v2\/pages\/18765\/revisions"}],"up":[{"embeddable":true,"href":"https:\/\/www.ufsm.br\/pro-reitorias\/prograd\/wp-json\/wp\/v2\/pages\/17306"}],"wp:attachment":[{"href":"https:\/\/www.ufsm.br\/pro-reitorias\/prograd\/wp-json\/wp\/v2\/media?parent=18765"}],"wp:term":[{"taxonomy":"category","embeddable":true,"href":"https:\/\/www.ufsm.br\/pro-reitorias\/prograd\/wp-json\/wp\/v2\/categories?post=18765"},{"taxonomy":"post_tag","embeddable":true,"href":"https:\/\/www.ufsm.br\/pro-reitorias\/prograd\/wp-json\/wp\/v2\/tags?post=18765"}],"curies":[{"name":"wp","href":"https:\/\/api.w.org\/{rel}","templated":true}]}}