{"id":20004,"date":"2023-01-12T13:55:31","date_gmt":"2023-01-12T16:55:31","guid":{"rendered":"https:\/\/www.ufsm.br\/pro-reitorias\/prograd\/?page_id=20004"},"modified":"2024-01-23T18:33:49","modified_gmt":"2024-01-23T21:33:49","slug":"comissoes-de-processos-de-confirmacao-de-vaga","status":"publish","type":"page","link":"https:\/\/www.ufsm.br\/pro-reitorias\/prograd\/comissoes-de-processos-de-confirmacao-de-vaga","title":{"rendered":"Comiss\u00f5es de Processos de Confirma\u00e7\u00e3o de Vaga"},"content":{"rendered":"\n<p>\u00a0<\/p>\n<h3><strong>EDITAIS VIGENTES<\/strong><\/h3>\n<p><a title=\"002\/2023 - Sele\u00e7\u00e3o para Colaboradores(as) junto \u00e0s Comiss\u00f5es do Processo de Confirma\u00e7\u00e3o de Vaga 2023\" href=\"https:\/\/www.ufsm.br\/pro-reitorias\/prograd\/editais\/002-2023\"><span class=\"titulo-publicacao-widget\">Edital 002\/2023-PROGRAD &#8211; Sele\u00e7\u00e3o para Colaboradores(as) junto \u00e0s Comiss\u00f5es do Processo de Confirma\u00e7\u00e3o de Vaga 2023<\/span><\/a><\/p>\n<p><a href=\"https:\/\/www.ufsm.br\/pro-reitorias\/prograd\/editais\/007-2024\" target=\"_blank\" rel=\"noopener\"><strong>Edital 007\/2024-Prograd<\/strong><\/a> \u2013 Sele\u00e7\u00e3o de Colaboradores(as) para a Comiss\u00e3o de Confirma\u00e7\u00e3o de vaga no Processo Seletivo de Ingresso de Pessoas Transg\u00eanero UFSM 2024<\/p>\n<p><a href=\"https:\/\/www.ufsm.br\/pro-reitorias\/prograd\/editais\/005-2024\" target=\"_blank\" rel=\"noopener\"><strong>Edital 005\/2024-Prograd<\/strong><\/a> \u2013 Sele\u00e7\u00e3o para Colaboradores(as) nas Comiss\u00f5es do Processo de Confirma\u00e7\u00e3o de Vaga dos Col\u00e9gios da UFSM 2024<\/p>\n","protected":false},"excerpt":{"rendered":"<p>\u00a0 EDITAIS VIGENTES Edital 002\/2023-PROGRAD &#8211; Sele\u00e7\u00e3o para Colaboradores(as) junto \u00e0s Comiss\u00f5es do Processo de Confirma\u00e7\u00e3o de Vaga 2023 Edital 007\/2024-Prograd \u2013 Sele\u00e7\u00e3o de Colaboradores(as) para a Comiss\u00e3o de Confirma\u00e7\u00e3o de vaga no Processo Seletivo de Ingresso de Pessoas Transg\u00eanero UFSM 2024 Edital 005\/2024-Prograd \u2013 Sele\u00e7\u00e3o para Colaboradores(as) nas Comiss\u00f5es do Processo de Confirma\u00e7\u00e3o de [&hellip;]<\/p>\n","protected":false},"author":95,"featured_media":0,"parent":0,"menu_order":0,"comment_status":"closed","ping_status":"closed","template":"","meta":{"footnotes":""},"categories":[41],"tags":[],"class_list":["post-20004","page","type-page","status-publish","hentry","category-pagina-interna"],"acf":[],"_links":{"self":[{"href":"https:\/\/www.ufsm.br\/pro-reitorias\/prograd\/wp-json\/wp\/v2\/pages\/20004","targetHints":{"allow":["GET"]}}],"collection":[{"href":"https:\/\/www.ufsm.br\/pro-reitorias\/prograd\/wp-json\/wp\/v2\/pages"}],"about":[{"href":"https:\/\/www.ufsm.br\/pro-reitorias\/prograd\/wp-json\/wp\/v2\/types\/page"}],"author":[{"embeddable":true,"href":"https:\/\/www.ufsm.br\/pro-reitorias\/prograd\/wp-json\/wp\/v2\/users\/95"}],"replies":[{"embeddable":true,"href":"https:\/\/www.ufsm.br\/pro-reitorias\/prograd\/wp-json\/wp\/v2\/comments?post=20004"}],"version-history":[{"count":0,"href":"https:\/\/www.ufsm.br\/pro-reitorias\/prograd\/wp-json\/wp\/v2\/pages\/20004\/revisions"}],"wp:attachment":[{"href":"https:\/\/www.ufsm.br\/pro-reitorias\/prograd\/wp-json\/wp\/v2\/media?parent=20004"}],"wp:term":[{"taxonomy":"category","embeddable":true,"href":"https:\/\/www.ufsm.br\/pro-reitorias\/prograd\/wp-json\/wp\/v2\/categories?post=20004"},{"taxonomy":"post_tag","embeddable":true,"href":"https:\/\/www.ufsm.br\/pro-reitorias\/prograd\/wp-json\/wp\/v2\/tags?post=20004"}],"curies":[{"name":"wp","href":"https:\/\/api.w.org\/{rel}","templated":true}]}}