{"id":20338,"date":"2023-02-28T11:01:34","date_gmt":"2023-02-28T14:01:34","guid":{"rendered":"https:\/\/www.ufsm.br\/pro-reitorias\/prograd\/?page_id=20338"},"modified":"2023-02-28T11:22:37","modified_gmt":"2023-02-28T14:22:37","slug":"perguntas-frequentes-aluno-especial-ingresso-reingresso-e-ex-officio","status":"publish","type":"page","link":"https:\/\/www.ufsm.br\/pro-reitorias\/prograd\/cofre-corem\/perguntas-frequentes-aluno-especial-ingresso-reingresso-e-ex-officio","title":{"rendered":"Perguntas Frequentes Aluno especial, Ingresso\/Reingresso e Ex Officio"},"content":{"rendered":"\t\t<div data-elementor-type=\"wp-page\" data-elementor-id=\"20338\" class=\"elementor elementor-20338\">\n\t\t\t\t\t\t<section class=\"elementor-section elementor-top-section elementor-element elementor-element-f9ecacb elementor-section-boxed elementor-section-height-default elementor-section-height-default\" data-id=\"f9ecacb\" data-element_type=\"section\" data-settings=\"{&quot;background_background&quot;:&quot;classic&quot;}\">\n\t\t\t\t\t\t<div class=\"elementor-container elementor-column-gap-default\">\n\t\t\t\t\t<div class=\"elementor-column elementor-col-100 elementor-top-column elementor-element elementor-element-49618d4\" data-id=\"49618d4\" data-element_type=\"column\">\n\t\t\t<div class=\"elementor-widget-wrap elementor-element-populated\">\n\t\t\t\t\t\t<div class=\"elementor-element elementor-element-4018a98 elementor-widget elementor-widget-heading\" data-id=\"4018a98\" data-element_type=\"widget\" data-widget_type=\"heading.default\">\n\t\t\t\t<div class=\"elementor-widget-container\">\n\t\t\t<h1 class=\"elementor-heading-title elementor-size-default\">Perguntas Frequentes Aluno especial, Ingresso\/Reingresso e Ex Officio<\/h1>\t\t<\/div>\n\t\t\t\t<\/div>\n\t\t\t\t\t<\/div>\n\t\t<\/div>\n\t\t\t\t\t<\/div>\n\t\t<\/section>\n\t\t\t\t<section class=\"elementor-section elementor-top-section elementor-element elementor-element-ee5a9cc elementor-section-boxed elementor-section-height-default elementor-section-height-default\" data-id=\"ee5a9cc\" data-element_type=\"section\">\n\t\t\t\t\t\t<div class=\"elementor-container elementor-column-gap-default\">\n\t\t\t\t\t<div class=\"elementor-column elementor-col-100 elementor-top-column elementor-element elementor-element-5c81b1e\" data-id=\"5c81b1e\" data-element_type=\"column\">\n\t\t\t<div class=\"elementor-widget-wrap elementor-element-populated\">\n\t\t\t\t\t\t<div class=\"elementor-element elementor-element-b402508 elementor-widget elementor-widget-text-editor\" data-id=\"b402508\" data-element_type=\"widget\" data-widget_type=\"text-editor.default\">\n\t\t\t\t<div class=\"elementor-widget-container\">\n\t\t\t\t\t\t\t<p>Nesta se\u00e7\u00e3o, voc\u00ea encontra perguntas frequentes sobre:<\/p><ul><li><strong>ALUNO ESPECIAL<\/strong><\/li><li><strong>EX OFFICIO<\/strong><\/li><li><strong>AMPARO LEGAL<\/strong><\/li><li><strong>INGRESSO \/ REINGRESSO\u200b<\/strong><\/li><\/ul>\t\t\t\t\t\t<\/div>\n\t\t\t\t<\/div>\n\t\t\t\t<div class=\"elementor-element elementor-element-f031603 elementor-widget elementor-widget-toggle\" data-id=\"f031603\" data-element_type=\"widget\" data-widget_type=\"toggle.default\">\n\t\t\t\t<div class=\"elementor-widget-container\">\n\t\t\t\t\t<div class=\"elementor-toggle\">\n\t\t\t\t\t\t\t<div class=\"elementor-toggle-item\">\n\t\t\t\t\t<div id=\"elementor-tab-title-2511\" class=\"elementor-tab-title\" data-tab=\"1\" role=\"button\" aria-controls=\"elementor-tab-content-2511\" aria-expanded=\"false\">\n\t\t\t\t\t\t\t\t\t\t\t\t<span class=\"elementor-toggle-icon elementor-toggle-icon-left\" aria-hidden=\"true\">\n\t\t\t\t\t\t\t\t\t\t\t\t\t\t\t<span class=\"elementor-toggle-icon-closed\"><i class=\"fas fa-caret-right\"><\/i><\/span>\n\t\t\t\t\t\t\t\t<span class=\"elementor-toggle-icon-opened\"><i class=\"elementor-toggle-icon-opened fas fa-caret-up\"><\/i><\/span>\n\t\t\t\t\t\t\t\t\t\t\t\t\t<\/span>\n\t\t\t\t\t\t\t\t\t\t\t\t<a class=\"elementor-toggle-title\" tabindex=\"0\">Como funciona o Aluno Especial?<\/a>\n\t\t\t\t\t<\/div>\n\n\t\t\t\t\t<div id=\"elementor-tab-content-2511\" class=\"elementor-tab-content elementor-clearfix\" data-tab=\"1\" role=\"region\" aria-labelledby=\"elementor-tab-title-2511\"><p>O processo seletivo de aluno especial de gradua\u00e7\u00e3o permite aos portadores de diploma de gradua\u00e7\u00e3o frequentarem algumas disciplinas em curso(s) de gradua\u00e7\u00e3o sem gerar v\u00ednculo com a UFSM,\u00a0 num limite de at\u00e9 10 disciplinas de um mesmo curr\u00edculo.<\/p><p>Semestralmente, em datas definidas no calend\u00e1rio acad\u00eamico, s\u00e3o publicados editais para matr\u00edcula nestas disciplinas, condicionadas \u00e0 vagas ociosas nas disciplinas.<\/p><p>Voc\u00ea poder\u00e1 acompanhar os editais em: <span style=\"text-decoration: underline\"><strong><a href=\"https:\/\/www.ufsm.br\/pro-reitorias\/prograd\/editais\">https:\/\/www.ufsm.br\/pro-reitorias\/prograd\/editais<\/a><\/strong><\/span><\/p><p>Para mais informa\u00e7\u00f5es sobre o aluno especial, acesse <span style=\"text-decoration: underline\"><strong><a href=\"https:\/\/www.ufsm.br\/pro-reitorias\/prograd\/aluno-especial\/\">https:\/\/www.ufsm.br\/pro-reitorias\/prograd\/aluno-especial\/<\/a><\/strong><\/span><\/p><\/div>\n\t\t\t\t<\/div>\n\t\t\t\t\t\t\t<div class=\"elementor-toggle-item\">\n\t\t\t\t\t<div id=\"elementor-tab-title-2512\" class=\"elementor-tab-title\" data-tab=\"2\" role=\"button\" aria-controls=\"elementor-tab-content-2512\" aria-expanded=\"false\">\n\t\t\t\t\t\t\t\t\t\t\t\t<span class=\"elementor-toggle-icon elementor-toggle-icon-left\" aria-hidden=\"true\">\n\t\t\t\t\t\t\t\t\t\t\t\t\t\t\t<span class=\"elementor-toggle-icon-closed\"><i class=\"fas fa-caret-right\"><\/i><\/span>\n\t\t\t\t\t\t\t\t<span class=\"elementor-toggle-icon-opened\"><i class=\"elementor-toggle-icon-opened fas fa-caret-up\"><\/i><\/span>\n\t\t\t\t\t\t\t\t\t\t\t\t\t<\/span>\n\t\t\t\t\t\t\t\t\t\t\t\t<a class=\"elementor-toggle-title\" tabindex=\"0\">Quero me TRANSFERIR \/ TRANSFER\u00caNCIA por EX OFFICIO \/ AMPARO LEGAL<\/a>\n\t\t\t\t\t<\/div>\n\n\t\t\t\t\t<div id=\"elementor-tab-content-2512\" class=\"elementor-tab-content elementor-clearfix\" data-tab=\"2\" role=\"region\" aria-labelledby=\"elementor-tab-title-2512\"><p>A transfer\u00eancia por amparo legal ou ex-off\u00edcio se destinada a servidores p\u00fablicos federais civis e militares estudantes, removidos por necessidade do servi\u00e7o e a seus dependentes, desde que comprovada a remo\u00e7\u00e3o de of\u00edcio, ou seja, por necessidade comprovada de servi\u00e7o e n\u00e3o por interesse pr\u00f3prio, que acarrete mudan\u00e7a de domic\u00edlio para o munic\u00edpio onde se situe a institui\u00e7\u00e3o recebedora (UFSM), ou para a localidade mais pr\u00f3xima desta institui\u00e7\u00e3o, respeitada a congeneridade das IES.<\/p><p>Sobre os documentos necess\u00e1rios e mais informa\u00e7\u00f5es para abertura do processo, acesse <span style=\"text-decoration: underline\"><strong><a href=\"https:\/\/www.ufsm.br\/pro-reitorias\/prograd\/servicos\/transferencia-por-amparo-legal-ex-oficio\/\">https:\/\/www.ufsm.br\/pro-reitorias\/prograd\/servicos\/transferencia-por-amparo-legal-ex-oficio\/<\/a><\/strong><\/span><\/p><p>A respeito do envio dos documentos, o interessado deve fazer o pagamento de R$ 29,00 da taxa de inscri\u00e7\u00e3o por meio de GRU (Guia de Recolhimento da Uni\u00e3o) e realizar a abertura de processo administrativo por meio de Processo Eletr\u00f4nico (PEN-SIE).<\/p><p>O Protocolo Geral da UFSM oferece tutoriais para que o interessado acesse e realize os procedimentos para a abertura dos Processos de transfer\u00eancia por amparo legal como usu\u00e1rio externo <span style=\"text-decoration: underline\"><strong><a href=\"https:\/\/www.ufsm.br\/orgaos-suplementares\/dag\/pen\/servicos\/cadastro-de-usuarios-externos\/\">https:\/\/www.ufsm.br\/orgaos-suplementares\/dag\/pen\/servicos\/cadastro-de-usuarios-externos\/<\/a><\/strong><\/span><\/p><p>\u00a0<\/p><\/div>\n\t\t\t\t<\/div>\n\t\t\t\t\t\t\t<div class=\"elementor-toggle-item\">\n\t\t\t\t\t<div id=\"elementor-tab-title-2513\" class=\"elementor-tab-title\" data-tab=\"3\" role=\"button\" aria-controls=\"elementor-tab-content-2513\" aria-expanded=\"false\">\n\t\t\t\t\t\t\t\t\t\t\t\t<span class=\"elementor-toggle-icon elementor-toggle-icon-left\" aria-hidden=\"true\">\n\t\t\t\t\t\t\t\t\t\t\t\t\t\t\t<span class=\"elementor-toggle-icon-closed\"><i class=\"fas fa-caret-right\"><\/i><\/span>\n\t\t\t\t\t\t\t\t<span class=\"elementor-toggle-icon-opened\"><i class=\"elementor-toggle-icon-opened fas fa-caret-up\"><\/i><\/span>\n\t\t\t\t\t\t\t\t\t\t\t\t\t<\/span>\n\t\t\t\t\t\t\t\t\t\t\t\t<a class=\"elementor-toggle-title\" tabindex=\"0\">Quero me TRANSFERIR \/ TRANSFER\u00caNCIA\/ REINGRESSAR\/ ENTRAR COMO PORTADOR DE DIPLOMA\/ REINGRESSO<\/a>\n\t\t\t\t\t<\/div>\n\n\t\t\t\t\t<div id=\"elementor-tab-content-2513\" class=\"elementor-tab-content elementor-clearfix\" data-tab=\"3\" role=\"region\" aria-labelledby=\"elementor-tab-title-2513\"><p>Semestralmente, em datas definidas no calend\u00e1rio acad\u00eamico, a PROGRAD (Pr\u00f3 &#8211; Reitoria de Gradua\u00e7\u00e3o) publica Editais de Preenchimento de Vagas &#8211;\u00a0Ingresso\/Reingresso, dispon\u00edveis no link &#8220;Editais&#8221; do portal\u00a0<a href=\"http:\/\/www.ufsm.br\/\"><span style=\"text-decoration: underline\"><strong>www.ufsm.br<\/strong><\/span><\/a>, de acordo com a Resolu\u00e7\u00e3o N. 013\/2015.\u00a0Salienta-se que as vagas oferecidas s\u00e3o definidas pelo saldo de vagas dos cursos. Os crit\u00e9rios de\u00a0ingresso tamb\u00e9m s\u00e3o definidos pelo pr\u00f3prio curso.\u00a0<\/p><p>Orientamos que fique atento(a) \u00e0s publica\u00e7\u00f5es nas p\u00e1ginas oficiais da UFSM.Voc\u00ea poder\u00e1 acompanhar os editais em:\u00a0<br \/><span style=\"text-decoration: underline\"><strong><a href=\"https:\/\/www.ufsm.br\/pro-reitorias\/prograd\/ingresse-na-ufsm\/edital-de-ingresso-reingresso\/\">https:\/\/www.ufsm.br\/pro-reitorias\/prograd\/ingresse-na-ufsm\/edital-de-ingresso-reingresso\/<\/a><\/strong><\/span><\/p><\/div>\n\t\t\t\t<\/div>\n\t\t\t\t\t\t\t<div class=\"elementor-toggle-item\">\n\t\t\t\t\t<div id=\"elementor-tab-title-2514\" class=\"elementor-tab-title\" data-tab=\"4\" role=\"button\" aria-controls=\"elementor-tab-content-2514\" aria-expanded=\"false\">\n\t\t\t\t\t\t\t\t\t\t\t\t<span class=\"elementor-toggle-icon elementor-toggle-icon-left\" aria-hidden=\"true\">\n\t\t\t\t\t\t\t\t\t\t\t\t\t\t\t<span class=\"elementor-toggle-icon-closed\"><i class=\"fas fa-caret-right\"><\/i><\/span>\n\t\t\t\t\t\t\t\t<span class=\"elementor-toggle-icon-opened\"><i class=\"elementor-toggle-icon-opened fas fa-caret-up\"><\/i><\/span>\n\t\t\t\t\t\t\t\t\t\t\t\t\t<\/span>\n\t\t\t\t\t\t\t\t\t\t\t\t<a class=\"elementor-toggle-title\" tabindex=\"0\">Quero me TRANSFERIR \/ TRANSFER\u00caNCIA\/ REINGRESSAR\/ PORTADOR DE DIPLOMA\/ REINGRESSO para curso EAD<\/a>\n\t\t\t\t\t<\/div>\n\n\t\t\t\t\t<div id=\"elementor-tab-content-2514\" class=\"elementor-tab-content elementor-clearfix\" data-tab=\"4\" role=\"region\" aria-labelledby=\"elementor-tab-title-2514\"><p>A transfer\u00eancia \/ O reingresso \/ O ingresso como portador de diploma entre cursos \u00e9 realizada por editais espec\u00edficos, os editais de Ingresso\/Reingresso. A inclus\u00e3o de vagas nesses editais \u00e9 solicitada pela coordena\u00e7\u00e3o de cada curso.\u00a0<\/p><p>Os editais dos cursos EAD s\u00e3o divulgados na p\u00e1gina <span style=\"text-decoration: underline\"><strong><a href=\"https:\/\/www.ufsm.br\/pro-reitorias\/prograd\/cte\">https:\/\/www.ufsm.br\/pro-reitorias\/prograd\/cte<\/a><\/strong><\/span> e tamb\u00e9m nas redes sociais.<\/p><p>Voc\u00ea poder\u00e1 acompanhar os editais de Ingresso\/Reingresso em:\u00a0<br \/><span style=\"text-decoration: underline\"><strong><a href=\"https:\/\/www.ufsm.br\/pro-reitorias\/prograd\/ingresse-na-ufsm\/edital-de-ingresso-reingresso\/\">https:\/\/www.ufsm.br\/pro-reitorias\/prograd\/ingresse-na-ufsm\/edital-de-ingresso-reingresso\/<\/a><\/strong><\/span><\/p><\/div>\n\t\t\t\t<\/div>\n\t\t\t\t\t\t\t<div class=\"elementor-toggle-item\">\n\t\t\t\t\t<div id=\"elementor-tab-title-2515\" class=\"elementor-tab-title\" data-tab=\"5\" role=\"button\" aria-controls=\"elementor-tab-content-2515\" aria-expanded=\"false\">\n\t\t\t\t\t\t\t\t\t\t\t\t<span class=\"elementor-toggle-icon elementor-toggle-icon-left\" aria-hidden=\"true\">\n\t\t\t\t\t\t\t\t\t\t\t\t\t\t\t<span class=\"elementor-toggle-icon-closed\"><i class=\"fas fa-caret-right\"><\/i><\/span>\n\t\t\t\t\t\t\t\t<span class=\"elementor-toggle-icon-opened\"><i class=\"elementor-toggle-icon-opened fas fa-caret-up\"><\/i><\/span>\n\t\t\t\t\t\t\t\t\t\t\t\t\t<\/span>\n\t\t\t\t\t\t\t\t\t\t\t\t<a class=\"elementor-toggle-title\" tabindex=\"0\">Tenho d\u00favidas sobre EDITAL ESPEC\u00cdFICO \/ EDITAL DO CURSO DE INGRESSO\/REINGRESSO?<\/a>\n\t\t\t\t\t<\/div>\n\n\t\t\t\t\t<div id=\"elementor-tab-content-2515\" class=\"elementor-tab-content elementor-clearfix\" data-tab=\"5\" role=\"region\" aria-labelledby=\"elementor-tab-title-2515\"><p>Voc\u00ea deve verificar se atende as modalidades e crit\u00e9rios de sele\u00e7\u00e3o e classifica\u00e7\u00e3o do curso pretendido em seu edital espec\u00edfico. Para mais informa\u00e7\u00f5es sobre os crit\u00e9rios que o curso estabeleceu, o curso disponibilizou um contato ao final de sua parte espec\u00edfica.<\/p><p>Voc\u00ea poder\u00e1 acompanhar os editais espec\u00edficos em: <span style=\"text-decoration: underline\"><strong><a href=\"https:\/\/www.ufsm.br\/pro-reitorias\/prograd\/ingresse-na-ufsm\/edital-de-ingresso-reingresso\/\">https:\/\/www.ufsm.br\/pro-reitorias\/prograd\/ingresse-na-ufsm\/edital-de-ingresso-reingresso\/<\/a><\/strong><\/span><\/p><\/div>\n\t\t\t\t<\/div>\n\t\t\t\t\t\t\t\t<\/div>\n\t\t\t\t<\/div>\n\t\t\t\t<\/div>\n\t\t\t\t\t<\/div>\n\t\t<\/div>\n\t\t\t\t\t<\/div>\n\t\t<\/section>\n\t\t\t\t<section class=\"elementor-section elementor-top-section elementor-element elementor-element-b70a871 elementor-section-boxed elementor-section-height-default elementor-section-height-default\" data-id=\"b70a871\" data-element_type=\"section\">\n\t\t\t\t\t\t<div class=\"elementor-container elementor-column-gap-default\">\n\t\t\t\t\t<div class=\"elementor-column elementor-col-100 elementor-top-column elementor-element elementor-element-048d120\" data-id=\"048d120\" data-element_type=\"column\">\n\t\t\t<div class=\"elementor-widget-wrap elementor-element-populated\">\n\t\t\t\t\t\t<div class=\"elementor-element elementor-element-5c47c42 elementor-button-info elementor-align-center elementor-widget elementor-widget-button\" data-id=\"5c47c42\" data-element_type=\"widget\" data-widget_type=\"button.default\">\n\t\t\t\t<div class=\"elementor-widget-container\">\n\t\t\t\t\t\t\t<div class=\"elementor-button-wrapper\">\n\t\t\t\t\t<a class=\"elementor-button elementor-button-link elementor-size-sm\" href=\"https:\/\/www.ufsm.br\/pro-reitorias\/prograd\/cofre-corem\">\n\t\t\t\t\t\t<span class=\"elementor-button-content-wrapper\">\n\t\t\t\t\t\t\t\t\t<span class=\"elementor-button-text\">Mais informa\u00e7\u00f5es entre em contato com a COFRE\/COREM<\/span>\n\t\t\t\t\t<\/span>\n\t\t\t\t\t<\/a>\n\t\t\t\t<\/div>\n\t\t\t\t\t\t<\/div>\n\t\t\t\t<\/div>\n\t\t\t\t\t<\/div>\n\t\t<\/div>\n\t\t\t\t\t<\/div>\n\t\t<\/section>\n\t\t\t\t<\/div>\n\t\t","protected":false},"excerpt":{"rendered":"<p>Perguntas Frequentes Aluno especial, Ingresso\/Reingresso e Ex Officio Nesta se\u00e7\u00e3o, voc\u00ea encontra perguntas frequentes sobre: ALUNO ESPECIAL EX OFFICIO AMPARO LEGAL INGRESSO \/ REINGRESSO\u200b Como funciona o Aluno Especial? O processo seletivo de aluno especial de gradua\u00e7\u00e3o permite aos portadores de diploma de gradua\u00e7\u00e3o frequentarem algumas disciplinas em curso(s) de gradua\u00e7\u00e3o sem gerar v\u00ednculo com [&hellip;]<\/p>\n","protected":false},"author":278,"featured_media":0,"parent":17415,"menu_order":0,"comment_status":"closed","ping_status":"closed","template":"","meta":{"footnotes":""},"categories":[],"tags":[],"class_list":["post-20338","page","type-page","status-publish","hentry"],"acf":[],"_links":{"self":[{"href":"https:\/\/www.ufsm.br\/pro-reitorias\/prograd\/wp-json\/wp\/v2\/pages\/20338","targetHints":{"allow":["GET"]}}],"collection":[{"href":"https:\/\/www.ufsm.br\/pro-reitorias\/prograd\/wp-json\/wp\/v2\/pages"}],"about":[{"href":"https:\/\/www.ufsm.br\/pro-reitorias\/prograd\/wp-json\/wp\/v2\/types\/page"}],"author":[{"embeddable":true,"href":"https:\/\/www.ufsm.br\/pro-reitorias\/prograd\/wp-json\/wp\/v2\/users\/278"}],"replies":[{"embeddable":true,"href":"https:\/\/www.ufsm.br\/pro-reitorias\/prograd\/wp-json\/wp\/v2\/comments?post=20338"}],"version-history":[{"count":0,"href":"https:\/\/www.ufsm.br\/pro-reitorias\/prograd\/wp-json\/wp\/v2\/pages\/20338\/revisions"}],"up":[{"embeddable":true,"href":"https:\/\/www.ufsm.br\/pro-reitorias\/prograd\/wp-json\/wp\/v2\/pages\/17415"}],"wp:attachment":[{"href":"https:\/\/www.ufsm.br\/pro-reitorias\/prograd\/wp-json\/wp\/v2\/media?parent=20338"}],"wp:term":[{"taxonomy":"category","embeddable":true,"href":"https:\/\/www.ufsm.br\/pro-reitorias\/prograd\/wp-json\/wp\/v2\/categories?post=20338"},{"taxonomy":"post_tag","embeddable":true,"href":"https:\/\/www.ufsm.br\/pro-reitorias\/prograd\/wp-json\/wp\/v2\/tags?post=20338"}],"curies":[{"name":"wp","href":"https:\/\/api.w.org\/{rel}","templated":true}]}}