{"id":21616,"date":"2023-11-08T10:47:19","date_gmt":"2023-11-08T13:47:19","guid":{"rendered":"https:\/\/www.ufsm.br\/pro-reitorias\/prograd\/?page_id=21616"},"modified":"2025-11-17T14:41:11","modified_gmt":"2025-11-17T17:41:11","slug":"processo-seletivo-de-ingresso-para-pessoas-de-comunidades-quilombolas","status":"publish","type":"page","link":"https:\/\/www.ufsm.br\/pro-reitorias\/prograd\/ingresse-na-ufsm\/processo-seletivo-de-ingresso-para-pessoas-de-comunidades-quilombolas","title":{"rendered":"Processo Seletivo de Ingresso para Pessoas de Comunidades\u00a0Quilombolas"},"content":{"rendered":"\t\t<div data-elementor-type=\"wp-page\" data-elementor-id=\"21616\" class=\"elementor elementor-21616\">\n\t\t\t\t\t\t<section class=\"elementor-section elementor-top-section elementor-element elementor-element-31e10da elementor-section-boxed elementor-section-height-default elementor-section-height-default\" data-id=\"31e10da\" data-element_type=\"section\" data-settings=\"{&quot;background_background&quot;:&quot;classic&quot;}\">\n\t\t\t\t\t\t<div class=\"elementor-container elementor-column-gap-default\">\n\t\t\t\t\t<div class=\"elementor-column elementor-col-100 elementor-top-column elementor-element elementor-element-f7747a7\" data-id=\"f7747a7\" data-element_type=\"column\">\n\t\t\t<div class=\"elementor-widget-wrap elementor-element-populated\">\n\t\t\t\t\t\t<div class=\"elementor-element elementor-element-2c7941d elementor-widget elementor-widget-heading\" data-id=\"2c7941d\" data-element_type=\"widget\" data-widget_type=\"heading.default\">\n\t\t\t\t<div class=\"elementor-widget-container\">\n\t\t\t<h2 class=\"elementor-heading-title elementor-size-default\">Processo Seletivo de Ingresso para Pessoas de Comunidades Quilombolas<\/h2>\t\t<\/div>\n\t\t\t\t<\/div>\n\t\t\t\t\t<\/div>\n\t\t<\/div>\n\t\t\t\t\t<\/div>\n\t\t<\/section>\n\t\t\t\t<section class=\"elementor-section elementor-top-section elementor-element elementor-element-114c469 elementor-section-boxed elementor-section-height-default elementor-section-height-default\" data-id=\"114c469\" data-element_type=\"section\">\n\t\t\t\t\t\t<div class=\"elementor-container elementor-column-gap-default\">\n\t\t\t\t\t<div class=\"elementor-column elementor-col-100 elementor-top-column elementor-element elementor-element-8e65d1b\" data-id=\"8e65d1b\" data-element_type=\"column\">\n\t\t\t<div class=\"elementor-widget-wrap elementor-element-populated\">\n\t\t\t\t\t\t<div class=\"elementor-element elementor-element-564cd59 elementor-widget elementor-widget-text-editor\" data-id=\"564cd59\" data-element_type=\"widget\" data-widget_type=\"text-editor.default\">\n\t\t\t\t<div class=\"elementor-widget-container\">\n\t\t\t\t\t\t\t<h3><strong>EDITAL VIGENTE<\/strong><\/h3><p class=\"my-2 py-2 editais-titulo\"><img fetchpriority=\"high\" decoding=\"async\" class=\"alignright wp-image-25348\" src=\"https:\/\/www.ufsm.br\/app\/uploads\/sites\/342\/2025\/10\/PS-Quilombola-240x300.jpg\" alt=\"\" width=\"500\" height=\"624\" srcset=\"https:\/\/www.ufsm.br\/app\/uploads\/sites\/342\/2025\/10\/PS-Quilombola-240x300.jpg 240w, https:\/\/www.ufsm.br\/app\/uploads\/sites\/342\/2025\/10\/PS-Quilombola-820x1024.jpg 820w, https:\/\/www.ufsm.br\/app\/uploads\/sites\/342\/2025\/10\/PS-Quilombola-768x959.jpg 768w, https:\/\/www.ufsm.br\/app\/uploads\/sites\/342\/2025\/10\/PS-Quilombola.jpg 1081w\" sizes=\"(max-width: 500px) 100vw, 500px\" \/><\/p><h4 class=\"my-2 py-2 editais-titulo\"><a href=\"https:\/\/www.ufsm.br\/pro-reitorias\/prograd\/editais\/088-2025\">Edital 088\/2025<\/a> \u2013 Processo Seletivo de ingresso de Pessoas de Comunidades Quilombolas UFSM 2026 <strong>(<span style=\"color: #ff0000\">INSCRI\u00c7\u00d5ES AT\u00c9 20\/11\/2025<\/span>).<\/strong><\/h4><p class=\"my-2 py-2 editais-titulo\">A Universidade Federal de Santa Maria, UFSM, por meio da Pr\u00f3-Reitoria de Gradua\u00e7\u00e3o, PROGRAD, torna p\u00fablico que, no per\u00edodo de <strong>09<\/strong><b> de outubro a 16 de novembro de 2025,<\/b>\u00a0estar\u00e3o abertas as inscri\u00e7\u00f5es para o\u00a0<strong>Processo Seletivo de Ingresso de Pessoas de Comunidades Quilombolas UFSM 2026. <\/strong><\/p><p class=\"my-2 py-2 editais-titulo\">O objetivo \u00e9 o preenchimento de <strong>104 vagas em 70 cursos de gradua\u00e7\u00e3o presencial desta Universidade, para ingresso no ano de 2026<\/strong>, conforme Resolu\u00e7\u00e3o UFSM N. 125, de 19 de abril de 2023.<\/p><p class=\"western\" lang=\"pt-BR\" align=\"justify\">O Processo Seletivo de Ingresso de Pessoas de Comunidades Quilombolas UFSM 2026 ser\u00e1 constitu\u00eddo por uma prova com 20 quest\u00f5es de m\u00faltipla escolha, composta pelas disciplinas de:<\/p><ul><li class=\"western\" lang=\"pt-BR\">Biologia (03 quest\u00f5es);<\/li><li lang=\"pt-BR\">Hist\u00f3ria (04 quest\u00f5es);<\/li><li lang=\"pt-BR\">L\u00edngua Portuguesa (10 quest\u00f5es);<\/li><li lang=\"pt-BR\">Matem\u00e1tica (03 quest\u00f5es);<\/li><li lang=\"pt-BR\">e por uma prova de Reda\u00e7\u00e3o relacionada \u00e0 tem\u00e1tica quilombola (equivalente a 5 acertos).<\/li><\/ul><p class=\"western\" lang=\"pt-BR\" align=\"justify\">A prova objetiva e a prova de reda\u00e7\u00e3o ser\u00e3o realizadas no dia <b>14 de dezembro de 2025<\/b>, das\u00a0<b>09h \u00e0s 14h<\/b>, nos munic\u00edpios-sede de <strong>Santa Maria (RS), Frederico Westphalen (RS) e Passo Fundo (RS).<\/strong><\/p><p lang=\"pt-BR\" align=\"justify\">Outras informa\u00e7\u00f5es podem ser solicitadas ao <strong>N\u00facleo de Ingresso e Sele\u00e7\u00e3o Acad\u00eamicos<\/strong>, pelo e-mail\u00a0<a class=\"notranslate\" href=\"mailto:falecom@nisa.ufsm.br\"><strong>falecom@nisa.ufsm.br<\/strong><\/a>.\u00a0<\/p><h4 lang=\"pt-BR\" align=\"justify\">EDITAIS ANTERIORES\u00a0<\/h4><p class=\"my-2 py-2 editais-titulo\"><a href=\"https:\/\/www.ufsm.br\/pro-reitorias\/prograd\/editais\/084-2024\"><strong>Edital 084\/2024<\/strong><\/a> \u2013 Processo Seletivo de Ingresso de Pessoas de Comunidades Quilombolas UFSM 2025<\/p><p lang=\"pt-BR\" align=\"justify\"><a href=\"https:\/\/www.ufsm.br\/pro-reitorias\/prograd\/editais\/009-2024\"><strong>Edital 009\/2024 Prograd UFSM \u2013 <\/strong><\/a><strong>Processo Seletivo de Ingresso de Pessoas de Comunidades Quilombolas UFSM 2024<\/strong> \u00a0<\/p>\t\t\t\t\t\t<\/div>\n\t\t\t\t<\/div>\n\t\t\t\t\t<\/div>\n\t\t<\/div>\n\t\t\t\t\t<\/div>\n\t\t<\/section>\n\t\t\t\t<\/div>\n\t\t","protected":false},"excerpt":{"rendered":"<p>Processo Seletivo de Ingresso para Pessoas de Comunidades Quilombolas EDITAL VIGENTE Edital 088\/2025 \u2013 Processo Seletivo de ingresso de Pessoas de Comunidades Quilombolas UFSM 2026 (INSCRI\u00c7\u00d5ES AT\u00c9 20\/11\/2025). A Universidade Federal de Santa Maria, UFSM, por meio da Pr\u00f3-Reitoria de Gradua\u00e7\u00e3o, PROGRAD, torna p\u00fablico que, no per\u00edodo de 09 de outubro a 16 de novembro [&hellip;]<\/p>\n","protected":false},"author":278,"featured_media":0,"parent":17491,"menu_order":0,"comment_status":"closed","ping_status":"closed","template":"","meta":{"footnotes":""},"categories":[],"tags":[],"class_list":["post-21616","page","type-page","status-publish","hentry"],"acf":[],"_links":{"self":[{"href":"https:\/\/www.ufsm.br\/pro-reitorias\/prograd\/wp-json\/wp\/v2\/pages\/21616","targetHints":{"allow":["GET"]}}],"collection":[{"href":"https:\/\/www.ufsm.br\/pro-reitorias\/prograd\/wp-json\/wp\/v2\/pages"}],"about":[{"href":"https:\/\/www.ufsm.br\/pro-reitorias\/prograd\/wp-json\/wp\/v2\/types\/page"}],"author":[{"embeddable":true,"href":"https:\/\/www.ufsm.br\/pro-reitorias\/prograd\/wp-json\/wp\/v2\/users\/278"}],"replies":[{"embeddable":true,"href":"https:\/\/www.ufsm.br\/pro-reitorias\/prograd\/wp-json\/wp\/v2\/comments?post=21616"}],"version-history":[{"count":0,"href":"https:\/\/www.ufsm.br\/pro-reitorias\/prograd\/wp-json\/wp\/v2\/pages\/21616\/revisions"}],"up":[{"embeddable":true,"href":"https:\/\/www.ufsm.br\/pro-reitorias\/prograd\/wp-json\/wp\/v2\/pages\/17491"}],"wp:attachment":[{"href":"https:\/\/www.ufsm.br\/pro-reitorias\/prograd\/wp-json\/wp\/v2\/media?parent=21616"}],"wp:term":[{"taxonomy":"category","embeddable":true,"href":"https:\/\/www.ufsm.br\/pro-reitorias\/prograd\/wp-json\/wp\/v2\/categories?post=21616"},{"taxonomy":"post_tag","embeddable":true,"href":"https:\/\/www.ufsm.br\/pro-reitorias\/prograd\/wp-json\/wp\/v2\/tags?post=21616"}],"curies":[{"name":"wp","href":"https:\/\/api.w.org\/{rel}","templated":true}]}}