{"id":21620,"date":"2023-11-08T10:58:13","date_gmt":"2023-11-08T13:58:13","guid":{"rendered":"https:\/\/www.ufsm.br\/pro-reitorias\/prograd\/?page_id=21620"},"modified":"2026-03-29T05:56:48","modified_gmt":"2026-03-29T08:56:48","slug":"processo-seletivo-para-ingresso-de-pessoas-transgeneros","status":"publish","type":"page","link":"https:\/\/www.ufsm.br\/pro-reitorias\/prograd\/ingresse-na-ufsm\/processo-seletivo-para-ingresso-de-pessoas-transgeneros","title":{"rendered":"Processo Seletivo para Ingresso de Pessoas Transg\u00eaneros"},"content":{"rendered":"\t\t<div data-elementor-type=\"wp-page\" data-elementor-id=\"21620\" class=\"elementor elementor-21620\">\n\t\t\t\t\t\t<section class=\"elementor-section elementor-top-section elementor-element elementor-element-d1063ce elementor-section-boxed elementor-section-height-default elementor-section-height-default\" data-id=\"d1063ce\" data-element_type=\"section\" data-settings=\"{&quot;background_background&quot;:&quot;classic&quot;}\">\n\t\t\t\t\t\t<div class=\"elementor-container elementor-column-gap-default\">\n\t\t\t\t\t<div class=\"elementor-column elementor-col-100 elementor-top-column elementor-element elementor-element-ea832b7\" data-id=\"ea832b7\" data-element_type=\"column\">\n\t\t\t<div class=\"elementor-widget-wrap elementor-element-populated\">\n\t\t\t\t\t\t<div class=\"elementor-element elementor-element-ee08efa elementor-widget elementor-widget-heading\" data-id=\"ee08efa\" data-element_type=\"widget\" data-widget_type=\"heading.default\">\n\t\t\t\t<div class=\"elementor-widget-container\">\n\t\t\t<h2 class=\"elementor-heading-title elementor-size-default\">Processo Seletivo de Ingresso para Pessoas Transg\u00eaneros<\/h2>\t\t<\/div>\n\t\t\t\t<\/div>\n\t\t\t\t\t<\/div>\n\t\t<\/div>\n\t\t\t\t\t<\/div>\n\t\t<\/section>\n\t\t\t\t<section class=\"elementor-section elementor-top-section elementor-element elementor-element-2eae70d elementor-section-boxed elementor-section-height-default elementor-section-height-default\" data-id=\"2eae70d\" data-element_type=\"section\">\n\t\t\t\t\t\t<div class=\"elementor-container elementor-column-gap-default\">\n\t\t\t\t\t<div class=\"elementor-column elementor-col-50 elementor-top-column elementor-element elementor-element-7cb9282\" data-id=\"7cb9282\" data-element_type=\"column\">\n\t\t\t<div class=\"elementor-widget-wrap elementor-element-populated\">\n\t\t\t\t\t\t<div class=\"elementor-element elementor-element-46829c0 elementor-widget elementor-widget-text-editor\" data-id=\"46829c0\" data-element_type=\"widget\" data-widget_type=\"text-editor.default\">\n\t\t\t\t<div class=\"elementor-widget-container\">\n\t\t\t\t\t\t\t<p>Inscri\u00e7\u00f5es abertas, no per\u00edodo de <strong>03 de setembro a 23 de dezembro de 2025,<\/strong> para o <a href=\"https:\/\/www.ufsm.br\/pro-reitorias\/prograd\/editais\/077-2025\"><strong>Processo Seletivo de Ingresso de Pessoas Transg\u00eanero UFSM 2026<\/strong><\/a>, compreendidas as pessoas transg\u00eaneros e travestis, com objetivo de preenchimento de <strong>103 vagas em 69 cursos de gradua\u00e7\u00e3o presenciais<\/strong> desta Universidade, conforme Resolu\u00e7\u00e3o UFSM N. 125, de 19 de abril de 2023.\u00a0<\/p><p><strong>Poder\u00e3o participar do Processo Seletivo as pessoas que tenham realizado o Exame Nacional do Ensino M\u00e9dio (ENEM) completo, com presen\u00e7a em todas as provas, em pelo menos um dos seguintes anos: 2025, 2024, 2023, 2022 ou 2021. \u00a0<\/strong><\/p><p>Em caso de participa\u00e7\u00e3o em mais de uma edi\u00e7\u00e3o do ENEM, o sistema automaticamente vai considerar o ano cuja pontua\u00e7\u00e3o for a mais alta.<\/p><p>Outras informa\u00e7\u00f5es podem ser solicitadas ao e-mail <a href=\"mailto:falecom@nisa.ufsm.br\"><strong>falecom@nisa.ufsm.br<\/strong><\/a>.\u00a0\u00a0<\/p>\t\t\t\t\t\t<\/div>\n\t\t\t\t<\/div>\n\t\t\t\t<div class=\"elementor-element elementor-element-8ffa7b5 elementor-widget elementor-widget-button\" data-id=\"8ffa7b5\" data-element_type=\"widget\" data-widget_type=\"button.default\">\n\t\t\t\t<div class=\"elementor-widget-container\">\n\t\t\t\t\t\t\t<div class=\"elementor-button-wrapper\">\n\t\t\t\t\t<a class=\"elementor-button elementor-button-link elementor-size-sm\" href=\"https:\/\/www.ufsm.br\/pro-reitorias\/prograd\/editais\/077-2025\">\n\t\t\t\t\t\t<span class=\"elementor-button-content-wrapper\">\n\t\t\t\t\t\t\t\t\t<span class=\"elementor-button-text\">Clique aqui para acessar o EDITAL com MODELOS DOCUMENTAIS e o PAINEL DO(A) CANDIDATO(A) para realiza\u00e7\u00e3o da inscri\u00e7\u00e3o<\/span>\n\t\t\t\t\t<\/span>\n\t\t\t\t\t<\/a>\n\t\t\t\t<\/div>\n\t\t\t\t\t\t<\/div>\n\t\t\t\t<\/div>\n\t\t\t\t\t<\/div>\n\t\t<\/div>\n\t\t\t\t<div class=\"elementor-column elementor-col-50 elementor-top-column elementor-element elementor-element-fa5a9d9\" data-id=\"fa5a9d9\" data-element_type=\"column\">\n\t\t\t<div class=\"elementor-widget-wrap elementor-element-populated\">\n\t\t\t\t\t\t<div class=\"elementor-element elementor-element-12ac263 elementor-widget elementor-widget-image\" data-id=\"12ac263\" data-element_type=\"widget\" data-widget_type=\"image.default\">\n\t\t\t\t<div class=\"elementor-widget-container\">\n\t\t\t\t\t\t\t\t\t\t\t\t\t\t<a href=\"https:\/\/www.ufsm.br\/pro-reitorias\/prograd\/editais\/081-2024\">\n\t\t\t\t\t\t\t<img decoding=\"async\" src=\"https:\/\/www.ufsm.br\/app\/uploads\/sites\/342\/elementor\/thumbs\/PS-Trans-inscricoes-abertas-rb7v8iw9uufc8cux5xd20vnnz7iq5rlc8fj8sehdo0.jpg\" title=\"PS Trans &#8211; inscri\u00e7\u00f5es abertas\" alt=\"PS Trans - inscri\u00e7\u00f5es abertas\" loading=\"lazy\" \/>\t\t\t\t\t\t\t\t<\/a>\n\t\t\t\t\t\t\t\t\t\t\t\t\t<\/div>\n\t\t\t\t<\/div>\n\t\t\t\t\t<\/div>\n\t\t<\/div>\n\t\t\t\t\t<\/div>\n\t\t<\/section>\n\t\t\t\t<section class=\"elementor-section elementor-top-section elementor-element elementor-element-03f9682 elementor-section-boxed elementor-section-height-default elementor-section-height-default\" data-id=\"03f9682\" data-element_type=\"section\">\n\t\t\t\t\t\t<div class=\"elementor-container elementor-column-gap-default\">\n\t\t\t\t\t<div class=\"elementor-column elementor-col-100 elementor-top-column elementor-element elementor-element-6ae4334\" data-id=\"6ae4334\" data-element_type=\"column\">\n\t\t\t<div class=\"elementor-widget-wrap elementor-element-populated\">\n\t\t\t\t\t\t<div class=\"elementor-element elementor-element-34f3908 elementor-widget elementor-widget-text-editor\" data-id=\"34f3908\" data-element_type=\"widget\" data-widget_type=\"text-editor.default\">\n\t\t\t\t<div class=\"elementor-widget-container\">\n\t\t\t\t\t\t\t<h4><b>EDITAL VIGENTE<\/b><\/h4><div><b><a href=\"https:\/\/www.ufsm.br\/pro-reitorias\/prograd\/editais\/077-2025\" target=\"_self\">Edital N. 077\/2025 PROGRAD\/UFSM &#8211; Processo Seletivo de ingresso de Pessoas Transg\u00eaneros UFSM 2026<\/a><\/b><\/div><h4>\u00a0<\/h4><h4><strong>EDITAIS ANTERIORES<\/strong><\/h4><p><strong><a href=\"https:\/\/www.ufsm.br\/pro-reitorias\/prograd\/editais\/081-2024\" target=\"_self\">Edital N. 081\/2024 &#8211; Processo Seletivo de Ingresso de Pessoas Transg\u00eaneros UFSM 2025<\/a><\/strong><\/p><p><a href=\"https:\/\/www.ufsm.br\/pro-reitorias\/prograd\/editais\/127-2023\"><strong>Edital 127\/2024 &#8211; Processo Seletivo para Pessoas Transg\u00eanero UFSM 2024\u00a0<\/strong><\/a><\/p>\t\t\t\t\t\t<\/div>\n\t\t\t\t<\/div>\n\t\t\t\t\t<\/div>\n\t\t<\/div>\n\t\t\t\t\t<\/div>\n\t\t<\/section>\n\t\t\t\t<\/div>\n\t\t","protected":false},"excerpt":{"rendered":"<p>Processo Seletivo de Ingresso para Pessoas Transg\u00eaneros Inscri\u00e7\u00f5es abertas, no per\u00edodo de 03 de setembro a 23 de dezembro de 2025, para o Processo Seletivo de Ingresso de Pessoas Transg\u00eanero UFSM 2026, compreendidas as pessoas transg\u00eaneros e travestis, com objetivo de preenchimento de 103 vagas em 69 cursos de gradua\u00e7\u00e3o presenciais desta Universidade, conforme Resolu\u00e7\u00e3o [&hellip;]<\/p>\n","protected":false},"author":278,"featured_media":0,"parent":17491,"menu_order":0,"comment_status":"closed","ping_status":"closed","template":"","meta":{"footnotes":""},"categories":[],"tags":[],"class_list":["post-21620","page","type-page","status-publish","hentry"],"acf":[],"_links":{"self":[{"href":"https:\/\/www.ufsm.br\/pro-reitorias\/prograd\/wp-json\/wp\/v2\/pages\/21620","targetHints":{"allow":["GET"]}}],"collection":[{"href":"https:\/\/www.ufsm.br\/pro-reitorias\/prograd\/wp-json\/wp\/v2\/pages"}],"about":[{"href":"https:\/\/www.ufsm.br\/pro-reitorias\/prograd\/wp-json\/wp\/v2\/types\/page"}],"author":[{"embeddable":true,"href":"https:\/\/www.ufsm.br\/pro-reitorias\/prograd\/wp-json\/wp\/v2\/users\/278"}],"replies":[{"embeddable":true,"href":"https:\/\/www.ufsm.br\/pro-reitorias\/prograd\/wp-json\/wp\/v2\/comments?post=21620"}],"version-history":[{"count":0,"href":"https:\/\/www.ufsm.br\/pro-reitorias\/prograd\/wp-json\/wp\/v2\/pages\/21620\/revisions"}],"up":[{"embeddable":true,"href":"https:\/\/www.ufsm.br\/pro-reitorias\/prograd\/wp-json\/wp\/v2\/pages\/17491"}],"wp:attachment":[{"href":"https:\/\/www.ufsm.br\/pro-reitorias\/prograd\/wp-json\/wp\/v2\/media?parent=21620"}],"wp:term":[{"taxonomy":"category","embeddable":true,"href":"https:\/\/www.ufsm.br\/pro-reitorias\/prograd\/wp-json\/wp\/v2\/categories?post=21620"},{"taxonomy":"post_tag","embeddable":true,"href":"https:\/\/www.ufsm.br\/pro-reitorias\/prograd\/wp-json\/wp\/v2\/tags?post=21620"}],"curies":[{"name":"wp","href":"https:\/\/api.w.org\/{rel}","templated":true}]}}