{"id":21710,"date":"2023-11-27T10:28:06","date_gmt":"2023-11-27T13:28:06","guid":{"rendered":"https:\/\/www.ufsm.br\/pro-reitorias\/prograd\/?page_id=21710"},"modified":"2024-04-08T16:33:07","modified_gmt":"2024-04-08T19:33:07","slug":"musica-danca","status":"publish","type":"page","link":"https:\/\/www.ufsm.br\/pro-reitorias\/prograd\/ingresse-na-ufsm\/musica-danca","title":{"rendered":"Antigo edital Dan\u00e7a Bacharelado e M\u00fasica"},"content":{"rendered":"\n\n\n<p>\u00a0<\/p>\n<p>O antigo edital de ingresso nos cursos de<strong> Dan\u00e7a Bacharelado e M\u00fasica<\/strong> (M\u00fasica e Tecnologia, M\u00fasica Bacharelado e M\u00fasica Licenciatura) foi desmembrado.<\/p>\n<p><br \/>O Edital de inscri\u00e7\u00e3o nos <strong>cursos de M\u00fasica da UFSM <\/strong>pode ser acessado em <a href=\"https:\/\/www.ufsm.br\/pro-reitorias\/prograd\/ingresse-na-ufsm\/musica\"><strong>https:\/\/www.ufsm.br\/pro-reitorias\/prograd\/ingresse-na-ufsm\/musica\u00a0<\/strong><\/a><\/p>\n<p>Para informa\u00e7\u00f5es sobre ingresso nos <strong>cursos de Dan\u00e7a da UFSM<\/strong>, via SiSU ou Vestibular, consulte instru\u00e7\u00f5es em <a href=\"https:\/\/www.ufsm.br\/pro-reitorias\/prograd\/ingresse-na-ufsm\"><strong>https:\/\/www.ufsm.br\/pro-reitorias\/prograd\/ingresse-na-ufsm\u00a0<\/strong><\/a><\/p>\n<p>Outras informa\u00e7\u00f5es podem ser solicitadas ao <strong>N\u00facleo de Ingresso e Sele\u00e7\u00e3o Acad\u00eamicos da UFSM<\/strong>, pelo email <a href=\"mailto:falecom@nisa.ufsm.br\"><strong>falecom@nisa.ufsm.br<\/strong><\/a>.\u00a0\u00a0<\/p>\n","protected":false},"excerpt":{"rendered":"<p>\u00a0 O antigo edital de ingresso nos cursos de Dan\u00e7a Bacharelado e M\u00fasica (M\u00fasica e Tecnologia, M\u00fasica Bacharelado e M\u00fasica Licenciatura) foi desmembrado. O Edital de inscri\u00e7\u00e3o nos cursos de M\u00fasica da UFSM pode ser acessado em https:\/\/www.ufsm.br\/pro-reitorias\/prograd\/ingresse-na-ufsm\/musica\u00a0 Para informa\u00e7\u00f5es sobre ingresso nos cursos de Dan\u00e7a da UFSM, via SiSU ou Vestibular, consulte instru\u00e7\u00f5es em [&hellip;]<\/p>\n","protected":false},"author":95,"featured_media":0,"parent":17491,"menu_order":0,"comment_status":"closed","ping_status":"closed","template":"","meta":{"footnotes":""},"categories":[],"tags":[],"class_list":["post-21710","page","type-page","status-publish","hentry"],"acf":[],"_links":{"self":[{"href":"https:\/\/www.ufsm.br\/pro-reitorias\/prograd\/wp-json\/wp\/v2\/pages\/21710","targetHints":{"allow":["GET"]}}],"collection":[{"href":"https:\/\/www.ufsm.br\/pro-reitorias\/prograd\/wp-json\/wp\/v2\/pages"}],"about":[{"href":"https:\/\/www.ufsm.br\/pro-reitorias\/prograd\/wp-json\/wp\/v2\/types\/page"}],"author":[{"embeddable":true,"href":"https:\/\/www.ufsm.br\/pro-reitorias\/prograd\/wp-json\/wp\/v2\/users\/95"}],"replies":[{"embeddable":true,"href":"https:\/\/www.ufsm.br\/pro-reitorias\/prograd\/wp-json\/wp\/v2\/comments?post=21710"}],"version-history":[{"count":0,"href":"https:\/\/www.ufsm.br\/pro-reitorias\/prograd\/wp-json\/wp\/v2\/pages\/21710\/revisions"}],"up":[{"embeddable":true,"href":"https:\/\/www.ufsm.br\/pro-reitorias\/prograd\/wp-json\/wp\/v2\/pages\/17491"}],"wp:attachment":[{"href":"https:\/\/www.ufsm.br\/pro-reitorias\/prograd\/wp-json\/wp\/v2\/media?parent=21710"}],"wp:term":[{"taxonomy":"category","embeddable":true,"href":"https:\/\/www.ufsm.br\/pro-reitorias\/prograd\/wp-json\/wp\/v2\/categories?post=21710"},{"taxonomy":"post_tag","embeddable":true,"href":"https:\/\/www.ufsm.br\/pro-reitorias\/prograd\/wp-json\/wp\/v2\/tags?post=21710"}],"curies":[{"name":"wp","href":"https:\/\/api.w.org\/{rel}","templated":true}]}}