{"id":22149,"date":"2024-01-31T13:19:43","date_gmt":"2024-01-31T16:19:43","guid":{"rendered":"https:\/\/www.ufsm.br\/pro-reitorias\/prograd\/?page_id=22149"},"modified":"2025-09-04T11:55:02","modified_gmt":"2025-09-04T14:55:02","slug":"piares","status":"publish","type":"page","link":"https:\/\/www.ufsm.br\/pro-reitorias\/prograd\/ingresse-na-ufsm\/piares","title":{"rendered":"PIARES"},"content":{"rendered":"\t\t<div data-elementor-type=\"wp-page\" data-elementor-id=\"22149\" class=\"elementor elementor-22149\">\n\t\t\t\t\t\t<section class=\"elementor-section elementor-top-section elementor-element elementor-element-400cff8 elementor-section-boxed elementor-section-height-default elementor-section-height-default\" data-id=\"400cff8\" data-element_type=\"section\" data-settings=\"{&quot;background_background&quot;:&quot;classic&quot;}\">\n\t\t\t\t\t\t<div class=\"elementor-container elementor-column-gap-default\">\n\t\t\t\t\t<div class=\"elementor-column elementor-col-100 elementor-top-column elementor-element elementor-element-53ebee3\" data-id=\"53ebee3\" data-element_type=\"column\">\n\t\t\t<div class=\"elementor-widget-wrap elementor-element-populated\">\n\t\t\t\t\t\t<div class=\"elementor-element elementor-element-56837ae elementor-widget elementor-widget-heading\" data-id=\"56837ae\" data-element_type=\"widget\" data-widget_type=\"heading.default\">\n\t\t\t\t<div class=\"elementor-widget-container\">\n\t\t\t<h2 class=\"elementor-heading-title elementor-size-default\">PIARES - Processo Seletivo de Ingresso de Atletas de Rendimento UFSM<\/h2>\t\t<\/div>\n\t\t\t\t<\/div>\n\t\t\t\t\t<\/div>\n\t\t<\/div>\n\t\t\t\t\t<\/div>\n\t\t<\/section>\n\t\t\t\t<section class=\"elementor-section elementor-top-section elementor-element elementor-element-2af9ffbc elementor-section-boxed elementor-section-height-default elementor-section-height-default\" data-id=\"2af9ffbc\" data-element_type=\"section\">\n\t\t\t\t\t\t<div class=\"elementor-container elementor-column-gap-default\">\n\t\t\t\t\t<div class=\"elementor-column elementor-col-100 elementor-top-column elementor-element elementor-element-4454987a\" data-id=\"4454987a\" data-element_type=\"column\">\n\t\t\t<div class=\"elementor-widget-wrap elementor-element-populated\">\n\t\t\t\t\t\t<div class=\"elementor-element elementor-element-43cad38a elementor-widget elementor-widget-text-editor\" data-id=\"43cad38a\" data-element_type=\"widget\" data-widget_type=\"text-editor.default\">\n\t\t\t\t<div class=\"elementor-widget-container\">\n\t\t\t\t\t\t\t<p><img fetchpriority=\"high\" decoding=\"async\" class=\"alignright wp-image-25233\" src=\"https:\/\/www.ufsm.br\/app\/uploads\/sites\/342\/2025\/09\/PS-Atletas-de-Rendimento-240x300.jpg\" alt=\"\" width=\"500\" height=\"624\" srcset=\"https:\/\/www.ufsm.br\/app\/uploads\/sites\/342\/2025\/09\/PS-Atletas-de-Rendimento-240x300.jpg 240w, https:\/\/www.ufsm.br\/app\/uploads\/sites\/342\/2025\/09\/PS-Atletas-de-Rendimento-820x1024.jpg 820w, https:\/\/www.ufsm.br\/app\/uploads\/sites\/342\/2025\/09\/PS-Atletas-de-Rendimento-768x959.jpg 768w, https:\/\/www.ufsm.br\/app\/uploads\/sites\/342\/2025\/09\/PS-Atletas-de-Rendimento.jpg 1081w\" sizes=\"(max-width: 500px) 100vw, 500px\" \/>A Universidade Federal de Santa Maria (UFSM), por meio da Pr\u00f3-Reitoria de Gradua\u00e7\u00e3o (Prograd) publica anualmente o <a href=\"https:\/\/www.ufsm.br\/pro-reitorias\/prograd\/editais\/079-2025\"><strong>Edital do Processo Seletivo de Ingresso de Atletas de Rendimento UFSM (PIARES)<\/strong><\/a>, para preenchimento de vagas em cursos de gradua\u00e7\u00e3o presenciais. <b>As inscri\u00e7\u00f5es est\u00e3o abertas de\u00a0<span style=\"color: #000000;font-size: 16px;text-align: var(--bs-body-text-align)\">03 de setembro a 08 de dezembro de 2025, para ingresso no ano de 2026.<\/span><\/b><\/p><p><strong>Poder\u00e3o participar do Processo Seletivo os(as) candidatos(s) que tenham realizado o Exame <\/strong><strong>Nacional do Ensino M\u00e9dio (ENEM) completo, com presen\u00e7a em todas as provas, em pelo menos um <\/strong><strong>dos seguintes anos: 2025, 2024, 2023, 2022 ou 2021.<\/strong><\/p><p>Nesta edi\u00e7\u00e3o, a UFSM oferece<b> 64 vagas em 45 cursos de gradua\u00e7\u00e3o presenciais.<\/b><\/p><p>Conforme a <a href=\"https:\/\/www.ufsm.br\/pro-reitorias\/proplan\/resolucao-ufsm-n-125-2023\" target=\"_blank\" rel=\"noopener\"><strong>Resolu\u00e7\u00e3o N\u00ba 125\/2023<\/strong><\/a>, de 19 de abril de 2023, as vagas para atletas de rendimento constituem-se em vagas <strong>adicionais<\/strong>, n\u00e3o comprometendo a oferta regular de vagas origin\u00e1rias dos cursos nem o processo de Vagas Complementares da UFSM.<\/p><p>\u00c9 considerada atleta de rendimento a pessoa que se enquadra nas seguintes categorias:<\/p><p>a) <strong>Atleta de Rendimento em forma\u00e7\u00e3o (Potenciais talentos)<\/strong>: candidatos\/as com idade entre 16 e 23 anos, vinculados ou n\u00e3o a uma entidade federada das modalidades de <strong>futsal, atletismo, handebol, voleibol e jud\u00f4<\/strong>, que disputam competi\u00e7\u00f5es da modalidade ou que tenham disputado nos \u00faltimos 02 anos (2024 em diante); ou<\/p><p>b) <strong>Ex-Atletas de Rendimento<\/strong>: candidatos\/as ex-atletas que tiveram destaque internacional em qualquer modalidade esportiva\u00a0<span style=\"font-size: 16px;font-weight: var( --e-global-typography-text-font-weight );text-align: var(--bs-body-text-align)\">reconhecida pelo Comit\u00ea Ol\u00edmpico Brasileiro (COB).<\/span><\/p><p><span style=\"text-decoration: underline\"><em><strong>A conclus\u00e3o do Ensino M\u00e9dio \u00e9 condi\u00e7\u00e3o legal para confirma\u00e7\u00e3o de vaga, matr\u00edcula e ingresso nos cursos de gradua\u00e7\u00e3o ofertados por este Processo Seletivo.<\/strong><\/em><\/span><\/p><p>Outras informa\u00e7\u00f5es podem ser solicitadas ao <strong>N\u00facleo de Ingresso e Sele\u00e7\u00e3o Acad\u00eamicos<\/strong>, pelo e-mail <a href=\"mailto:falecom@nisa.ufsm.br\"><strong>falecom@nisa.ufsm.br<\/strong><\/a>.\u00a0\u00a0<\/p><p><!-- \/wp:tadv\/classic-paragraph --><\/p>\t\t\t\t\t\t<\/div>\n\t\t\t\t<\/div>\n\t\t\t\t\t<\/div>\n\t\t<\/div>\n\t\t\t\t\t<\/div>\n\t\t<\/section>\n\t\t\t\t<section class=\"elementor-section elementor-top-section elementor-element elementor-element-fa883e8 elementor-section-boxed elementor-section-height-default elementor-section-height-default\" data-id=\"fa883e8\" data-element_type=\"section\">\n\t\t\t\t\t\t<div class=\"elementor-container elementor-column-gap-default\">\n\t\t\t\t\t<div class=\"elementor-column elementor-col-100 elementor-top-column elementor-element elementor-element-cc371cc\" data-id=\"cc371cc\" data-element_type=\"column\">\n\t\t\t<div class=\"elementor-widget-wrap elementor-element-populated\">\n\t\t\t\t\t\t<div class=\"elementor-element elementor-element-2c08fe3 elementor-widget elementor-widget-heading\" data-id=\"2c08fe3\" data-element_type=\"widget\" data-widget_type=\"heading.default\">\n\t\t\t\t<div class=\"elementor-widget-container\">\n\t\t\t<h2 class=\"elementor-heading-title elementor-size-default\">Edital vigente<\/h2>\t\t<\/div>\n\t\t\t\t<\/div>\n\t\t\t\t\t<\/div>\n\t\t<\/div>\n\t\t\t\t\t<\/div>\n\t\t<\/section>\n\t\t\t\t<section class=\"elementor-section elementor-top-section elementor-element elementor-element-4853edb elementor-section-boxed elementor-section-height-default elementor-section-height-default\" data-id=\"4853edb\" data-element_type=\"section\">\n\t\t\t\t\t\t<div class=\"elementor-container elementor-column-gap-default\">\n\t\t\t\t\t<div class=\"elementor-column elementor-col-100 elementor-top-column elementor-element elementor-element-2b8fadd\" data-id=\"2b8fadd\" data-element_type=\"column\">\n\t\t\t<div class=\"elementor-widget-wrap elementor-element-populated\">\n\t\t\t\t\t\t<div class=\"elementor-element elementor-element-71dcfc6 elementor-widget elementor-widget-text-editor\" data-id=\"71dcfc6\" data-element_type=\"widget\" data-widget_type=\"text-editor.default\">\n\t\t\t\t<div class=\"elementor-widget-container\">\n\t\t\t\t\t\t\t<p><a href=\"https:\/\/www.ufsm.br\/pro-reitorias\/prograd\/editais\/079-2025\"><strong>Edital 079\/2025 Prograd\/UFSM<\/strong>\u00a0(clique para inscri\u00e7\u00e3o)<\/a>\u00a0\u2013\u00a0<strong>Processo Seletivo de Ingresso de Atletas de Rendimento UFSM 2026 &#8211; PIARES<\/strong><\/p>\t\t\t\t\t\t<\/div>\n\t\t\t\t<\/div>\n\t\t\t\t\t<\/div>\n\t\t<\/div>\n\t\t\t\t\t<\/div>\n\t\t<\/section>\n\t\t\t\t<section class=\"elementor-section elementor-top-section elementor-element elementor-element-99d5d07 elementor-section-boxed elementor-section-height-default elementor-section-height-default\" data-id=\"99d5d07\" data-element_type=\"section\">\n\t\t\t\t\t\t<div class=\"elementor-container elementor-column-gap-default\">\n\t\t\t\t\t<div class=\"elementor-column elementor-col-100 elementor-top-column elementor-element elementor-element-7a7f752\" data-id=\"7a7f752\" data-element_type=\"column\">\n\t\t\t<div class=\"elementor-widget-wrap elementor-element-populated\">\n\t\t\t\t\t\t<div class=\"elementor-element elementor-element-1de4b51 elementor-widget elementor-widget-heading\" data-id=\"1de4b51\" data-element_type=\"widget\" data-widget_type=\"heading.default\">\n\t\t\t\t<div class=\"elementor-widget-container\">\n\t\t\t<h2 class=\"elementor-heading-title elementor-size-default\">Editais anteriores<\/h2>\t\t<\/div>\n\t\t\t\t<\/div>\n\t\t\t\t\t<\/div>\n\t\t<\/div>\n\t\t\t\t\t<\/div>\n\t\t<\/section>\n\t\t\t\t<section class=\"elementor-section elementor-top-section elementor-element elementor-element-1bf34c5 elementor-section-boxed elementor-section-height-default elementor-section-height-default\" data-id=\"1bf34c5\" data-element_type=\"section\">\n\t\t\t\t\t\t<div class=\"elementor-container elementor-column-gap-default\">\n\t\t\t\t\t<div class=\"elementor-column elementor-col-100 elementor-top-column elementor-element elementor-element-c4c0776\" data-id=\"c4c0776\" data-element_type=\"column\">\n\t\t\t<div class=\"elementor-widget-wrap elementor-element-populated\">\n\t\t\t\t\t\t<div class=\"elementor-element elementor-element-3fd74bc elementor-widget elementor-widget-text-editor\" data-id=\"3fd74bc\" data-element_type=\"widget\" data-widget_type=\"text-editor.default\">\n\t\t\t\t<div class=\"elementor-widget-container\">\n\t\t\t\t\t\t\t<p><strong><a href=\"https:\/\/www.ufsm.br\/pro-reitorias\/prograd\/editais\/074-2024\">Edital\u00a0074\/2024<\/a> <\/strong>\u2013 <strong>Processo Seletivo de ingresso de Atletas de Rendimento UFSM 2025<\/strong><\/p>\n<p><a href=\"https:\/\/www.ufsm.br\/pro-reitorias\/prograd\/editais\/015-2024\"><strong>Edital 015\/2024 Prograd\/UFSM <\/strong><\/a>\u00a0\u2013\u00a0<strong>Processo Seletivo de Ingresso de Atletas de Rendimento UFSM 2024 &#8211; PIARES<\/strong><\/p>\t\t\t\t\t\t<\/div>\n\t\t\t\t<\/div>\n\t\t\t\t\t<\/div>\n\t\t<\/div>\n\t\t\t\t\t<\/div>\n\t\t<\/section>\n\t\t\t\t<\/div>\n\t\t","protected":false},"excerpt":{"rendered":"<p>PIARES &#8211; Processo Seletivo de Ingresso de Atletas de Rendimento UFSM A Universidade Federal de Santa Maria (UFSM), por meio da Pr\u00f3-Reitoria de Gradua\u00e7\u00e3o (Prograd) publica anualmente o Edital do Processo Seletivo de Ingresso de Atletas de Rendimento UFSM (PIARES), para preenchimento de vagas em cursos de gradua\u00e7\u00e3o presenciais. As inscri\u00e7\u00f5es est\u00e3o abertas de\u00a003 de [&hellip;]<\/p>\n","protected":false},"author":95,"featured_media":0,"parent":17491,"menu_order":0,"comment_status":"closed","ping_status":"closed","template":"","meta":{"footnotes":""},"categories":[],"tags":[],"class_list":["post-22149","page","type-page","status-publish","hentry"],"acf":[],"_links":{"self":[{"href":"https:\/\/www.ufsm.br\/pro-reitorias\/prograd\/wp-json\/wp\/v2\/pages\/22149","targetHints":{"allow":["GET"]}}],"collection":[{"href":"https:\/\/www.ufsm.br\/pro-reitorias\/prograd\/wp-json\/wp\/v2\/pages"}],"about":[{"href":"https:\/\/www.ufsm.br\/pro-reitorias\/prograd\/wp-json\/wp\/v2\/types\/page"}],"author":[{"embeddable":true,"href":"https:\/\/www.ufsm.br\/pro-reitorias\/prograd\/wp-json\/wp\/v2\/users\/95"}],"replies":[{"embeddable":true,"href":"https:\/\/www.ufsm.br\/pro-reitorias\/prograd\/wp-json\/wp\/v2\/comments?post=22149"}],"version-history":[{"count":0,"href":"https:\/\/www.ufsm.br\/pro-reitorias\/prograd\/wp-json\/wp\/v2\/pages\/22149\/revisions"}],"up":[{"embeddable":true,"href":"https:\/\/www.ufsm.br\/pro-reitorias\/prograd\/wp-json\/wp\/v2\/pages\/17491"}],"wp:attachment":[{"href":"https:\/\/www.ufsm.br\/pro-reitorias\/prograd\/wp-json\/wp\/v2\/media?parent=22149"}],"wp:term":[{"taxonomy":"category","embeddable":true,"href":"https:\/\/www.ufsm.br\/pro-reitorias\/prograd\/wp-json\/wp\/v2\/categories?post=22149"},{"taxonomy":"post_tag","embeddable":true,"href":"https:\/\/www.ufsm.br\/pro-reitorias\/prograd\/wp-json\/wp\/v2\/tags?post=22149"}],"curies":[{"name":"wp","href":"https:\/\/api.w.org\/{rel}","templated":true}]}}