{"id":22985,"date":"2024-07-30T09:04:21","date_gmt":"2024-07-30T12:04:21","guid":{"rendered":"https:\/\/www.ufsm.br\/pro-reitorias\/prograd\/?page_id=22985"},"modified":"2026-01-14T10:56:42","modified_gmt":"2026-01-14T13:56:42","slug":"parfor-equidade","status":"publish","type":"page","link":"https:\/\/www.ufsm.br\/pro-reitorias\/prograd\/parfor-equidade","title":{"rendered":"PARFOR Equidade"},"content":{"rendered":"\t\t<div data-elementor-type=\"wp-page\" data-elementor-id=\"22985\" class=\"elementor elementor-22985\">\n\t\t\t\t\t\t<section class=\"elementor-section elementor-top-section elementor-element elementor-element-1fec6842 elementor-section-boxed elementor-section-height-default elementor-section-height-default\" data-id=\"1fec6842\" data-element_type=\"section\">\n\t\t\t\t\t\t<div class=\"elementor-container elementor-column-gap-default\">\n\t\t\t\t\t<div class=\"elementor-column elementor-col-100 elementor-top-column elementor-element elementor-element-1d2a8775\" data-id=\"1d2a8775\" data-element_type=\"column\">\n\t\t\t<div class=\"elementor-widget-wrap elementor-element-populated\">\n\t\t\t\t\t\t<div class=\"elementor-element elementor-element-627110fa elementor-widget elementor-widget-text-editor\" data-id=\"627110fa\" data-element_type=\"widget\" data-widget_type=\"text-editor.default\">\n\t\t\t\t<div class=\"elementor-widget-container\">\n\t\t\t\t\t\t\t<p>O <strong>Programa Nacional de Fomento \u00e0 Equidade na Forma\u00e7\u00e3o de Professores(as) da Educa\u00e7\u00e3o B\u00e1sica<\/strong> (<strong>PARFOR Equidade<\/strong>) busca formar professores(as) em <strong>licenciaturas espec\u00edficas<\/strong>, para atendimento das redes p\u00fablicas de educa\u00e7\u00e3o b\u00e1sica ou das redes comunit\u00e1rias de forma\u00e7\u00e3o por altern\u00e2ncia, que ofere\u00e7am educa\u00e7\u00e3o escolar ind\u00edgena, quilombola e do campo, assim como educa\u00e7\u00e3o especial inclusiva e educa\u00e7\u00e3o bil\u00edngue de pessoas surdas.<\/p><p>Recentemente, a UFSM teve\u00a0<a href=\"https:\/\/www.gov.br\/capes\/pt-br\/centrais-de-conteudo\/resultados-dos-editais\/15032024_Edital_2341505_SEI_2341040_Edital_Conjunto_n__23_2023___Resultado.pdf\"><strong>tr\u00eas propostas de cursos de licenciatura<\/strong><\/a>\u00a0aprovadas no Edital CAPES\/Secadi:\u00a0<\/p><ul style=\"list-style-type: square\"><li><strong>Licenciatura em Educa\u00e7\u00e3o Especial Inclusiva<\/strong> (pelo Centro de Educa\u00e7\u00e3o);<\/li><li><strong>Licenciatura Intercultural Ind\u00edgena Mby\u00e1 Guarani<\/strong> (pelo Centro de Artes e Letras); e<\/li><li><strong>Licenciatura Intercultural Ind\u00edgena<\/strong>\u00a0(pelo <em>Campus<\/em> UFSM Frederico Westphalen).\u00a0\u00a0<\/li><\/ul><p>O PARFOR Equidade prev\u00ea cotas de bolsa para Coordenador(a) Adjunto(a), Coordenador(a) de Curso, Coordenador(a) Local, Professor(a) Formador(a) I e II, Professor(a) Convidado(a) e Discentes.<\/p><p>D\u00favidas podem ser encaminhadas ao email <a href=\"mailto:parfor.equidade@ufsm.br\"><strong>parfor.equidade@ufsm.br<\/strong><\/a>.<\/p><h4><strong>Acesse <\/strong><a href=\"https:\/\/www.ufsm.br\/pro-reitorias\/prograd\/busca?q=parfor&amp;sites%5B%5D=362&amp;sites%5B%5D=391&amp;sites%5B%5D=358&amp;sites%5B%5D=51&amp;sites%5B%5D=499&amp;sites%5B%5D=858&amp;sites%5B%5D=779&amp;sites%5B%5D=786&amp;sites%5B%5D=788&amp;sites%5B%5D=859&amp;sites%5B%5D=781&amp;sites%5B%5D=784&amp;sites%5B%5D=840&amp;sites%5B%5D=778&amp;sites%5B%5D=787&amp;sites%5B%5D=777&amp;sites%5B%5D=783&amp;sites%5B%5D=785&amp;sites%5B%5D=791&amp;sites%5B%5D=782&amp;sites%5B%5D=342&amp;sites%5B%5D=501&amp;sites%5B%5D=822&amp;tags=&amp;orderby=modified&amp;order=DESC&amp;perpage=50&amp;area=editais&amp;tipo_edital=&amp;licitacao_edital=&amp;concurso_edital_mod=&amp;concurso_edital_cat=&amp;outro_edital=\"><strong>todos os Editais do PARFOR EQUIDADE clicando AQUI<\/strong><\/a><\/h4><h2>\u00a0<\/h2><h2>Editais recentes:<\/h2><p class=\"my-2 py-2 editais-titulo\"><a href=\"https:\/\/www.ufsm.br\/pro-reitorias\/prograd\/editais\/105-2025\"><strong>Edital 105\/2025\/PROGRAD\/Parfor-Equidade<\/strong> <\/a>\u2013 Sele\u00e7\u00e3o de Formador\/a Convidado\/a para atua\u00e7\u00e3o no Curso de Licenciatura Intercultural Ind\u00edgena \u2013 Campus da UFSM em Frederico Westphalen \u2013 Programa Nacional de Fomento \u00e0 Equidade na Forma\u00e7\u00e3o de Professores da Educa\u00e7\u00e3o B\u00e1sica \u2013 PARFOR EQUIDADE<\/p><p><a href=\"https:\/\/www.ufsm.br\/pro-reitorias\/prograd\/editais\/060-2024\"><strong>Edital 060\/2024\/PROGRAD\/PARFOR-Equidade<\/strong><\/a> &#8211; Licenciatura Intercultural Ind\u00edgena &#8211; Campus UFSM Frederico Westphalen\u00a0<\/p><p><a href=\"https:\/\/www.ufsm.br\/pro-reitorias\/prograd\/editais\/061-2024\"><strong>Edital 061\/2024\/PROGRAD\/PARFOR-Equidade<\/strong><\/a> &#8211; Licenciatura em Educa\u00e7\u00e3o Especial Inclusiva &#8211; Centro de Educa\u00e7\u00e3o (CE\/UFSM)\u00a0<\/p><h2>Editais anteriores:<\/h2><p><a href=\"https:\/\/www.ufsm.br\/pro-reitorias\/prograd\/editais\/053-2024\" rel=\"bookmark\"><strong>Edital 053\/2024 \u2013 UFSM\/PROGRAD<\/strong> <\/a>&#8211; Processo Seletivo para Coordenadores\/as de Curso \u2013 PARFOR Equidade UFSM (inscri\u00e7\u00f5es encerradas em 28\/07\/2024)<\/p><p><a href=\"https:\/\/www.ufsm.br\/pro-reitorias\/prograd\/editais\/030-2024\"><strong>Edital 030\/2024 &#8211; UFSM\/PROGRAD<\/strong><\/a> \u2013 Sele\u00e7\u00e3o de Coordenador\/a Institucional para atua\u00e7\u00e3o no PARFOR EQUIDADE \u2013 Programa Nacional de Fomento \u00e0 Equidade na Forma\u00e7\u00e3o de Professores da Educa\u00e7\u00e3o B\u00e1sica (inscri\u00e7\u00f5es encerradas em 24\/04\/2024)<\/p><p><!-- \/wp:tadv\/classic-paragraph --><\/p>\t\t\t\t\t\t<\/div>\n\t\t\t\t<\/div>\n\t\t\t\t\t<\/div>\n\t\t<\/div>\n\t\t\t\t\t<\/div>\n\t\t<\/section>\n\t\t\t\t<\/div>\n\t\t","protected":false},"excerpt":{"rendered":"<p>O Programa Nacional de Fomento \u00e0 Equidade na Forma\u00e7\u00e3o de Professores(as) da Educa\u00e7\u00e3o B\u00e1sica (PARFOR Equidade) busca formar professores(as) em licenciaturas espec\u00edficas, para atendimento das redes p\u00fablicas de educa\u00e7\u00e3o b\u00e1sica ou das redes comunit\u00e1rias de forma\u00e7\u00e3o por altern\u00e2ncia, que ofere\u00e7am educa\u00e7\u00e3o escolar ind\u00edgena, quilombola e do campo, assim como educa\u00e7\u00e3o especial inclusiva e educa\u00e7\u00e3o bil\u00edngue [&hellip;]<\/p>\n","protected":false},"author":95,"featured_media":0,"parent":0,"menu_order":0,"comment_status":"closed","ping_status":"closed","template":"","meta":{"footnotes":""},"categories":[41],"tags":[57,871,872,49,47],"class_list":["post-22985","page","type-page","status-publish","hentry","category-pagina-interna","tag-graduacao","tag-parfor","tag-parfor-equidade","tag-prograd","tag-ufsm"],"acf":[],"_links":{"self":[{"href":"https:\/\/www.ufsm.br\/pro-reitorias\/prograd\/wp-json\/wp\/v2\/pages\/22985","targetHints":{"allow":["GET"]}}],"collection":[{"href":"https:\/\/www.ufsm.br\/pro-reitorias\/prograd\/wp-json\/wp\/v2\/pages"}],"about":[{"href":"https:\/\/www.ufsm.br\/pro-reitorias\/prograd\/wp-json\/wp\/v2\/types\/page"}],"author":[{"embeddable":true,"href":"https:\/\/www.ufsm.br\/pro-reitorias\/prograd\/wp-json\/wp\/v2\/users\/95"}],"replies":[{"embeddable":true,"href":"https:\/\/www.ufsm.br\/pro-reitorias\/prograd\/wp-json\/wp\/v2\/comments?post=22985"}],"version-history":[{"count":0,"href":"https:\/\/www.ufsm.br\/pro-reitorias\/prograd\/wp-json\/wp\/v2\/pages\/22985\/revisions"}],"wp:attachment":[{"href":"https:\/\/www.ufsm.br\/pro-reitorias\/prograd\/wp-json\/wp\/v2\/media?parent=22985"}],"wp:term":[{"taxonomy":"category","embeddable":true,"href":"https:\/\/www.ufsm.br\/pro-reitorias\/prograd\/wp-json\/wp\/v2\/categories?post=22985"},{"taxonomy":"post_tag","embeddable":true,"href":"https:\/\/www.ufsm.br\/pro-reitorias\/prograd\/wp-json\/wp\/v2\/tags?post=22985"}],"curies":[{"name":"wp","href":"https:\/\/api.w.org\/{rel}","templated":true}]}}