{"id":24807,"date":"2025-06-03T15:17:30","date_gmt":"2025-06-03T18:17:30","guid":{"rendered":"https:\/\/www.ufsm.br\/pro-reitorias\/prograd\/?page_id=24807"},"modified":"2025-06-03T15:35:38","modified_gmt":"2025-06-03T18:35:38","slug":"orgaos-de-representacao","status":"publish","type":"page","link":"https:\/\/www.ufsm.br\/pro-reitorias\/prograd\/orgaos-de-representacao","title":{"rendered":"\u00d3rg\u00e3os de Representa\u00e7\u00e3o"},"content":{"rendered":"\n<p><a href=\"https:\/\/www.ufsm.br\/pro-reitorias\/prograd\/forum-dos-cursos-de-graduacao-da-ufsm\">F\u00f3rum dos Cursos de Gradua\u00e7\u00e3o da UFSM<\/a><\/p>\n<p>C\u00e2mara dos Cursos de Licenciatura da UFSM<\/p>\n","protected":false},"excerpt":{"rendered":"<p>F\u00f3rum dos Cursos de Gradua\u00e7\u00e3o da UFSM C\u00e2mara dos Cursos de Licenciatura da UFSM<\/p>\n","protected":false},"author":7940,"featured_media":0,"parent":0,"menu_order":0,"comment_status":"closed","ping_status":"closed","template":"","meta":{"footnotes":""},"categories":[],"tags":[],"class_list":["post-24807","page","type-page","status-publish","hentry"],"acf":[],"_links":{"self":[{"href":"https:\/\/www.ufsm.br\/pro-reitorias\/prograd\/wp-json\/wp\/v2\/pages\/24807","targetHints":{"allow":["GET"]}}],"collection":[{"href":"https:\/\/www.ufsm.br\/pro-reitorias\/prograd\/wp-json\/wp\/v2\/pages"}],"about":[{"href":"https:\/\/www.ufsm.br\/pro-reitorias\/prograd\/wp-json\/wp\/v2\/types\/page"}],"author":[{"embeddable":true,"href":"https:\/\/www.ufsm.br\/pro-reitorias\/prograd\/wp-json\/wp\/v2\/users\/7940"}],"replies":[{"embeddable":true,"href":"https:\/\/www.ufsm.br\/pro-reitorias\/prograd\/wp-json\/wp\/v2\/comments?post=24807"}],"version-history":[{"count":0,"href":"https:\/\/www.ufsm.br\/pro-reitorias\/prograd\/wp-json\/wp\/v2\/pages\/24807\/revisions"}],"wp:attachment":[{"href":"https:\/\/www.ufsm.br\/pro-reitorias\/prograd\/wp-json\/wp\/v2\/media?parent=24807"}],"wp:term":[{"taxonomy":"category","embeddable":true,"href":"https:\/\/www.ufsm.br\/pro-reitorias\/prograd\/wp-json\/wp\/v2\/categories?post=24807"},{"taxonomy":"post_tag","embeddable":true,"href":"https:\/\/www.ufsm.br\/pro-reitorias\/prograd\/wp-json\/wp\/v2\/tags?post=24807"}],"curies":[{"name":"wp","href":"https:\/\/api.w.org\/{rel}","templated":true}]}}