{"id":25200,"date":"2025-08-27T17:27:35","date_gmt":"2025-08-27T20:27:35","guid":{"rendered":"https:\/\/www.ufsm.br\/pro-reitorias\/prograd\/?page_id=25200"},"modified":"2025-08-27T17:27:37","modified_gmt":"2025-08-27T20:27:37","slug":"guia-estudantil-ufsm","status":"publish","type":"page","link":"https:\/\/www.ufsm.br\/pro-reitorias\/prograd\/guia-estudantil-ufsm","title":{"rendered":"Guia Estudantil UFSM"},"content":{"rendered":"\n<p>A Universidade Federal de Santa Maria, UFSM, atrav\u00e9s da Pr\u00f3-Reitoria de Gradua\u00e7\u00e3o, PROGRAD, publicou, em 06 de fevereiro, o Guia Estudantil UFSM 2025.<\/p>\n<p>A Resolu\u00e7\u00e3o que disp\u00f5e sobre o Guia Estudantil UFSM foi aprovada no dia 08 de novembro de 2024, na sess\u00e3o 1003\u00aa do Conselho de Ensino, Pesquisa e Extens\u00e3o (Cepe), da Universidade Federal de Santa Maria.<br \/><br \/>O Guia, al\u00e9m de ser um material de consulta, aponta direitos e deveres estudantis e avan\u00e7os como Licen\u00e7a Gestante, Licen\u00e7a Adotante, Licen\u00e7a Paternidade, Licen\u00e7a Amamenta\u00e7\u00e3o, entre outras, para estudantes de todos os n\u00edveis da Institui\u00e7\u00e3o.<\/p>\n<p>De acordo com o Reitor da UFSM, Prof. Luciano Schuch, e a Vice-Reitora, Prof.\u00aa Martha Adaime, o guia foi pensado para todas as pessoas, independentemente do grau de ensino em que estejam inseridas, desde as crian\u00e7as da Unidade de Educa\u00e7\u00e3o Infantil Ip\u00ea Amarelo at\u00e9 as pesquisadoras e pesquisadores em forma\u00e7\u00e3o na p\u00f3s-gradua\u00e7\u00e3o. Est\u00e3o reunidas informa\u00e7\u00f5es essenciais sobre direitos, deveres e recursos dispon\u00edveis, para que possam trilhar o caminho do conhecimento com seguran\u00e7a e autonomia.<\/p>\n<p>A Reitoria da UFSM salienta que a mudan\u00e7a de nome do documento, antes chamado de Guia do Estudante e agora de Guia Estudantil, pode parecer insignificante, mas reflete o compromisso da UFSM de construir uma comunica\u00e7\u00e3o inclusiva, que respeite as diversidades e seja capaz de dialogar com todas e todos. \u201cEssa atualiza\u00e7\u00e3o n\u00e3o \u00e9 apenas um ajuste t\u00e9cnico, mas um passo para reafirmar a nossa aten\u00e7\u00e3o \u00e0s necessidades e demandas de quem vive e transforma diariamente nossa institui\u00e7\u00e3o\u201d.<\/p>\n<p>Acesse o\u00a0<strong><a href=\"https:\/\/www.ufsm.br\/app\/uploads\/sites\/342\/2025\/08\/Guia_Estudantil_UFSM_2025_atualizado_em_27_08_2025.pdf\">GUIA ESTUDANTIL UFSM 2025.<\/a><\/strong><\/p>\n","protected":false},"excerpt":{"rendered":"<p>A Universidade Federal de Santa Maria, UFSM, atrav\u00e9s da Pr\u00f3-Reitoria de Gradua\u00e7\u00e3o, PROGRAD, publicou, em 06 de fevereiro, o Guia Estudantil UFSM 2025. A Resolu\u00e7\u00e3o que disp\u00f5e sobre o Guia Estudantil UFSM foi aprovada no dia 08 de novembro de 2024, na sess\u00e3o 1003\u00aa do Conselho de Ensino, Pesquisa e Extens\u00e3o (Cepe), da Universidade Federal [&hellip;]<\/p>\n","protected":false},"author":95,"featured_media":0,"parent":0,"menu_order":0,"comment_status":"closed","ping_status":"closed","template":"","meta":{"footnotes":""},"categories":[],"tags":[],"class_list":["post-25200","page","type-page","status-publish","hentry"],"acf":[],"_links":{"self":[{"href":"https:\/\/www.ufsm.br\/pro-reitorias\/prograd\/wp-json\/wp\/v2\/pages\/25200","targetHints":{"allow":["GET"]}}],"collection":[{"href":"https:\/\/www.ufsm.br\/pro-reitorias\/prograd\/wp-json\/wp\/v2\/pages"}],"about":[{"href":"https:\/\/www.ufsm.br\/pro-reitorias\/prograd\/wp-json\/wp\/v2\/types\/page"}],"author":[{"embeddable":true,"href":"https:\/\/www.ufsm.br\/pro-reitorias\/prograd\/wp-json\/wp\/v2\/users\/95"}],"replies":[{"embeddable":true,"href":"https:\/\/www.ufsm.br\/pro-reitorias\/prograd\/wp-json\/wp\/v2\/comments?post=25200"}],"version-history":[{"count":0,"href":"https:\/\/www.ufsm.br\/pro-reitorias\/prograd\/wp-json\/wp\/v2\/pages\/25200\/revisions"}],"wp:attachment":[{"href":"https:\/\/www.ufsm.br\/pro-reitorias\/prograd\/wp-json\/wp\/v2\/media?parent=25200"}],"wp:term":[{"taxonomy":"category","embeddable":true,"href":"https:\/\/www.ufsm.br\/pro-reitorias\/prograd\/wp-json\/wp\/v2\/categories?post=25200"},{"taxonomy":"post_tag","embeddable":true,"href":"https:\/\/www.ufsm.br\/pro-reitorias\/prograd\/wp-json\/wp\/v2\/tags?post=25200"}],"curies":[{"name":"wp","href":"https:\/\/api.w.org\/{rel}","templated":true}]}}