{"id":26024,"date":"2026-01-14T10:10:55","date_gmt":"2026-01-14T13:10:55","guid":{"rendered":"https:\/\/www.ufsm.br\/pro-reitorias\/prograd\/?page_id=26024"},"modified":"2026-01-14T10:57:37","modified_gmt":"2026-01-14T13:57:37","slug":"instrumentos-de-avaliacao-externa","status":"publish","type":"page","link":"https:\/\/www.ufsm.br\/pro-reitorias\/prograd\/instrumentos-de-avaliacao-externa","title":{"rendered":"Instrumentos de Avalia\u00e7\u00e3o Externa"},"content":{"rendered":"\t\t<div data-elementor-type=\"wp-page\" data-elementor-id=\"26024\" class=\"elementor elementor-26024\">\n\t\t\t\t\t\t<section class=\"elementor-section elementor-top-section elementor-element elementor-element-ed09d03 elementor-section-boxed elementor-section-height-default elementor-section-height-default\" data-id=\"ed09d03\" data-element_type=\"section\">\n\t\t\t\t\t\t<div class=\"elementor-container elementor-column-gap-default\">\n\t\t\t\t\t<div class=\"elementor-column elementor-col-100 elementor-top-column elementor-element elementor-element-83a5e56\" data-id=\"83a5e56\" data-element_type=\"column\">\n\t\t\t<div class=\"elementor-widget-wrap elementor-element-populated\">\n\t\t\t\t\t\t<div class=\"elementor-element elementor-element-f24aa35 elementor-widget elementor-widget-text-editor\" data-id=\"f24aa35\" data-element_type=\"widget\" data-widget_type=\"text-editor.default\">\n\t\t\t\t<div class=\"elementor-widget-container\">\n\t\t\t\t\t\t\t<p><b>Instrumentos<\/b><strong>\u00a0de Avalia\u00e7\u00e3o Externa de Institui\u00e7\u00f5es:<\/strong><\/p><p><a href=\"https:\/\/download.inep.gov.br\/educacao_superior\/avaliacao_institucional\/instrumentos\/2017\/IES_credenciamento.pdf\">Credenciamento<\/a><\/p><p><a href=\"https:\/\/download.inep.gov.br\/educacao_superior\/avaliacao_institucional\/instrumentos\/2017\/IES_recredenciamento.pdf\">Recredenciamento<\/a><\/p><p><strong>Instrumentos de Avalia\u00e7\u00e3o Externa de Cursos de Gradua\u00e7\u00e3o Presenciais e a dist\u00e2ncia:<\/strong><\/p><p><a href=\"https:\/\/download.inep.gov.br\/educacao_superior\/avaliacao_cursos_graduacao\/instrumentos\/2017\/curso_autorizacao.pdf\">Autoriza\u00e7\u00e3o de Curso<\/a><\/p><p><a href=\"https:\/\/download.inep.gov.br\/educacao_superior\/avaliacao_cursos_graduacao\/instrumentos\/2017\/curso_reconhecimento.pdf\">Reconhecimento e Renova\u00e7\u00e3o de Reconhecimento\u00a0<\/a><\/p>\t\t\t\t\t\t<\/div>\n\t\t\t\t<\/div>\n\t\t\t\t\t<\/div>\n\t\t<\/div>\n\t\t\t\t\t<\/div>\n\t\t<\/section>\n\t\t\t\t<\/div>\n\t\t","protected":false},"excerpt":{"rendered":"<p>Instrumentos\u00a0de Avalia\u00e7\u00e3o Externa de Institui\u00e7\u00f5es: Credenciamento Recredenciamento Instrumentos de Avalia\u00e7\u00e3o Externa de Cursos de Gradua\u00e7\u00e3o Presenciais e a dist\u00e2ncia: Autoriza\u00e7\u00e3o de Curso Reconhecimento e Renova\u00e7\u00e3o de Reconhecimento\u00a0<\/p>\n","protected":false},"author":519,"featured_media":0,"parent":0,"menu_order":0,"comment_status":"closed","ping_status":"closed","template":"","meta":{"footnotes":""},"categories":[],"tags":[],"class_list":["post-26024","page","type-page","status-publish","hentry"],"acf":[],"_links":{"self":[{"href":"https:\/\/www.ufsm.br\/pro-reitorias\/prograd\/wp-json\/wp\/v2\/pages\/26024","targetHints":{"allow":["GET"]}}],"collection":[{"href":"https:\/\/www.ufsm.br\/pro-reitorias\/prograd\/wp-json\/wp\/v2\/pages"}],"about":[{"href":"https:\/\/www.ufsm.br\/pro-reitorias\/prograd\/wp-json\/wp\/v2\/types\/page"}],"author":[{"embeddable":true,"href":"https:\/\/www.ufsm.br\/pro-reitorias\/prograd\/wp-json\/wp\/v2\/users\/519"}],"replies":[{"embeddable":true,"href":"https:\/\/www.ufsm.br\/pro-reitorias\/prograd\/wp-json\/wp\/v2\/comments?post=26024"}],"version-history":[{"count":0,"href":"https:\/\/www.ufsm.br\/pro-reitorias\/prograd\/wp-json\/wp\/v2\/pages\/26024\/revisions"}],"wp:attachment":[{"href":"https:\/\/www.ufsm.br\/pro-reitorias\/prograd\/wp-json\/wp\/v2\/media?parent=26024"}],"wp:term":[{"taxonomy":"category","embeddable":true,"href":"https:\/\/www.ufsm.br\/pro-reitorias\/prograd\/wp-json\/wp\/v2\/categories?post=26024"},{"taxonomy":"post_tag","embeddable":true,"href":"https:\/\/www.ufsm.br\/pro-reitorias\/prograd\/wp-json\/wp\/v2\/tags?post=26024"}],"curies":[{"name":"wp","href":"https:\/\/api.w.org\/{rel}","templated":true}]}}