{"id":26026,"date":"2026-01-14T10:15:37","date_gmt":"2026-01-14T13:15:37","guid":{"rendered":"https:\/\/www.ufsm.br\/pro-reitorias\/prograd\/?page_id=26026"},"modified":"2026-01-14T10:42:36","modified_gmt":"2026-01-14T13:42:36","slug":"resultados-das-avaliacoes-in-loco","status":"publish","type":"page","link":"https:\/\/www.ufsm.br\/pro-reitorias\/prograd\/resultados-das-avaliacoes-in-loco","title":{"rendered":"Resultados das Avalia\u00e7\u00f5es \u201cin loco\u201d"},"content":{"rendered":"\t\t<div data-elementor-type=\"wp-page\" data-elementor-id=\"26026\" class=\"elementor elementor-26026\">\n\t\t\t\t\t\t<section class=\"elementor-section elementor-top-section elementor-element elementor-element-54e1e9d elementor-section-boxed elementor-section-height-default elementor-section-height-default\" data-id=\"54e1e9d\" data-element_type=\"section\">\n\t\t\t\t\t\t<div class=\"elementor-container elementor-column-gap-default\">\n\t\t\t\t\t<div class=\"elementor-column elementor-col-100 elementor-top-column elementor-element elementor-element-40165bf\" data-id=\"40165bf\" data-element_type=\"column\">\n\t\t\t<div class=\"elementor-widget-wrap elementor-element-populated\">\n\t\t\t\t\t\t<div class=\"elementor-element elementor-element-d682f08 elementor-widget elementor-widget-text-editor\" data-id=\"d682f08\" data-element_type=\"widget\" data-widget_type=\"text-editor.default\">\n\t\t\t\t<div class=\"elementor-widget-container\">\n\t\t\t\t\t\t\t<p><a href=\"https:\/\/www.ufsm.br\/reitoria\/avaliacao\/wp-content\/uploads\/sites\/504\/2019\/01\/2012.pdf\">Resultados das Comiss\u00f5es de Avalia\u00e7\u00e3o de Cursos de Gradua\u00e7\u00e3o \u2013 2012<\/a><\/p><p><a href=\"https:\/\/www.ufsm.br\/reitoria\/avaliacao\/wp-content\/uploads\/sites\/504\/2019\/01\/2013.pdf\" target=\"_blank\" rel=\"noopener\">Resultados das Comiss\u00f5es de Avalia\u00e7\u00e3o de Cursos de Gradua\u00e7\u00e3o \u2013 2013<\/a><\/p><p><a href=\"https:\/\/www.ufsm.br\/reitoria\/avaliacao\/wp-content\/uploads\/sites\/504\/2019\/01\/2014.pdf\" target=\"_blank\" rel=\"noopener\">Resultados das Comiss\u00f5es de Avalia\u00e7\u00e3o de Cursos de Gradua\u00e7\u00e3o \u2013 2014<\/a><\/p><p><a href=\"https:\/\/www.ufsm.br\/reitoria\/avaliacao\/wp-content\/uploads\/sites\/504\/2019\/01\/2015.pdf\" target=\"_blank\" rel=\"noopener\">Resultados das Comiss\u00f5es de Avalia\u00e7\u00e3o de Cursos de Gradua\u00e7\u00e3o \u2013 2015<\/a><\/p><p><a href=\"https:\/\/www.ufsm.br\/reitoria\/avaliacao\/wp-content\/uploads\/sites\/504\/2019\/01\/2016_atualizado.pdf\" target=\"_blank\" rel=\"noopener\">Resultados das Comiss\u00f5es de Avalia\u00e7\u00e3o de Cursos de Gradua\u00e7\u00e3o \u2013 2016<\/a><\/p><p><a href=\"https:\/\/www.ufsm.br\/reitoria\/avaliacao\/wp-content\/uploads\/sites\/504\/2019\/01\/2017_dezembro.pdf\" target=\"_blank\" rel=\"noopener\">Resultados das Comiss\u00f5es de Avalia\u00e7\u00e3o de Cursos de Gradua\u00e7\u00e3o \u2013 2017<\/a><\/p><p><a href=\"https:\/\/www.ufsm.br\/reitoria\/avaliacao\/wp-content\/uploads\/sites\/504\/2019\/01\/2018_3.pdf\" target=\"_blank\" rel=\"noopener\">Resultados das Comiss\u00f5es de Avalia\u00e7\u00e3o de Cursos de Gradua\u00e7\u00e3o \u2013 2018<\/a><\/p><p><a href=\"https:\/\/www.ufsm.br\/reitoria\/avaliacao\/wp-content\/uploads\/sites\/504\/2020\/01\/2019_Final.pdf\">Resultados das Comiss\u00f5es de Avalia\u00e7\u00e3o de Cursos de Gradua\u00e7\u00e3o \u2013 2019<\/a><\/p><p><a href=\"https:\/\/www.ufsm.br\/app\/uploads\/sites\/504\/2023\/05\/2022.pdf\">Resultados das Comiss\u00f5es de Avalia\u00e7\u00e3o de Cursos de Gradua\u00e7\u00e3o \u2013 2022<\/a><\/p><p><a href=\"https:\/\/www.ufsm.br\/app\/uploads\/sites\/504\/2024\/03\/2023.pdf\">Resultados das Comiss\u00f5es de Avalia\u00e7\u00e3o de Cursos de Gradua\u00e7\u00e3o \u2013 2023<\/a><\/p><p><a href=\"https:\/\/www.ufsm.br\/app\/uploads\/sites\/342\/2025\/12\/Quadro-sintese-de-avaliacao-externa-dos-Cursos-de-Graduacao-_-2025-Resumo.pdf\">Resultados das Comiss\u00f5es de Avalia\u00e7\u00e3o de Cursos de Gradua\u00e7\u00e3o \u2013 2024 e 2025<\/a><\/p><p>\u00a0<\/p><p>\u00a0<\/p>\t\t\t\t\t\t<\/div>\n\t\t\t\t<\/div>\n\t\t\t\t\t<\/div>\n\t\t<\/div>\n\t\t\t\t\t<\/div>\n\t\t<\/section>\n\t\t\t\t<\/div>\n\t\t","protected":false},"excerpt":{"rendered":"<p>Resultados das Comiss\u00f5es de Avalia\u00e7\u00e3o de Cursos de Gradua\u00e7\u00e3o \u2013 2012 Resultados das Comiss\u00f5es de Avalia\u00e7\u00e3o de Cursos de Gradua\u00e7\u00e3o \u2013 2013 Resultados das Comiss\u00f5es de Avalia\u00e7\u00e3o de Cursos de Gradua\u00e7\u00e3o \u2013 2014 Resultados das Comiss\u00f5es de Avalia\u00e7\u00e3o de Cursos de Gradua\u00e7\u00e3o \u2013 2015 Resultados das Comiss\u00f5es de Avalia\u00e7\u00e3o de Cursos de Gradua\u00e7\u00e3o \u2013 2016 [&hellip;]<\/p>\n","protected":false},"author":519,"featured_media":0,"parent":0,"menu_order":0,"comment_status":"closed","ping_status":"closed","template":"","meta":{"footnotes":""},"categories":[],"tags":[],"class_list":["post-26026","page","type-page","status-publish","hentry"],"acf":[],"_links":{"self":[{"href":"https:\/\/www.ufsm.br\/pro-reitorias\/prograd\/wp-json\/wp\/v2\/pages\/26026","targetHints":{"allow":["GET"]}}],"collection":[{"href":"https:\/\/www.ufsm.br\/pro-reitorias\/prograd\/wp-json\/wp\/v2\/pages"}],"about":[{"href":"https:\/\/www.ufsm.br\/pro-reitorias\/prograd\/wp-json\/wp\/v2\/types\/page"}],"author":[{"embeddable":true,"href":"https:\/\/www.ufsm.br\/pro-reitorias\/prograd\/wp-json\/wp\/v2\/users\/519"}],"replies":[{"embeddable":true,"href":"https:\/\/www.ufsm.br\/pro-reitorias\/prograd\/wp-json\/wp\/v2\/comments?post=26026"}],"version-history":[{"count":0,"href":"https:\/\/www.ufsm.br\/pro-reitorias\/prograd\/wp-json\/wp\/v2\/pages\/26026\/revisions"}],"wp:attachment":[{"href":"https:\/\/www.ufsm.br\/pro-reitorias\/prograd\/wp-json\/wp\/v2\/media?parent=26026"}],"wp:term":[{"taxonomy":"category","embeddable":true,"href":"https:\/\/www.ufsm.br\/pro-reitorias\/prograd\/wp-json\/wp\/v2\/categories?post=26026"},{"taxonomy":"post_tag","embeddable":true,"href":"https:\/\/www.ufsm.br\/pro-reitorias\/prograd\/wp-json\/wp\/v2\/tags?post=26026"}],"curies":[{"name":"wp","href":"https:\/\/api.w.org\/{rel}","templated":true}]}}